{"id":16130,"date":"2023-12-12T10:33:18","date_gmt":"2023-12-12T08:33:18","guid":{"rendered":"https:\/\/www.elcol-legi.org\/w\/aviso-legal-2\/"},"modified":"2023-12-20T13:37:28","modified_gmt":"2023-12-20T11:37:28","slug":"aviso-legal-2","status":"publish","type":"page","link":"https:\/\/www.elcol-legi.org\/w\/es\/aviso-legal-2\/","title":{"rendered":"Aviso Legal"},"content":{"rendered":"<div class=\"wpb-content-wrapper\"><p>[vc_row][vc_column][vc_column_text]<\/p>\n<h1>Aviso Legal<\/h1>\n<p>[\/vc_column_text][vc_column_text]<\/p>\n<ol>\n<li><strong> Informaci\u00f3n del titular y responsable<\/strong><\/li>\n<\/ol>\n<p style=\"padding-left: 40px;\">De conformidad con lo establecido en la Ley 34\/2002, de 11 de julio, de Servicios de la Sociedad de la Informaci\u00f3n y el Comercio Electr\u00f3nico (LSSI) se informa de los datos identificativos y de contacto del titular de esta Web:<br \/>\n\u200b<\/p>\n<ul>\n<li>Col\u00b7legi de Mediadors d\u2019Assegurances de Barcelona (en endavant CMAB).<\/li>\n<li>Passeig de Sant Joan, 33, 08010 de Barcelona<\/li>\n<li>CIF G08476749<\/li>\n<li>Entidad inscrita con clave MASS\/B-2 del registro de la Generalitat de Catalunya, Departament de Just\u00edcia de la Direcci\u00f3 General de Dret i d\u2019Entitats Jur\u00eddiques.<\/li>\n<li>932153223<\/li>\n<li>Email: elcol-legi@elcol-legi.org<strong>\u00a0<\/strong><\/li>\n<\/ul>\n<ol start=\"2\">\n<li><strong>Objeto de este Aviso Legal<\/strong><\/li>\n<\/ol>\n<p style=\"padding-left: 40px;\">La presente p\u00e1gina web es propiedad del CMAB \u00a0ha sido creada y dise\u00f1ada para dar a conocer y permitir el acceso general de todos los usuarios de Internet y especialmente de todos los colegiados del CMAB a la informaci\u00f3n, actividades, formaciones y servicios diversos , ya sean propios o de terceras entidades.<\/p>\n<p style=\"padding-left: 40px;\">Este Aviso Legal tiene por objeto establecer las Condiciones Generales que regulan el acceso y uso general de la p\u00e1gina web por parte de todos los usuarios, por lo que el acceso y uso de \u00e9sta implica necesariamente, la sumisi\u00f3n y aceptaci\u00f3n de las presentes Condiciones.<\/p>\n<p style=\"padding-left: 40px;\">El CMAB se reserva la facultad de realizar, en cualquier momento y sin necesidad de preaviso alguno, cualquier modificaci\u00f3n o actualizaci\u00f3n de los contenidos y servicios, de las presentes disposiciones de acceso y uso y, en general, de cuantos elementos integren el dise\u00f1o y configuraci\u00f3n de su p\u00e1gina web.<\/p>\n<ol start=\"3\">\n<li><strong> Acceso a la web<\/strong><\/li>\n<\/ol>\n<p style=\"padding-left: 40px;\">El usuario puede acceder de forma gratuita y libre a la p\u00e1gina web, salvo en lo que respecta al coste de la conexi\u00f3n a trav\u00e9s de la red de telecomunicaciones suministrada por el Proveedor de Acceso a Internet\u00a0 contratada por su cuenta. Por una correcta y segura navegaci\u00f3n, se recomienda la utilizaci\u00f3n de las versiones m\u00e1s actualizadas de los correspondientes navegadores: Chrome, Firefox, IE Edge y Safari.<\/p>\n<p style=\"padding-left: 40px;\">Por su parte, el CMAB informa que no se responsabiliza de la prestaci\u00f3n de servicios y suministros de terceros, incluidos el transporte a trav\u00e9s de redes de telecomunicaciones, cuya fiabilidad, calidad, continuidad y funcionamiento no le corresponde, y por la que lo que el acceso puede ser suspendido, cancelado o resultar inaccesible por motivos t\u00e9cnicos y especialmente en caso de fuerza mayor.<\/p>\n<p style=\"padding-left: 40px;\">Adem\u00e1s, el CMAB se reserva el derecho a interrumpir en caso de que lo estime necesario el acceso a su p\u00e1gina web en cualquier momento y sin previo aviso, ya sea por motivos de seguridad, de control, de mantenimiento, por errores de suministro el\u00e9ctrico o por cualquier otra causa. Si la interrupci\u00f3n tuviera car\u00e1cter definitivo, se comunicar\u00e1 tal circunstancia a los usuarios, que podr\u00e1n sufrir la p\u00e9rdida, en su caso, de la informaci\u00f3n almacenada en los distintos servicios.<\/p>\n<p style=\"padding-left: 40px;\">En consecuencia, en ning\u00fan caso el CMAB se responsabiliza de las consecuencias de eventuales interrupciones, puesto que no puede garantizar la fiabilidad, la disponibilidad, ni la continuidad de su p\u00e1gina web.<\/p>\n<ol start=\"4\">\n<li><strong>Uso de la p\u00e1gina web y acceso a los contenidos<\/strong><\/li>\n<\/ol>\n<p style=\"padding-left: 40px;\">La utilizaci\u00f3n de la p\u00e1gina web por cualquier persona atribuye la condici\u00f3n de Usuario y que lo hace bajo su exclusiva responsabilidad.<\/p>\n<p style=\"padding-left: 40px;\">El usuario se compromete a no utilizar la informaci\u00f3n, actividades, productos o servicios que el CMAB pone a su disposici\u00f3n para desarrollar actividades contrarias a las leyes, moral o orden p\u00fablico y, en general, a hacer un uso conforme en las presentes Condiciones Generales.<\/p>\n<p style=\"padding-left: 40px;\">Especialmente, queda prohibido el uso de la p\u00e1gina web con fines lesivos a los bienes del CMAB que de cualquier otra forma sobrecarguen, da\u00f1en o inutilicen las redes, servidores y otros equipos inform\u00e1ticos o productos y aplicaciones inform\u00e1ticas del CMAB o de terceros, en su caso<\/p>\n<p style=\"padding-left: 40px;\">El usuario puede descargar los contenidos que desee de la p\u00e1gina web y, cuando sea necesario, el CMAB le informar\u00e1 en caso necesario sobre las especificaciones t\u00e9cnicas necesarias para proceder a la descarga de informaci\u00f3n y contenidos de su p\u00e1gina web.<\/p>\n<p style=\"padding-left: 40px;\">El usuario se abstendr\u00e1 de obtener, o de intentar obtener, los Contenidos por medios o procedimientos distintos de los que en cada caso se hayan puesto a su disposici\u00f3n o hayan indicado al efecto o de los que se utilicen habitualmente en Internet. En este sentido, se ruega al usuario que preste atenci\u00f3n a estos mensajes de aviso, ya que el CMAB no se responsabiliza de los da\u00f1os y perjuicios que puedan sufrir los equipos inform\u00e1ticos del usuario para que \u00e9ste haya usado de forma indebida o negligente la p\u00e1gina web.<\/p>\n<p style=\"padding-left: 40px;\">Los contenidos de la p\u00e1gina web son puestos a disposici\u00f3n del usuario por el CMAB como informaci\u00f3n propia o en su caso, de terceros. El CMAB pondr\u00e1 los medios razonables a su disposici\u00f3n a fin de que los contenidos incluidos en su p\u00e1gina web sean exactos y est\u00e9n actualizados.<\/p>\n<ol start=\"5\">\n<li><strong> Enlace de terceros a la p\u00e1gina web del CMAB<\/strong><\/li>\n<\/ol>\n<p style=\"padding-left: 40px;\">La entidad o persona que desee introducir un link desde su p\u00e1gina web a la p\u00e1gina web del CMAB deber\u00e1 obtener previa autorizaci\u00f3n del CMAB por escrito. Adem\u00e1s, deber\u00e1 cumplir las siguientes obligaciones:<\/p>\n<ol>\n<li>El enlace o \u00fanicamente vincular\u00e1 con la p\u00e1gina principal, salvo autorizaci\u00f3n expresa para redireccionar a una p\u00e1gina secundaria.<\/li>\n<li>Queda expresamente prohibido establecer frames o marcos de cualquier tipo que envuelvan en la p\u00e1gina web o permitan la visualizaci\u00f3n de la informaci\u00f3n, actividades, servicios o productos a trav\u00e9s de direcciones de Internet distintas a las de la presente p\u00e1gina web.<\/li>\n<li>El link o p\u00e1gina de enlace no podr\u00e1 desarrollar actividades o poner dispositivos que sean contrarios a las leyes, la moral o el orden p\u00fablico.<\/li>\n<li>En ning\u00fan caso se realizar\u00e1n, desde la p\u00e1gina web donde se encuentre el enlace, manifestaciones falsas, inexactas o incorrectas sobre el CMAB, sus colegiados, los miembros del personal, la calidad de los servicios que presta o cualquier otro profesional.<\/li>\n<li>El remitente no podr\u00e1 utilizar la marca gr\u00e1fica o mixta o cualquier otro signo distintivo del CMAB dentro de su propio sitio web, salvo en los casos expresamente autorizados por el CMAB.<\/li>\n<li>El establecimiento de un hiperenlace no implica en ning\u00fan caso la existencia de relaciones entre el CMAB y el propietario de la p\u00e1gina web en la que pueda establecerse, ni la aceptaci\u00f3n y aprobaci\u00f3n por parte del CMAB de sus contenidos o servicios.<\/li>\n<\/ol>\n<ol start=\"6\">\n<li><strong> Propiedad Industrial e Intelectual<\/strong><\/li>\n<\/ol>\n<p style=\"padding-left: 40px;\">Todos los contenidos de la p\u00e1gina web son propiedad intelectual del CMAB o, en su caso, de terceros, salvo que se especifique lo contrario. A t\u00edtulo meramente enunciativo se incluyen entre los contenidos los textos, fotograf\u00edas, gr\u00e1ficos, im\u00e1genes, iconos, tecnolog\u00eda, software y otros contenidos audiovisuales o sonoros, as\u00ed como su dise\u00f1o gr\u00e1fico y c\u00f3digos fuente.<\/p>\n<p style=\"padding-left: 40px;\">De igual modo, las marcas, nombres comerciales o signos distintivos son titularidad exclusiva del CMAB o en su caso, de terceras entidades o personas salvo que se especifique lo contrario.<\/p>\n<p style=\"padding-left: 40px;\">El usuario deber\u00e1 respetar en todo momento todos los derechos de propiedad intelectual e industrial sobre la p\u00e1gina web, de titularidad del CMAB o de terceros. Queda expresamente prohibida la cesi\u00f3n de los derechos de propiedad intelectual sobre la presente p\u00e1gina Web.<\/p>\n<p style=\"padding-left: 40px;\">En concreto, est\u00e1 prohibida la reproducci\u00f3n, transformaci\u00f3n, distribuci\u00f3n, comunicaci\u00f3n p\u00fablica, puesta a disposici\u00f3n, extracci\u00f3n, reutilizaci\u00f3n, o la utilizaci\u00f3n de cualquier naturaleza, por cualquier medio o procedimiento, de cualquiera de ellos, salvo en los casos que est\u00e9 legalmente permitido y autorizado por el titular de los correspondientes derechos.<\/p>\n<p style=\"padding-left: 40px;\">No obstante lo anterior, el Usuario podr\u00e1 visualizar y obtener una copia privada temporal de los Contenidos para su exclusivo uso personal y privado en sus sistemas inform\u00e1ticos (software y hardware), siempre que no sea con el fin de desarrollar actividades de car\u00e1cter comercial o profesional, as\u00ed como su distribuci\u00f3n, modificaci\u00f3n, alteraci\u00f3n o descompilaci\u00f3n.<\/p>\n<ol start=\"7\">\n<li><strong> Publicidad<\/strong><\/li>\n<\/ol>\n<p style=\"padding-left: 40px;\">En la p\u00e1gina Web se pueden alojar contenidos publicitarios o patrocinados. Los anunciantes o patrocinadores son los \u00fanicos responsables de asegurarse de que el material remitido para su inclusi\u00f3n en la p\u00e1gina web cumple con la normativa que en cada caso puedan ser de aplicaci\u00f3n. El CMAB no ser\u00e1 responsable de cualquier inexactitud o irregularidad que puedan contener los contenidos publicitarios o de los patrocinadores.<\/p>\n<ol start=\"8\">\n<li><strong> Responsabilidad<\/strong><\/li>\n<\/ol>\n<p style=\"padding-left: 40px;\">En cualquier caso, el Usuario responder\u00e1 de los da\u00f1os y perjuicios de toda naturaleza que el CMAB pueda sufrir como consecuencia de incumplimiento de cualquiera de las obligaciones a las que queda sometido por este Aviso Legal o, en su caso, por las condiciones espec\u00edficas que sean de aplicaci\u00f3n.<\/p>\n<ol start=\"9\">\n<li><strong> Pol\u00edticas de Privacidad y de Cookies<\/strong><\/li>\n<\/ol>\n<p style=\"padding-left: 40px;\">En relaci\u00f3n al tratamiento de datos personales y de uso de cookies es necesario que el Usuario consulte la pol\u00edtica de privacidad y de cookies del CMAB.<\/p>\n<ol start=\"10\">\n<li><strong> Legislaci\u00f3n y Jurisdicci\u00f3n Aplicable<\/strong><\/li>\n<\/ol>\n<p style=\"padding-left: 40px;\">Las presentes Condiciones\u00a0 quedan sujetas a la ordenaci\u00f3n jur\u00eddica espa\u00f1ola. Para la resoluci\u00f3n de cualquier conflicto que pudiera derivarse del acceso a la p\u00e1gina web, el usuario y el CMAB en los casos en que la normativa prevea la posibilidad de someterse a un fuero, acuerdan someterse expresamente a los juzgados y tribunales de la ciudad de Barcelona, con renuncia a cualquier otro fuero general o especial que pudiera corresponderles.<\/p>\n<p>[\/vc_column_text][\/vc_column][\/vc_row]<\/p>\n<\/div>","protected":false},"excerpt":{"rendered":"<p>[vc_row][vc_column][vc_column_text] Aviso Legal [\/vc_column_text][vc_column_text] Informaci\u00f3n del titular y responsable De conformidad con lo establecido en la Ley 34\/2002, de 11 de julio, de Servicios de la Sociedad de la Informaci\u00f3n y el Comercio Electr\u00f3nico (LSSI) se informa de los datos identificativos y de contacto del titular de esta Web: \u200b Col\u00b7legi de Mediadors d\u2019Assegurances de<\/p>\n","protected":false},"author":4,"featured_media":0,"parent":0,"menu_order":0,"comment_status":"closed","ping_status":"closed","template":"","meta":{"footnotes":""},"class_list":["post-16130","page","type-page","status-publish","hentry"],"yoast_head":"<!-- This site is optimized with the Yoast SEO plugin v27.3 - https:\/\/yoast.com\/product\/yoast-seo-wordpress\/ -->\n<title>Aviso Legal - Col-legi de Mediadors d&#039;Assegurances de Barcelona<\/title>\n<meta name=\"robots\" content=\"index, follow, max-snippet:-1, max-image-preview:large, max-video-preview:-1\" \/>\n<link rel=\"canonical\" href=\"https:\/\/www.elcol-legi.org\/w\/es\/aviso-legal-2\/\" \/>\n<meta property=\"og:locale\" content=\"es_ES\" \/>\n<meta property=\"og:type\" content=\"article\" \/>\n<meta property=\"og:title\" content=\"Aviso Legal - Col-legi de Mediadors d&#039;Assegurances de Barcelona\" \/>\n<meta property=\"og:description\" content=\"[vc_row][vc_column][vc_column_text] Aviso Legal [\/vc_column_text][vc_column_text] Informaci\u00f3n del titular y responsable De conformidad con lo establecido en la Ley 34\/2002, de 11 de julio, de Servicios de la Sociedad de la Informaci\u00f3n y el Comercio Electr\u00f3nico (LSSI) se informa de los datos identificativos y de contacto del titular de esta Web: \u200b Col\u00b7legi de Mediadors d\u2019Assegurances de\" \/>\n<meta property=\"og:url\" content=\"https:\/\/www.elcol-legi.org\/w\/es\/aviso-legal-2\/\" \/>\n<meta property=\"og:site_name\" content=\"Col-legi de Mediadors d&#039;Assegurances de Barcelona\" \/>\n<meta property=\"article:modified_time\" content=\"2023-12-20T11:37:28+00:00\" \/>\n<meta name=\"twitter:card\" content=\"summary_large_image\" \/>\n<meta name=\"twitter:label1\" content=\"Tiempo de lectura\" \/>\n\t<meta name=\"twitter:data1\" content=\"9 minutos\" \/>\n<script type=\"application\/ld+json\" class=\"yoast-schema-graph\">{\"@context\":\"https:\\\/\\\/schema.org\",\"@graph\":[{\"@type\":\"WebPage\",\"@id\":\"https:\\\/\\\/www.elcol-legi.org\\\/w\\\/es\\\/aviso-legal-2\\\/\",\"url\":\"https:\\\/\\\/www.elcol-legi.org\\\/w\\\/es\\\/aviso-legal-2\\\/\",\"name\":\"Aviso Legal - Col-legi de Mediadors d&#039;Assegurances de Barcelona\",\"isPartOf\":{\"@id\":\"https:\\\/\\\/www.elcol-legi.org\\\/w\\\/es\\\/#website\"},\"datePublished\":\"2023-12-12T08:33:18+00:00\",\"dateModified\":\"2023-12-20T11:37:28+00:00\",\"breadcrumb\":{\"@id\":\"https:\\\/\\\/www.elcol-legi.org\\\/w\\\/es\\\/aviso-legal-2\\\/#breadcrumb\"},\"inLanguage\":\"es\",\"potentialAction\":[{\"@type\":\"ReadAction\",\"target\":[\"https:\\\/\\\/www.elcol-legi.org\\\/w\\\/es\\\/aviso-legal-2\\\/\"]}]},{\"@type\":\"BreadcrumbList\",\"@id\":\"https:\\\/\\\/www.elcol-legi.org\\\/w\\\/es\\\/aviso-legal-2\\\/#breadcrumb\",\"itemListElement\":[{\"@type\":\"ListItem\",\"position\":1,\"name\":\"Inici\",\"item\":\"https:\\\/\\\/www.elcol-legi.org\\\/w\\\/es\\\/\"},{\"@type\":\"ListItem\",\"position\":2,\"name\":\"Aviso Legal\"}]},{\"@type\":\"WebSite\",\"@id\":\"https:\\\/\\\/www.elcol-legi.org\\\/w\\\/es\\\/#website\",\"url\":\"https:\\\/\\\/www.elcol-legi.org\\\/w\\\/es\\\/\",\"name\":\"Col-legi de Mediadors d&#039;Assegurances de Barcelona\",\"description\":\"Support al mediador d&#039;assegurances\",\"potentialAction\":[{\"@type\":\"SearchAction\",\"target\":{\"@type\":\"EntryPoint\",\"urlTemplate\":\"https:\\\/\\\/www.elcol-legi.org\\\/w\\\/es\\\/?s={search_term_string}\"},\"query-input\":{\"@type\":\"PropertyValueSpecification\",\"valueRequired\":true,\"valueName\":\"search_term_string\"}}],\"inLanguage\":\"es\"}]}<\/script>\n<!-- \/ Yoast SEO plugin. -->","yoast_head_json":{"title":"Aviso Legal - Col-legi de Mediadors d&#039;Assegurances de Barcelona","robots":{"index":"index","follow":"follow","max-snippet":"max-snippet:-1","max-image-preview":"max-image-preview:large","max-video-preview":"max-video-preview:-1"},"canonical":"https:\/\/www.elcol-legi.org\/w\/es\/aviso-legal-2\/","og_locale":"es_ES","og_type":"article","og_title":"Aviso Legal - Col-legi de Mediadors d&#039;Assegurances de Barcelona","og_description":"[vc_row][vc_column][vc_column_text] Aviso Legal [\/vc_column_text][vc_column_text] Informaci\u00f3n del titular y responsable De conformidad con lo establecido en la Ley 34\/2002, de 11 de julio, de Servicios de la Sociedad de la Informaci\u00f3n y el Comercio Electr\u00f3nico (LSSI) se informa de los datos identificativos y de contacto del titular de esta Web: \u200b Col\u00b7legi de Mediadors d\u2019Assegurances de","og_url":"https:\/\/www.elcol-legi.org\/w\/es\/aviso-legal-2\/","og_site_name":"Col-legi de Mediadors d&#039;Assegurances de Barcelona","article_modified_time":"2023-12-20T11:37:28+00:00","twitter_card":"summary_large_image","twitter_misc":{"Tiempo de lectura":"9 minutos"},"schema":{"@context":"https:\/\/schema.org","@graph":[{"@type":"WebPage","@id":"https:\/\/www.elcol-legi.org\/w\/es\/aviso-legal-2\/","url":"https:\/\/www.elcol-legi.org\/w\/es\/aviso-legal-2\/","name":"Aviso Legal - Col-legi de Mediadors d&#039;Assegurances de Barcelona","isPartOf":{"@id":"https:\/\/www.elcol-legi.org\/w\/es\/#website"},"datePublished":"2023-12-12T08:33:18+00:00","dateModified":"2023-12-20T11:37:28+00:00","breadcrumb":{"@id":"https:\/\/www.elcol-legi.org\/w\/es\/aviso-legal-2\/#breadcrumb"},"inLanguage":"es","potentialAction":[{"@type":"ReadAction","target":["https:\/\/www.elcol-legi.org\/w\/es\/aviso-legal-2\/"]}]},{"@type":"BreadcrumbList","@id":"https:\/\/www.elcol-legi.org\/w\/es\/aviso-legal-2\/#breadcrumb","itemListElement":[{"@type":"ListItem","position":1,"name":"Inici","item":"https:\/\/www.elcol-legi.org\/w\/es\/"},{"@type":"ListItem","position":2,"name":"Aviso Legal"}]},{"@type":"WebSite","@id":"https:\/\/www.elcol-legi.org\/w\/es\/#website","url":"https:\/\/www.elcol-legi.org\/w\/es\/","name":"Col-legi de Mediadors d&#039;Assegurances de Barcelona","description":"Support al mediador d&#039;assegurances","potentialAction":[{"@type":"SearchAction","target":{"@type":"EntryPoint","urlTemplate":"https:\/\/www.elcol-legi.org\/w\/es\/?s={search_term_string}"},"query-input":{"@type":"PropertyValueSpecification","valueRequired":true,"valueName":"search_term_string"}}],"inLanguage":"es"}]}},"_links":{"self":[{"href":"https:\/\/www.elcol-legi.org\/w\/es\/wp-json\/wp\/v2\/pages\/16130","targetHints":{"allow":["GET"]}}],"collection":[{"href":"https:\/\/www.elcol-legi.org\/w\/es\/wp-json\/wp\/v2\/pages"}],"about":[{"href":"https:\/\/www.elcol-legi.org\/w\/es\/wp-json\/wp\/v2\/types\/page"}],"author":[{"embeddable":true,"href":"https:\/\/www.elcol-legi.org\/w\/es\/wp-json\/wp\/v2\/users\/4"}],"replies":[{"embeddable":true,"href":"https:\/\/www.elcol-legi.org\/w\/es\/wp-json\/wp\/v2\/comments?post=16130"}],"version-history":[{"count":7,"href":"https:\/\/www.elcol-legi.org\/w\/es\/wp-json\/wp\/v2\/pages\/16130\/revisions"}],"predecessor-version":[{"id":16305,"href":"https:\/\/www.elcol-legi.org\/w\/es\/wp-json\/wp\/v2\/pages\/16130\/revisions\/16305"}],"wp:attachment":[{"href":"https:\/\/www.elcol-legi.org\/w\/es\/wp-json\/wp\/v2\/media?parent=16130"}],"curies":[{"name":"wp","href":"https:\/\/api.w.org\/{rel}","templated":true}]}}