{"id":16145,"date":"2023-12-12T11:23:06","date_gmt":"2023-12-12T09:23:06","guid":{"rendered":"https:\/\/www.elcol-legi.org\/w\/politica-de-privacidad\/"},"modified":"2024-03-26T14:56:03","modified_gmt":"2024-03-26T12:56:03","slug":"politica-de-privacidad","status":"publish","type":"page","link":"https:\/\/www.elcol-legi.org\/w\/es\/politica-de-privacidad\/","title":{"rendered":"Pol\u00edtica de Privacidad"},"content":{"rendered":"<div class=\"wpb-content-wrapper\"><p>[vc_row][vc_column][vc_column_text]<\/p>\n<h1>Pol\u00edtica de Privacidad<\/h1>\n<p>[\/vc_column_text][vc_column_text]Para el Col\u00b7legi de Mediadors d\u2019Assegurances de Barcelona <strong>\u00a0<\/strong>(en adelante CMAB) es muy importante garantizar la seguridad y cumplimiento normativo de los datos personales de los interesados en sus Tratamientos, y dar cumplimiento al Reglamento (UE) 2016\/679 del Parlamento Europeo y del Consejo de 27 de abril de 2016, relativo a la protecci\u00f3n de las personas f\u00edsicas en lo que respecta al tratamiento de datos personales y a la libre circulaci\u00f3n de estos datos, denominado Reglamento General de Protecci\u00f3n de Datos, (en lo sucesivo RGPD), as\u00ed como con lo establecido en Ley Org\u00e1nica 3\/2018, de 5 de diciembre, de Protecci\u00f3n de Datos Personales y garant\u00eda de los derechos digitales (en adelante LOPDGDD).<\/p>\n<p>Queremos ofrecerte toda la informaci\u00f3n necesaria de una forma transparente y sencilla, por lo que te recomendamos leer tranquilamente esta pol\u00edtica de privacidad, y as\u00ed poder conocer y entender los tratamientos de datos que ejecutamos.<\/p>\n<p>Nuestro m\u00e1ximo compromiso es la confidencialidad y seguridad de tus datos, de forma que nos esforzamos d\u00eda a d\u00eda en mejorar nuestros procesos de tratamiento de datos personales.<\/p>\n<p>La pol\u00edtica de privacidad puede ser modificada por decisi\u00f3n unilateral de CMAB, por lo que se recomienda su consulta de forma regular.<\/p>\n<p>Si tienes cualquier duda relativa al tratamiento de tus datos personales, no dudes en contactar con nosotros por medio del email: <a href=\"mailto:dpd@elcol-legi.org\">dpd@elcol-legi.org<\/a><\/p>\n<p><strong>\u00bfQui\u00e9n es el responsable del tratamiento de tus datos?<\/strong><\/p>\n<p>Los tratamientos de datos personales de <strong>CMAB<\/strong> los asume la siguiente corporaci\u00f3n en calidad de responsable de tratamiento de datos personales:<\/p>\n<p>Col\u00b7legi de Mediadors d\u2019Assegurances de Barcelona<\/p>\n<p>Passeig de Sant Joan, 33, 08010 de Barcelona<\/p>\n<p>CIF G08476749<\/p>\n<p>Tel. 932153223<\/p>\n<p>Email: <a href=\"mailto:elcol-legi@elcol-legi.org\">elcol-legi@elcol-legi.org<\/a><\/p>\n<p>Contacto Delegado de Protecci\u00f3n de Datos: <a href=\"mailto:dpd@elcol-legi.org\">dpd@elcol-legi.org<\/a><\/p>\n<p><strong>\u00bfQu\u00e9 hacemos con tus datos personales?<\/strong><\/p>\n<p>A continuaci\u00f3n, te informamos de las finalidades para la cual tratamos tus datos personales, y que sin ser una relaci\u00f3n exhaustiva se pueden concretar en:<\/p>\n<ol>\n<li>Atenci\u00f3n a interesados relacionados con las consultas sobre los servicios que ofrece el CMAB.<\/li>\n<li>Gesti\u00f3n administrativa, colegial, contable y econ\u00f3mica de los datos de los colegiados del CMAB.<\/li>\n<li>Gesti\u00f3n administrativa, econ\u00f3mica y seguimiento acad\u00e9mico de los servicios y productos formativos ofrecidos por el CMAB<\/li>\n<li>Gesti\u00f3n y seguimiento de comunicaciones de car\u00e1cter informativo de los servicios que puedan ser de inter\u00e9s para los interesados.<\/li>\n<\/ol>\n<p><strong>\u00bfQu\u00e9 datos personales recogemos?<\/strong><\/p>\n<p>Los datos que recogemos son los estrictamente necesarios para la realizaci\u00f3n de las finalidades descritas con anterioridad y que se pueden concretar con:<\/p>\n<ol>\n<li>Datos identificativos necesarios para la relaci\u00f3n colegial tales como nombre y apellidos, NIF, datos econ\u00f3micos y datos fiscales.<\/li>\n<li>Datos identificativos para el establecimiento de comunicaciones con interesados tales como tel\u00e9fono, correo electr\u00f3nico.<\/li>\n<li>Datos de informaci\u00f3n laboral y datos acad\u00e9micos y profesionales.<\/li>\n<\/ol>\n<p>Cuando nos proporcionas tu informaci\u00f3n, te comprometes a que la informaci\u00f3n y los datos que facilitas son exactos y veraces y no contenga errores.<\/p>\n<p>Recuerda que es muy importante que nos comuniques, a la mayor brevedad posible, posibles modificaciones y\/o rectificaciones de tus datos de car\u00e1cter personal al correo electr\u00f3nico <a href=\"mailto:elcol-legi@elcol-legi.org\">elcol-legi@elcol-legi.org<\/a><\/p>\n<p><strong>\u00bfCu\u00e1l es la base jur\u00eddica por la que tratamos tus datos?<\/strong><\/p>\n<p>Las bases jur\u00eddicas que habilitan el tratamiento de tus datos personales en relaci\u00f3n con las finalidades descritas anteriormente son:<\/p>\n<p>Interesados en los servicios de CMAB:\u00a0 la base de legitimaci\u00f3n para el tratamiento de datos de contactos interesados es el consentimiento expreso e inequ\u00edvoco otorgado por los mismos y el inter\u00e9s leg\u00edtimo.<\/p>\n<p>Colegiados: la base de legitimaci\u00f3n es s la vinculaci\u00f3n como persona colegiada con el\u00a0 CMAB en cumplimiento de sus obligaciones estatutarias y legales.<\/p>\n<p>Alumnos y asistentes formaci\u00f3n y eventos: la base de legitimaci\u00f3n es la ejecuci\u00f3n del contrato asociado al curso o producto formativo.<\/p>\n<p>Comunicaciones informativas: la base de legitimaci\u00f3n para el tratamiento de datos de es el consentimiento expreso e inequ\u00edvoco otorgado por los mismos y el inter\u00e9s leg\u00edtimo<\/p>\n<p>\u00bf<strong>A qui\u00e9n comunicamos tus datos personales?<\/strong><\/p>\n<p>No se ceder\u00e1n tus datos a terceros, salvo que fuera necesario para un cumplir con un requerimiento legal.<\/p>\n<p><b>\u00bfRealizamos transferencias internacionales de tus datos?<\/b><\/p>\n<p>No realizaremos transferencias internacionales de tus datos personales para ninguna de las finalidades indicadas.<\/p>\n<p>\u00bf<b>Durante cu\u00e1nto tiempo conservamos tus datos?<\/b><\/p>\n<p style=\"text-align: justify;\">Dependiendo de cada una de las finalidades de tratamiento que hagamos de tus datos conservamos los datos con relaci\u00f3n a los plazos de conservaci\u00f3n marcados en la normativa vigente de aplicaci\u00f3n, y hasta que revoques tu consentimiento en su caso.<\/p>\n<p style=\"text-align: justify;\">Te informamos que tus datos se conservar\u00e1n bloqueados al finalizar el tratamiento al que se destinan y durante los plazos de prescripci\u00f3n de obligaciones definidos para cada finalidad del tratamiento indicadas.<\/p>\n<p><strong>\u00bfCu\u00e1les son tus derechos como interesado?<\/strong><\/p>\n<p>Desde CMAB queremos garantizar plenamente el ejercicio de derechos que dispones en virtud del RGPD. En este sentido, te informamos que dispones de los siguientes derechos:<\/p>\n<p>Derecho de acceso a tus datos personales:\u00a0 para conocer qu\u00e9 datos personales tratamos y las operaciones de tratamiento que llevamos a cabo.<\/p>\n<p>Derecho de rectificaci\u00f3n de cualquier dato personal inexacto.<\/p>\n<p>Derecho de supresi\u00f3n de tus datos personales: cuando esto sea posible y sin perjuicio del bloqueo de la informaci\u00f3n con reserva legal.<\/p>\n<p>Derecho a solicitar la limitaci\u00f3n del tratamiento de tus datos personales cuando la exactitud, la legalidad o la necesidad del tratamiento de los datos resulte dudosa, en cuyo caso, podremos conservarlos bloqueados para el ejercicio o la defensa de reclamaciones.<\/p>\n<p>Derecho de oposici\u00f3n al tratamiento de tus datos personales, cuando la base legal que nos habilite para su tratamiento de las indicadas sea nuestro inter\u00e9s leg\u00edtimo dejar\u00e1 de tratar tus datos salvo que tenga un inter\u00e9s leg\u00edtimo o sea necesario para la defensa de reclamaciones.<\/p>\n<p>Derecho a la portabilidad de tus datos.<\/p>\n<p>Puedes ejercitar cualquiera de los derechos cuando lo creas oportuno y de forma gratuita enviando un correo electr\u00f3nico a <a href=\"mailto:dpd@elcol-legi.org\">dpd@elcol-legi.org<\/a> indicando el derecho que deseas ejercitar y tus datos identificativos.<\/p>\n<p>Tambi\u00e9n te informamos que tienes derecho a presentar una reclamaci\u00f3n ante l\u2019Autoritat Catalana de Protecci\u00f3 de Dades (<a href=\"https:\/\/apdcat.gencat.cat\/ca\/inici\/index.html\">https:\/\/apdcat.gencat.cat\/ca\/inici\/index.html<\/a>) o bien ante la Agencia Espa\u00f1ola de Protecci\u00f3n de Datos (<a href=\"https:\/\/www.aepd.es\/\">https:\/\/www.aepd.es\/<\/a>) si consideras que se ha cometido una infracci\u00f3n de la legislaci\u00f3n en materia de protecci\u00f3n de datos respecto al tratamiento de tus datos personales.[\/vc_column_text][\/vc_column][\/vc_row]<\/p>\n<\/div>","protected":false},"excerpt":{"rendered":"<p>[vc_row][vc_column][vc_column_text] Pol\u00edtica de Privacidad [\/vc_column_text][vc_column_text]Para el Col\u00b7legi de Mediadors d\u2019Assegurances de Barcelona \u00a0(en adelante CMAB) es muy importante garantizar la seguridad y cumplimiento normativo de los datos personales de los interesados en sus Tratamientos, y dar cumplimiento al Reglamento (UE) 2016\/679 del Parlamento Europeo y del Consejo de 27 de abril de 2016, relativo a<\/p>\n","protected":false},"author":4,"featured_media":0,"parent":0,"menu_order":0,"comment_status":"closed","ping_status":"closed","template":"","meta":{"footnotes":""},"class_list":["post-16145","page","type-page","status-publish","hentry"],"yoast_head":"<!-- This site is optimized with the Yoast SEO plugin v27.5 - https:\/\/yoast.com\/product\/yoast-seo-wordpress\/ -->\n<title>Pol\u00edtica de Privacidad - Col-legi de Mediadors d&#039;Assegurances de Barcelona<\/title>\n<meta name=\"robots\" content=\"index, follow, max-snippet:-1, max-image-preview:large, max-video-preview:-1\" \/>\n<link rel=\"canonical\" href=\"https:\/\/www.elcol-legi.org\/w\/es\/politica-de-privacidad\/\" \/>\n<meta property=\"og:locale\" content=\"es_ES\" \/>\n<meta property=\"og:type\" content=\"article\" \/>\n<meta property=\"og:title\" content=\"Pol\u00edtica de Privacidad - Col-legi de Mediadors d&#039;Assegurances de Barcelona\" \/>\n<meta property=\"og:description\" content=\"[vc_row][vc_column][vc_column_text] Pol\u00edtica de Privacidad [\/vc_column_text][vc_column_text]Para el Col\u00b7legi de Mediadors d\u2019Assegurances de Barcelona \u00a0(en adelante CMAB) es muy importante garantizar la seguridad y cumplimiento normativo de los datos personales de los interesados en sus Tratamientos, y dar cumplimiento al Reglamento (UE) 2016\/679 del Parlamento Europeo y del Consejo de 27 de abril de 2016, relativo a\" \/>\n<meta property=\"og:url\" content=\"https:\/\/www.elcol-legi.org\/w\/es\/politica-de-privacidad\/\" \/>\n<meta property=\"og:site_name\" content=\"Col-legi de Mediadors d&#039;Assegurances de Barcelona\" \/>\n<meta property=\"article:modified_time\" content=\"2024-03-26T12:56:03+00:00\" \/>\n<meta name=\"twitter:card\" content=\"summary_large_image\" \/>\n<meta name=\"twitter:label1\" content=\"Tiempo de lectura\" \/>\n\t<meta name=\"twitter:data1\" content=\"6 minutos\" \/>\n<script type=\"application\/ld+json\" class=\"yoast-schema-graph\">{\"@context\":\"https:\\\/\\\/schema.org\",\"@graph\":[{\"@type\":\"WebPage\",\"@id\":\"https:\\\/\\\/www.elcol-legi.org\\\/w\\\/es\\\/politica-de-privacidad\\\/\",\"url\":\"https:\\\/\\\/www.elcol-legi.org\\\/w\\\/es\\\/politica-de-privacidad\\\/\",\"name\":\"Pol\u00edtica de Privacidad - Col-legi de Mediadors d&#039;Assegurances de Barcelona\",\"isPartOf\":{\"@id\":\"https:\\\/\\\/www.elcol-legi.org\\\/w\\\/es\\\/#website\"},\"datePublished\":\"2023-12-12T09:23:06+00:00\",\"dateModified\":\"2024-03-26T12:56:03+00:00\",\"breadcrumb\":{\"@id\":\"https:\\\/\\\/www.elcol-legi.org\\\/w\\\/es\\\/politica-de-privacidad\\\/#breadcrumb\"},\"inLanguage\":\"es\",\"potentialAction\":[{\"@type\":\"ReadAction\",\"target\":[\"https:\\\/\\\/www.elcol-legi.org\\\/w\\\/es\\\/politica-de-privacidad\\\/\"]}]},{\"@type\":\"BreadcrumbList\",\"@id\":\"https:\\\/\\\/www.elcol-legi.org\\\/w\\\/es\\\/politica-de-privacidad\\\/#breadcrumb\",\"itemListElement\":[{\"@type\":\"ListItem\",\"position\":1,\"name\":\"Inici\",\"item\":\"https:\\\/\\\/www.elcol-legi.org\\\/w\\\/es\\\/\"},{\"@type\":\"ListItem\",\"position\":2,\"name\":\"Pol\u00edtica de Privacidad\"}]},{\"@type\":\"WebSite\",\"@id\":\"https:\\\/\\\/www.elcol-legi.org\\\/w\\\/es\\\/#website\",\"url\":\"https:\\\/\\\/www.elcol-legi.org\\\/w\\\/es\\\/\",\"name\":\"Col-legi de Mediadors d&#039;Assegurances de Barcelona\",\"description\":\"Support al mediador d&#039;assegurances\",\"potentialAction\":[{\"@type\":\"SearchAction\",\"target\":{\"@type\":\"EntryPoint\",\"urlTemplate\":\"https:\\\/\\\/www.elcol-legi.org\\\/w\\\/es\\\/?s={search_term_string}\"},\"query-input\":{\"@type\":\"PropertyValueSpecification\",\"valueRequired\":true,\"valueName\":\"search_term_string\"}}],\"inLanguage\":\"es\"}]}<\/script>\n<!-- \/ Yoast SEO plugin. -->","yoast_head_json":{"title":"Pol\u00edtica de Privacidad - Col-legi de Mediadors d&#039;Assegurances de Barcelona","robots":{"index":"index","follow":"follow","max-snippet":"max-snippet:-1","max-image-preview":"max-image-preview:large","max-video-preview":"max-video-preview:-1"},"canonical":"https:\/\/www.elcol-legi.org\/w\/es\/politica-de-privacidad\/","og_locale":"es_ES","og_type":"article","og_title":"Pol\u00edtica de Privacidad - Col-legi de Mediadors d&#039;Assegurances de Barcelona","og_description":"[vc_row][vc_column][vc_column_text] Pol\u00edtica de Privacidad [\/vc_column_text][vc_column_text]Para el Col\u00b7legi de Mediadors d\u2019Assegurances de Barcelona \u00a0(en adelante CMAB) es muy importante garantizar la seguridad y cumplimiento normativo de los datos personales de los interesados en sus Tratamientos, y dar cumplimiento al Reglamento (UE) 2016\/679 del Parlamento Europeo y del Consejo de 27 de abril de 2016, relativo a","og_url":"https:\/\/www.elcol-legi.org\/w\/es\/politica-de-privacidad\/","og_site_name":"Col-legi de Mediadors d&#039;Assegurances de Barcelona","article_modified_time":"2024-03-26T12:56:03+00:00","twitter_card":"summary_large_image","twitter_misc":{"Tiempo de lectura":"6 minutos"},"schema":{"@context":"https:\/\/schema.org","@graph":[{"@type":"WebPage","@id":"https:\/\/www.elcol-legi.org\/w\/es\/politica-de-privacidad\/","url":"https:\/\/www.elcol-legi.org\/w\/es\/politica-de-privacidad\/","name":"Pol\u00edtica de Privacidad - Col-legi de Mediadors d&#039;Assegurances de Barcelona","isPartOf":{"@id":"https:\/\/www.elcol-legi.org\/w\/es\/#website"},"datePublished":"2023-12-12T09:23:06+00:00","dateModified":"2024-03-26T12:56:03+00:00","breadcrumb":{"@id":"https:\/\/www.elcol-legi.org\/w\/es\/politica-de-privacidad\/#breadcrumb"},"inLanguage":"es","potentialAction":[{"@type":"ReadAction","target":["https:\/\/www.elcol-legi.org\/w\/es\/politica-de-privacidad\/"]}]},{"@type":"BreadcrumbList","@id":"https:\/\/www.elcol-legi.org\/w\/es\/politica-de-privacidad\/#breadcrumb","itemListElement":[{"@type":"ListItem","position":1,"name":"Inici","item":"https:\/\/www.elcol-legi.org\/w\/es\/"},{"@type":"ListItem","position":2,"name":"Pol\u00edtica de Privacidad"}]},{"@type":"WebSite","@id":"https:\/\/www.elcol-legi.org\/w\/es\/#website","url":"https:\/\/www.elcol-legi.org\/w\/es\/","name":"Col-legi de Mediadors d&#039;Assegurances de Barcelona","description":"Support al mediador d&#039;assegurances","potentialAction":[{"@type":"SearchAction","target":{"@type":"EntryPoint","urlTemplate":"https:\/\/www.elcol-legi.org\/w\/es\/?s={search_term_string}"},"query-input":{"@type":"PropertyValueSpecification","valueRequired":true,"valueName":"search_term_string"}}],"inLanguage":"es"}]}},"_links":{"self":[{"href":"https:\/\/www.elcol-legi.org\/w\/es\/wp-json\/wp\/v2\/pages\/16145","targetHints":{"allow":["GET"]}}],"collection":[{"href":"https:\/\/www.elcol-legi.org\/w\/es\/wp-json\/wp\/v2\/pages"}],"about":[{"href":"https:\/\/www.elcol-legi.org\/w\/es\/wp-json\/wp\/v2\/types\/page"}],"author":[{"embeddable":true,"href":"https:\/\/www.elcol-legi.org\/w\/es\/wp-json\/wp\/v2\/users\/4"}],"replies":[{"embeddable":true,"href":"https:\/\/www.elcol-legi.org\/w\/es\/wp-json\/wp\/v2\/comments?post=16145"}],"version-history":[{"count":6,"href":"https:\/\/www.elcol-legi.org\/w\/es\/wp-json\/wp\/v2\/pages\/16145\/revisions"}],"predecessor-version":[{"id":17682,"href":"https:\/\/www.elcol-legi.org\/w\/es\/wp-json\/wp\/v2\/pages\/16145\/revisions\/17682"}],"wp:attachment":[{"href":"https:\/\/www.elcol-legi.org\/w\/es\/wp-json\/wp\/v2\/media?parent=16145"}],"curies":[{"name":"wp","href":"https:\/\/api.w.org\/{rel}","templated":true}]}}