{"id":22343,"date":"2025-03-26T10:49:26","date_gmt":"2025-03-26T08:49:26","guid":{"rendered":"https:\/\/www.elcol-legi.org\/w\/hub-espai-cmab\/"},"modified":"2026-05-13T09:59:11","modified_gmt":"2026-05-13T07:59:11","slug":"hub-espai-cmab","status":"publish","type":"page","link":"https:\/\/www.elcol-legi.org\/w\/es\/hub-espai-cmab\/","title":{"rendered":"Hub Espai CMAB"},"content":{"rendered":"<div class=\"wpb-content-wrapper\"><p>[vc_row full_width=&#8221;stretch_row&#8221; equal_height=&#8221;yes&#8221; css=&#8221;.vc_custom_1743089548679{background-color: #1B3B72 !important;border-color: #1B3B72 !important;}&#8221;][vc_column css=&#8221;.vc_custom_1739369640580{border-color: #1B3B72 !important;}&#8221;][stm_image_carousel h_centered=&#8221;yes&#8221; img_size=&#8221;840&#215;440&#8243; style=&#8221;style_3&#8243; autoplay=&#8221;yes&#8221; timeout=&#8221;2500&#8243; loop=&#8221;yes&#8221; smart_speed=&#8221;1&#8243; items=&#8221;1&#8243; items_small_desktop=&#8221;1&#8243; items_tablet=&#8221;1&#8243; dots=&#8221;true&#8221; images=&#8221;21561,22206,21551,22363,22213,22219,22225,22228&#8243; css=&#8221;.vc_custom_1743089347637{padding-top: 15px !important;}&#8221;][\/vc_column][\/vc_row][vc_row full_width=&#8221;stretch_row&#8221; css=&#8221;.vc_custom_1747120244823{background-color: #FFFFFF !important;border-color: #FFFFFF !important;}&#8221;][vc_column][vc_column_text css=&#8221;.vc_custom_1742815510018{border-bottom-width: 35px !important;padding-bottom: 15px !important;}&#8221;]<\/p>\n<h2>Qu\u00e9 somos y qu\u00e9 hacemos<\/h2>\n<p>[\/vc_column_text][\/vc_column][\/vc_row][vc_row full_width=&#8221;stretch_row&#8221; css=&#8221;.vc_custom_1747120270299{background-color: #FFFFFF !important;border-color: #FFFFFF !important;}&#8221;][vc_column][vc_hoverbox image=&#8221;21643&#8243; primary_title=&#8221;&#8221; hover_title=&#8221;Qu\u00e9 somos y qu\u00e9 hacemos&#8221; hover_btn_title=&#8221;Qu\u00e9 somos y qu\u00e9 hacemos&#8221; hover_btn_color=&#8221;blue&#8221; hover_btn_align=&#8221;center&#8221; hover_add_button=&#8221;true&#8221; css=&#8221;.vc_custom_1742825593399{margin-bottom: 35px !important;}&#8221; hover_btn_link=&#8221;url:https%3A%2F%2Fwww.elcol-legi.org%2Fw%2Fes%2Fque-somos-y-que-hacemos%2F|title:Objectivos|&#8221;]Desde el CMAB queremos ser los referentes en la transmis\u00f3n del conocimiento sobre los diferentes actores del ecosistema para los Colegiados de Catalu\u00f1a.[\/vc_hoverbox][\/vc_column][\/vc_row][vc_row full_width=&#8221;stretch_row&#8221; css=&#8221;.vc_custom_1763564733799{background-color: #000000 !important;border-color: #FFFFFF !important;}&#8221;][vc_column][vc_column_text css=&#8221;.vc_custom_1763564768957{border-bottom-width: 35px !important;padding-bottom: 15px !important;}&#8221;]<\/p>\n<h2><span style=\"color: #1b3b72;\">Entre Mediadores<\/span><\/h2>\n<p>[\/vc_column_text][\/vc_column][\/vc_row][vc_row full_width=&#8221;stretch_row&#8221; css=&#8221;.vc_custom_1763564741831{background-color: #000000 !important;border-color: #FFFFFF !important;}&#8221;][vc_column][stm_image_carousel img_size=&#8221;1110&#215;450&#8243; style=&#8221;style_3&#8243; autoplay=&#8221;yes&#8221; timeout=&#8221;1000&#8243; loop=&#8221;yes&#8221; smart_speed=&#8221;500&#8243; items=&#8221;1&#8243; items_small_desktop=&#8221;1&#8243; items_tablet=&#8221;1&#8243; dots=&#8221;true&#8221; images=&#8221;25624,25627,25630,25789,26402,26885,27131,27621&#8243; custom_links=&#8221;#E-8_aHR0cHMlM0ElMkYlMkZ3d3cuZWxjb2wtbGVnaS5vcmclMkZ3JTJGZW50cmUtbWVkaWFkb3JzJTJGJTJDaHR0cHMlM0ElMkYlMkZ3d3cuZWxjb2wtbGVnaS5vcmclMkZ3JTJGZW50cmUtbWVkaWFkb3JzJTJGJTJDaHR0cHMlM0ElMkYlMkZ3d3cuZWxjb2wtbGVnaS5vcmclMkZ3JTJGZW50cmUtbWVkaWFkb3JzJTJGJTJDaHR0cHMlM0ElMkYlMkZ3d3cuZWxjb2wtbGVnaS5vcmclMkZ3JTJGZW50cmUtbWVkaWFkb3JzJTJGJTJDaHR0cHMlM0ElMkYlMkZ3d3cuZWxjb2wtbGVnaS5vcmclMkZ3JTJGZW50cmUtbWVkaWFkb3JzJTJGJTJDaHR0cHMlM0ElMkYlMkZ3d3cuZWxjb2wtbGVnaS5vcmclMkZ3JTJGZW50cmUtbWVkaWFkb3JzJTJGJTJDaHR0cHMlM0ElMkYlMkZ3d3cuZWxjb2wtbGVnaS5vcmclMkZ3JTJGZW50cmUtbWVkaWFkb3JzJTJGJTJDaHR0cHMlM0ElMkYlMkZ3d3cuZWxjb2wtbGVnaS5vcmclMkZ3JTJGZW50cmUtbWVkaWFkb3JzJTJG&#8221;][\/vc_column][\/vc_row][vc_row full_width=&#8221;stretch_row&#8221; css=&#8221;.vc_custom_1747120210099{background-color: #F7F7F7 !important;border-color: #F7F7F7 !important;}&#8221;][vc_column][vc_column_text css=&#8221;.vc_custom_1742821239402{border-bottom-width: 35px !important;padding-bottom: 15px !important;}&#8221;]<\/p>\n<h2>HubSessions<\/h2>\n<p>[\/vc_column_text][\/vc_column][\/vc_row][vc_row full_width=&#8221;stretch_row&#8221; equal_height=&#8221;yes&#8221; css=&#8221;.vc_custom_1747120224631{background-color: #F7F7F7 !important;border-color: #F7F7F7 !important;}&#8221;][vc_column][vc_hoverbox image=&#8221;21566&#8243; primary_title=&#8221;&#8221; hover_title=&#8221;Pr\u00f3ximas HubSessions&#8221; hover_btn_title=&#8221;Ver la pr\u00f3xima sesi\u00f3n&#8221; hover_btn_color=&#8221;blue&#8221; hover_add_button=&#8221;true&#8221; css=&#8221;.vc_custom_1742821256174{margin-bottom: 35px !important;}&#8221; hover_btn_link=&#8221;url:https%3A%2F%2Fwww.elcol-legi.org%2Fw%2Fes%2Fproximas-sesiones%2F|title:Pr%C3%B3ximas%20sesiones|&#8221;]Consulta las pr\u00f3ximas sesiones que tenemos porgramadas para t\u00ed![\/vc_hoverbox][\/vc_column][\/vc_row][vc_row full_width=&#8221;stretch_row&#8221; css=&#8221;.vc_custom_1747120163536{background-color: #FFFFFF !important;border-color: #FFFFFF !important;}&#8221;][vc_column][vc_column_text css=&#8221;.vc_custom_1742815878450{border-bottom-width: 35px !important;padding-bottom: 15px !important;}&#8221;]<\/p>\n<h2>Miembros patrocinadores<\/h2>\n<p>[\/vc_column_text][vc_row_inner][vc_column_inner width=&#8221;1\/4&#8243;][vc_single_image image=&#8221;23185&#8243; alignment=&#8221;center&#8221; onclick=&#8221;custom_link&#8221; img_link_target=&#8221;_blank&#8221; css=&#8221;&#8221; link=&#8221;https:\/\/www.cleverea.com\/es\/mediadores&#8221;][\/vc_column_inner][vc_column_inner width=&#8221;1\/4&#8243;][vc_single_image image=&#8221;23171&#8243; alignment=&#8221;center&#8221; onclick=&#8221;custom_link&#8221; img_link_target=&#8221;_blank&#8221; css=&#8221;&#8221; link=&#8221;https:\/\/www.gammacom.es\/&#8221;][\/vc_column_inner][vc_column_inner width=&#8221;1\/4&#8243;][vc_single_image image=&#8221;21754&#8243; onclick=&#8221;custom_link&#8221; css=&#8221;&#8221; link=&#8221;https:\/\/www.imeureka.com\/&#8221;][\/vc_column_inner][vc_column_inner width=&#8221;1\/4&#8243;][vc_single_image image=&#8221;23421&#8243; onclick=&#8221;custom_link&#8221; css=&#8221;&#8221; link=&#8221;https:\/\/www.imeureka.com\/&#8221;][\/vc_column_inner][\/vc_row_inner][vc_row_inner][vc_column_inner width=&#8221;1\/4&#8243;][vc_single_image image=&#8221;26386&#8243; alignment=&#8221;center&#8221; onclick=&#8221;custom_link&#8221; img_link_target=&#8221;_blank&#8221; css=&#8221;&#8221; link=&#8221;https:\/\/www.xternus.com\/es\/&#8221;][\/vc_column_inner][vc_column_inner width=&#8221;1\/4&#8243;][vc_single_image image=&#8221;27021&#8243; alignment=&#8221;center&#8221; onclick=&#8221;custom_link&#8221; img_link_target=&#8221;_blank&#8221; css=&#8221;&#8221; link=&#8221;https:\/\/www.rentamayores.cat\/&#8221;][\/vc_column_inner][vc_column_inner width=&#8221;1\/4&#8243;][stm_spacing lg_spacing=&#8221;30px&#8221; md_spacing=&#8221;30px&#8221; sm_spacing=&#8221;30px&#8221; xs_spacing=&#8221;30px&#8221;][vc_single_image image=&#8221;27389&#8243; img_size=&#8221;250&#215;80&#8243; alignment=&#8221;center&#8221; onclick=&#8221;custom_link&#8221; img_link_target=&#8221;_blank&#8221; css=&#8221;&#8221; link=&#8221;https:\/\/ondaloop.com\/&#8221;][\/vc_column_inner][vc_column_inner width=&#8221;1\/4&#8243;][\/vc_column_inner][\/vc_row_inner][vc_column_text css=&#8221;&#8221;]<\/p>\n<h4 style=\"text-align: center;\">Contacta con nosotros quieres ser patrocinador del Hub Espai CMAB 932153223<\/h4>\n<p>[\/vc_column_text][\/vc_column][\/vc_row]<\/p>\n<\/div>","protected":false},"excerpt":{"rendered":"<p>[vc_row full_width=&#8221;stretch_row&#8221; equal_height=&#8221;yes&#8221; css=&#8221;.vc_custom_1743089548679{background-color: #1B3B72 !important;border-color: #1B3B72 !important;}&#8221;][vc_column css=&#8221;.vc_custom_1739369640580{border-color: #1B3B72 !important;}&#8221;][stm_image_carousel h_centered=&#8221;yes&#8221; img_size=&#8221;840&#215;440&#8243; style=&#8221;style_3&#8243; autoplay=&#8221;yes&#8221; timeout=&#8221;2500&#8243; loop=&#8221;yes&#8221; smart_speed=&#8221;1&#8243; items=&#8221;1&#8243; items_small_desktop=&#8221;1&#8243; items_tablet=&#8221;1&#8243; dots=&#8221;true&#8221; images=&#8221;21561,22206,21551,22363,22213,22219,22225,22228&#8243; css=&#8221;.vc_custom_1743089347637{padding-top: 15px !important;}&#8221;][\/vc_column][\/vc_row][vc_row full_width=&#8221;stretch_row&#8221; css=&#8221;.vc_custom_1747120244823{background-color: #FFFFFF !important;border-color: #FFFFFF !important;}&#8221;][vc_column][vc_column_text css=&#8221;.vc_custom_1742815510018{border-bottom-width: 35px !important;padding-bottom: 15px !important;}&#8221;] Qu\u00e9 somos y qu\u00e9 hacemos [\/vc_column_text][\/vc_column][\/vc_row][vc_row full_width=&#8221;stretch_row&#8221; css=&#8221;.vc_custom_1747120270299{background-color: #FFFFFF !important;border-color: #FFFFFF !important;}&#8221;][vc_column][vc_hoverbox image=&#8221;21643&#8243; primary_title=&#8221;&#8221; hover_title=&#8221;Qu\u00e9 somos y qu\u00e9<\/p>\n","protected":false},"author":4,"featured_media":0,"parent":0,"menu_order":0,"comment_status":"closed","ping_status":"closed","template":"","meta":{"footnotes":""},"class_list":["post-22343","page","type-page","status-publish","hentry"],"yoast_head":"<!-- This site is optimized with the Yoast SEO plugin v27.6 - https:\/\/yoast.com\/product\/yoast-seo-wordpress\/ -->\n<title>Hub Espai CMAB - Col-legi de Mediadors d&#039;Assegurances de Barcelona<\/title>\n<meta name=\"robots\" content=\"index, follow, max-snippet:-1, max-image-preview:large, max-video-preview:-1\" \/>\n<link rel=\"canonical\" href=\"https:\/\/www.elcol-legi.org\/w\/es\/hub-espai-cmab\/\" \/>\n<meta property=\"og:locale\" content=\"es_ES\" \/>\n<meta property=\"og:type\" content=\"article\" \/>\n<meta property=\"og:title\" content=\"Hub Espai CMAB - Col-legi de Mediadors d&#039;Assegurances de Barcelona\" \/>\n<meta property=\"og:description\" content=\"[vc_row full_width=&#8221;stretch_row&#8221; equal_height=&#8221;yes&#8221; css=&#8221;.vc_custom_1743089548679{background-color: #1B3B72 !important;border-color: #1B3B72 !important;}&#8221;][vc_column css=&#8221;.vc_custom_1739369640580{border-color: #1B3B72 !important;}&#8221;][stm_image_carousel h_centered=&#8221;yes&#8221; img_size=&#8221;840&#215;440&#8243; style=&#8221;style_3&#8243; autoplay=&#8221;yes&#8221; timeout=&#8221;2500&#8243; loop=&#8221;yes&#8221; smart_speed=&#8221;1&#8243; items=&#8221;1&#8243; items_small_desktop=&#8221;1&#8243; items_tablet=&#8221;1&#8243; dots=&#8221;true&#8221; images=&#8221;21561,22206,21551,22363,22213,22219,22225,22228&#8243; css=&#8221;.vc_custom_1743089347637{padding-top: 15px !important;}&#8221;][\/vc_column][\/vc_row][vc_row full_width=&#8221;stretch_row&#8221; css=&#8221;.vc_custom_1747120244823{background-color: #FFFFFF !important;border-color: #FFFFFF !important;}&#8221;][vc_column][vc_column_text css=&#8221;.vc_custom_1742815510018{border-bottom-width: 35px !important;padding-bottom: 15px !important;}&#8221;] Qu\u00e9 somos y qu\u00e9 hacemos [\/vc_column_text][\/vc_column][\/vc_row][vc_row full_width=&#8221;stretch_row&#8221; css=&#8221;.vc_custom_1747120270299{background-color: #FFFFFF !important;border-color: #FFFFFF !important;}&#8221;][vc_column][vc_hoverbox image=&#8221;21643&#8243; primary_title=&#8221;&#8221; hover_title=&#8221;Qu\u00e9 somos y qu\u00e9\" \/>\n<meta property=\"og:url\" content=\"https:\/\/www.elcol-legi.org\/w\/es\/hub-espai-cmab\/\" \/>\n<meta property=\"og:site_name\" content=\"Col-legi de Mediadors d&#039;Assegurances de Barcelona\" \/>\n<meta property=\"article:modified_time\" content=\"2026-05-13T07:59:11+00:00\" \/>\n<meta name=\"twitter:card\" content=\"summary_large_image\" \/>\n<meta name=\"twitter:label1\" content=\"Tiempo de lectura\" \/>\n\t<meta name=\"twitter:data1\" content=\"6 minutos\" \/>\n<script type=\"application\/ld+json\" class=\"yoast-schema-graph\">{\"@context\":\"https:\\\/\\\/schema.org\",\"@graph\":[{\"@type\":\"WebPage\",\"@id\":\"https:\\\/\\\/www.elcol-legi.org\\\/w\\\/es\\\/hub-espai-cmab\\\/\",\"url\":\"https:\\\/\\\/www.elcol-legi.org\\\/w\\\/es\\\/hub-espai-cmab\\\/\",\"name\":\"Hub Espai CMAB - Col-legi de Mediadors d&#039;Assegurances de Barcelona\",\"isPartOf\":{\"@id\":\"https:\\\/\\\/www.elcol-legi.org\\\/w\\\/es\\\/#website\"},\"datePublished\":\"2025-03-26T08:49:26+00:00\",\"dateModified\":\"2026-05-13T07:59:11+00:00\",\"breadcrumb\":{\"@id\":\"https:\\\/\\\/www.elcol-legi.org\\\/w\\\/es\\\/hub-espai-cmab\\\/#breadcrumb\"},\"inLanguage\":\"es\",\"potentialAction\":[{\"@type\":\"ReadAction\",\"target\":[\"https:\\\/\\\/www.elcol-legi.org\\\/w\\\/es\\\/hub-espai-cmab\\\/\"]}]},{\"@type\":\"BreadcrumbList\",\"@id\":\"https:\\\/\\\/www.elcol-legi.org\\\/w\\\/es\\\/hub-espai-cmab\\\/#breadcrumb\",\"itemListElement\":[{\"@type\":\"ListItem\",\"position\":1,\"name\":\"Inici\",\"item\":\"https:\\\/\\\/www.elcol-legi.org\\\/w\\\/es\\\/\"},{\"@type\":\"ListItem\",\"position\":2,\"name\":\"Hub Espai CMAB\"}]},{\"@type\":\"WebSite\",\"@id\":\"https:\\\/\\\/www.elcol-legi.org\\\/w\\\/es\\\/#website\",\"url\":\"https:\\\/\\\/www.elcol-legi.org\\\/w\\\/es\\\/\",\"name\":\"Col-legi de Mediadors d&#039;Assegurances de Barcelona\",\"description\":\"Support al mediador d&#039;assegurances\",\"potentialAction\":[{\"@type\":\"SearchAction\",\"target\":{\"@type\":\"EntryPoint\",\"urlTemplate\":\"https:\\\/\\\/www.elcol-legi.org\\\/w\\\/es\\\/?s={search_term_string}\"},\"query-input\":{\"@type\":\"PropertyValueSpecification\",\"valueRequired\":true,\"valueName\":\"search_term_string\"}}],\"inLanguage\":\"es\"}]}<\/script>\n<!-- \/ Yoast SEO plugin. -->","yoast_head_json":{"title":"Hub Espai CMAB - Col-legi de Mediadors d&#039;Assegurances de Barcelona","robots":{"index":"index","follow":"follow","max-snippet":"max-snippet:-1","max-image-preview":"max-image-preview:large","max-video-preview":"max-video-preview:-1"},"canonical":"https:\/\/www.elcol-legi.org\/w\/es\/hub-espai-cmab\/","og_locale":"es_ES","og_type":"article","og_title":"Hub Espai CMAB - Col-legi de Mediadors d&#039;Assegurances de Barcelona","og_description":"[vc_row full_width=&#8221;stretch_row&#8221; equal_height=&#8221;yes&#8221; css=&#8221;.vc_custom_1743089548679{background-color: #1B3B72 !important;border-color: #1B3B72 !important;}&#8221;][vc_column css=&#8221;.vc_custom_1739369640580{border-color: #1B3B72 !important;}&#8221;][stm_image_carousel h_centered=&#8221;yes&#8221; img_size=&#8221;840&#215;440&#8243; style=&#8221;style_3&#8243; autoplay=&#8221;yes&#8221; timeout=&#8221;2500&#8243; loop=&#8221;yes&#8221; smart_speed=&#8221;1&#8243; items=&#8221;1&#8243; items_small_desktop=&#8221;1&#8243; items_tablet=&#8221;1&#8243; dots=&#8221;true&#8221; images=&#8221;21561,22206,21551,22363,22213,22219,22225,22228&#8243; css=&#8221;.vc_custom_1743089347637{padding-top: 15px !important;}&#8221;][\/vc_column][\/vc_row][vc_row full_width=&#8221;stretch_row&#8221; css=&#8221;.vc_custom_1747120244823{background-color: #FFFFFF !important;border-color: #FFFFFF !important;}&#8221;][vc_column][vc_column_text css=&#8221;.vc_custom_1742815510018{border-bottom-width: 35px !important;padding-bottom: 15px !important;}&#8221;] Qu\u00e9 somos y qu\u00e9 hacemos [\/vc_column_text][\/vc_column][\/vc_row][vc_row full_width=&#8221;stretch_row&#8221; css=&#8221;.vc_custom_1747120270299{background-color: #FFFFFF !important;border-color: #FFFFFF !important;}&#8221;][vc_column][vc_hoverbox image=&#8221;21643&#8243; primary_title=&#8221;&#8221; hover_title=&#8221;Qu\u00e9 somos y qu\u00e9","og_url":"https:\/\/www.elcol-legi.org\/w\/es\/hub-espai-cmab\/","og_site_name":"Col-legi de Mediadors d&#039;Assegurances de Barcelona","article_modified_time":"2026-05-13T07:59:11+00:00","twitter_card":"summary_large_image","twitter_misc":{"Tiempo de lectura":"6 minutos"},"schema":{"@context":"https:\/\/schema.org","@graph":[{"@type":"WebPage","@id":"https:\/\/www.elcol-legi.org\/w\/es\/hub-espai-cmab\/","url":"https:\/\/www.elcol-legi.org\/w\/es\/hub-espai-cmab\/","name":"Hub Espai CMAB - Col-legi de Mediadors d&#039;Assegurances de Barcelona","isPartOf":{"@id":"https:\/\/www.elcol-legi.org\/w\/es\/#website"},"datePublished":"2025-03-26T08:49:26+00:00","dateModified":"2026-05-13T07:59:11+00:00","breadcrumb":{"@id":"https:\/\/www.elcol-legi.org\/w\/es\/hub-espai-cmab\/#breadcrumb"},"inLanguage":"es","potentialAction":[{"@type":"ReadAction","target":["https:\/\/www.elcol-legi.org\/w\/es\/hub-espai-cmab\/"]}]},{"@type":"BreadcrumbList","@id":"https:\/\/www.elcol-legi.org\/w\/es\/hub-espai-cmab\/#breadcrumb","itemListElement":[{"@type":"ListItem","position":1,"name":"Inici","item":"https:\/\/www.elcol-legi.org\/w\/es\/"},{"@type":"ListItem","position":2,"name":"Hub Espai CMAB"}]},{"@type":"WebSite","@id":"https:\/\/www.elcol-legi.org\/w\/es\/#website","url":"https:\/\/www.elcol-legi.org\/w\/es\/","name":"Col-legi de Mediadors d&#039;Assegurances de Barcelona","description":"Support al mediador d&#039;assegurances","potentialAction":[{"@type":"SearchAction","target":{"@type":"EntryPoint","urlTemplate":"https:\/\/www.elcol-legi.org\/w\/es\/?s={search_term_string}"},"query-input":{"@type":"PropertyValueSpecification","valueRequired":true,"valueName":"search_term_string"}}],"inLanguage":"es"}]}},"_links":{"self":[{"href":"https:\/\/www.elcol-legi.org\/w\/es\/wp-json\/wp\/v2\/pages\/22343","targetHints":{"allow":["GET"]}}],"collection":[{"href":"https:\/\/www.elcol-legi.org\/w\/es\/wp-json\/wp\/v2\/pages"}],"about":[{"href":"https:\/\/www.elcol-legi.org\/w\/es\/wp-json\/wp\/v2\/types\/page"}],"author":[{"embeddable":true,"href":"https:\/\/www.elcol-legi.org\/w\/es\/wp-json\/wp\/v2\/users\/4"}],"replies":[{"embeddable":true,"href":"https:\/\/www.elcol-legi.org\/w\/es\/wp-json\/wp\/v2\/comments?post=22343"}],"version-history":[{"count":49,"href":"https:\/\/www.elcol-legi.org\/w\/es\/wp-json\/wp\/v2\/pages\/22343\/revisions"}],"predecessor-version":[{"id":27627,"href":"https:\/\/www.elcol-legi.org\/w\/es\/wp-json\/wp\/v2\/pages\/22343\/revisions\/27627"}],"wp:attachment":[{"href":"https:\/\/www.elcol-legi.org\/w\/es\/wp-json\/wp\/v2\/media?parent=22343"}],"curies":[{"name":"wp","href":"https:\/\/api.w.org\/{rel}","templated":true}]}}