{"id":22411,"date":"2025-03-27T16:17:09","date_gmt":"2025-03-27T14:17:09","guid":{"rendered":"https:\/\/www.elcol-legi.org\/w\/que-somos-y-que-hacemos\/"},"modified":"2025-03-27T16:28:11","modified_gmt":"2025-03-27T14:28:11","slug":"que-somos-y-que-hacemos","status":"publish","type":"page","link":"https:\/\/www.elcol-legi.org\/w\/es\/que-somos-y-que-hacemos\/","title":{"rendered":"Qu\u00e9 somos y qu\u00e9 hacemos"},"content":{"rendered":"<div class=\"wpb-content-wrapper\"><p>[vc_row full_width=&#8221;stretch_row_content&#8221; css=&#8221;.vc_custom_1739374488012{margin-bottom: 30px !important;background-color: #1B3B72 !important;}&#8221;][vc_column][vc_single_image image=&#8221;21643&#8243; img_size=&#8221;810&#215;250&#8243; alignment=&#8221;center&#8221; css=&#8221;&#8221;][\/vc_column][\/vc_row][vc_row full_width=&#8221;stretch_row&#8221; css=&#8221;.vc_custom_1486031104993{margin-bottom: 54px !important;}&#8221;][vc_column][vc_row_inner][vc_column_inner][vc_column_text css=&#8221;&#8221;]<\/p>\n<h2 class=\"\" data-start=\"157\" data-end=\"225\">Hub Espai CMAB es un Punto de encuentro para la Mediaci\u00f3n Profesional.<\/h2>\n<p data-start=\"608\" data-end=\"978\">El <strong>Hub Espai CMAB<\/strong> es un ecosistema asegurador dise\u00f1ado para conectar a profesionales, proveedores de servicios, plataformas tecnol\u00f3gicas y soluciones innovadoras que aporten valor a los mediadores de seguros. Se trata de un <strong>espacio f\u00edsico e interactivo<\/strong>, un punto de encuentro abierto en el que compartir experiencias, descubrir nuevas herramientas e impulsar la competitividad del sector.<\/p>\n<h3>\u00bfQu\u00e9 encontrar\u00e1s?<\/h3>\n<ul>\n<li>Presentaciones de herramientas y soluciones tecnol\u00f3gicas para optimizar los procesos de corredur\u00edas y agencias.<\/li>\n<li>Acceso a aplicaciones e innovaciones internacionales adaptadas a la mediaci\u00f3n profesional.<\/li>\n<li>Apoyo para el desarrollo de proyectos propios en inteligencia artificial y automatizaci\u00f3n.<\/li>\n<li>Un espacio de coworking para favorecer el networking y crecimiento colectivo.<\/li>\n<li>Sesiones formativas y eventos exclusivos para fomentar la transferencia de conocimiento.<\/li>\n<\/ul>\n<h3 class=\"\" data-start=\"1503\" data-end=\"1530\"><strong data-start=\"1507\" data-end=\"1530\">Nuestyro compromiso<\/strong><\/h3>\n<p class=\"\" data-start=\"1531\" data-end=\"1839\">Con el <strong data-start=\"1538\" data-end=\"1556\">Hub Espai CMAB<\/strong>, el Colegio quiere liderar la transformaci\u00f3n digital del sector y garantizar que nuestros colegiados dispongan de las herramientas y el apoyo necesario para afrontar los retos del futuro con \u00e9xito.<\/p>\n<p class=\"\" data-start=\"1841\" data-end=\"1935\"><strong>\u00a1Descubre el Hub Espai CMAB y forma parte de esta revoluci\u00f3n en la mediaci\u00f3n aseguradora!<\/strong><\/p>\n<p>[\/vc_column_text][\/vc_column_inner][\/vc_row_inner][\/vc_column][\/vc_row][vc_row][vc_column][\/vc_column][\/vc_row]<\/p>\n<\/div>","protected":false},"excerpt":{"rendered":"<p>[vc_row full_width=&#8221;stretch_row_content&#8221; css=&#8221;.vc_custom_1739374488012{margin-bottom: 30px !important;background-color: #1B3B72 !important;}&#8221;][vc_column][vc_single_image image=&#8221;21643&#8243; img_size=&#8221;810&#215;250&#8243; alignment=&#8221;center&#8221; css=&#8221;&#8221;][\/vc_column][\/vc_row][vc_row full_width=&#8221;stretch_row&#8221; css=&#8221;.vc_custom_1486031104993{margin-bottom: 54px !important;}&#8221;][vc_column][vc_row_inner][vc_column_inner][vc_column_text css=&#8221;&#8221;] Hub Espai CMAB es un Punto de encuentro para la Mediaci\u00f3n Profesional. El Hub Espai CMAB es un ecosistema asegurador dise\u00f1ado para conectar a profesionales, proveedores de servicios, plataformas tecnol\u00f3gicas y soluciones innovadoras que aporten valor a los mediadores<\/p>\n","protected":false},"author":4,"featured_media":0,"parent":0,"menu_order":0,"comment_status":"closed","ping_status":"closed","template":"","meta":{"footnotes":""},"class_list":["post-22411","page","type-page","status-publish","hentry"],"yoast_head":"<!-- This site is optimized with the Yoast SEO plugin v27.6 - https:\/\/yoast.com\/product\/yoast-seo-wordpress\/ -->\n<title>Qu\u00e9 somos y qu\u00e9 hacemos - Col-legi de Mediadors d&#039;Assegurances de Barcelona<\/title>\n<meta name=\"robots\" content=\"index, follow, max-snippet:-1, max-image-preview:large, max-video-preview:-1\" \/>\n<link rel=\"canonical\" href=\"https:\/\/www.elcol-legi.org\/w\/es\/que-somos-y-que-hacemos\/\" \/>\n<meta property=\"og:locale\" content=\"es_ES\" \/>\n<meta property=\"og:type\" content=\"article\" \/>\n<meta property=\"og:title\" content=\"Qu\u00e9 somos y qu\u00e9 hacemos - Col-legi de Mediadors d&#039;Assegurances de Barcelona\" \/>\n<meta property=\"og:description\" content=\"[vc_row full_width=&#8221;stretch_row_content&#8221; css=&#8221;.vc_custom_1739374488012{margin-bottom: 30px !important;background-color: #1B3B72 !important;}&#8221;][vc_column][vc_single_image image=&#8221;21643&#8243; img_size=&#8221;810&#215;250&#8243; alignment=&#8221;center&#8221; css=&#8221;&#8221;][\/vc_column][\/vc_row][vc_row full_width=&#8221;stretch_row&#8221; css=&#8221;.vc_custom_1486031104993{margin-bottom: 54px !important;}&#8221;][vc_column][vc_row_inner][vc_column_inner][vc_column_text css=&#8221;&#8221;] Hub Espai CMAB es un Punto de encuentro para la Mediaci\u00f3n Profesional. El Hub Espai CMAB es un ecosistema asegurador dise\u00f1ado para conectar a profesionales, proveedores de servicios, plataformas tecnol\u00f3gicas y soluciones innovadoras que aporten valor a los mediadores\" \/>\n<meta property=\"og:url\" content=\"https:\/\/www.elcol-legi.org\/w\/es\/que-somos-y-que-hacemos\/\" \/>\n<meta property=\"og:site_name\" content=\"Col-legi de Mediadors d&#039;Assegurances de Barcelona\" \/>\n<meta property=\"article:modified_time\" content=\"2025-03-27T14:28:11+00:00\" \/>\n<meta name=\"twitter:card\" content=\"summary_large_image\" \/>\n<meta name=\"twitter:label1\" content=\"Tiempo de lectura\" \/>\n\t<meta name=\"twitter:data1\" content=\"2 minutos\" \/>\n<script type=\"application\/ld+json\" class=\"yoast-schema-graph\">{\"@context\":\"https:\\\/\\\/schema.org\",\"@graph\":[{\"@type\":\"WebPage\",\"@id\":\"https:\\\/\\\/www.elcol-legi.org\\\/w\\\/es\\\/que-somos-y-que-hacemos\\\/\",\"url\":\"https:\\\/\\\/www.elcol-legi.org\\\/w\\\/es\\\/que-somos-y-que-hacemos\\\/\",\"name\":\"Qu\u00e9 somos y qu\u00e9 hacemos - Col-legi de Mediadors d&#039;Assegurances de Barcelona\",\"isPartOf\":{\"@id\":\"https:\\\/\\\/www.elcol-legi.org\\\/w\\\/es\\\/#website\"},\"datePublished\":\"2025-03-27T14:17:09+00:00\",\"dateModified\":\"2025-03-27T14:28:11+00:00\",\"breadcrumb\":{\"@id\":\"https:\\\/\\\/www.elcol-legi.org\\\/w\\\/es\\\/que-somos-y-que-hacemos\\\/#breadcrumb\"},\"inLanguage\":\"es\",\"potentialAction\":[{\"@type\":\"ReadAction\",\"target\":[\"https:\\\/\\\/www.elcol-legi.org\\\/w\\\/es\\\/que-somos-y-que-hacemos\\\/\"]}]},{\"@type\":\"BreadcrumbList\",\"@id\":\"https:\\\/\\\/www.elcol-legi.org\\\/w\\\/es\\\/que-somos-y-que-hacemos\\\/#breadcrumb\",\"itemListElement\":[{\"@type\":\"ListItem\",\"position\":1,\"name\":\"Inici\",\"item\":\"https:\\\/\\\/www.elcol-legi.org\\\/w\\\/es\\\/\"},{\"@type\":\"ListItem\",\"position\":2,\"name\":\"Qu\u00e9 somos y qu\u00e9 hacemos\"}]},{\"@type\":\"WebSite\",\"@id\":\"https:\\\/\\\/www.elcol-legi.org\\\/w\\\/es\\\/#website\",\"url\":\"https:\\\/\\\/www.elcol-legi.org\\\/w\\\/es\\\/\",\"name\":\"Col-legi de Mediadors d&#039;Assegurances de Barcelona\",\"description\":\"Support al mediador d&#039;assegurances\",\"potentialAction\":[{\"@type\":\"SearchAction\",\"target\":{\"@type\":\"EntryPoint\",\"urlTemplate\":\"https:\\\/\\\/www.elcol-legi.org\\\/w\\\/es\\\/?s={search_term_string}\"},\"query-input\":{\"@type\":\"PropertyValueSpecification\",\"valueRequired\":true,\"valueName\":\"search_term_string\"}}],\"inLanguage\":\"es\"}]}<\/script>\n<!-- \/ Yoast SEO plugin. -->","yoast_head_json":{"title":"Qu\u00e9 somos y qu\u00e9 hacemos - Col-legi de Mediadors d&#039;Assegurances de Barcelona","robots":{"index":"index","follow":"follow","max-snippet":"max-snippet:-1","max-image-preview":"max-image-preview:large","max-video-preview":"max-video-preview:-1"},"canonical":"https:\/\/www.elcol-legi.org\/w\/es\/que-somos-y-que-hacemos\/","og_locale":"es_ES","og_type":"article","og_title":"Qu\u00e9 somos y qu\u00e9 hacemos - Col-legi de Mediadors d&#039;Assegurances de Barcelona","og_description":"[vc_row full_width=&#8221;stretch_row_content&#8221; css=&#8221;.vc_custom_1739374488012{margin-bottom: 30px !important;background-color: #1B3B72 !important;}&#8221;][vc_column][vc_single_image image=&#8221;21643&#8243; img_size=&#8221;810&#215;250&#8243; alignment=&#8221;center&#8221; css=&#8221;&#8221;][\/vc_column][\/vc_row][vc_row full_width=&#8221;stretch_row&#8221; css=&#8221;.vc_custom_1486031104993{margin-bottom: 54px !important;}&#8221;][vc_column][vc_row_inner][vc_column_inner][vc_column_text css=&#8221;&#8221;] Hub Espai CMAB es un Punto de encuentro para la Mediaci\u00f3n Profesional. El Hub Espai CMAB es un ecosistema asegurador dise\u00f1ado para conectar a profesionales, proveedores de servicios, plataformas tecnol\u00f3gicas y soluciones innovadoras que aporten valor a los mediadores","og_url":"https:\/\/www.elcol-legi.org\/w\/es\/que-somos-y-que-hacemos\/","og_site_name":"Col-legi de Mediadors d&#039;Assegurances de Barcelona","article_modified_time":"2025-03-27T14:28:11+00:00","twitter_card":"summary_large_image","twitter_misc":{"Tiempo de lectura":"2 minutos"},"schema":{"@context":"https:\/\/schema.org","@graph":[{"@type":"WebPage","@id":"https:\/\/www.elcol-legi.org\/w\/es\/que-somos-y-que-hacemos\/","url":"https:\/\/www.elcol-legi.org\/w\/es\/que-somos-y-que-hacemos\/","name":"Qu\u00e9 somos y qu\u00e9 hacemos - Col-legi de Mediadors d&#039;Assegurances de Barcelona","isPartOf":{"@id":"https:\/\/www.elcol-legi.org\/w\/es\/#website"},"datePublished":"2025-03-27T14:17:09+00:00","dateModified":"2025-03-27T14:28:11+00:00","breadcrumb":{"@id":"https:\/\/www.elcol-legi.org\/w\/es\/que-somos-y-que-hacemos\/#breadcrumb"},"inLanguage":"es","potentialAction":[{"@type":"ReadAction","target":["https:\/\/www.elcol-legi.org\/w\/es\/que-somos-y-que-hacemos\/"]}]},{"@type":"BreadcrumbList","@id":"https:\/\/www.elcol-legi.org\/w\/es\/que-somos-y-que-hacemos\/#breadcrumb","itemListElement":[{"@type":"ListItem","position":1,"name":"Inici","item":"https:\/\/www.elcol-legi.org\/w\/es\/"},{"@type":"ListItem","position":2,"name":"Qu\u00e9 somos y qu\u00e9 hacemos"}]},{"@type":"WebSite","@id":"https:\/\/www.elcol-legi.org\/w\/es\/#website","url":"https:\/\/www.elcol-legi.org\/w\/es\/","name":"Col-legi de Mediadors d&#039;Assegurances de Barcelona","description":"Support al mediador d&#039;assegurances","potentialAction":[{"@type":"SearchAction","target":{"@type":"EntryPoint","urlTemplate":"https:\/\/www.elcol-legi.org\/w\/es\/?s={search_term_string}"},"query-input":{"@type":"PropertyValueSpecification","valueRequired":true,"valueName":"search_term_string"}}],"inLanguage":"es"}]}},"_links":{"self":[{"href":"https:\/\/www.elcol-legi.org\/w\/es\/wp-json\/wp\/v2\/pages\/22411","targetHints":{"allow":["GET"]}}],"collection":[{"href":"https:\/\/www.elcol-legi.org\/w\/es\/wp-json\/wp\/v2\/pages"}],"about":[{"href":"https:\/\/www.elcol-legi.org\/w\/es\/wp-json\/wp\/v2\/types\/page"}],"author":[{"embeddable":true,"href":"https:\/\/www.elcol-legi.org\/w\/es\/wp-json\/wp\/v2\/users\/4"}],"replies":[{"embeddable":true,"href":"https:\/\/www.elcol-legi.org\/w\/es\/wp-json\/wp\/v2\/comments?post=22411"}],"version-history":[{"count":4,"href":"https:\/\/www.elcol-legi.org\/w\/es\/wp-json\/wp\/v2\/pages\/22411\/revisions"}],"predecessor-version":[{"id":22415,"href":"https:\/\/www.elcol-legi.org\/w\/es\/wp-json\/wp\/v2\/pages\/22411\/revisions\/22415"}],"wp:attachment":[{"href":"https:\/\/www.elcol-legi.org\/w\/es\/wp-json\/wp\/v2\/media?parent=22411"}],"curies":[{"name":"wp","href":"https:\/\/api.w.org\/{rel}","templated":true}]}}