{"id":22742,"date":"2025-04-15T09:27:03","date_gmt":"2025-04-15T07:27:03","guid":{"rendered":"https:\/\/www.elcol-legi.org\/w\/under-40\/"},"modified":"2025-04-15T09:27:39","modified_gmt":"2025-04-15T07:27:39","slug":"under-40","status":"publish","type":"page","link":"https:\/\/www.elcol-legi.org\/w\/es\/under-40\/","title":{"rendered":"Under 40"},"content":{"rendered":"<div class=\"wpb-content-wrapper\"><p>[vc_row full_width=&#8221;stretch_row&#8221; css=&#8221;.vc_custom_1486031104993{margin-bottom: 54px !important;}&#8221;][vc_column][vc_custom_heading text=&#8221;Under 40&#8242;&#8221; font_container=&#8221;tag:h1|text_align:center|color:%23111111&#8243; google_fonts=&#8221;font_family:Montserrat%3Aregular%2C700|font_style:700%20bold%20regular%3A700%3Anormal&#8221; css=&#8221;.vc_custom_1744700731780{margin-bottom: 36px !important;padding-top: 18px !important;}&#8221;][vc_row_inner][vc_column_inner][vc_column_text css=&#8221;&#8221;]La industria aseguradora en general y la mediaci\u00f3n profesional en particular, viven momentos de transformaci\u00f3n debido, especialmente, a la revoluci\u00f3n digital. Al mismo tiempo, se va produciendo el relevo generacional que est\u00e1 rejuveneciendo los \u00f3rganos directivos de muchas empresas y agencias.<\/p>\n<p>El acceso de los menores de 40 a\u00f1os a la toma de decisiones de las empresas de mediaci\u00f3n es un hecho. Se trata de una generaci\u00f3n de profesionales muy preparados y en formaci\u00f3n continuada. Se trata de un grupo muy familiarizado desde siempre con el mundo digital, lo que les permite un acercamiento m\u00e1s natural a las nuevas tecnolog\u00edas.<\/p>\n<p>Consciente de esta realidad, el Col\u00b7legi ha puesto en marcha los encuentros Under 40\u2032, que consisten en reuniones dirigidas a los profesionales que no han cumplido 40 a\u00f1os. El objetivo es, en un entorno distendido y muy amigable, intercambiar experiencias y opiniones acerca de la profesi\u00f3n de mediador, de su futuro y de los retos que deber\u00e1n afrontar los agentes y corredores a corto y medio plazo. Adem\u00e1s, representan una gran oportunidad para desarrollar el networking con profesionales que afrontan situaciones laborales similares.[\/vc_column_text][\/vc_column_inner][\/vc_row_inner][\/vc_column][\/vc_row][vc_row][vc_column width=&#8221;1\/2&#8243;][vc_raw_html css=&#8221;&#8221;]PGlmcmFtZSB3aWR0aD0iNDgwIiBoZWlnaHQ9IjM0MCIgc3JjPSJodHRwczovL3d3dy55b3V0dWJlLmNvbS9lbWJlZC8tdU9Hd2xrUzdWaz9zaT0xQkctUXR5Mm9IV1l4RXFrIiB0aXRsZT0iWW91VHViZSB2aWRlbyBwbGF5ZXIiIGZyYW1lYm9yZGVyPSIwIiBhbGxvdz0iYWNjZWxlcm9tZXRlcjsgYXV0b3BsYXk7IGNsaXBib2FyZC13cml0ZTsgZW5jcnlwdGVkLW1lZGlhOyBneXJvc2NvcGU7IHBpY3R1cmUtaW4tcGljdHVyZTsgd2ViLXNoYXJlIiByZWZlcnJlcnBvbGljeT0ic3RyaWN0LW9yaWdpbi13aGVuLWNyb3NzLW9yaWdpbiIgYWxsb3dmdWxsc2NyZWVuPjwvaWZyYW1lPg==[\/vc_raw_html][vc_empty_space][\/vc_column][vc_column width=&#8221;1\/2&#8243;][vc_raw_html css=&#8221;&#8221;]PGlmcmFtZSB3aWR0aD0iNDgwIiBoZWlnaHQ9IjM0MCIgc3JjPSJodHRwczovL3d3dy55b3V0dWJlLmNvbS9lbWJlZC9Qb0ZRVTFUbFUzdz9zaT1vbkpwUEFyakJYUGt5Z0JyIiB0aXRsZT0iWW91VHViZSB2aWRlbyBwbGF5ZXIiIGZyYW1lYm9yZGVyPSIwIiBhbGxvdz0iYWNjZWxlcm9tZXRlcjsgYXV0b3BsYXk7IGNsaXBib2FyZC13cml0ZTsgZW5jcnlwdGVkLW1lZGlhOyBneXJvc2NvcGU7IHBpY3R1cmUtaW4tcGljdHVyZTsgd2ViLXNoYXJlIiByZWZlcnJlcnBvbGljeT0ic3RyaWN0LW9yaWdpbi13aGVuLWNyb3NzLW9yaWdpbiIgYWxsb3dmdWxsc2NyZWVuPjwvaWZyYW1lPg==[\/vc_raw_html][vc_empty_space][\/vc_column][\/vc_row][vc_row][vc_column width=&#8221;1\/2&#8243;][vc_raw_html css=&#8221;&#8221;]PGlmcmFtZSB3aWR0aD0iNDgwIiBoZWlnaHQ9IjM0MCIgc3JjPSJodHRwczovL3d3dy55b3V0dWJlLmNvbS9lbWJlZC9lTU9DUEFHM0N2WT9zaT1ldDUtN1Vvc3hGdjJGYWVQIiB0aXRsZT0iWW91VHViZSB2aWRlbyBwbGF5ZXIiIGZyYW1lYm9yZGVyPSIwIiBhbGxvdz0iYWNjZWxlcm9tZXRlcjsgYXV0b3BsYXk7IGNsaXBib2FyZC13cml0ZTsgZW5jcnlwdGVkLW1lZGlhOyBneXJvc2NvcGU7IHBpY3R1cmUtaW4tcGljdHVyZTsgd2ViLXNoYXJlIiByZWZlcnJlcnBvbGljeT0ic3RyaWN0LW9yaWdpbi13aGVuLWNyb3NzLW9yaWdpbiIgYWxsb3dmdWxsc2NyZWVuPjwvaWZyYW1lPg==[\/vc_raw_html][vc_empty_space][\/vc_column][vc_column width=&#8221;1\/2&#8243;][vc_raw_html css=&#8221;&#8221;]PGlmcmFtZSB3aWR0aD0iNDgwIiBoZWlnaHQ9IjM0MCIgc3JjPSJodHRwczovL3d3dy55b3V0dWJlLmNvbS9lbWJlZC80M21RLUpSUXdZaz9zaT1acE15THZLSlBqdDRMSkYxIiB0aXRsZT0iWW91VHViZSB2aWRlbyBwbGF5ZXIiIGZyYW1lYm9yZGVyPSIwIiBhbGxvdz0iYWNjZWxlcm9tZXRlcjsgYXV0b3BsYXk7IGNsaXBib2FyZC13cml0ZTsgZW5jcnlwdGVkLW1lZGlhOyBneXJvc2NvcGU7IHBpY3R1cmUtaW4tcGljdHVyZTsgd2ViLXNoYXJlIiByZWZlcnJlcnBvbGljeT0ic3RyaWN0LW9yaWdpbi13aGVuLWNyb3NzLW9yaWdpbiIgYWxsb3dmdWxsc2NyZWVuPjwvaWZyYW1lPg==[\/vc_raw_html][vc_empty_space][\/vc_column][\/vc_row][vc_row][vc_column width=&#8221;1\/2&#8243;][vc_raw_html css=&#8221;&#8221;]PGlmcmFtZSB3aWR0aD0iNDgwIiBoZWlnaHQ9IjM0MCIgc3JjPSJodHRwczovL3d3dy55b3V0dWJlLmNvbS9lbWJlZC84b3dfLW5aTXhRbz9zaT1aZVBKVmk1T1pMQ1hTU1N2IiB0aXRsZT0iWW91VHViZSB2aWRlbyBwbGF5ZXIiIGZyYW1lYm9yZGVyPSIwIiBhbGxvdz0iYWNjZWxlcm9tZXRlcjsgYXV0b3BsYXk7IGNsaXBib2FyZC13cml0ZTsgZW5jcnlwdGVkLW1lZGlhOyBneXJvc2NvcGU7IHBpY3R1cmUtaW4tcGljdHVyZTsgd2ViLXNoYXJlIiByZWZlcnJlcnBvbGljeT0ic3RyaWN0LW9yaWdpbi13aGVuLWNyb3NzLW9yaWdpbiIgYWxsb3dmdWxsc2NyZWVuPjwvaWZyYW1lPg0K[\/vc_raw_html][\/vc_column][\/vc_row]<\/p>\n<\/div>","protected":false},"excerpt":{"rendered":"<p>[vc_row full_width=&#8221;stretch_row&#8221; css=&#8221;.vc_custom_1486031104993{margin-bottom: 54px !important;}&#8221;][vc_column][vc_custom_heading text=&#8221;Under 40&#8242;&#8221; font_container=&#8221;tag:h1|text_align:center|color:%23111111&#8243; google_fonts=&#8221;font_family:Montserrat%3Aregular%2C700|font_style:700%20bold%20regular%3A700%3Anormal&#8221; css=&#8221;.vc_custom_1744700731780{margin-bottom: 36px !important;padding-top: 18px !important;}&#8221;][vc_row_inner][vc_column_inner][vc_column_text css=&#8221;&#8221;]La industria aseguradora en general y la mediaci\u00f3n profesional en particular, viven momentos de transformaci\u00f3n debido, especialmente, a la revoluci\u00f3n digital. Al mismo tiempo, se va produciendo el relevo generacional que est\u00e1 rejuveneciendo los \u00f3rganos directivos de muchas empresas y agencias.<\/p>\n","protected":false},"author":4,"featured_media":0,"parent":0,"menu_order":0,"comment_status":"closed","ping_status":"closed","template":"","meta":{"footnotes":""},"class_list":["post-22742","page","type-page","status-publish","hentry"],"yoast_head":"<!-- This site is optimized with the Yoast SEO plugin v27.3 - https:\/\/yoast.com\/product\/yoast-seo-wordpress\/ -->\n<title>Under 40 - Col-legi de Mediadors d&#039;Assegurances de Barcelona<\/title>\n<meta name=\"robots\" content=\"index, follow, max-snippet:-1, max-image-preview:large, max-video-preview:-1\" \/>\n<link rel=\"canonical\" href=\"https:\/\/www.elcol-legi.org\/w\/es\/under-40\/\" \/>\n<meta property=\"og:locale\" content=\"es_ES\" \/>\n<meta property=\"og:type\" content=\"article\" \/>\n<meta property=\"og:title\" content=\"Under 40 - Col-legi de Mediadors d&#039;Assegurances de Barcelona\" \/>\n<meta property=\"og:description\" content=\"[vc_row full_width=&#8221;stretch_row&#8221; css=&#8221;.vc_custom_1486031104993{margin-bottom: 54px !important;}&#8221;][vc_column][vc_custom_heading text=&#8221;Under 40&#8242;&#8221; font_container=&#8221;tag:h1|text_align:center|color:%23111111&#8243; google_fonts=&#8221;font_family:Montserrat%3Aregular%2C700|font_style:700%20bold%20regular%3A700%3Anormal&#8221; css=&#8221;.vc_custom_1744700731780{margin-bottom: 36px !important;padding-top: 18px !important;}&#8221;][vc_row_inner][vc_column_inner][vc_column_text css=&#8221;&#8221;]La industria aseguradora en general y la mediaci\u00f3n profesional en particular, viven momentos de transformaci\u00f3n debido, especialmente, a la revoluci\u00f3n digital. Al mismo tiempo, se va produciendo el relevo generacional que est\u00e1 rejuveneciendo los \u00f3rganos directivos de muchas empresas y agencias.\" \/>\n<meta property=\"og:url\" content=\"https:\/\/www.elcol-legi.org\/w\/es\/under-40\/\" \/>\n<meta property=\"og:site_name\" content=\"Col-legi de Mediadors d&#039;Assegurances de Barcelona\" \/>\n<meta property=\"article:modified_time\" content=\"2025-04-15T07:27:39+00:00\" \/>\n<meta name=\"twitter:card\" content=\"summary_large_image\" \/>\n<meta name=\"twitter:label1\" content=\"Tiempo de lectura\" \/>\n\t<meta name=\"twitter:data1\" content=\"2 minutos\" \/>\n<script type=\"application\/ld+json\" class=\"yoast-schema-graph\">{\"@context\":\"https:\\\/\\\/schema.org\",\"@graph\":[{\"@type\":\"WebPage\",\"@id\":\"https:\\\/\\\/www.elcol-legi.org\\\/w\\\/es\\\/under-40\\\/\",\"url\":\"https:\\\/\\\/www.elcol-legi.org\\\/w\\\/es\\\/under-40\\\/\",\"name\":\"Under 40 - Col-legi de Mediadors d&#039;Assegurances de Barcelona\",\"isPartOf\":{\"@id\":\"https:\\\/\\\/www.elcol-legi.org\\\/w\\\/es\\\/#website\"},\"datePublished\":\"2025-04-15T07:27:03+00:00\",\"dateModified\":\"2025-04-15T07:27:39+00:00\",\"breadcrumb\":{\"@id\":\"https:\\\/\\\/www.elcol-legi.org\\\/w\\\/es\\\/under-40\\\/#breadcrumb\"},\"inLanguage\":\"es\",\"potentialAction\":[{\"@type\":\"ReadAction\",\"target\":[\"https:\\\/\\\/www.elcol-legi.org\\\/w\\\/es\\\/under-40\\\/\"]}]},{\"@type\":\"BreadcrumbList\",\"@id\":\"https:\\\/\\\/www.elcol-legi.org\\\/w\\\/es\\\/under-40\\\/#breadcrumb\",\"itemListElement\":[{\"@type\":\"ListItem\",\"position\":1,\"name\":\"Inici\",\"item\":\"https:\\\/\\\/www.elcol-legi.org\\\/w\\\/es\\\/\"},{\"@type\":\"ListItem\",\"position\":2,\"name\":\"Under 40\"}]},{\"@type\":\"WebSite\",\"@id\":\"https:\\\/\\\/www.elcol-legi.org\\\/w\\\/es\\\/#website\",\"url\":\"https:\\\/\\\/www.elcol-legi.org\\\/w\\\/es\\\/\",\"name\":\"Col-legi de Mediadors d&#039;Assegurances de Barcelona\",\"description\":\"Support al mediador d&#039;assegurances\",\"potentialAction\":[{\"@type\":\"SearchAction\",\"target\":{\"@type\":\"EntryPoint\",\"urlTemplate\":\"https:\\\/\\\/www.elcol-legi.org\\\/w\\\/es\\\/?s={search_term_string}\"},\"query-input\":{\"@type\":\"PropertyValueSpecification\",\"valueRequired\":true,\"valueName\":\"search_term_string\"}}],\"inLanguage\":\"es\"}]}<\/script>\n<!-- \/ Yoast SEO plugin. -->","yoast_head_json":{"title":"Under 40 - Col-legi de Mediadors d&#039;Assegurances de Barcelona","robots":{"index":"index","follow":"follow","max-snippet":"max-snippet:-1","max-image-preview":"max-image-preview:large","max-video-preview":"max-video-preview:-1"},"canonical":"https:\/\/www.elcol-legi.org\/w\/es\/under-40\/","og_locale":"es_ES","og_type":"article","og_title":"Under 40 - Col-legi de Mediadors d&#039;Assegurances de Barcelona","og_description":"[vc_row full_width=&#8221;stretch_row&#8221; css=&#8221;.vc_custom_1486031104993{margin-bottom: 54px !important;}&#8221;][vc_column][vc_custom_heading text=&#8221;Under 40&#8242;&#8221; font_container=&#8221;tag:h1|text_align:center|color:%23111111&#8243; google_fonts=&#8221;font_family:Montserrat%3Aregular%2C700|font_style:700%20bold%20regular%3A700%3Anormal&#8221; css=&#8221;.vc_custom_1744700731780{margin-bottom: 36px !important;padding-top: 18px !important;}&#8221;][vc_row_inner][vc_column_inner][vc_column_text css=&#8221;&#8221;]La industria aseguradora en general y la mediaci\u00f3n profesional en particular, viven momentos de transformaci\u00f3n debido, especialmente, a la revoluci\u00f3n digital. Al mismo tiempo, se va produciendo el relevo generacional que est\u00e1 rejuveneciendo los \u00f3rganos directivos de muchas empresas y agencias.","og_url":"https:\/\/www.elcol-legi.org\/w\/es\/under-40\/","og_site_name":"Col-legi de Mediadors d&#039;Assegurances de Barcelona","article_modified_time":"2025-04-15T07:27:39+00:00","twitter_card":"summary_large_image","twitter_misc":{"Tiempo de lectura":"2 minutos"},"schema":{"@context":"https:\/\/schema.org","@graph":[{"@type":"WebPage","@id":"https:\/\/www.elcol-legi.org\/w\/es\/under-40\/","url":"https:\/\/www.elcol-legi.org\/w\/es\/under-40\/","name":"Under 40 - Col-legi de Mediadors d&#039;Assegurances de Barcelona","isPartOf":{"@id":"https:\/\/www.elcol-legi.org\/w\/es\/#website"},"datePublished":"2025-04-15T07:27:03+00:00","dateModified":"2025-04-15T07:27:39+00:00","breadcrumb":{"@id":"https:\/\/www.elcol-legi.org\/w\/es\/under-40\/#breadcrumb"},"inLanguage":"es","potentialAction":[{"@type":"ReadAction","target":["https:\/\/www.elcol-legi.org\/w\/es\/under-40\/"]}]},{"@type":"BreadcrumbList","@id":"https:\/\/www.elcol-legi.org\/w\/es\/under-40\/#breadcrumb","itemListElement":[{"@type":"ListItem","position":1,"name":"Inici","item":"https:\/\/www.elcol-legi.org\/w\/es\/"},{"@type":"ListItem","position":2,"name":"Under 40"}]},{"@type":"WebSite","@id":"https:\/\/www.elcol-legi.org\/w\/es\/#website","url":"https:\/\/www.elcol-legi.org\/w\/es\/","name":"Col-legi de Mediadors d&#039;Assegurances de Barcelona","description":"Support al mediador d&#039;assegurances","potentialAction":[{"@type":"SearchAction","target":{"@type":"EntryPoint","urlTemplate":"https:\/\/www.elcol-legi.org\/w\/es\/?s={search_term_string}"},"query-input":{"@type":"PropertyValueSpecification","valueRequired":true,"valueName":"search_term_string"}}],"inLanguage":"es"}]}},"_links":{"self":[{"href":"https:\/\/www.elcol-legi.org\/w\/es\/wp-json\/wp\/v2\/pages\/22742","targetHints":{"allow":["GET"]}}],"collection":[{"href":"https:\/\/www.elcol-legi.org\/w\/es\/wp-json\/wp\/v2\/pages"}],"about":[{"href":"https:\/\/www.elcol-legi.org\/w\/es\/wp-json\/wp\/v2\/types\/page"}],"author":[{"embeddable":true,"href":"https:\/\/www.elcol-legi.org\/w\/es\/wp-json\/wp\/v2\/users\/4"}],"replies":[{"embeddable":true,"href":"https:\/\/www.elcol-legi.org\/w\/es\/wp-json\/wp\/v2\/comments?post=22742"}],"version-history":[{"count":3,"href":"https:\/\/www.elcol-legi.org\/w\/es\/wp-json\/wp\/v2\/pages\/22742\/revisions"}],"predecessor-version":[{"id":22746,"href":"https:\/\/www.elcol-legi.org\/w\/es\/wp-json\/wp\/v2\/pages\/22742\/revisions\/22746"}],"wp:attachment":[{"href":"https:\/\/www.elcol-legi.org\/w\/es\/wp-json\/wp\/v2\/media?parent=22742"}],"curies":[{"name":"wp","href":"https:\/\/api.w.org\/{rel}","templated":true}]}}