{"id":26872,"date":"2026-03-03T11:50:42","date_gmt":"2026-03-03T09:50:42","guid":{"rendered":"https:\/\/www.elcol-legi.org\/w\/setmana-mundial-2026\/"},"modified":"2026-03-25T11:45:20","modified_gmt":"2026-03-25T09:45:20","slug":"setmana-mundial-2026","status":"publish","type":"page","link":"https:\/\/www.elcol-legi.org\/w\/es\/setmana-mundial-2026\/","title":{"rendered":"Setmana Mundial 2026"},"content":{"rendered":"<div class=\"wpb-content-wrapper\"><p>[vc_row][vc_column][vc_column_text css=&#8221;&#8221;]<\/p>\n<h2>Recuerda la fecha<\/h2>\n<h3><strong>28 de septiembre de 2026<br \/>\n52a edici\u00f3n de la Semana Mundial<\/strong><\/h3>\n<p>[\/vc_column_text][stm_spacing lg_spacing=&#8221;6&#8243; md_spacing=&#8221;6&#8243; sm_spacing=&#8221;6&#8243; xs_spacing=&#8221;6&#8243;][vc_single_image source=&#8221;featured_image&#8221; img_size=&#8221;850&#215;350&#8243; alignment=&#8221;center&#8221; css=&#8221;&#8221;][vc_column_text css=&#8221;.vc_custom_1774431918078{margin-bottom: 20px !important;}&#8221;]La Semana Mundial 2026, el gran punto de encuentro del sector asegurador, ya tiene fecha: el 28 de septiembre. El Col\u00b7legi de Mediadors d\u2019Assegurances de Barcelona celebrar\u00e1 ese d\u00eda una nueva edici\u00f3n de su ya consolidada Semana Mundial, la cita anual que re\u00fane a todo el ecosistema asegurador en un mismo espacio. Se trata de un <strong>encuentro tradicional e imprescindible para los mediadores<\/strong> que quieren estar conectados con la realidad y el futuro del sector.<\/p>\n<p>En este evento coinciden todos los actores del sector asegurador: mediadores de seguros, compa\u00f1\u00edas aseguradoras, representantes de la Administraci\u00f3n, proveedores tecnol\u00f3gicos y de servicios e instituciones y partners estrat\u00e9gicos. Es un espacio donde se comparten ideas, tendencias, inquietudes y oportunidades.<\/p>\n<p>La evoluci\u00f3n de la Semana Mundial la ha convertido en un foro de reflexi\u00f3n y de relaci\u00f3n. Es el lugar donde se habla de estrategia, de mercado, de innovaci\u00f3n, de regulaci\u00f3n, de tecnolog\u00eda y, sobre todo, del papel que debe jugar la mediaci\u00f3n en un entorno en constante transformaci\u00f3n.<\/p>\n<p><strong>No olvides la fecha: 28 de septiembre de 2026<\/strong>[\/vc_column_text][vc_row_inner][vc_column_inner width=&#8221;1\/6&#8243;][\/vc_column_inner][vc_column_inner width=&#8221;1\/6&#8243;][\/vc_column_inner][vc_column_inner width=&#8221;1\/6&#8243;][\/vc_column_inner][vc_column_inner width=&#8221;1\/6&#8243;][\/vc_column_inner][\/vc_row_inner][\/vc_column][\/vc_row]<\/p>\n<\/div>","protected":false},"excerpt":{"rendered":"<p>[vc_row][vc_column][vc_column_text css=&#8221;&#8221;] Recuerda la fecha 28 de septiembre de 2026 52a edici\u00f3n de la Semana Mundial [\/vc_column_text][stm_spacing lg_spacing=&#8221;6&#8243; md_spacing=&#8221;6&#8243; sm_spacing=&#8221;6&#8243; xs_spacing=&#8221;6&#8243;][vc_single_image source=&#8221;featured_image&#8221; img_size=&#8221;850&#215;350&#8243; alignment=&#8221;center&#8221; css=&#8221;&#8221;][vc_column_text css=&#8221;.vc_custom_1774431918078{margin-bottom: 20px !important;}&#8221;]La Semana Mundial 2026, el gran punto de encuentro del sector asegurador, ya tiene fecha: el 28 de septiembre. El Col\u00b7legi de Mediadors d\u2019Assegurances de Barcelona celebrar\u00e1 ese<\/p>\n","protected":false},"author":4,"featured_media":26825,"parent":0,"menu_order":0,"comment_status":"closed","ping_status":"closed","template":"","meta":{"footnotes":""},"class_list":["post-26872","page","type-page","status-publish","has-post-thumbnail","hentry"],"yoast_head":"<!-- This site is optimized with the Yoast SEO plugin v27.4 - https:\/\/yoast.com\/product\/yoast-seo-wordpress\/ -->\n<title>Setmana Mundial 2026 - Col-legi de Mediadors d&#039;Assegurances de Barcelona<\/title>\n<meta name=\"robots\" content=\"index, follow, max-snippet:-1, max-image-preview:large, max-video-preview:-1\" \/>\n<link rel=\"canonical\" href=\"https:\/\/www.elcol-legi.org\/w\/es\/setmana-mundial-2026\/\" \/>\n<meta property=\"og:locale\" content=\"es_ES\" \/>\n<meta property=\"og:type\" content=\"article\" \/>\n<meta property=\"og:title\" content=\"Setmana Mundial 2026 - Col-legi de Mediadors d&#039;Assegurances de Barcelona\" \/>\n<meta property=\"og:description\" content=\"[vc_row][vc_column][vc_column_text css=&#8221;&#8221;] Recuerda la fecha 28 de septiembre de 2026 52a edici\u00f3n de la Semana Mundial [\/vc_column_text][stm_spacing lg_spacing=&#8221;6&#8243; md_spacing=&#8221;6&#8243; sm_spacing=&#8221;6&#8243; xs_spacing=&#8221;6&#8243;][vc_single_image source=&#8221;featured_image&#8221; img_size=&#8221;850&#215;350&#8243; alignment=&#8221;center&#8221; css=&#8221;&#8221;][vc_column_text css=&#8221;.vc_custom_1774431918078{margin-bottom: 20px !important;}&#8221;]La Semana Mundial 2026, el gran punto de encuentro del sector asegurador, ya tiene fecha: el 28 de septiembre. El Col\u00b7legi de Mediadors d\u2019Assegurances de Barcelona celebrar\u00e1 ese\" \/>\n<meta property=\"og:url\" content=\"https:\/\/www.elcol-legi.org\/w\/es\/setmana-mundial-2026\/\" \/>\n<meta property=\"og:site_name\" content=\"Col-legi de Mediadors d&#039;Assegurances de Barcelona\" \/>\n<meta property=\"article:modified_time\" content=\"2026-03-25T09:45:20+00:00\" \/>\n<meta property=\"og:image\" content=\"https:\/\/www.elcol-legi.org\/w\/wp-content\/uploads\/2021\/12\/RESERVA-LA-DATA-28-DOCTUBRE-2.jpg\" \/>\n\t<meta property=\"og:image:width\" content=\"1024\" \/>\n\t<meta property=\"og:image:height\" content=\"840\" \/>\n\t<meta property=\"og:image:type\" content=\"image\/jpeg\" \/>\n<meta name=\"twitter:card\" content=\"summary_large_image\" \/>\n<meta name=\"twitter:label1\" content=\"Tiempo de lectura\" \/>\n\t<meta name=\"twitter:data1\" content=\"2 minutos\" \/>\n<script type=\"application\/ld+json\" class=\"yoast-schema-graph\">{\"@context\":\"https:\\\/\\\/schema.org\",\"@graph\":[{\"@type\":\"WebPage\",\"@id\":\"https:\\\/\\\/www.elcol-legi.org\\\/w\\\/es\\\/setmana-mundial-2026\\\/\",\"url\":\"https:\\\/\\\/www.elcol-legi.org\\\/w\\\/es\\\/setmana-mundial-2026\\\/\",\"name\":\"Setmana Mundial 2026 - Col-legi de Mediadors d&#039;Assegurances de Barcelona\",\"isPartOf\":{\"@id\":\"https:\\\/\\\/www.elcol-legi.org\\\/w\\\/es\\\/#website\"},\"primaryImageOfPage\":{\"@id\":\"https:\\\/\\\/www.elcol-legi.org\\\/w\\\/es\\\/setmana-mundial-2026\\\/#primaryimage\"},\"image\":{\"@id\":\"https:\\\/\\\/www.elcol-legi.org\\\/w\\\/es\\\/setmana-mundial-2026\\\/#primaryimage\"},\"thumbnailUrl\":\"https:\\\/\\\/www.elcol-legi.org\\\/w\\\/wp-content\\\/uploads\\\/2021\\\/12\\\/RESERVA-LA-DATA-28-DOCTUBRE-2.jpg\",\"datePublished\":\"2026-03-03T09:50:42+00:00\",\"dateModified\":\"2026-03-25T09:45:20+00:00\",\"breadcrumb\":{\"@id\":\"https:\\\/\\\/www.elcol-legi.org\\\/w\\\/es\\\/setmana-mundial-2026\\\/#breadcrumb\"},\"inLanguage\":\"es\",\"potentialAction\":[{\"@type\":\"ReadAction\",\"target\":[\"https:\\\/\\\/www.elcol-legi.org\\\/w\\\/es\\\/setmana-mundial-2026\\\/\"]}]},{\"@type\":\"ImageObject\",\"inLanguage\":\"es\",\"@id\":\"https:\\\/\\\/www.elcol-legi.org\\\/w\\\/es\\\/setmana-mundial-2026\\\/#primaryimage\",\"url\":\"https:\\\/\\\/www.elcol-legi.org\\\/w\\\/wp-content\\\/uploads\\\/2021\\\/12\\\/RESERVA-LA-DATA-28-DOCTUBRE-2.jpg\",\"contentUrl\":\"https:\\\/\\\/www.elcol-legi.org\\\/w\\\/wp-content\\\/uploads\\\/2021\\\/12\\\/RESERVA-LA-DATA-28-DOCTUBRE-2.jpg\",\"width\":1024,\"height\":840},{\"@type\":\"BreadcrumbList\",\"@id\":\"https:\\\/\\\/www.elcol-legi.org\\\/w\\\/es\\\/setmana-mundial-2026\\\/#breadcrumb\",\"itemListElement\":[{\"@type\":\"ListItem\",\"position\":1,\"name\":\"Inici\",\"item\":\"https:\\\/\\\/www.elcol-legi.org\\\/w\\\/es\\\/\"},{\"@type\":\"ListItem\",\"position\":2,\"name\":\"Setmana Mundial 2026\"}]},{\"@type\":\"WebSite\",\"@id\":\"https:\\\/\\\/www.elcol-legi.org\\\/w\\\/es\\\/#website\",\"url\":\"https:\\\/\\\/www.elcol-legi.org\\\/w\\\/es\\\/\",\"name\":\"Col-legi de Mediadors d&#039;Assegurances de Barcelona\",\"description\":\"Support al mediador d&#039;assegurances\",\"potentialAction\":[{\"@type\":\"SearchAction\",\"target\":{\"@type\":\"EntryPoint\",\"urlTemplate\":\"https:\\\/\\\/www.elcol-legi.org\\\/w\\\/es\\\/?s={search_term_string}\"},\"query-input\":{\"@type\":\"PropertyValueSpecification\",\"valueRequired\":true,\"valueName\":\"search_term_string\"}}],\"inLanguage\":\"es\"}]}<\/script>\n<!-- \/ Yoast SEO plugin. -->","yoast_head_json":{"title":"Setmana Mundial 2026 - Col-legi de Mediadors d&#039;Assegurances de Barcelona","robots":{"index":"index","follow":"follow","max-snippet":"max-snippet:-1","max-image-preview":"max-image-preview:large","max-video-preview":"max-video-preview:-1"},"canonical":"https:\/\/www.elcol-legi.org\/w\/es\/setmana-mundial-2026\/","og_locale":"es_ES","og_type":"article","og_title":"Setmana Mundial 2026 - Col-legi de Mediadors d&#039;Assegurances de Barcelona","og_description":"[vc_row][vc_column][vc_column_text css=&#8221;&#8221;] Recuerda la fecha 28 de septiembre de 2026 52a edici\u00f3n de la Semana Mundial [\/vc_column_text][stm_spacing lg_spacing=&#8221;6&#8243; md_spacing=&#8221;6&#8243; sm_spacing=&#8221;6&#8243; xs_spacing=&#8221;6&#8243;][vc_single_image source=&#8221;featured_image&#8221; img_size=&#8221;850&#215;350&#8243; alignment=&#8221;center&#8221; css=&#8221;&#8221;][vc_column_text css=&#8221;.vc_custom_1774431918078{margin-bottom: 20px !important;}&#8221;]La Semana Mundial 2026, el gran punto de encuentro del sector asegurador, ya tiene fecha: el 28 de septiembre. El Col\u00b7legi de Mediadors d\u2019Assegurances de Barcelona celebrar\u00e1 ese","og_url":"https:\/\/www.elcol-legi.org\/w\/es\/setmana-mundial-2026\/","og_site_name":"Col-legi de Mediadors d&#039;Assegurances de Barcelona","article_modified_time":"2026-03-25T09:45:20+00:00","og_image":[{"width":1024,"height":840,"url":"https:\/\/www.elcol-legi.org\/w\/wp-content\/uploads\/2021\/12\/RESERVA-LA-DATA-28-DOCTUBRE-2.jpg","type":"image\/jpeg"}],"twitter_card":"summary_large_image","twitter_misc":{"Tiempo de lectura":"2 minutos"},"schema":{"@context":"https:\/\/schema.org","@graph":[{"@type":"WebPage","@id":"https:\/\/www.elcol-legi.org\/w\/es\/setmana-mundial-2026\/","url":"https:\/\/www.elcol-legi.org\/w\/es\/setmana-mundial-2026\/","name":"Setmana Mundial 2026 - Col-legi de Mediadors d&#039;Assegurances de Barcelona","isPartOf":{"@id":"https:\/\/www.elcol-legi.org\/w\/es\/#website"},"primaryImageOfPage":{"@id":"https:\/\/www.elcol-legi.org\/w\/es\/setmana-mundial-2026\/#primaryimage"},"image":{"@id":"https:\/\/www.elcol-legi.org\/w\/es\/setmana-mundial-2026\/#primaryimage"},"thumbnailUrl":"https:\/\/www.elcol-legi.org\/w\/wp-content\/uploads\/2021\/12\/RESERVA-LA-DATA-28-DOCTUBRE-2.jpg","datePublished":"2026-03-03T09:50:42+00:00","dateModified":"2026-03-25T09:45:20+00:00","breadcrumb":{"@id":"https:\/\/www.elcol-legi.org\/w\/es\/setmana-mundial-2026\/#breadcrumb"},"inLanguage":"es","potentialAction":[{"@type":"ReadAction","target":["https:\/\/www.elcol-legi.org\/w\/es\/setmana-mundial-2026\/"]}]},{"@type":"ImageObject","inLanguage":"es","@id":"https:\/\/www.elcol-legi.org\/w\/es\/setmana-mundial-2026\/#primaryimage","url":"https:\/\/www.elcol-legi.org\/w\/wp-content\/uploads\/2021\/12\/RESERVA-LA-DATA-28-DOCTUBRE-2.jpg","contentUrl":"https:\/\/www.elcol-legi.org\/w\/wp-content\/uploads\/2021\/12\/RESERVA-LA-DATA-28-DOCTUBRE-2.jpg","width":1024,"height":840},{"@type":"BreadcrumbList","@id":"https:\/\/www.elcol-legi.org\/w\/es\/setmana-mundial-2026\/#breadcrumb","itemListElement":[{"@type":"ListItem","position":1,"name":"Inici","item":"https:\/\/www.elcol-legi.org\/w\/es\/"},{"@type":"ListItem","position":2,"name":"Setmana Mundial 2026"}]},{"@type":"WebSite","@id":"https:\/\/www.elcol-legi.org\/w\/es\/#website","url":"https:\/\/www.elcol-legi.org\/w\/es\/","name":"Col-legi de Mediadors d&#039;Assegurances de Barcelona","description":"Support al mediador d&#039;assegurances","potentialAction":[{"@type":"SearchAction","target":{"@type":"EntryPoint","urlTemplate":"https:\/\/www.elcol-legi.org\/w\/es\/?s={search_term_string}"},"query-input":{"@type":"PropertyValueSpecification","valueRequired":true,"valueName":"search_term_string"}}],"inLanguage":"es"}]}},"_links":{"self":[{"href":"https:\/\/www.elcol-legi.org\/w\/es\/wp-json\/wp\/v2\/pages\/26872","targetHints":{"allow":["GET"]}}],"collection":[{"href":"https:\/\/www.elcol-legi.org\/w\/es\/wp-json\/wp\/v2\/pages"}],"about":[{"href":"https:\/\/www.elcol-legi.org\/w\/es\/wp-json\/wp\/v2\/types\/page"}],"author":[{"embeddable":true,"href":"https:\/\/www.elcol-legi.org\/w\/es\/wp-json\/wp\/v2\/users\/4"}],"replies":[{"embeddable":true,"href":"https:\/\/www.elcol-legi.org\/w\/es\/wp-json\/wp\/v2\/comments?post=26872"}],"version-history":[{"count":5,"href":"https:\/\/www.elcol-legi.org\/w\/es\/wp-json\/wp\/v2\/pages\/26872\/revisions"}],"predecessor-version":[{"id":27210,"href":"https:\/\/www.elcol-legi.org\/w\/es\/wp-json\/wp\/v2\/pages\/26872\/revisions\/27210"}],"wp:featuredmedia":[{"embeddable":true,"href":"https:\/\/www.elcol-legi.org\/w\/es\/wp-json\/wp\/v2\/media\/26825"}],"wp:attachment":[{"href":"https:\/\/www.elcol-legi.org\/w\/es\/wp-json\/wp\/v2\/media?parent=26872"}],"curies":[{"name":"wp","href":"https:\/\/api.w.org\/{rel}","templated":true}]}}