{"id":3357,"date":"2021-04-01T15:10:12","date_gmt":"2021-04-01T13:10:12","guid":{"rendered":"http:\/\/elcol-legi.org\/w\/cmab-2\/"},"modified":"2024-09-26T13:49:51","modified_gmt":"2024-09-26T11:49:51","slug":"cmab-2","status":"publish","type":"page","link":"https:\/\/www.elcol-legi.org\/w\/es\/","title":{"rendered":"CMAB"},"content":{"rendered":"<div class=\"wpb-content-wrapper\"><p>[vc_row][vc_column]\n\t\t\t<!-- START Home Slider ESP REVOLUTION SLIDER 6.7.38 --><p class=\"rs-p-wp-fix\"><\/p>\n\t\t\t<rs-module-wrap id=\"rev_slider_11_1_wrapper\" data-source=\"gallery\" style=\"visibility:hidden;background:transparent;padding:0;margin:0px auto;margin-top:0;margin-bottom:0;\">\n\t\t\t\t<rs-module id=\"rev_slider_11_1\" style=\"\" data-version=\"6.7.38\">\n\t\t\t\t\t<rs-slides style=\"overflow: hidden; position: absolute;\">\n\t\t\t\t\t\t<rs-slide style=\"position: absolute;\" data-key=\"rs-36\" data-title=\"Slide\" data-thumb=\"\/\/www.elcol-legi.org\/w\/wp-content\/uploads\/2021\/12\/RESERVA-LA-DATA-28-DOCTUBRE-2-100x50.jpg\" data-duration=\"5000\" data-anim=\"adpr:false;f:nodelay;\" data-in=\"o:0;sx:0;sy:0;row:5;col:5;\" data-out=\"a:false;\">\n\t\t\t\t\t\t\t<img decoding=\"async\" src=\"\/\/www.elcol-legi.org\/w\/wp-content\/plugins\/revslider\/sr6\/assets\/assets\/dummy.png\" alt=\"\" title=\"RESERVA LA DATA 28 D\u2019OCTUBRE (2)\" width=\"1024\" height=\"840\" class=\"rev-slidebg tp-rs-img rs-lazyload\" data-lazyload=\"\/\/www.elcol-legi.org\/w\/wp-content\/uploads\/2021\/12\/RESERVA-LA-DATA-28-DOCTUBRE-2.jpg\" data-no-retina>\n<!--\n\t\t\t\t\t\t\t--><rs-layer\n\t\t\t\t\t\t\t\tid=\"slider-11-slide-36-layer-3\" \n\t\t\t\t\t\t\t\tdata-type=\"image\"\n\t\t\t\t\t\t\t\tdata-rsp_ch=\"on\"\n\t\t\t\t\t\t\t\tdata-xy=\"xo:461px,414px,314px,193px;yo:32px,28px,21px,12px;\"\n\t\t\t\t\t\t\t\tdata-text=\"w:normal;s:20,17,12,7;l:0,22,16,9;\"\n\t\t\t\t\t\t\t\tdata-dim=\"w:211px,189px,143px,88px;h:143px,128px,97px,59px;\"\n\t\t\t\t\t\t\t\tdata-frame_999=\"o:0;st:w;\"\n\t\t\t\t\t\t\t\tstyle=\"z-index:9;\"\n\t\t\t\t\t\t\t><img decoding=\"async\" src=\"\/\/www.elcol-legi.org\/w\/wp-content\/plugins\/revslider\/sr6\/assets\/assets\/dummy.png\" alt=\"\" class=\"tp-rs-img rs-lazyload\" data-lazyload=\"\/\/www.elcol-legi.org\/w\/wp-content\/uploads\/2021\/12\/SMesp26.png\" data-no-retina> \n\t\t\t\t\t\t\t<\/rs-layer><!--\n\n\t\t\t\t\t\t\t--><rs-layer\n\t\t\t\t\t\t\t\tid=\"slider-11-slide-36-layer-4\" \n\t\t\t\t\t\t\t\tdata-type=\"text\"\n\t\t\t\t\t\t\t\tdata-rsp_ch=\"on\"\n\t\t\t\t\t\t\t\tdata-xy=\"x:c;xo:3px,2px,1px,0;yo:244px,219px,166px,168px;\"\n\t\t\t\t\t\t\t\tdata-text=\"w:normal;s:60,53,40,33;l:70,62,47,39;ls:-1px,0px,0px,0px;fw:500;a:center;\"\n\t\t\t\t\t\t\t\tdata-dim=\"w:779px,699px,531px,373px;\"\n\t\t\t\t\t\t\t\tdata-frame_0=\"x:0,0,0,0px;y:0,0,0,0px;\"\n\t\t\t\t\t\t\t\tdata-frame_1=\"x:0,0,0,0px;y:0,0,0,0px;\"\n\t\t\t\t\t\t\t\tdata-frame_999=\"o:0;st:w;\"\n\t\t\t\t\t\t\t\tstyle=\"z-index:11;background-color:rgba(27,59,114,0.26);font-family:'Montserrat';\"\n\t\t\t\t\t\t\t>Res\u00e9rvate la fecha<br \/>\n \n\t\t\t\t\t\t\t<\/rs-layer><!--\n\n\t\t\t\t\t\t\t--><rs-layer\n\t\t\t\t\t\t\t\tid=\"slider-11-slide-36-layer-5\" \n\t\t\t\t\t\t\t\tdata-type=\"text\"\n\t\t\t\t\t\t\t\tdata-rsp_ch=\"on\"\n\t\t\t\t\t\t\t\tdata-xy=\"x:c;xo:-3px,-2px,-1px,0;yo:341px,306px,232px,168px;\"\n\t\t\t\t\t\t\t\tdata-text=\"w:normal;s:40,35,26,33;l:70,62,47,39;ls:-1px,0px,0px,0px;fw:500;a:center;\"\n\t\t\t\t\t\t\t\tdata-dim=\"w:779px,699px,531px,373px;\"\n\t\t\t\t\t\t\t\tdata-frame_0=\"x:0,0,0,0px;y:0,0,0,0px;\"\n\t\t\t\t\t\t\t\tdata-frame_1=\"x:0,0,0,0px;y:0,0,0,0px;\"\n\t\t\t\t\t\t\t\tdata-frame_999=\"o:0;st:w;\"\n\t\t\t\t\t\t\t\tstyle=\"z-index:11;background-color:rgba(27,59,114,0.26);font-family:'Montserrat';\"\n\t\t\t\t\t\t\t>28 de septimbre de 2026<br \/>\n \n\t\t\t\t\t\t\t<\/rs-layer><!--\n\n\t\t\t\t\t\t\t--><a\n\t\t\t\t\t\t\t\tid=\"slider-11-slide-36-layer-9\" \n\t\t\t\t\t\t\t\tclass=\"rs-layer rev-btn\"\n\t\t\t\t\t\t\t\thref=\"\/\/www.elcol-legi.org\/w\/es\/setmana-mundial-2026\/\" target=\"_self\"\n\t\t\t\t\t\t\t\tdata-type=\"button\"\n\t\t\t\t\t\t\t\tdata-bsh=\"v:10px,8px,6px,3px;b:20px,17px,12px,7px;\"\n\t\t\t\t\t\t\t\tdata-rsp_ch=\"on\"\n\t\t\t\t\t\t\t\tdata-xy=\"xo:451px,405px,307px,189px;yo:440px,395px,300px,185px;\"\n\t\t\t\t\t\t\t\tdata-text=\"w:normal;s:20,17,12,7;l:60,53,40,24;fw:500;\"\n\t\t\t\t\t\t\t\tdata-dim=\"minh:0px,none,none,none;\"\n\t\t\t\t\t\t\t\tdata-padding=\"r:60,54,41,25;l:60,54,41,25;\"\n\t\t\t\t\t\t\t\tdata-border=\"bor:5px,5px,5px,5px;\"\n\t\t\t\t\t\t\t\tdata-frame_999=\"o:0;st:w;\"\n\t\t\t\t\t\t\t\tdata-frame_hover=\"bgc:linear-gradient(rgba(255,149,0,1) 0%, rgba(255,94,58,1) 100%);bor:5px,5px,5px,5px;e:power1.inOut;bri:120%;\"\n\t\t\t\t\t\t\t\tstyle=\"z-index:12;background:linear-gradient(rgba(17,68,178,1) 0%, rgba(29,98,240,1) 100%);font-family:'Roboto';\"\n\t\t\t\t\t\t\t>M\u00e1s informaci\u00f3n \n\t\t\t\t\t\t\t<\/a><!--\n-->\t\t\t\t\t<\/rs-slide>\n\t\t\t\t\t\t<rs-slide style=\"position: absolute;\" data-key=\"rs-37\" data-title=\"Slide\" data-thumb=\"\/\/elcol-legi.org\/w\/wp-content\/uploads\/2021\/07\/Home-Master-optimo.png\" data-duration=\"5000\" data-anim=\"adpr:false;f:nodelay;\" data-in=\"o:0;sx:0;sy:0;row:5;col:5;\" data-out=\"a:false;\">\n\t\t\t\t\t\t\t<img decoding=\"async\" src=\"\/\/www.elcol-legi.org\/w\/wp-content\/plugins\/revslider\/sr6\/assets\/assets\/dummy.png\" alt=\"\" title=\"Home-Master-optimo\" width=\"1980\" height=\"1280\" class=\"rev-slidebg tp-rs-img rs-lazyload\" data-lazyload=\"\/\/elcol-legi.org\/w\/wp-content\/uploads\/2021\/07\/Home-Master-optimo.png\" data-no-retina>\n<!--\n\t\t\t\t\t\t\t--><rs-layer\n\t\t\t\t\t\t\t\tid=\"slider-11-slide-37-layer-1\" \n\t\t\t\t\t\t\t\tdata-type=\"text\"\n\t\t\t\t\t\t\t\tdata-xy=\"xo:15px,15px,15px,10px;y:m;yo:-183px,-163px,-115px,-109px;\"\n\t\t\t\t\t\t\t\tdata-text=\"w:nowrap,nowrap,normal,normal;s:48,48,40,26;l:63,48,40,26;fw:300;\"\n\t\t\t\t\t\t\t\tdata-dim=\"w:655,655,500px,276px;\"\n\t\t\t\t\t\t\t\tdata-rsp_o=\"off\"\n\t\t\t\t\t\t\t\tdata-rsp_bd=\"off\"\n\t\t\t\t\t\t\t\tdata-frame_0=\"x:-65px;\"\n\t\t\t\t\t\t\t\tdata-frame_1=\"e:power2.inOut;st:500;sp:1000;sR:500;\"\n\t\t\t\t\t\t\t\tdata-frame_999=\"o:0;e:nothing;st:w;sR:3500;\"\n\t\t\t\t\t\t\t\tstyle=\"z-index:7;font-family:'Montserrat';text-transform:uppercase;\"\n\t\t\t\t\t\t\t>m\u00e1ster de Formaci\u00f3n Permanente \n\t\t\t\t\t\t\t<\/rs-layer><!--\n\n\t\t\t\t\t\t\t--><rs-layer\n\t\t\t\t\t\t\t\tid=\"slider-11-slide-37-layer-6\" \n\t\t\t\t\t\t\t\tdata-type=\"text\"\n\t\t\t\t\t\t\t\tdata-xy=\"xo:9px,14px,9px,8px;y:m;yo:-41px,-47px,-12px,-22px;\"\n\t\t\t\t\t\t\t\tdata-text=\"w:normal;s:54,48,40,26;l:37,48,40,26;fw:700;\"\n\t\t\t\t\t\t\t\tdata-dim=\"w:846px,899px,648px,337px;h:48px,auto,auto,auto;\"\n\t\t\t\t\t\t\t\tdata-rsp_o=\"off\"\n\t\t\t\t\t\t\t\tdata-rsp_bd=\"off\"\n\t\t\t\t\t\t\t\tdata-frame_1=\"st:630;sR:630;\"\n\t\t\t\t\t\t\t\tdata-frame_999=\"o:0;st:w;sR:4070;\"\n\t\t\t\t\t\t\t\tstyle=\"z-index:10;font-family:'Montserrat';text-transform:uppercase;\"\n\t\t\t\t\t\t\t>de mediaci\u00f3n de seguros \n\t\t\t\t\t\t\t<\/rs-layer><!--\n\n\t\t\t\t\t\t\t--><rs-layer\n\t\t\t\t\t\t\t\tid=\"slider-11-slide-37-layer-7\" \n\t\t\t\t\t\t\t\tdata-type=\"text\"\n\t\t\t\t\t\t\t\tdata-xy=\"xo:10px,14px,9px,8px;y:m;yo:-92px,-47px,-12px,-22px;\"\n\t\t\t\t\t\t\t\tdata-text=\"w:normal;s:54,48,40,26;l:37,48,40,26;fw:700;\"\n\t\t\t\t\t\t\t\tdata-dim=\"w:846px,899px,648px,337px;h:43px,auto,auto,auto;\"\n\t\t\t\t\t\t\t\tdata-rsp_o=\"off\"\n\t\t\t\t\t\t\t\tdata-rsp_bd=\"off\"\n\t\t\t\t\t\t\t\tdata-frame_1=\"st:630;sR:630;\"\n\t\t\t\t\t\t\t\tdata-frame_999=\"o:0;st:w;sR:4070;\"\n\t\t\t\t\t\t\t\tstyle=\"z-index:10;font-family:'Montserrat';text-transform:uppercase;\"\n\t\t\t\t\t\t\t>en gesti\u00f3n de empresas \n\t\t\t\t\t\t\t<\/rs-layer><!--\n\n\t\t\t\t\t\t\t--><a\n\t\t\t\t\t\t\t\tid=\"slider-11-slide-37-layer-10\" \n\t\t\t\t\t\t\t\tclass=\"rs-layer rev-btn\"\n\t\t\t\t\t\t\t\thref=\"http:\/\/www.mastercmab.com\" target=\"_self\"\n\t\t\t\t\t\t\t\tdata-type=\"button\"\n\t\t\t\t\t\t\t\tdata-xy=\"xo:15px;y:m;yo:70px,72px,104px,100px;\"\n\t\t\t\t\t\t\t\tdata-text=\"s:12,12,17,17;l:17;ls:1.2px,1px,0px,0px;fw:700;a:inherit;\"\n\t\t\t\t\t\t\t\tdata-rsp_o=\"off\"\n\t\t\t\t\t\t\t\tdata-rsp_bd=\"off\"\n\t\t\t\t\t\t\t\tdata-padding=\"t:16;r:35;b:16;l:35;\"\n\t\t\t\t\t\t\t\tdata-frame_0=\"y:50px;\"\n\t\t\t\t\t\t\t\tdata-frame_1=\"e:power2.inOut;st:500;sp:1000;sR:500;\"\n\t\t\t\t\t\t\t\tdata-frame_999=\"o:0;e:nothing;st:w;sR:3500;\"\n\t\t\t\t\t\t\t\tdata-frame_hover=\"c:#fff;bgc:#262626;boc:#000;bor:3px,3px,3px,3px;bos:solid;oX:50;oY:50;sp:400;e:power2.in;\"\n\t\t\t\t\t\t\t\tstyle=\"z-index:8;background-color:#73c73b;font-family:'Montserrat';text-transform:uppercase;cursor:pointer;outline:none;box-shadow:none;box-sizing:border-box;-moz-box-sizing:border-box;-webkit-box-sizing:border-box;\"\n\t\t\t\t\t\t\t><i class=\"fa-plus\"><\/i>informaci\u00f3n \n\t\t\t\t\t\t\t<\/a><!--\n-->\t\t\t\t\t<\/rs-slide>\n\t\t\t\t\t\t<rs-slide style=\"position: absolute;\" data-key=\"rs-33\" data-title=\"Slide\" data-thumb=\"\/\/elcol-legi.org\/w\/wp-content\/uploads\/revslider\/main_slider\/slide_02.jpg\" data-duration=\"5000\" data-anim=\"adpr:false;f:nodelay;\" data-in=\"o:0;sx:0;sy:0;row:5;col:5;\" data-out=\"a:false;\">\n\t\t\t\t\t\t\t<img decoding=\"async\" src=\"\/\/www.elcol-legi.org\/w\/wp-content\/plugins\/revslider\/sr6\/assets\/assets\/dummy.png\" alt=\"\" title=\"slide_02.jpg\" width=\"1920\" height=\"740\" class=\"rev-slidebg tp-rs-img rs-lazyload\" data-lazyload=\"\/\/elcol-legi.org\/w\/wp-content\/uploads\/revslider\/main_slider\/slide_02.jpg\" data-no-retina>\n<!--\n\t\t\t\t\t\t\t--><rs-layer\n\t\t\t\t\t\t\t\tid=\"slider-11-slide-33-layer-7\" \n\t\t\t\t\t\t\t\tdata-type=\"text\"\n\t\t\t\t\t\t\t\tdata-xy=\"xo:34px,24px,15px,10px;y:m;yo:-110px,-79px,-68px,-58px;\"\n\t\t\t\t\t\t\t\tdata-text=\"w:normal;s:34,48,40,26;l:29,48,40,26;fw:700;\"\n\t\t\t\t\t\t\t\tdata-dim=\"w:556px,751px,654px,331px;h:87px,130px,100px,100px;\"\n\t\t\t\t\t\t\t\tdata-rsp_o=\"off\"\n\t\t\t\t\t\t\t\tdata-rsp_bd=\"off\"\n\t\t\t\t\t\t\t\tdata-frame_1=\"st:630;sR:630;\"\n\t\t\t\t\t\t\t\tdata-frame_999=\"o:0;st:w;sR:4070;\"\n\t\t\t\t\t\t\t\tstyle=\"z-index:10;font-family:'Montserrat';text-transform:uppercase;\"\n\t\t\t\t\t\t\t>consulta los cursos que tenemos programados \n\t\t\t\t\t\t\t<\/rs-layer><!--\n\n\t\t\t\t\t\t\t--><a\n\t\t\t\t\t\t\t\tid=\"slider-11-slide-33-layer-10\" \n\t\t\t\t\t\t\t\tclass=\"rs-layer rev-btn\"\n\t\t\t\t\t\t\t\thref=\"\/\/formacion.fundacionauditorium.org\/\" target=\"_self\"\n\t\t\t\t\t\t\t\tdata-type=\"button\"\n\t\t\t\t\t\t\t\tdata-xy=\"xo:34px,15px,15px,15px;y:m;yo:0,72px,104px,100px;\"\n\t\t\t\t\t\t\t\tdata-text=\"s:12,12,17,17;l:17;ls:1.2px,1px,0px,0px;fw:700;a:inherit;\"\n\t\t\t\t\t\t\t\tdata-rsp_o=\"off\"\n\t\t\t\t\t\t\t\tdata-rsp_bd=\"off\"\n\t\t\t\t\t\t\t\tdata-padding=\"t:16;r:35;b:16;l:35;\"\n\t\t\t\t\t\t\t\tdata-frame_0=\"y:50px;\"\n\t\t\t\t\t\t\t\tdata-frame_1=\"e:power2.inOut;st:500;sp:1000;sR:500;\"\n\t\t\t\t\t\t\t\tdata-frame_999=\"o:0;e:nothing;st:w;sR:3500;\"\n\t\t\t\t\t\t\t\tdata-frame_hover=\"c:#fff;bgc:#262626;boc:#000;bor:3px,3px,3px,3px;bos:solid;oX:50;oY:50;sp:400;e:power2.in;\"\n\t\t\t\t\t\t\t\tstyle=\"z-index:8;background-color:#73c73b;font-family:'Montserrat';text-transform:uppercase;cursor:pointer;outline:none;box-shadow:none;box-sizing:border-box;-moz-box-sizing:border-box;-webkit-box-sizing:border-box;\"\n\t\t\t\t\t\t\t><i class=\"fa-plus\"><\/i>informaci\u00f3n \n\t\t\t\t\t\t\t<\/a><!--\n-->\t\t\t\t\t<\/rs-slide>\n\t\t\t\t\t\t<rs-slide style=\"position: absolute;\" data-key=\"rs-34\" data-title=\"Slide\" data-thumb=\"\/\/elcol-legi.org\/w\/wp-content\/uploads\/revslider\/main_slider\/slide2_02-1.jpg\" data-duration=\"5000\" data-anim=\"adpr:false;f:nodelay;\" data-in=\"o:0;sx:0;sy:0;row:5;col:5;\" data-out=\"a:false;\">\n\t\t\t\t\t\t\t<img decoding=\"async\" src=\"\/\/www.elcol-legi.org\/w\/wp-content\/plugins\/revslider\/sr6\/assets\/assets\/dummy.png\" alt=\"\" title=\"slide2_02-1.jpg\" width=\"1920\" height=\"740\" class=\"rev-slidebg tp-rs-img rs-lazyload\" data-lazyload=\"\/\/elcol-legi.org\/w\/wp-content\/uploads\/revslider\/main_slider\/slide2_02-1.jpg\" data-no-retina>\n<!--\n\t\t\t\t\t\t\t--><rs-layer\n\t\t\t\t\t\t\t\tid=\"slider-11-slide-34-layer-1\" \n\t\t\t\t\t\t\t\tdata-type=\"text\"\n\t\t\t\t\t\t\t\tdata-xy=\"xo:12px,15px,16px,15px;y:m;yo:-230px,-163px,-151px,-161px;\"\n\t\t\t\t\t\t\t\tdata-text=\"w:nowrap,nowrap,normal,normal;s:34,48,40,26;l:63,48,40,26;fw:300;\"\n\t\t\t\t\t\t\t\tdata-dim=\"w:804px,804px,589px,340px;\"\n\t\t\t\t\t\t\t\tdata-rsp_o=\"off\"\n\t\t\t\t\t\t\t\tdata-rsp_bd=\"off\"\n\t\t\t\t\t\t\t\tdata-frame_0=\"x:-65px;\"\n\t\t\t\t\t\t\t\tdata-frame_1=\"e:power2.inOut;st:500;sp:1000;sR:500;\"\n\t\t\t\t\t\t\t\tdata-frame_999=\"o:0;e:nothing;st:w;sR:3500;\"\n\t\t\t\t\t\t\t\tstyle=\"z-index:7;font-family:'Montserrat';text-transform:uppercase;\"\n\t\t\t\t\t\t\t>\u00bfa\u00fan no estas colgiado?\n \n\t\t\t\t\t\t\t<\/rs-layer><!--\n\n\t\t\t\t\t\t\t--><rs-layer\n\t\t\t\t\t\t\t\tid=\"slider-11-slide-34-layer-7\" \n\t\t\t\t\t\t\t\tdata-type=\"text\"\n\t\t\t\t\t\t\t\tdata-xy=\"xo:11px,11px,14px,11px;y:m;yo:-130px,-60px,-61px,-78px;\"\n\t\t\t\t\t\t\t\tdata-text=\"w:normal;s:48,48,40,26;l:48,48,40,26;fw:600;\"\n\t\t\t\t\t\t\t\tdata-dim=\"w:799px,870px,697px,399px;h:95px,auto,auto,auto;\"\n\t\t\t\t\t\t\t\tdata-rsp_bd=\"off\"\n\t\t\t\t\t\t\t\tdata-frame_1=\"e:power2.out;st:320;sp:1000;sR:320;\"\n\t\t\t\t\t\t\t\tdata-frame_999=\"o:0;st:w;sR:3680;\"\n\t\t\t\t\t\t\t\tstyle=\"z-index:10;font-family:'Montserrat';text-transform:uppercase;\"\n\t\t\t\t\t\t\t>aprovecha la oportunidad y col\u00e9giate \n\t\t\t\t\t\t\t<\/rs-layer><!--\n\n\t\t\t\t\t\t\t--><rs-layer\n\t\t\t\t\t\t\t\tid=\"slider-11-slide-34-layer-8\" \n\t\t\t\t\t\t\t\tdata-type=\"text\"\n\t\t\t\t\t\t\t\tdata-xy=\"xo:15px,16px,17px,10px;y:m;yo:-2px,40px,37px,16px;\"\n\t\t\t\t\t\t\t\tdata-text=\"w:normal;s:18,18,16,16;l:25,25,22,22;\"\n\t\t\t\t\t\t\t\tdata-dim=\"w:561px,561px,560px,359px;h:76px,76px,79px,65px;\"\n\t\t\t\t\t\t\t\tdata-rsp_o=\"off\"\n\t\t\t\t\t\t\t\tdata-rsp_bd=\"off\"\n\t\t\t\t\t\t\t\tdata-frame_1=\"st:250;sR:250;\"\n\t\t\t\t\t\t\t\tdata-frame_999=\"o:0;st:w;sR:4450;\"\n\t\t\t\t\t\t\t\tstyle=\"z-index:9;font-family:'Montserrat';\"\n\t\t\t\t\t\t\t>\u00c9s un procedimento r\u00e1prido y sencillo que te proporcionar\u00e1 muchos beneficios<i class=\"fa-check\"><\/i> \n\t\t\t\t\t\t\t<\/rs-layer><!--\n\n\t\t\t\t\t\t\t--><a\n\t\t\t\t\t\t\t\tid=\"slider-11-slide-34-layer-10\" \n\t\t\t\t\t\t\t\tclass=\"rs-layer rev-btn\"\n\t\t\t\t\t\t\t\thref=\"\/\/www.elcol-legi.org\/w\/es\/colegiate\/\" target=\"_self\"\n\t\t\t\t\t\t\t\tdata-type=\"button\"\n\t\t\t\t\t\t\t\tdata-xy=\"xo:15px,12px,15px,15px;y:m;yo:70px,118px,104px,100px;\"\n\t\t\t\t\t\t\t\tdata-text=\"s:12,12,17,17;l:17;ls:1.2px,1px,0px,0px;fw:700;a:inherit;\"\n\t\t\t\t\t\t\t\tdata-rsp_o=\"off\"\n\t\t\t\t\t\t\t\tdata-rsp_bd=\"off\"\n\t\t\t\t\t\t\t\tdata-padding=\"t:16;r:35;b:16;l:35;\"\n\t\t\t\t\t\t\t\tdata-frame_0=\"y:50px;\"\n\t\t\t\t\t\t\t\tdata-frame_1=\"e:power2.inOut;st:500;sp:1000;sR:500;\"\n\t\t\t\t\t\t\t\tdata-frame_999=\"o:0;e:nothing;st:w;sR:3500;\"\n\t\t\t\t\t\t\t\tdata-frame_hover=\"c:#fff;bgc:#262626;boc:#000;bor:3px,3px,3px,3px;bos:solid;oX:50;oY:50;sp:400;e:power2.in;\"\n\t\t\t\t\t\t\t\tstyle=\"z-index:8;background-color:#73c73b;font-family:'Montserrat';text-transform:uppercase;cursor:pointer;outline:none;box-shadow:none;box-sizing:border-box;-moz-box-sizing:border-box;-webkit-box-sizing:border-box;\"\n\t\t\t\t\t\t\t><i class=\"fa-plus\"><\/i>informaci\u00f3n \n\t\t\t\t\t\t\t<\/a><!--\n-->\t\t\t\t\t<\/rs-slide>\n\t\t\t\t\t<\/rs-slides>\n\t\t\t\t\t<rs-static-layers><!--\n\t\t\t\t\t--><\/rs-static-layers>\n\t\t\t\t<\/rs-module>\n\t\t\t\t<script>\n\t\t\t\t\tsetREVStartSize({c: 'rev_slider_11_1',rl:[1240,1024,778,480],el:[740,600,500,600],gw:[1140,1024,778,480],gh:[740,600,500,600],type:'standard',justify:'',layout:'fullwidth',mh:\"0\"});if (window.RS_MODULES!==undefined && window.RS_MODULES.modules!==undefined && window.RS_MODULES.modules[\"revslider111\"]!==undefined) {window.RS_MODULES.modules[\"revslider111\"].once = false;window.revapi11 = undefined;if (window.RS_MODULES.checkMinimal!==undefined) window.RS_MODULES.checkMinimal()}\n\t\t\t\t<\/script>\n\t\t\t<\/rs-module-wrap>\n\t\t\t<!-- END REVOLUTION SLIDER -->\n[\/vc_column][\/vc_row]<\/p>\n<\/div>","protected":false},"excerpt":{"rendered":"<p>[vc_row][vc_column][\/vc_column][\/vc_row]<\/p>\n","protected":false},"author":1,"featured_media":0,"parent":0,"menu_order":0,"comment_status":"closed","ping_status":"closed","template":"","meta":{"footnotes":""},"class_list":["post-3357","page","type-page","status-publish","hentry"],"yoast_head":"<!-- This site is optimized with the Yoast SEO plugin v27.4 - https:\/\/yoast.com\/product\/yoast-seo-wordpress\/ -->\n<title>CMAB - Col-legi de Mediadors d&#039;Assegurances de Barcelona<\/title>\n<meta name=\"robots\" content=\"index, follow, max-snippet:-1, max-image-preview:large, max-video-preview:-1\" \/>\n<link rel=\"canonical\" href=\"https:\/\/www.elcol-legi.org\/w\/es\/\" \/>\n<meta property=\"og:locale\" content=\"es_ES\" \/>\n<meta property=\"og:type\" content=\"article\" \/>\n<meta property=\"og:title\" content=\"CMAB - Col-legi de Mediadors d&#039;Assegurances de Barcelona\" \/>\n<meta property=\"og:description\" content=\"[vc_row][vc_column][\/vc_column][\/vc_row]\" \/>\n<meta property=\"og:url\" content=\"https:\/\/www.elcol-legi.org\/w\/es\/\" \/>\n<meta property=\"og:site_name\" content=\"Col-legi de Mediadors d&#039;Assegurances de Barcelona\" \/>\n<meta property=\"article:modified_time\" content=\"2024-09-26T11:49:51+00:00\" \/>\n<meta name=\"twitter:card\" content=\"summary_large_image\" \/>\n<meta name=\"twitter:label1\" content=\"Tiempo de lectura\" \/>\n\t<meta name=\"twitter:data1\" content=\"1 minuto\" \/>\n<script type=\"application\/ld+json\" class=\"yoast-schema-graph\">{\"@context\":\"https:\\\/\\\/schema.org\",\"@graph\":[{\"@type\":\"WebPage\",\"@id\":\"https:\\\/\\\/www.elcol-legi.org\\\/w\\\/es\\\/\",\"url\":\"https:\\\/\\\/www.elcol-legi.org\\\/w\\\/es\\\/\",\"name\":\"CMAB - Col-legi de Mediadors d&#039;Assegurances de Barcelona\",\"isPartOf\":{\"@id\":\"https:\\\/\\\/www.elcol-legi.org\\\/w\\\/es\\\/#website\"},\"datePublished\":\"2021-04-01T13:10:12+00:00\",\"dateModified\":\"2024-09-26T11:49:51+00:00\",\"breadcrumb\":{\"@id\":\"https:\\\/\\\/www.elcol-legi.org\\\/w\\\/es\\\/#breadcrumb\"},\"inLanguage\":\"es\",\"potentialAction\":[{\"@type\":\"ReadAction\",\"target\":[\"https:\\\/\\\/www.elcol-legi.org\\\/w\\\/es\\\/\"]}]},{\"@type\":\"BreadcrumbList\",\"@id\":\"https:\\\/\\\/www.elcol-legi.org\\\/w\\\/es\\\/#breadcrumb\",\"itemListElement\":[{\"@type\":\"ListItem\",\"position\":1,\"name\":\"Inici\",\"item\":\"https:\\\/\\\/www.elcol-legi.org\\\/w\\\/es\\\/\"},{\"@type\":\"ListItem\",\"position\":2,\"name\":\"CMAB\"}]},{\"@type\":\"WebSite\",\"@id\":\"https:\\\/\\\/www.elcol-legi.org\\\/w\\\/es\\\/#website\",\"url\":\"https:\\\/\\\/www.elcol-legi.org\\\/w\\\/es\\\/\",\"name\":\"Col-legi de Mediadors d&#039;Assegurances de Barcelona\",\"description\":\"Support al mediador d&#039;assegurances\",\"potentialAction\":[{\"@type\":\"SearchAction\",\"target\":{\"@type\":\"EntryPoint\",\"urlTemplate\":\"https:\\\/\\\/www.elcol-legi.org\\\/w\\\/es\\\/?s={search_term_string}\"},\"query-input\":{\"@type\":\"PropertyValueSpecification\",\"valueRequired\":true,\"valueName\":\"search_term_string\"}}],\"inLanguage\":\"es\"}]}<\/script>\n<!-- \/ Yoast SEO plugin. -->","yoast_head_json":{"title":"CMAB - Col-legi de Mediadors d&#039;Assegurances de Barcelona","robots":{"index":"index","follow":"follow","max-snippet":"max-snippet:-1","max-image-preview":"max-image-preview:large","max-video-preview":"max-video-preview:-1"},"canonical":"https:\/\/www.elcol-legi.org\/w\/es\/","og_locale":"es_ES","og_type":"article","og_title":"CMAB - Col-legi de Mediadors d&#039;Assegurances de Barcelona","og_description":"[vc_row][vc_column][\/vc_column][\/vc_row]","og_url":"https:\/\/www.elcol-legi.org\/w\/es\/","og_site_name":"Col-legi de Mediadors d&#039;Assegurances de Barcelona","article_modified_time":"2024-09-26T11:49:51+00:00","twitter_card":"summary_large_image","twitter_misc":{"Tiempo de lectura":"1 minuto"},"schema":{"@context":"https:\/\/schema.org","@graph":[{"@type":"WebPage","@id":"https:\/\/www.elcol-legi.org\/w\/es\/","url":"https:\/\/www.elcol-legi.org\/w\/es\/","name":"CMAB - Col-legi de Mediadors d&#039;Assegurances de Barcelona","isPartOf":{"@id":"https:\/\/www.elcol-legi.org\/w\/es\/#website"},"datePublished":"2021-04-01T13:10:12+00:00","dateModified":"2024-09-26T11:49:51+00:00","breadcrumb":{"@id":"https:\/\/www.elcol-legi.org\/w\/es\/#breadcrumb"},"inLanguage":"es","potentialAction":[{"@type":"ReadAction","target":["https:\/\/www.elcol-legi.org\/w\/es\/"]}]},{"@type":"BreadcrumbList","@id":"https:\/\/www.elcol-legi.org\/w\/es\/#breadcrumb","itemListElement":[{"@type":"ListItem","position":1,"name":"Inici","item":"https:\/\/www.elcol-legi.org\/w\/es\/"},{"@type":"ListItem","position":2,"name":"CMAB"}]},{"@type":"WebSite","@id":"https:\/\/www.elcol-legi.org\/w\/es\/#website","url":"https:\/\/www.elcol-legi.org\/w\/es\/","name":"Col-legi de Mediadors d&#039;Assegurances de Barcelona","description":"Support al mediador d&#039;assegurances","potentialAction":[{"@type":"SearchAction","target":{"@type":"EntryPoint","urlTemplate":"https:\/\/www.elcol-legi.org\/w\/es\/?s={search_term_string}"},"query-input":{"@type":"PropertyValueSpecification","valueRequired":true,"valueName":"search_term_string"}}],"inLanguage":"es"}]}},"_links":{"self":[{"href":"https:\/\/www.elcol-legi.org\/w\/es\/wp-json\/wp\/v2\/pages\/3357","targetHints":{"allow":["GET"]}}],"collection":[{"href":"https:\/\/www.elcol-legi.org\/w\/es\/wp-json\/wp\/v2\/pages"}],"about":[{"href":"https:\/\/www.elcol-legi.org\/w\/es\/wp-json\/wp\/v2\/types\/page"}],"author":[{"embeddable":true,"href":"https:\/\/www.elcol-legi.org\/w\/es\/wp-json\/wp\/v2\/users\/1"}],"replies":[{"embeddable":true,"href":"https:\/\/www.elcol-legi.org\/w\/es\/wp-json\/wp\/v2\/comments?post=3357"}],"version-history":[{"count":68,"href":"https:\/\/www.elcol-legi.org\/w\/es\/wp-json\/wp\/v2\/pages\/3357\/revisions"}],"predecessor-version":[{"id":19615,"href":"https:\/\/www.elcol-legi.org\/w\/es\/wp-json\/wp\/v2\/pages\/3357\/revisions\/19615"}],"wp:attachment":[{"href":"https:\/\/www.elcol-legi.org\/w\/es\/wp-json\/wp\/v2\/media?parent=3357"}],"curies":[{"name":"wp","href":"https:\/\/api.w.org\/{rel}","templated":true}]}}