{"id":3675,"date":"2021-04-16T12:17:54","date_gmt":"2021-04-16T10:17:54","guid":{"rendered":"https:\/\/elcol-legi.org\/w\/mediario-tv\/"},"modified":"2022-01-04T14:30:24","modified_gmt":"2022-01-04T12:30:24","slug":"mediario-tv","status":"publish","type":"page","link":"https:\/\/www.elcol-legi.org\/w\/es\/mediario-tv\/","title":{"rendered":"Mediario Tv"},"content":{"rendered":"<div class=\"wpb-content-wrapper\"><p>[vc_row][vc_column][vc_single_image image=&#8221;5998&#8243; img_size=&#8221;350&#215;100&#8243; alignment=&#8221;center&#8221;][vc_row_inner][vc_column_inner][vc_column_text]El \u00faltimo canal que se ha unido a la estrategia de comunicaci\u00f3n del Col\u00b7legi es <strong>Mediario TV<\/strong>, que naci\u00f3 en paralelo a la primera Setmana Mundial Digital de la historia, en noviembre de 2020. En aquella ocasi\u00f3n, la pandemia nos oblig\u00f3 a replantear la manera en la que se celebra el evento m\u00e1s importante de los que organiza el Col\u00b7legi cada a\u00f1o. <strong>Mediario TV<\/strong> fue el portal web en el que los participantes a la Setmana Mundial pudieron seguir en directo o, m\u00e1s tarde, en diferido, toda la propuesta de contenidos que incluy\u00f3 una serie de TV de cinco cap\u00edtulos de producci\u00f3n propia que gira alrededor de las peripecias de una familia de mediadores.<\/p>\n<p><a href=\"http:\/\/mediario.tv\"><strong>Mediario TV<\/strong><\/a> es el medio del Col\u00b7legi en el cual se distribuyen todos los contenidos en formato audiovisual. Esta web tambi\u00e9n incluye el acceso a la formaci\u00f3n, en directo o en diferido, que se desarrolla desde el Col\u00b7legi i la Fundaci\u00f3 Auditorium.[\/vc_column_text][vc_btn title=&#8221;Acceder a Mediario.tv&#8221; color=&#8221;blue&#8221; align=&#8221;center&#8221; link=&#8221;url:http%3A%2F%2Fmediario.tv|&#8221;][\/vc_column_inner][\/vc_row_inner][\/vc_column][\/vc_row]<\/p>\n<\/div>","protected":false},"excerpt":{"rendered":"<p>[vc_row][vc_column][vc_single_image image=&#8221;5998&#8243; img_size=&#8221;350&#215;100&#8243; alignment=&#8221;center&#8221;][vc_row_inner][vc_column_inner][vc_column_text]El \u00faltimo canal que se ha unido a la estrategia de comunicaci\u00f3n del Col\u00b7legi es Mediario TV, que naci\u00f3 en paralelo a la primera Setmana Mundial Digital de la historia, en noviembre de 2020. En aquella ocasi\u00f3n, la pandemia nos oblig\u00f3 a replantear la manera en la que se celebra el evento<\/p>\n","protected":false},"author":4,"featured_media":0,"parent":0,"menu_order":0,"comment_status":"closed","ping_status":"closed","template":"","meta":{"footnotes":""},"class_list":["post-3675","page","type-page","status-publish","hentry"],"yoast_head":"<!-- This site is optimized with the Yoast SEO plugin v27.4 - https:\/\/yoast.com\/product\/yoast-seo-wordpress\/ -->\n<title>Mediario Tv - Col-legi de Mediadors d&#039;Assegurances de Barcelona<\/title>\n<meta name=\"robots\" content=\"index, follow, max-snippet:-1, max-image-preview:large, max-video-preview:-1\" \/>\n<link rel=\"canonical\" href=\"https:\/\/www.elcol-legi.org\/w\/es\/mediario-tv\/\" \/>\n<meta property=\"og:locale\" content=\"es_ES\" \/>\n<meta property=\"og:type\" content=\"article\" \/>\n<meta property=\"og:title\" content=\"Mediario Tv - Col-legi de Mediadors d&#039;Assegurances de Barcelona\" \/>\n<meta property=\"og:description\" content=\"[vc_row][vc_column][vc_single_image image=&#8221;5998&#8243; img_size=&#8221;350&#215;100&#8243; alignment=&#8221;center&#8221;][vc_row_inner][vc_column_inner][vc_column_text]El \u00faltimo canal que se ha unido a la estrategia de comunicaci\u00f3n del Col\u00b7legi es Mediario TV, que naci\u00f3 en paralelo a la primera Setmana Mundial Digital de la historia, en noviembre de 2020. En aquella ocasi\u00f3n, la pandemia nos oblig\u00f3 a replantear la manera en la que se celebra el evento\" \/>\n<meta property=\"og:url\" content=\"https:\/\/www.elcol-legi.org\/w\/es\/mediario-tv\/\" \/>\n<meta property=\"og:site_name\" content=\"Col-legi de Mediadors d&#039;Assegurances de Barcelona\" \/>\n<meta property=\"article:modified_time\" content=\"2022-01-04T12:30:24+00:00\" \/>\n<meta name=\"twitter:card\" content=\"summary_large_image\" \/>\n<meta name=\"twitter:label1\" content=\"Tiempo de lectura\" \/>\n\t<meta name=\"twitter:data1\" content=\"1 minuto\" \/>\n<script type=\"application\/ld+json\" class=\"yoast-schema-graph\">{\"@context\":\"https:\\\/\\\/schema.org\",\"@graph\":[{\"@type\":\"WebPage\",\"@id\":\"https:\\\/\\\/www.elcol-legi.org\\\/w\\\/es\\\/mediario-tv\\\/\",\"url\":\"https:\\\/\\\/www.elcol-legi.org\\\/w\\\/es\\\/mediario-tv\\\/\",\"name\":\"Mediario Tv - Col-legi de Mediadors d&#039;Assegurances de Barcelona\",\"isPartOf\":{\"@id\":\"https:\\\/\\\/www.elcol-legi.org\\\/w\\\/es\\\/#website\"},\"datePublished\":\"2021-04-16T10:17:54+00:00\",\"dateModified\":\"2022-01-04T12:30:24+00:00\",\"breadcrumb\":{\"@id\":\"https:\\\/\\\/www.elcol-legi.org\\\/w\\\/es\\\/mediario-tv\\\/#breadcrumb\"},\"inLanguage\":\"es\",\"potentialAction\":[{\"@type\":\"ReadAction\",\"target\":[\"https:\\\/\\\/www.elcol-legi.org\\\/w\\\/es\\\/mediario-tv\\\/\"]}]},{\"@type\":\"BreadcrumbList\",\"@id\":\"https:\\\/\\\/www.elcol-legi.org\\\/w\\\/es\\\/mediario-tv\\\/#breadcrumb\",\"itemListElement\":[{\"@type\":\"ListItem\",\"position\":1,\"name\":\"Inici\",\"item\":\"https:\\\/\\\/www.elcol-legi.org\\\/w\\\/es\\\/\"},{\"@type\":\"ListItem\",\"position\":2,\"name\":\"Mediario Tv\"}]},{\"@type\":\"WebSite\",\"@id\":\"https:\\\/\\\/www.elcol-legi.org\\\/w\\\/es\\\/#website\",\"url\":\"https:\\\/\\\/www.elcol-legi.org\\\/w\\\/es\\\/\",\"name\":\"Col-legi de Mediadors d&#039;Assegurances de Barcelona\",\"description\":\"Support al mediador d&#039;assegurances\",\"potentialAction\":[{\"@type\":\"SearchAction\",\"target\":{\"@type\":\"EntryPoint\",\"urlTemplate\":\"https:\\\/\\\/www.elcol-legi.org\\\/w\\\/es\\\/?s={search_term_string}\"},\"query-input\":{\"@type\":\"PropertyValueSpecification\",\"valueRequired\":true,\"valueName\":\"search_term_string\"}}],\"inLanguage\":\"es\"}]}<\/script>\n<!-- \/ Yoast SEO plugin. -->","yoast_head_json":{"title":"Mediario Tv - Col-legi de Mediadors d&#039;Assegurances de Barcelona","robots":{"index":"index","follow":"follow","max-snippet":"max-snippet:-1","max-image-preview":"max-image-preview:large","max-video-preview":"max-video-preview:-1"},"canonical":"https:\/\/www.elcol-legi.org\/w\/es\/mediario-tv\/","og_locale":"es_ES","og_type":"article","og_title":"Mediario Tv - Col-legi de Mediadors d&#039;Assegurances de Barcelona","og_description":"[vc_row][vc_column][vc_single_image image=&#8221;5998&#8243; img_size=&#8221;350&#215;100&#8243; alignment=&#8221;center&#8221;][vc_row_inner][vc_column_inner][vc_column_text]El \u00faltimo canal que se ha unido a la estrategia de comunicaci\u00f3n del Col\u00b7legi es Mediario TV, que naci\u00f3 en paralelo a la primera Setmana Mundial Digital de la historia, en noviembre de 2020. En aquella ocasi\u00f3n, la pandemia nos oblig\u00f3 a replantear la manera en la que se celebra el evento","og_url":"https:\/\/www.elcol-legi.org\/w\/es\/mediario-tv\/","og_site_name":"Col-legi de Mediadors d&#039;Assegurances de Barcelona","article_modified_time":"2022-01-04T12:30:24+00:00","twitter_card":"summary_large_image","twitter_misc":{"Tiempo de lectura":"1 minuto"},"schema":{"@context":"https:\/\/schema.org","@graph":[{"@type":"WebPage","@id":"https:\/\/www.elcol-legi.org\/w\/es\/mediario-tv\/","url":"https:\/\/www.elcol-legi.org\/w\/es\/mediario-tv\/","name":"Mediario Tv - Col-legi de Mediadors d&#039;Assegurances de Barcelona","isPartOf":{"@id":"https:\/\/www.elcol-legi.org\/w\/es\/#website"},"datePublished":"2021-04-16T10:17:54+00:00","dateModified":"2022-01-04T12:30:24+00:00","breadcrumb":{"@id":"https:\/\/www.elcol-legi.org\/w\/es\/mediario-tv\/#breadcrumb"},"inLanguage":"es","potentialAction":[{"@type":"ReadAction","target":["https:\/\/www.elcol-legi.org\/w\/es\/mediario-tv\/"]}]},{"@type":"BreadcrumbList","@id":"https:\/\/www.elcol-legi.org\/w\/es\/mediario-tv\/#breadcrumb","itemListElement":[{"@type":"ListItem","position":1,"name":"Inici","item":"https:\/\/www.elcol-legi.org\/w\/es\/"},{"@type":"ListItem","position":2,"name":"Mediario Tv"}]},{"@type":"WebSite","@id":"https:\/\/www.elcol-legi.org\/w\/es\/#website","url":"https:\/\/www.elcol-legi.org\/w\/es\/","name":"Col-legi de Mediadors d&#039;Assegurances de Barcelona","description":"Support al mediador d&#039;assegurances","potentialAction":[{"@type":"SearchAction","target":{"@type":"EntryPoint","urlTemplate":"https:\/\/www.elcol-legi.org\/w\/es\/?s={search_term_string}"},"query-input":{"@type":"PropertyValueSpecification","valueRequired":true,"valueName":"search_term_string"}}],"inLanguage":"es"}]}},"_links":{"self":[{"href":"https:\/\/www.elcol-legi.org\/w\/es\/wp-json\/wp\/v2\/pages\/3675","targetHints":{"allow":["GET"]}}],"collection":[{"href":"https:\/\/www.elcol-legi.org\/w\/es\/wp-json\/wp\/v2\/pages"}],"about":[{"href":"https:\/\/www.elcol-legi.org\/w\/es\/wp-json\/wp\/v2\/types\/page"}],"author":[{"embeddable":true,"href":"https:\/\/www.elcol-legi.org\/w\/es\/wp-json\/wp\/v2\/users\/4"}],"replies":[{"embeddable":true,"href":"https:\/\/www.elcol-legi.org\/w\/es\/wp-json\/wp\/v2\/comments?post=3675"}],"version-history":[{"count":6,"href":"https:\/\/www.elcol-legi.org\/w\/es\/wp-json\/wp\/v2\/pages\/3675\/revisions"}],"predecessor-version":[{"id":7509,"href":"https:\/\/www.elcol-legi.org\/w\/es\/wp-json\/wp\/v2\/pages\/3675\/revisions\/7509"}],"wp:attachment":[{"href":"https:\/\/www.elcol-legi.org\/w\/es\/wp-json\/wp\/v2\/media?parent=3675"}],"curies":[{"name":"wp","href":"https:\/\/api.w.org\/{rel}","templated":true}]}}