{"id":5339,"date":"2021-06-03T11:48:08","date_gmt":"2021-06-03T09:48:08","guid":{"rendered":"https:\/\/elcol-legi.org\/w\/colegio\/"},"modified":"2024-02-21T11:50:27","modified_gmt":"2024-02-21T09:50:27","slug":"colegio","status":"publish","type":"page","link":"https:\/\/www.elcol-legi.org\/w\/es\/colegio\/","title":{"rendered":"colegio"},"content":{"rendered":"<div class=\"wpb-content-wrapper\"><p>[vc_section full_width=&#8221;stretch_row&#8221; content_placement=&#8221;middle&#8221; css=&#8221;.vc_custom_1622113955303{background-color: #1b3b72 !important;}&#8221;][vc_row full_width=&#8221;stretch_row&#8221; equal_height=&#8221;yes&#8221;][vc_column width=&#8221;2\/3&#8243;][vc_hoverbox image=&#8221;814&#8243; primary_title=&#8221;Bienvenido&#8221; hover_title=&#8221;CMAB&#8221; hover_align=&#8221;left&#8221; shape=&#8221;square&#8221; hover_background_color=&#8221;white&#8221; align=&#8221;left&#8221; hover_btn_title=&#8221;Quienes somos&#8221; hover_btn_shape=&#8221;square&#8221; hover_btn_color=&#8221;blue&#8221; css_animation=&#8221;bounceInLeft&#8221; hover_add_button=&#8221;true&#8221; hover_btn_link=&#8221;url:https%3A%2F%2Felcol-legi.org%2Fw%2Fes%2Fquienes-somos%2F|&#8221;]<\/p>\n<p style=\"text-align: left;\">El Col\u00b7legi de Mediadors d\u2019Asegurances de Barcelona representa a los profesionales de la distribuci\u00f3n de seguros, agentes y corredores. Con m\u00e1s de ocho d\u00e9cadas de existencia, el Col\u00b7legi es una corporaci\u00f3n de derecho p\u00fablico, y tiene el compromiso de defender los intereses de los mediadores de seguros y tambi\u00e9n de los asegurados, contribuyendo a divulgar en la sociedad los valores de la prevenci\u00f3n y la cultura del seguro.<\/p>\n<p>&nbsp;<\/p>\n<p style=\"text-align: left;\">El Col\u00b7legi est\u00e1 presente en los principales estamentos y entidades de decisi\u00f3n del sector asegurador como la Junta Consultiva del Seguro de la Generalitat de Catalunya, la Junta de Gobierno de la patronal de mediadores AEMES, el Consejo General de Colegios de mediadores de Seguros y el Consell de Col\u00b7legis de Catalunya.<\/p>\n<p>[\/vc_hoverbox][\/vc_column][vc_column width=&#8221;1\/3&#8243;][vc_single_image image=&#8221;5163&#8243; img_size=&#8221;medium&#8221; alignment=&#8221;center&#8221; css_animation=&#8221;bounceInRight&#8221;][vc_column_text css_animation=&#8221;bounceInRight&#8221;]<\/p>\n<p style=\"color: #ffffff;\"><strong>Nuestra historia.<\/strong> Conoce la historia del Col\u00b7legi y la evoluci\u00f3n de la cultura aseguradora en Catalunya y Espa\u00f1a. Una parte esencial de nuestra sociedad.<\/p>\n<p>[\/vc_column_text][vc_btn title=&#8221;M\u00e1s info&#8221; color=&#8221;blue&#8221; size=&#8221;sm&#8221; align=&#8221;center&#8221; css_animation=&#8221;bounceIn&#8221; link=&#8221;url:https%3A%2F%2Felcol-legi.org%2Fw%2Fes%2Fnuestra-historia%2F|title:Nuestra%20historia&#8221;][\/vc_column][\/vc_row][vc_row][vc_column][vc_empty_space height=&#8221;42px&#8221;][\/vc_column][\/vc_row][\/vc_section][vc_section full_width=&#8221;stretch_row&#8221; full_height=&#8221;yes&#8221; content_placement=&#8221;middle&#8221; css=&#8221;.vc_custom_1621355815072{background-color: #f7f7f7 !important;}&#8221;][vc_row full_width=&#8221;stretch_row&#8221;][vc_column][vc_custom_heading stm_title_font_weight=&#8221;300&#8243; text=&#8221;Nuestros asesores, siempre a tu lado&#8221; font_container=&#8221;tag:h1|text_align:center&#8221; use_theme_fonts=&#8221;yes&#8221; subtitle=&#8221;Asesores&#8221;][\/vc_column][\/vc_row][vc_row css_animation=&#8221;bounceIn&#8221;][vc_column][stm_services posts_per_page=&#8221;8&#8243; posts_per_row=&#8221;3&#8243; category=&#8221;assessors&#8221; img_size=&#8221;full&#8221; style=&#8221;style_2&#8243; title_color=&#8221;#494949&#8243;][\/vc_column][\/vc_row][vc_row][vc_column][vc_empty_space height=&#8221;62px&#8221;][\/vc_column][\/vc_row][\/vc_section][vc_section][vc_row][vc_column][vc_custom_heading stm_title_font_weight=&#8221;300&#8243; text=&#8221;Servicios para Colegiados. Pensando en t\u00ed !&#8221; font_container=&#8221;tag:h1|text_align:center&#8221; use_theme_fonts=&#8221;yes&#8221; subtitle=&#8221;Servicios&#8221;][stm_services posts_per_page=&#8221;12&#8243; posts_per_row=&#8221;4&#8243; category=&#8221;serveis&#8221; img_size=&#8221;medium&#8221; style=&#8221;style_2&#8243;][\/vc_column][\/vc_row][\/vc_section][vc_section full_width=&#8221;stretch_row&#8221; content_placement=&#8221;middle&#8221; css=&#8221;.vc_custom_1622044956930{background-color: #1b3b72 !important;}&#8221;][vc_row][vc_column width=&#8221;1\/4&#8243;][vc_icon type=&#8221;entypo&#8221; icon_entypo=&#8221;entypo-icon entypo-icon-users&#8221; color=&#8221;white&#8221; background_style=&#8221;rounded-less-outline&#8221; background_color=&#8221;sky&#8221; size=&#8221;xl&#8221; align=&#8221;center&#8221; css_animation=&#8221;bounceIn&#8221;][vc_empty_space height=&#8221;50px&#8221;][\/vc_column][vc_column width=&#8221;3\/4&#8243;][vc_custom_heading icon_size=&#8221;90&#8243; stm_title_font_weight=&#8221;300&#8243; text=&#8221;La Mediaci\u00f3n en el centro del Col\u00b7legi&#8221; font_container=&#8221;tag:h1|text_align:center|color:%23ffffff&#8221; use_theme_fonts=&#8221;yes&#8221; css_animation=&#8221;bounceIn&#8221; subtitle=&#8221;Pensando en ti.&#8221; subtitle_color=&#8221;#ffffff&#8221;][\/vc_column][\/vc_row][vc_row equal_height=&#8221;yes&#8221;][vc_column width=&#8221;1\/3&#8243;][vc_hoverbox image=&#8221;4353&#8243; primary_title=&#8221;Semana Mundial&#8221; primary_title_font_container=&#8221;color:%23ffffff&#8221; hover_title=&#8221;Setmana Mundial&#8221; hover_btn_title=&#8221;+ info&#8221; hover_btn_color=&#8221;blue&#8221; css_animation=&#8221;bounceInLeft&#8221; use_custom_fonts_primary_title=&#8221;true&#8221; hover_add_button=&#8221;true&#8221; hover_btn_link=&#8221;url:https%3A%2F%2Fsemanamundial.com%2F|title:Semana%20Mundial&#8221;]La Semana Mundial 2023<\/p>\n<p>sigui\u00f3 mirando al futuro.<\/p>\n<p>En esta edici\u00f3n, nos centramos<\/p>\n<p>en conocer los aspectos<\/p>\n<p>m\u00e1s destacados de los vectores<\/p>\n<p>de cambio\u00a0que est\u00e1n<\/p>\n<p>moldeando el mercado[\/vc_hoverbox][\/vc_column][vc_column width=&#8221;1\/3&#8243;][vc_hoverbox image=&#8221;4139&#8243; primary_title=&#8221;Col\u00e9giate&#8221; primary_title_font_container=&#8221;color:%23ffffff&#8221; hover_title=&#8221;\u00bfEst\u00e1s ya colegiado?&#8221; hover_background_color=&#8221;white&#8221; hover_btn_title=&#8221;+ info&#8221; hover_btn_color=&#8221;blue&#8221; css_animation=&#8221;bounceIn&#8221; use_custom_fonts_primary_title=&#8221;true&#8221; hover_add_button=&#8221;true&#8221; hover_btn_link=&#8221;url:https%3A%2F%2Felcol-legi.org%2Fw%2Fes%2Fcolegiate%2F|title:Col%C3%A9giate!!!&#8221;]Aprovecha la oportunidad . Es un procedimiento r\u00e1pido y sencillo que te proporcionar\u00e1 muchos beneficios y contribuir\u00e1s a fortalecer nuestra profesi\u00f3n ante las administraciones y el resto del sector. Benef\u00edciate de condiciones muy favorables de formaci\u00f3n de calidad y de las asesor\u00edas que est\u00e1n a disposici\u00f3n, sin coste a\u00f1adido.[\/vc_hoverbox][\/vc_column][vc_column width=&#8221;1\/3&#8243;][vc_hoverbox image=&#8221;1098&#8243; primary_title=&#8221;Listado de Mediadores&#8221; primary_title_font_container=&#8221;color:%23ffffff&#8221; hover_title=&#8221;Buscas un Mediador?&#8221; hover_background_color=&#8221;white&#8221; hover_btn_title=&#8221;Ir al buscador&#8221; hover_btn_color=&#8221;blue&#8221; css_animation=&#8221;bounceInRight&#8221; use_custom_fonts_primary_title=&#8221;true&#8221; hover_add_button=&#8221;true&#8221; hover_btn_link=&#8221;url:https%3A%2F%2Fformacion.fundacionauditorium.org%2Fcolegiados%2Fcolegiados2%20&#8243;]Aqu\u00ed lo encontrar\u00e1s.<\/p>\n<p>Accede a la BBDD donde figuran todos<br \/>\nlos agentes y corredores colegiados en Barcelona.<\/p>\n<p>La colegiaci\u00f3n es una garant\u00eda del<br \/>\ncompromiso y la vocaci\u00f3n de servicio<br \/>\nde los profesionales<br \/>\ncon la sociedad.[\/vc_hoverbox][\/vc_column][\/vc_row][vc_row][vc_column][vc_empty_space height=&#8221;82px&#8221;][\/vc_column][\/vc_row][\/vc_section][vc_section full_height=&#8221;yes&#8221; content_placement=&#8221;middle&#8221; css=&#8221;.vc_custom_1621188781044{margin-top: 30px !important;margin-bottom: 30px !important;}&#8221;][vc_row][vc_column][vc_custom_heading icon=&#8221;stm-stm14_country&#8221; icon_size=&#8221;90&#8243; stm_title_font_weight=&#8221;300&#8243; text=&#8221;Actualidad&#8221; font_container=&#8221;tag:h1|text_align:center&#8221; use_theme_fonts=&#8221;yes&#8221; subtitle=&#8221;\u00daltimas publicaciones&#8221;][vc_empty_space height=&#8221;82px&#8221;][\/vc_column][\/vc_row][vc_row equal_height=&#8221;yes&#8221; content_placement=&#8221;middle&#8221;][vc_column][vc_basic_grid post_type=&#8221;post&#8221; max_items=&#8221;12&#8243; style=&#8221;pagination&#8221; items_per_page=&#8221;6&#8243; item=&#8221;basicGrid_SlideBottomWithIcon&#8221; grid_id=&#8221;vc_gid:1708508738866-a76daa5d-e80e-1&#8243;][\/vc_column][\/vc_row][\/vc_section][vc_section css=&#8221;.vc_custom_1620845428307{margin-top: 30px !important;margin-bottom: 30px !important;}&#8221;][vc_row][vc_column][stm_sidebar sidebar=&#8221;3965&#8243;][\/vc_column][\/vc_row][\/vc_section]<\/p>\n<\/div>","protected":false},"excerpt":{"rendered":"<p>[vc_section full_width=&#8221;stretch_row&#8221; content_placement=&#8221;middle&#8221; css=&#8221;.vc_custom_1622113955303{background-color: #1b3b72 !important;}&#8221;][vc_row full_width=&#8221;stretch_row&#8221; equal_height=&#8221;yes&#8221;][vc_column width=&#8221;2\/3&#8243;][vc_hoverbox image=&#8221;814&#8243; primary_title=&#8221;Bienvenido&#8221; hover_title=&#8221;CMAB&#8221; hover_align=&#8221;left&#8221; shape=&#8221;square&#8221; hover_background_color=&#8221;white&#8221; align=&#8221;left&#8221; hover_btn_title=&#8221;Quienes somos&#8221; hover_btn_shape=&#8221;square&#8221; hover_btn_color=&#8221;blue&#8221; css_animation=&#8221;bounceInLeft&#8221; hover_add_button=&#8221;true&#8221; hover_btn_link=&#8221;url:https%3A%2F%2Felcol-legi.org%2Fw%2Fes%2Fquienes-somos%2F|&#8221;] El Col\u00b7legi de Mediadors d\u2019Asegurances de Barcelona representa a los profesionales de la distribuci\u00f3n de seguros, agentes y corredores. Con m\u00e1s de ocho d\u00e9cadas de existencia, el Col\u00b7legi es una corporaci\u00f3n de<\/p>\n","protected":false},"author":1,"featured_media":0,"parent":0,"menu_order":0,"comment_status":"closed","ping_status":"closed","template":"elementor_theme","meta":{"footnotes":""},"class_list":["post-5339","page","type-page","status-publish","hentry"],"yoast_head":"<!-- This site is optimized with the Yoast SEO plugin v27.5 - https:\/\/yoast.com\/product\/yoast-seo-wordpress\/ -->\n<title>colegio - Col-legi de Mediadors d&#039;Assegurances de Barcelona<\/title>\n<meta name=\"robots\" content=\"index, follow, max-snippet:-1, max-image-preview:large, max-video-preview:-1\" \/>\n<link rel=\"canonical\" href=\"https:\/\/www.elcol-legi.org\/w\/es\/colegio\/\" \/>\n<meta property=\"og:locale\" content=\"es_ES\" \/>\n<meta property=\"og:type\" content=\"article\" \/>\n<meta property=\"og:title\" content=\"colegio - Col-legi de Mediadors d&#039;Assegurances de Barcelona\" \/>\n<meta property=\"og:description\" content=\"[vc_section full_width=&#8221;stretch_row&#8221; content_placement=&#8221;middle&#8221; css=&#8221;.vc_custom_1622113955303{background-color: #1b3b72 !important;}&#8221;][vc_row full_width=&#8221;stretch_row&#8221; equal_height=&#8221;yes&#8221;][vc_column width=&#8221;2\/3&#8243;][vc_hoverbox image=&#8221;814&#8243; primary_title=&#8221;Bienvenido&#8221; hover_title=&#8221;CMAB&#8221; hover_align=&#8221;left&#8221; shape=&#8221;square&#8221; hover_background_color=&#8221;white&#8221; align=&#8221;left&#8221; hover_btn_title=&#8221;Quienes somos&#8221; hover_btn_shape=&#8221;square&#8221; hover_btn_color=&#8221;blue&#8221; css_animation=&#8221;bounceInLeft&#8221; hover_add_button=&#8221;true&#8221; hover_btn_link=&#8221;url:https%3A%2F%2Felcol-legi.org%2Fw%2Fes%2Fquienes-somos%2F|&#8221;] El Col\u00b7legi de Mediadors d\u2019Asegurances de Barcelona representa a los profesionales de la distribuci\u00f3n de seguros, agentes y corredores. Con m\u00e1s de ocho d\u00e9cadas de existencia, el Col\u00b7legi es una corporaci\u00f3n de\" \/>\n<meta property=\"og:url\" content=\"https:\/\/www.elcol-legi.org\/w\/es\/colegio\/\" \/>\n<meta property=\"og:site_name\" content=\"Col-legi de Mediadors d&#039;Assegurances de Barcelona\" \/>\n<meta property=\"article:modified_time\" content=\"2024-02-21T09:50:27+00:00\" \/>\n<meta name=\"twitter:card\" content=\"summary_large_image\" \/>\n<meta name=\"twitter:label1\" content=\"Tiempo de lectura\" \/>\n\t<meta name=\"twitter:data1\" content=\"4 minutos\" \/>\n<script type=\"application\/ld+json\" class=\"yoast-schema-graph\">{\"@context\":\"https:\\\/\\\/schema.org\",\"@graph\":[{\"@type\":\"WebPage\",\"@id\":\"https:\\\/\\\/www.elcol-legi.org\\\/w\\\/es\\\/colegio\\\/\",\"url\":\"https:\\\/\\\/www.elcol-legi.org\\\/w\\\/es\\\/colegio\\\/\",\"name\":\"colegio - Col-legi de Mediadors d&#039;Assegurances de Barcelona\",\"isPartOf\":{\"@id\":\"https:\\\/\\\/www.elcol-legi.org\\\/w\\\/es\\\/#website\"},\"datePublished\":\"2021-06-03T09:48:08+00:00\",\"dateModified\":\"2024-02-21T09:50:27+00:00\",\"breadcrumb\":{\"@id\":\"https:\\\/\\\/www.elcol-legi.org\\\/w\\\/es\\\/colegio\\\/#breadcrumb\"},\"inLanguage\":\"es\",\"potentialAction\":[{\"@type\":\"ReadAction\",\"target\":[\"https:\\\/\\\/www.elcol-legi.org\\\/w\\\/es\\\/colegio\\\/\"]}]},{\"@type\":\"BreadcrumbList\",\"@id\":\"https:\\\/\\\/www.elcol-legi.org\\\/w\\\/es\\\/colegio\\\/#breadcrumb\",\"itemListElement\":[{\"@type\":\"ListItem\",\"position\":1,\"name\":\"Inici\",\"item\":\"https:\\\/\\\/www.elcol-legi.org\\\/w\\\/es\\\/\"},{\"@type\":\"ListItem\",\"position\":2,\"name\":\"colegio\"}]},{\"@type\":\"WebSite\",\"@id\":\"https:\\\/\\\/www.elcol-legi.org\\\/w\\\/es\\\/#website\",\"url\":\"https:\\\/\\\/www.elcol-legi.org\\\/w\\\/es\\\/\",\"name\":\"Col-legi de Mediadors d&#039;Assegurances de Barcelona\",\"description\":\"Support al mediador d&#039;assegurances\",\"potentialAction\":[{\"@type\":\"SearchAction\",\"target\":{\"@type\":\"EntryPoint\",\"urlTemplate\":\"https:\\\/\\\/www.elcol-legi.org\\\/w\\\/es\\\/?s={search_term_string}\"},\"query-input\":{\"@type\":\"PropertyValueSpecification\",\"valueRequired\":true,\"valueName\":\"search_term_string\"}}],\"inLanguage\":\"es\"}]}<\/script>\n<!-- \/ Yoast SEO plugin. -->","yoast_head_json":{"title":"colegio - Col-legi de Mediadors d&#039;Assegurances de Barcelona","robots":{"index":"index","follow":"follow","max-snippet":"max-snippet:-1","max-image-preview":"max-image-preview:large","max-video-preview":"max-video-preview:-1"},"canonical":"https:\/\/www.elcol-legi.org\/w\/es\/colegio\/","og_locale":"es_ES","og_type":"article","og_title":"colegio - Col-legi de Mediadors d&#039;Assegurances de Barcelona","og_description":"[vc_section full_width=&#8221;stretch_row&#8221; content_placement=&#8221;middle&#8221; css=&#8221;.vc_custom_1622113955303{background-color: #1b3b72 !important;}&#8221;][vc_row full_width=&#8221;stretch_row&#8221; equal_height=&#8221;yes&#8221;][vc_column width=&#8221;2\/3&#8243;][vc_hoverbox image=&#8221;814&#8243; primary_title=&#8221;Bienvenido&#8221; hover_title=&#8221;CMAB&#8221; hover_align=&#8221;left&#8221; shape=&#8221;square&#8221; hover_background_color=&#8221;white&#8221; align=&#8221;left&#8221; hover_btn_title=&#8221;Quienes somos&#8221; hover_btn_shape=&#8221;square&#8221; hover_btn_color=&#8221;blue&#8221; css_animation=&#8221;bounceInLeft&#8221; hover_add_button=&#8221;true&#8221; hover_btn_link=&#8221;url:https%3A%2F%2Felcol-legi.org%2Fw%2Fes%2Fquienes-somos%2F|&#8221;] El Col\u00b7legi de Mediadors d\u2019Asegurances de Barcelona representa a los profesionales de la distribuci\u00f3n de seguros, agentes y corredores. Con m\u00e1s de ocho d\u00e9cadas de existencia, el Col\u00b7legi es una corporaci\u00f3n de","og_url":"https:\/\/www.elcol-legi.org\/w\/es\/colegio\/","og_site_name":"Col-legi de Mediadors d&#039;Assegurances de Barcelona","article_modified_time":"2024-02-21T09:50:27+00:00","twitter_card":"summary_large_image","twitter_misc":{"Tiempo de lectura":"4 minutos"},"schema":{"@context":"https:\/\/schema.org","@graph":[{"@type":"WebPage","@id":"https:\/\/www.elcol-legi.org\/w\/es\/colegio\/","url":"https:\/\/www.elcol-legi.org\/w\/es\/colegio\/","name":"colegio - Col-legi de Mediadors d&#039;Assegurances de Barcelona","isPartOf":{"@id":"https:\/\/www.elcol-legi.org\/w\/es\/#website"},"datePublished":"2021-06-03T09:48:08+00:00","dateModified":"2024-02-21T09:50:27+00:00","breadcrumb":{"@id":"https:\/\/www.elcol-legi.org\/w\/es\/colegio\/#breadcrumb"},"inLanguage":"es","potentialAction":[{"@type":"ReadAction","target":["https:\/\/www.elcol-legi.org\/w\/es\/colegio\/"]}]},{"@type":"BreadcrumbList","@id":"https:\/\/www.elcol-legi.org\/w\/es\/colegio\/#breadcrumb","itemListElement":[{"@type":"ListItem","position":1,"name":"Inici","item":"https:\/\/www.elcol-legi.org\/w\/es\/"},{"@type":"ListItem","position":2,"name":"colegio"}]},{"@type":"WebSite","@id":"https:\/\/www.elcol-legi.org\/w\/es\/#website","url":"https:\/\/www.elcol-legi.org\/w\/es\/","name":"Col-legi de Mediadors d&#039;Assegurances de Barcelona","description":"Support al mediador d&#039;assegurances","potentialAction":[{"@type":"SearchAction","target":{"@type":"EntryPoint","urlTemplate":"https:\/\/www.elcol-legi.org\/w\/es\/?s={search_term_string}"},"query-input":{"@type":"PropertyValueSpecification","valueRequired":true,"valueName":"search_term_string"}}],"inLanguage":"es"}]}},"_links":{"self":[{"href":"https:\/\/www.elcol-legi.org\/w\/es\/wp-json\/wp\/v2\/pages\/5339","targetHints":{"allow":["GET"]}}],"collection":[{"href":"https:\/\/www.elcol-legi.org\/w\/es\/wp-json\/wp\/v2\/pages"}],"about":[{"href":"https:\/\/www.elcol-legi.org\/w\/es\/wp-json\/wp\/v2\/types\/page"}],"author":[{"embeddable":true,"href":"https:\/\/www.elcol-legi.org\/w\/es\/wp-json\/wp\/v2\/users\/1"}],"replies":[{"embeddable":true,"href":"https:\/\/www.elcol-legi.org\/w\/es\/wp-json\/wp\/v2\/comments?post=5339"}],"version-history":[{"count":24,"href":"https:\/\/www.elcol-legi.org\/w\/es\/wp-json\/wp\/v2\/pages\/5339\/revisions"}],"predecessor-version":[{"id":21491,"href":"https:\/\/www.elcol-legi.org\/w\/es\/wp-json\/wp\/v2\/pages\/5339\/revisions\/21491"}],"wp:attachment":[{"href":"https:\/\/www.elcol-legi.org\/w\/es\/wp-json\/wp\/v2\/media?parent=5339"}],"curies":[{"name":"wp","href":"https:\/\/api.w.org\/{rel}","templated":true}]}}