{"id":6215,"date":"2021-07-07T15:33:30","date_gmt":"2021-07-07T13:33:30","guid":{"rendered":"https:\/\/elcol-legi.org\/w\/colegiate\/"},"modified":"2026-01-30T16:04:04","modified_gmt":"2026-01-30T14:04:04","slug":"colegiate","status":"publish","type":"page","link":"https:\/\/www.elcol-legi.org\/w\/es\/colegiate\/","title":{"rendered":"\u00a1Col\u00e9giate!"},"content":{"rendered":"<div class=\"wpb-content-wrapper\"><p>[vc_row][vc_column][vc_column_text]<\/p>\n<h4>Selecciona la opci\u00f3n para ver los requisitos para Colegiarte<\/h4>\n<p>[\/vc_column_text][stm_spacing lg_spacing=&#8221;15&#8243; md_spacing=&#8221;15&#8243; sm_spacing=&#8221;15&#8243; xs_spacing=&#8221;15&#8243;][\/vc_column][\/vc_row][vc_row][vc_column][vc_tta_tour color=&#8221;blue&#8221; active_section=&#8221;&#8221;][vc_tta_section title=&#8221;Agente Exclusivo Persona F\u00edsica&#8221; tab_id=&#8221;1624363270803-8a5caa55-477a&#8221;][vc_column_text css=&#8221;&#8221;]<strong>El colegiado es la persona f\u00edsica, inscrita en el registro de la Direcci\u00f3n General de Seguros, como agente exclusivo, que \u00fanicamente trabaja para una compa\u00f1\u00eda.<\/strong>[\/vc_column_text][vc_column_text css_animation=&#8221;fadeInLeft&#8221;]<\/p>\n<h4>Requisitos de inscripci\u00f3n<\/h4>\n<p>1.- Cumplimentar la solicitud de inscripci\u00f3n en el Col\u00b7legi.<\/p>\n<p>2.- Fotocopia del D.N.I.<\/p>\n<p>3.- Una fotograf\u00eda medida carnet en formato jpg para poder hacer el carnet colegial.[\/vc_column_text][vc_column_text css_animation=&#8221;fadeInLeft&#8221; css=&#8221;&#8221;]<\/p>\n<h4>Precio<\/h4>\n<p>Derechos de entrada: 150 \u20ac<\/p>\n<p>Quota Semestral : 258,47 \u20ac[\/vc_column_text][\/vc_tta_section][vc_tta_section title=&#8221;Agente Exclusivo Persona Jur\u00eddica&#8221; tab_id=&#8221;1624363641577-fde2290e-a7f4&#8243;][vc_column_text css=&#8221;&#8221;]<strong>El colegiado es la persona f\u00edsica que constituye una sociedad, inscrita en el registro de la Direcci\u00f3n General de Seguros, como agencia exclusiva, y que \u00fanicamente trabaja para una compa\u00f1\u00eda.<\/strong>[\/vc_column_text][vc_column_text css_animation=&#8221;fadeInLeft&#8221;]<\/p>\n<div class=\"wpb_text_column wpb_content_element wpb_animate_when_almost_visible wpb_fadeInLeft fadeInLeft wpb_start_animation animated\">\n<div class=\"wpb_wrapper\">\n<h4>Requisitos de inscripci\u00f3n<\/h4>\n<p>1.- Cumplimentar la solicitud de inscripci\u00f3n en el Col\u00b7legi.<\/p>\n<p>2.- Fotocopia del D.N.I.<\/p>\n<p>3.- Una fotograf\u00eda medida carnet en formato jpg para poder hacer el carnet colegial.<\/p>\n<p>4.- Fotocopia de la escritura de Constituci\u00f3n de la Sociedad, debidamente inscrita en el Registro Mercantil (Por las 2 caras)<\/p>\n<\/div>\n<\/div>\n<p>[\/vc_column_text][vc_column_text css_animation=&#8221;fadeInLeft&#8221; css=&#8221;&#8221;]<\/p>\n<h4>Precio<\/h4>\n<p>Derechos de entrada: 150 \u20ac<\/p>\n<p>Quota Semestral : 258,47 \u20ac[\/vc_column_text][\/vc_tta_section][vc_tta_section title=&#8221;Agente Vinculado Persona F\u00edsica&#8221; tab_id=&#8221;1624363640390-78d3b51f-e1ee&#8221;][vc_column_text css=&#8221;&#8221;]<strong>El colegiado es la persona f\u00edsica que posee el t\u00edtulo de Nivel 2 y dispone de la autorizaci\u00f3n para ejercer como agente de seguros vinculado.<\/strong>[\/vc_column_text][vc_column_text css_animation=&#8221;fadeInLeft&#8221;]<\/p>\n<div class=\"wpb_text_column wpb_content_element wpb_animate_when_almost_visible wpb_fadeInLeft fadeInLeft wpb_start_animation animated\">\n<div class=\"wpb_wrapper\">\n<h4>Requisitos de entrada<\/h4>\n<p>1.- Inscripci\u00f3n en el Registro de Mediadores correspondiente.<\/p>\n<p>2.- Cumplimentar la solicitud de inscripci\u00f3n en el Col\u00b7legi.<\/p>\n<p>3.-Fotocopia del D.N.I.<\/p>\n<p>4.- Una fotografia medida carnet en formato jpg para poder hacer el carnet colegial.<\/p>\n<p>5.- Copia certificaci\u00f3n nivel I (t\u00edtulo mediador\/Grupo A).<\/p>\n<\/div>\n<\/div>\n<p>[\/vc_column_text][vc_column_text css_animation=&#8221;fadeInLeft&#8221; css=&#8221;&#8221;]<\/p>\n<h4>Precio<\/h4>\n<p>Derechos de entrada: 150 \u20ac<\/p>\n<p>Cuota Semestral : 322,28 \u20ac[\/vc_column_text][\/vc_tta_section][vc_tta_section title=&#8221;Agente Vinculado Persona Jur\u00eddica&#8221; tab_id=&#8221;1624363638869-fef8e7ab-72e9&#8243;][vc_column_text css=&#8221;&#8221;]<strong>El colegiado es la persona f\u00edsica que posee el t\u00edtulo de Nivel 2 y cuenta con la autorizaci\u00f3n para ejercer como agencia de seguros vinculada.<\/strong>[\/vc_column_text][vc_column_text css_animation=&#8221;fadeInLeft&#8221;]<\/p>\n<div class=\"wpb_text_column wpb_content_element wpb_animate_when_almost_visible wpb_fadeInLeft fadeInLeft wpb_start_animation animated\">\n<div class=\"wpb_wrapper\">\n<h4>Requisitos de entrada<\/h4>\n<p>1.- Cumplimentar la solicitud de inscripci\u00f3n en el Col\u00b7legi.<\/p>\n<p>2.- Fotocopia del D.N.I.<\/p>\n<p>3.- Una fotografia medida carnet en formato jpg para poder hacer el carnet colegial.<\/p>\n<\/div>\n<\/div>\n<p>[\/vc_column_text][vc_column_text css_animation=&#8221;fadeInLeft&#8221; css=&#8221;&#8221;]<\/p>\n<h4>Precio<\/h4>\n<p>Derechos de entrada: 150 \u20ac<\/p>\n<p>Cuota Semestral: 366,14 \u20ac[\/vc_column_text][\/vc_tta_section][vc_tta_section title=&#8221;Corredor Persona F\u00edsica&#8221; tab_id=&#8221;1625061691988-43838b11-a65a&#8221;][vc_column_text css=&#8221;&#8221;]<strong>El colegiado es la persona f\u00edsica que posee el t\u00edtulo de mediador y cuenta con la autorizaci\u00f3n para ejercer como corredor de seguros.<\/strong>[\/vc_column_text][vc_column_text css_animation=&#8221;fadeInLeft&#8221;]<\/p>\n<div class=\"wpb_text_column wpb_content_element wpb_animate_when_almost_visible wpb_fadeInLeft fadeInLeft wpb_start_animation animated\">\n<div class=\"wpb_wrapper\">\n<h4>Requisitos de entrada<\/h4>\n<p>1.- Inscripci\u00f3n en el Registro de Mediadores correspondiente.<\/p>\n<p>2.- Cumplimentar la solicitud de inscripci\u00f3n en el Col\u00b7legi.<\/p>\n<p>3.-Fotocopia del D.N.I.<\/p>\n<p>4.- Una fotografia medida carnet en formato jpg para poder hacer el carnet colegial.<\/p>\n<p>5.- Copia certificaci\u00f3n nivel I (t\u00edtulo mediador\/Grupo A).<\/p>\n<\/div>\n<\/div>\n<p>[\/vc_column_text][vc_column_text css_animation=&#8221;fadeInLeft&#8221; css=&#8221;&#8221;]<\/p>\n<h4>Precio<\/h4>\n<p>Derechos de entrada: 150 \u20ac<\/p>\n<p>Cuota Semestral: 322,28 \u20ac[\/vc_column_text][\/vc_tta_section][vc_tta_section title=&#8221;Corredor Persona Jur\u00eddica&#8221; tab_id=&#8221;1625061760141-6f5926e9-23cd&#8221;][vc_column_text css=&#8221;&#8221;]<strong>El colegiado es la persona f\u00edsica, en posesi\u00f3n del t\u00edtulo de Mediador, que constituye una sociedad y que cuenta con la autorizaci\u00f3n para ejercer como corredur\u00eda de seguros.<\/strong>[\/vc_column_text][vc_column_text css_animation=&#8221;fadeInLeft&#8221;]<\/p>\n<div class=\"wpb_text_column wpb_content_element wpb_animate_when_almost_visible wpb_fadeInLeft fadeInLeft wpb_start_animation animated\">\n<div class=\"wpb_wrapper\">\n<h4>Requisitos de entrada<\/h4>\n<p>1.- Inscripci\u00f3n en el Registro de Mediadores corresponendiente.<\/p>\n<p>2.- Cumplimentar la solicitud de inscripci\u00f3n en el Col\u00b7legi.<\/p>\n<p>3.- Fotocopia del D.N.I.<\/p>\n<p>4.- Una fotografia medida carnet en formato jpg para poder hacer el carnet colegial.<\/p>\n<p>5.- Copia certificaci\u00f3n nivel I (t\u00edtulo mediador\/Grupo A).<\/p>\n<p>6.- Fotocopia de la escritura de Constituci\u00f3n de la Sociedad, debidamente inscrita en el Registro Mercantil (Por las 2 caras)<\/p>\n<\/div>\n<\/div>\n<p>[\/vc_column_text][vc_column_text css_animation=&#8221;fadeInLeft&#8221; css=&#8221;&#8221;]<\/p>\n<h4>Precio<\/h4>\n<p>Derechos de entrada: 150 \u20ac<\/p>\n<p>Cuota Semestral: 366,14 \u20ac[\/vc_column_text][\/vc_tta_section][vc_tta_section title=&#8221;No Ejerciente&#8221; tab_id=&#8221;1625061857287-9a1491ba-39a7&#8243;][vc_column_text css=&#8221;&#8221;]<strong>El colegiado es la persona f\u00edsica que actualmente no ejerce la profesi\u00f3n, pero que desea mantenerse al d\u00eda en el sector asegurador.<\/strong>[\/vc_column_text][vc_column_text css_animation=&#8221;fadeInLeft&#8221;]<\/p>\n<div class=\"wpb_text_column wpb_content_element wpb_animate_when_almost_visible wpb_fadeInLeft fadeInLeft wpb_start_animation animated\">\n<div class=\"wpb_wrapper\">\n<h4>Requisitos de inscripci\u00f3n<\/h4>\n<p>1.- Cumplimentar la solicitud de inscripci\u00f3n en el Col\u00b7legi.<\/p>\n<p>2.- Fotocopia del D.N.I.<\/p>\n<p>3.- Una fotograf\u00eda medida carnet en formato jpg para poder hacer el carnet colegial.<\/p>\n<\/div>\n<\/div>\n<p>[\/vc_column_text][vc_column_text css_animation=&#8221;fadeInLeft&#8221; css=&#8221;&#8221;]<\/p>\n<h4>Precio<\/h4>\n<p>Derechos de entrada: 150 \u20ac<\/p>\n<p>Cuota Semestral: 119,39 \u20ac[\/vc_column_text][\/vc_tta_section][vc_tta_section title=&#8221;2a Colegiaci\u00f3n&#8221; tab_id=&#8221;1769525455160-8af0d026-c679&#8243;][vc_column_text css=&#8221;&#8221;]<strong>Categor\u00eda destinada a colegiados\/as que dejan de ejercer como personas f\u00edsicas o jur\u00eddicas independientes, pero que desean mantener el v\u00ednculo profesional e institucional con el Colegio.<\/strong>[\/vc_column_text][vc_column_text css_animation=&#8221;fadeInLeft&#8221;]<\/p>\n<div class=\"wpb_text_column wpb_content_element wpb_animate_when_almost_visible wpb_fadeInLeft fadeInLeft wpb_start_animation animated\">\n<div class=\"wpb_wrapper\">\n<h4>Requisitos de inscripci\u00f3n<\/h4>\n<p>1.- Cumplimentar la solicitud de inscripci\u00f3n en el Col\u00b7legi.<\/p>\n<p>2.- Fotocopia del D.N.I.<\/p>\n<p>3.- Una fotograf\u00eda medida carnet en formato jpg para poder hacer el carnet colegial.<\/p>\n<\/div>\n<\/div>\n<p>[\/vc_column_text][vc_column_text css_animation=&#8221;fadeInLeft&#8221; css=&#8221;&#8221;]<\/p>\n<h4>Precio<\/h4>\n<p>Derechos de entrada: 150 \u20ac<\/p>\n<p>Cuota Semestral: 119,39 \u20ac[\/vc_column_text][\/vc_tta_section][vc_tta_section title=&#8221;Emprendedor&#8221; tab_id=&#8221;1769525738164-76dc668d-c0c0&#8243;][vc_column_text css=&#8221;&#8221;]<strong>Categor\u00eda para personas que ya poseen la titulaci\u00f3n y se colegian para tramitar la autorizaci\u00f3n como corredor\/a o agente vinculado\/a.<\/strong>[\/vc_column_text][vc_column_text css_animation=&#8221;fadeInLeft&#8221;]<\/p>\n<div class=\"wpb_text_column wpb_content_element wpb_animate_when_almost_visible wpb_fadeInLeft fadeInLeft wpb_start_animation animated\">\n<div class=\"wpb_wrapper\">\n<h4>Requisitos de inscripci\u00f3n<\/h4>\n<p>1.- Cumplimentar la solicitud de inscripci\u00f3n en el Col\u00b7legi.<\/p>\n<p>2.- Fotocopia del D.N.I.<\/p>\n<p>3.- Una fotograf\u00eda medida carnet en formato jpg para poder hacer el carnet colegial.<\/p>\n<\/div>\n<\/div>\n<p>[\/vc_column_text][vc_column_text css_animation=&#8221;fadeInLeft&#8221; css=&#8221;&#8221;]<\/p>\n<h4>Precio<\/h4>\n<p>Derechos de entrada: 150 \u20ac<\/p>\n<p>Cuota Semestral: 119,39 \u20ac[\/vc_column_text][\/vc_tta_section][vc_tta_section title=&#8221;Estudiante&#8221; tab_id=&#8221;1769525756036-0503fe8a-de9e&#8221;][vc_column_text css=&#8221;&#8221;]<strong>Mientras est\u00e9n cursando los estudios, disponen de 25 horas de formaci\u00f3n continua gratuita.<\/strong><\/p>\n<ul>\n<li><strong>Ventaja destacada: 25 h de formaci\u00f3n continua gratuita (durante el curso).<\/strong><\/li>\n<\/ul>\n<p>[\/vc_column_text][vc_column_text css_animation=&#8221;fadeInLeft&#8221;]<\/p>\n<div class=\"wpb_text_column wpb_content_element wpb_animate_when_almost_visible wpb_fadeInLeft fadeInLeft wpb_start_animation animated\">\n<div class=\"wpb_wrapper\">\n<h4>Requisitos de inscripci\u00f3n<\/h4>\n<p>1.- Cumplimentar la solicitud de inscripci\u00f3n en el Col\u00b7legi.<\/p>\n<p>2.- Fotocopia del D.N.I.<\/p>\n<p>3.- Una fotograf\u00eda medida carnet en formato jpg para poder hacer el carnet colegial.<\/p>\n<\/div>\n<\/div>\n<p>[\/vc_column_text][vc_column_text css_animation=&#8221;fadeInLeft&#8221; css=&#8221;&#8221;]<\/p>\n<h4>Precio<\/h4>\n<p>Derechos de entrada: 150 \u20ac<\/p>\n<p>Cuota Semestral: 119,39 \u20ac[\/vc_column_text][\/vc_tta_section][vc_tta_section title=&#8221;Oferta Agentes&#8221; tab_id=&#8221;1769525774008-993f23e6-e9c0&#8243;][vc_column_text css_animation=&#8221;fadeInLeft&#8221; css=&#8221;&#8221;]<\/p>\n<div class=\"wpb_text_column wpb_content_element wpb_animate_when_almost_visible wpb_fadeInLeft fadeInLeft wpb_start_animation animated\">\n<div class=\"wpb_wrapper\">\n<h4>El objetivo esta propuesta es contribuir a mejorar las competencias y el desarrollo profesional de los agentes, as\u00ed como su reconocimiento como expertos en seguros.<\/h4>\n<h4>Requisitos de inscripci\u00f3n<\/h4>\n<p>1.- Cumplimentar la solicitud de inscripci\u00f3n en el Col\u00b7legi.<\/p>\n<p>2.- Fotocopia del D.N.I.<\/p>\n<p>3.- Una fotograf\u00eda medida carnet en formato jpg para poder hacer el carnet colegial.<\/p>\n<\/div>\n<\/div>\n<p>[\/vc_column_text][vc_column_text css_animation=&#8221;fadeInLeft&#8221; css=&#8221;&#8221;]<\/p>\n<h4>Precio<\/h4>\n<p>Derechos de entrada: 150 \u20ac<\/p>\n<p>Cuota Semestral: 119,39 \u20ac[\/vc_column_text][\/vc_tta_section][\/vc_tta_tour][stm_spacing lg_spacing=&#8221;25&#8243; md_spacing=&#8221;25&#8243; sm_spacing=&#8221;25&#8243; xs_spacing=&#8221;25&#8243;][\/vc_column][\/vc_row][vc_row][vc_column][vc_custom_heading text=&#8221;\u00a1Quiero colegiarme!&#8221; css=&#8221;&#8221;][vc_btn title=&#8221;Desc\u00e1rgate aqu\u00ed la solicitud de inscripci\u00f3n del Colegio&#8221; color=&#8221;blue&#8221; css=&#8221;&#8221; link=&#8221;url:https%3A%2F%2Fwww.elcol-legi.org%2Fw%2Fdownload%2Fexpedient-de-collegiacio%2F|&#8221;][stm_spacing lg_spacing=&#8221;10&#8243; md_spacing=&#8221;10&#8243; sm_spacing=&#8221;10&#8243; xs_spacing=&#8221;10&#8243;][vc_column_text css=&#8221;&#8221;]<\/p>\n<h4>Ya est\u00e1s a punto de ser colegiado\/a!<\/h4>\n<p>[\/vc_column_text][vc_btn title=&#8221;Envia&#8217;ns aqu\u00ed el pdf!&#8221; color=&#8221;blue&#8221; css_animation=&#8221;none&#8221; link=&#8221;url:mailto%3A%20montse.ferrer%40elcol-legi.org|&#8221;][\/vc_column][\/vc_row][vc_row][vc_column][stm_spacing lg_spacing=&#8221;15&#8243; md_spacing=&#8221;15&#8243; sm_spacing=&#8221;15&#8243; xs_spacing=&#8221;15&#8243;][vc_column_text css=&#8221;&#8221;]<\/p>\n<h5>\u00bfTe podemos ayudar en alguna cosa?<\/h5>\n<p>[\/vc_column_text]\n<div class=\"wpcf7 no-js\" id=\"wpcf7-f8054-o1\" lang=\"ca\" dir=\"ltr\" data-wpcf7-id=\"8054\">\n<div class=\"screen-reader-response\"><p role=\"status\" aria-live=\"polite\" aria-atomic=\"true\"><\/p> <ul><\/ul><\/div>\n<form action=\"\/w\/es\/wp-json\/wp\/v2\/pages\/6215#wpcf7-f8054-o1\" method=\"post\" class=\"wpcf7-form init\" aria-label=\"Formulari de contacte\" novalidate=\"novalidate\" data-status=\"init\">\n<fieldset class=\"hidden-fields-container\"><input type=\"hidden\" name=\"_wpcf7\" value=\"8054\" \/><input type=\"hidden\" name=\"_wpcf7_version\" value=\"6.1.5\" \/><input type=\"hidden\" name=\"_wpcf7_locale\" value=\"ca\" \/><input type=\"hidden\" name=\"_wpcf7_unit_tag\" value=\"wpcf7-f8054-o1\" \/><input type=\"hidden\" name=\"_wpcf7_container_post\" value=\"0\" \/><input type=\"hidden\" name=\"_wpcf7_posted_data_hash\" value=\"\" \/><input type=\"hidden\" name=\"_wpcf7_recaptcha_response\" value=\"\" \/>\n<\/fieldset>\n<label> El nom\n    <span class=\"wpcf7-form-control-wrap\" data-name=\"your-name\"><input size=\"40\" maxlength=\"400\" class=\"wpcf7-form-control wpcf7-text wpcf7-validates-as-required\" aria-required=\"true\" aria-invalid=\"false\" value=\"\" type=\"text\" name=\"your-name\" \/><\/span> <\/label>\n\n<label> El correu electr\u00f2nic\n    <span class=\"wpcf7-form-control-wrap\" data-name=\"your-email\"><input size=\"40\" maxlength=\"400\" class=\"wpcf7-form-control wpcf7-email wpcf7-validates-as-required wpcf7-text wpcf7-validates-as-email\" aria-required=\"true\" aria-invalid=\"false\" value=\"\" type=\"email\" name=\"your-email\" \/><\/span> <\/label>\n\n<label> Assumpte\n    <span class=\"wpcf7-form-control-wrap\" data-name=\"your-subject\"><input size=\"40\" maxlength=\"400\" class=\"wpcf7-form-control wpcf7-text wpcf7-validates-as-required\" aria-required=\"true\" aria-invalid=\"false\" value=\"\" type=\"text\" name=\"your-subject\" \/><\/span> <\/label>\n\n<label> El missatge (opcional)\n    <span class=\"wpcf7-form-control-wrap\" data-name=\"your-message\"><textarea cols=\"40\" rows=\"10\" maxlength=\"2000\" class=\"wpcf7-form-control wpcf7-textarea wpcf7-validates-as-required\" aria-required=\"true\" aria-invalid=\"false\" name=\"your-message\"><\/textarea><\/span> <\/label>\n<span class=\"wpcf7-form-control-wrap\" data-name=\"acceptance-372\"><span class=\"wpcf7-form-control wpcf7-acceptance optional\"><span class=\"wpcf7-list-item\"><label><input type=\"checkbox\" name=\"acceptance-372\" value=\"1\" aria-invalid=\"false\" \/><span class=\"wpcf7-list-item-label\"><a href=\"https:\/\/www.elcol-legi.org\/w\/avis-legal\/\" style=\"color:blue\"> Accepto condicions <\/a><\/span><\/label><\/span><\/span><\/span>\n\n<div class=\"cf7-cf-turnstile\" style=\"margin-top: 0px; margin-bottom: -15px;\"> <div id=\"cf-turnstile-cf7-1980533721\" class=\"cf-turnstile\" data-callback=\"turnstileCF7Callback\" data-sitekey=\"0x4AAAAAABkp8ZEiGJVTyGLT\" data-theme=\"light\" data-language=\"auto\" data-size=\"normal\" data-retry=\"auto\" data-retry-interval=\"1000\" data-refresh-expired=\"auto\" data-refresh-timeout=\"auto\" data-action=\"contact-form-7\" data-callback=\"turnstileCF7Callback\" data-appearance=\"always\"><\/div> <style>.wpcf7-submit { pointer-events: none; opacity: 0.5; }<\/style> <script>document.addEventListener(\"DOMContentLoaded\", function() { setTimeout(function(){ var e=document.getElementById(\"cf-turnstile-cf7-1980533721\"); if(e&&!e.innerHTML.trim()){turnstile.render(e, {sitekey:\"0x4AAAAAABkp8ZEiGJVTyGLT\"});} }, 200); });<\/script> <br class=\"cf-turnstile-br cf-turnstile-br-cf7-1980533721\"> <style>#cf-turnstile-cf7-1980533721 { margin-left: -15px; }<\/style> <script>document.addEventListener(\"DOMContentLoaded\",function(){document.querySelectorAll('.wpcf7-form').forEach(function(e){e.addEventListener('submit',function(){if(document.getElementById('cf-turnstile-cf7-1980533721')){setTimeout(function(){turnstile.reset('#cf-turnstile-cf7-1980533721');},1000)}})})});<\/script> <\/div><br\/><input class=\"wpcf7-form-control wpcf7-submit has-spinner\" type=\"submit\" value=\"Enviar\" \/><div class=\"wpcf7-response-output\" aria-hidden=\"true\"><\/div>\n<\/form>\n<\/div>\n[\/vc_column][\/vc_row]<\/p>\n<\/div>","protected":false},"excerpt":{"rendered":"<p>[vc_row][vc_column][vc_column_text] Selecciona la opci\u00f3n para ver los requisitos para Colegiarte [\/vc_column_text][stm_spacing lg_spacing=&#8221;15&#8243; md_spacing=&#8221;15&#8243; sm_spacing=&#8221;15&#8243; xs_spacing=&#8221;15&#8243;][\/vc_column][\/vc_row][vc_row][vc_column][vc_tta_tour color=&#8221;blue&#8221; active_section=&#8221;&#8221;][vc_tta_section title=&#8221;Agente Exclusivo Persona F\u00edsica&#8221; tab_id=&#8221;1624363270803-8a5caa55-477a&#8221;][vc_column_text css=&#8221;&#8221;]El colegiado es la persona f\u00edsica, inscrita en el registro de la Direcci\u00f3n General de Seguros, como agente exclusivo, que \u00fanicamente trabaja para una compa\u00f1\u00eda.[\/vc_column_text][vc_column_text css_animation=&#8221;fadeInLeft&#8221;] Requisitos de inscripci\u00f3n 1.- Cumplimentar la solicitud<\/p>\n","protected":false},"author":4,"featured_media":0,"parent":0,"menu_order":0,"comment_status":"closed","ping_status":"closed","template":"","meta":{"footnotes":""},"class_list":["post-6215","page","type-page","status-publish","hentry"],"yoast_head":"<!-- This site is optimized with the Yoast SEO plugin v27.5 - https:\/\/yoast.com\/product\/yoast-seo-wordpress\/ -->\n<title>\u00a1Col\u00e9giate! - Col-legi de Mediadors d&#039;Assegurances de Barcelona<\/title>\n<meta name=\"robots\" content=\"index, follow, max-snippet:-1, max-image-preview:large, max-video-preview:-1\" \/>\n<link rel=\"canonical\" href=\"https:\/\/www.elcol-legi.org\/w\/es\/colegiate\/\" \/>\n<meta property=\"og:locale\" content=\"es_ES\" \/>\n<meta property=\"og:type\" content=\"article\" \/>\n<meta property=\"og:title\" content=\"\u00a1Col\u00e9giate! - Col-legi de Mediadors d&#039;Assegurances de Barcelona\" \/>\n<meta property=\"og:description\" content=\"[vc_row][vc_column][vc_column_text] Selecciona la opci\u00f3n para ver los requisitos para Colegiarte [\/vc_column_text][stm_spacing lg_spacing=&#8221;15&#8243; md_spacing=&#8221;15&#8243; sm_spacing=&#8221;15&#8243; xs_spacing=&#8221;15&#8243;][\/vc_column][\/vc_row][vc_row][vc_column][vc_tta_tour color=&#8221;blue&#8221; active_section=&#8221;&#8221;][vc_tta_section title=&#8221;Agente Exclusivo Persona F\u00edsica&#8221; tab_id=&#8221;1624363270803-8a5caa55-477a&#8221;][vc_column_text css=&#8221;&#8221;]El colegiado es la persona f\u00edsica, inscrita en el registro de la Direcci\u00f3n General de Seguros, como agente exclusivo, que \u00fanicamente trabaja para una compa\u00f1\u00eda.[\/vc_column_text][vc_column_text css_animation=&#8221;fadeInLeft&#8221;] Requisitos de inscripci\u00f3n 1.- Cumplimentar la solicitud\" \/>\n<meta property=\"og:url\" content=\"https:\/\/www.elcol-legi.org\/w\/es\/colegiate\/\" \/>\n<meta property=\"og:site_name\" content=\"Col-legi de Mediadors d&#039;Assegurances de Barcelona\" \/>\n<meta property=\"article:modified_time\" content=\"2026-01-30T14:04:04+00:00\" \/>\n<meta name=\"twitter:card\" content=\"summary_large_image\" \/>\n<meta name=\"twitter:label1\" content=\"Tiempo de lectura\" \/>\n\t<meta name=\"twitter:data1\" content=\"6 minutos\" \/>\n<script type=\"application\/ld+json\" class=\"yoast-schema-graph\">{\"@context\":\"https:\\\/\\\/schema.org\",\"@graph\":[{\"@type\":\"WebPage\",\"@id\":\"https:\\\/\\\/www.elcol-legi.org\\\/w\\\/es\\\/colegiate\\\/\",\"url\":\"https:\\\/\\\/www.elcol-legi.org\\\/w\\\/es\\\/colegiate\\\/\",\"name\":\"\u00a1Col\u00e9giate! - Col-legi de Mediadors d&#039;Assegurances de Barcelona\",\"isPartOf\":{\"@id\":\"https:\\\/\\\/www.elcol-legi.org\\\/w\\\/es\\\/#website\"},\"datePublished\":\"2021-07-07T13:33:30+00:00\",\"dateModified\":\"2026-01-30T14:04:04+00:00\",\"breadcrumb\":{\"@id\":\"https:\\\/\\\/www.elcol-legi.org\\\/w\\\/es\\\/colegiate\\\/#breadcrumb\"},\"inLanguage\":\"es\",\"potentialAction\":[{\"@type\":\"ReadAction\",\"target\":[\"https:\\\/\\\/www.elcol-legi.org\\\/w\\\/es\\\/colegiate\\\/\"]}]},{\"@type\":\"BreadcrumbList\",\"@id\":\"https:\\\/\\\/www.elcol-legi.org\\\/w\\\/es\\\/colegiate\\\/#breadcrumb\",\"itemListElement\":[{\"@type\":\"ListItem\",\"position\":1,\"name\":\"Inici\",\"item\":\"https:\\\/\\\/www.elcol-legi.org\\\/w\\\/es\\\/\"},{\"@type\":\"ListItem\",\"position\":2,\"name\":\"\u00a1Col\u00e9giate!\"}]},{\"@type\":\"WebSite\",\"@id\":\"https:\\\/\\\/www.elcol-legi.org\\\/w\\\/es\\\/#website\",\"url\":\"https:\\\/\\\/www.elcol-legi.org\\\/w\\\/es\\\/\",\"name\":\"Col-legi de Mediadors d&#039;Assegurances de Barcelona\",\"description\":\"Support al mediador d&#039;assegurances\",\"potentialAction\":[{\"@type\":\"SearchAction\",\"target\":{\"@type\":\"EntryPoint\",\"urlTemplate\":\"https:\\\/\\\/www.elcol-legi.org\\\/w\\\/es\\\/?s={search_term_string}\"},\"query-input\":{\"@type\":\"PropertyValueSpecification\",\"valueRequired\":true,\"valueName\":\"search_term_string\"}}],\"inLanguage\":\"es\"}]}<\/script>\n<!-- \/ Yoast SEO plugin. -->","yoast_head_json":{"title":"\u00a1Col\u00e9giate! - Col-legi de Mediadors d&#039;Assegurances de Barcelona","robots":{"index":"index","follow":"follow","max-snippet":"max-snippet:-1","max-image-preview":"max-image-preview:large","max-video-preview":"max-video-preview:-1"},"canonical":"https:\/\/www.elcol-legi.org\/w\/es\/colegiate\/","og_locale":"es_ES","og_type":"article","og_title":"\u00a1Col\u00e9giate! - Col-legi de Mediadors d&#039;Assegurances de Barcelona","og_description":"[vc_row][vc_column][vc_column_text] Selecciona la opci\u00f3n para ver los requisitos para Colegiarte [\/vc_column_text][stm_spacing lg_spacing=&#8221;15&#8243; md_spacing=&#8221;15&#8243; sm_spacing=&#8221;15&#8243; xs_spacing=&#8221;15&#8243;][\/vc_column][\/vc_row][vc_row][vc_column][vc_tta_tour color=&#8221;blue&#8221; active_section=&#8221;&#8221;][vc_tta_section title=&#8221;Agente Exclusivo Persona F\u00edsica&#8221; tab_id=&#8221;1624363270803-8a5caa55-477a&#8221;][vc_column_text css=&#8221;&#8221;]El colegiado es la persona f\u00edsica, inscrita en el registro de la Direcci\u00f3n General de Seguros, como agente exclusivo, que \u00fanicamente trabaja para una compa\u00f1\u00eda.[\/vc_column_text][vc_column_text css_animation=&#8221;fadeInLeft&#8221;] Requisitos de inscripci\u00f3n 1.- Cumplimentar la solicitud","og_url":"https:\/\/www.elcol-legi.org\/w\/es\/colegiate\/","og_site_name":"Col-legi de Mediadors d&#039;Assegurances de Barcelona","article_modified_time":"2026-01-30T14:04:04+00:00","twitter_card":"summary_large_image","twitter_misc":{"Tiempo de lectura":"6 minutos"},"schema":{"@context":"https:\/\/schema.org","@graph":[{"@type":"WebPage","@id":"https:\/\/www.elcol-legi.org\/w\/es\/colegiate\/","url":"https:\/\/www.elcol-legi.org\/w\/es\/colegiate\/","name":"\u00a1Col\u00e9giate! - Col-legi de Mediadors d&#039;Assegurances de Barcelona","isPartOf":{"@id":"https:\/\/www.elcol-legi.org\/w\/es\/#website"},"datePublished":"2021-07-07T13:33:30+00:00","dateModified":"2026-01-30T14:04:04+00:00","breadcrumb":{"@id":"https:\/\/www.elcol-legi.org\/w\/es\/colegiate\/#breadcrumb"},"inLanguage":"es","potentialAction":[{"@type":"ReadAction","target":["https:\/\/www.elcol-legi.org\/w\/es\/colegiate\/"]}]},{"@type":"BreadcrumbList","@id":"https:\/\/www.elcol-legi.org\/w\/es\/colegiate\/#breadcrumb","itemListElement":[{"@type":"ListItem","position":1,"name":"Inici","item":"https:\/\/www.elcol-legi.org\/w\/es\/"},{"@type":"ListItem","position":2,"name":"\u00a1Col\u00e9giate!"}]},{"@type":"WebSite","@id":"https:\/\/www.elcol-legi.org\/w\/es\/#website","url":"https:\/\/www.elcol-legi.org\/w\/es\/","name":"Col-legi de Mediadors d&#039;Assegurances de Barcelona","description":"Support al mediador d&#039;assegurances","potentialAction":[{"@type":"SearchAction","target":{"@type":"EntryPoint","urlTemplate":"https:\/\/www.elcol-legi.org\/w\/es\/?s={search_term_string}"},"query-input":{"@type":"PropertyValueSpecification","valueRequired":true,"valueName":"search_term_string"}}],"inLanguage":"es"}]}},"_links":{"self":[{"href":"https:\/\/www.elcol-legi.org\/w\/es\/wp-json\/wp\/v2\/pages\/6215","targetHints":{"allow":["GET"]}}],"collection":[{"href":"https:\/\/www.elcol-legi.org\/w\/es\/wp-json\/wp\/v2\/pages"}],"about":[{"href":"https:\/\/www.elcol-legi.org\/w\/es\/wp-json\/wp\/v2\/types\/page"}],"author":[{"embeddable":true,"href":"https:\/\/www.elcol-legi.org\/w\/es\/wp-json\/wp\/v2\/users\/4"}],"replies":[{"embeddable":true,"href":"https:\/\/www.elcol-legi.org\/w\/es\/wp-json\/wp\/v2\/comments?post=6215"}],"version-history":[{"count":23,"href":"https:\/\/www.elcol-legi.org\/w\/es\/wp-json\/wp\/v2\/pages\/6215\/revisions"}],"predecessor-version":[{"id":26469,"href":"https:\/\/www.elcol-legi.org\/w\/es\/wp-json\/wp\/v2\/pages\/6215\/revisions\/26469"}],"wp:attachment":[{"href":"https:\/\/www.elcol-legi.org\/w\/es\/wp-json\/wp\/v2\/media?parent=6215"}],"curies":[{"name":"wp","href":"https:\/\/api.w.org\/{rel}","templated":true}]}}