{"id":6273,"date":"2021-07-09T10:19:53","date_gmt":"2021-07-09T08:19:53","guid":{"rendered":"https:\/\/elcol-legi.org\/w\/webinars-mediadores\/"},"modified":"2021-07-09T15:14:20","modified_gmt":"2021-07-09T13:14:20","slug":"webinars-mediadores","status":"publish","type":"page","link":"https:\/\/www.elcol-legi.org\/w\/es\/webinars-mediadores\/","title":{"rendered":"Webinars Mediadores"},"content":{"rendered":"<div class=\"wpb-content-wrapper\"><p>[vc_row][vc_column][vc_row_inner][vc_column_inner width=&#8221;1\/2&#8243;][stm_spacing lg_spacing=&#8221;10&#8243; md_spacing=&#8221;10&#8243; sm_spacing=&#8221;10&#8243; xs_spacing=&#8221;10&#8243;][vc_column_text]Los <em>webinars <\/em>se han consolidado como un formato imprescindible en los programas de formaci\u00f3n continua de calidad. Estas sesiones a trav\u00e9s de videoconferencia gozaron de un magn\u00edfico escaparate durante los meses de pandemia marcados por el aislamiento social y las limitaciones de movilidad. La realidad, pero, es que el recorrido de estos formatos va mucho m\u00e1s all\u00e1 en las circunstancias de un momento singular de nuestra historia reciente.[\/vc_column_text][\/vc_column_inner][vc_column_inner width=&#8221;1\/2&#8243;][vc_single_image image=&#8221;4229&#8243; img_size=&#8221;500&#215;200&#8243; alignment=&#8221;center&#8221; css_animation=&#8221;fadeIn&#8221;][\/vc_column_inner][\/vc_row_inner][vc_row_inner][vc_column_inner][stm_spacing lg_spacing=&#8221;10&#8243; md_spacing=&#8221;10&#8243; sm_spacing=&#8221;10&#8243; xs_spacing=&#8221;10&#8243;][vc_column_text]Bajo el paraguas de <strong>#WebinarsMediadores <\/strong>el Col\u00b7legi y la Fundaci\u00f3 Auditorium re\u00fanen todas las sesiones formativas no presenciales que se desarrollan a trav\u00e9s de diferentes plataformas de videoconferencias.<\/p>\n<p>La oferta en este formato incluye modelos de cursos y sesiones formativas. Hay variables que se diferencias por la duraci\u00f3n, por el concepto de la sesi\u00f3n (curso, conferencia, presentaci\u00f3n, taller, &#8230;) o por el modelo de participaci\u00f3n del alumno. Encuentran que algunos de estos <em>webinars\u00a0<\/em>son gratuitos, siempre previa inscripci\u00f3n, y otros son de pago. En este \u00faltimo supuesto, los colegiados gozan de condiciones m\u00e1s favorables.[\/vc_column_text][\/vc_column_inner][\/vc_row_inner][stm_spacing lg_spacing=&#8221;15&#8243; md_spacing=&#8221;15&#8243; sm_spacing=&#8221;15&#8243; xs_spacing=&#8221;15&#8243;][vc_row_inner equal_height=&#8221;yes&#8221;][vc_column_inner width=&#8221;1\/2&#8243; css=&#8221;.vc_custom_1624980218392{background-color: #1b3b72 !important;}&#8221;][vc_single_image image=&#8221;4711&#8243; img_size=&#8221;full&#8221; alignment=&#8221;center&#8221; onclick=&#8221;custom_link&#8221; img_link_target=&#8221;_blank&#8221; css_animation=&#8221;fadeIn&#8221; link=&#8221;http:\/\/www.mediario.tv&#8221;][\/vc_column_inner][vc_column_inner width=&#8221;1\/2&#8243;][vc_column_text]Puedes acceder y participar a todos los <strong>#WebinarsMediadores\u00a0<\/strong>a trav\u00e9s de <a href=\"http:\/\/www.mediario.tv\">la plataforma <strong>Mediario TV<\/strong><\/a>, donde encontrar\u00e1s todos los contenidos audiovisuales\u00a0 gestionados por el Col\u00b7legi. Para acceder solo hace falta que dispongas de una conexi\u00f3n a internet y de un ordenador, un tel\u00e9fono o una tableta para poder acceder i seguir la sesi\u00f3n formativa, as\u00ed como la resta de contenidos disponible.[\/vc_column_text][\/vc_column_inner][\/vc_row_inner][vc_row_inner equal_height=&#8221;yes&#8221;][vc_column_inner][stm_spacing lg_spacing=&#8221;15&#8243; md_spacing=&#8221;15&#8243; sm_spacing=&#8221;15&#8243; xs_spacing=&#8221;15&#8243;][vc_column_text]<a href=\"https:\/\/elcol-legi.org\/w\/calendar\/\">Consulta nuestra Agenda de formaci\u00f3n<\/a>\u00a0 para estar al corriente de los <strong>#WebinarsMediadores<\/strong> que se celebraran pr\u00f3ximamente, de sus caracter\u00edsticas y contenidos. Recuerda que en todos los casos es imprescindible que te inscrvas previamente para poder participar.[\/vc_column_text][vc_btn title=&#8221;Ir a la agenda de Formaci\u00f3n&#8221; color=&#8221;blue&#8221; size=&#8221;lg&#8221; align=&#8221;center&#8221; css_animation=&#8221;none&#8221; link=&#8221;url:https%3A%2F%2Felcol-legi.org%2Fw%2Fcalendar%2F|title:calendar|&#8221;][\/vc_column_inner][\/vc_row_inner][\/vc_column][\/vc_row]<\/p>\n<\/div>","protected":false},"excerpt":{"rendered":"<p>[vc_row][vc_column][vc_row_inner][vc_column_inner width=&#8221;1\/2&#8243;][stm_spacing lg_spacing=&#8221;10&#8243; md_spacing=&#8221;10&#8243; sm_spacing=&#8221;10&#8243; xs_spacing=&#8221;10&#8243;][vc_column_text]Los webinars se han consolidado como un formato imprescindible en los programas de formaci\u00f3n continua de calidad. Estas sesiones a trav\u00e9s de videoconferencia gozaron de un magn\u00edfico escaparate durante los meses de pandemia marcados por el aislamiento social y las limitaciones de movilidad. La realidad, pero, es que el recorrido<\/p>\n","protected":false},"author":4,"featured_media":0,"parent":0,"menu_order":0,"comment_status":"closed","ping_status":"closed","template":"","meta":{"footnotes":""},"class_list":["post-6273","page","type-page","status-publish","hentry"],"yoast_head":"<!-- This site is optimized with the Yoast SEO plugin v27.4 - https:\/\/yoast.com\/product\/yoast-seo-wordpress\/ -->\n<title>Webinars Mediadores - Col-legi de Mediadors d&#039;Assegurances de Barcelona<\/title>\n<meta name=\"robots\" content=\"index, follow, max-snippet:-1, max-image-preview:large, max-video-preview:-1\" \/>\n<link rel=\"canonical\" href=\"https:\/\/www.elcol-legi.org\/w\/es\/webinars-mediadores\/\" \/>\n<meta property=\"og:locale\" content=\"es_ES\" \/>\n<meta property=\"og:type\" content=\"article\" \/>\n<meta property=\"og:title\" content=\"Webinars Mediadores - Col-legi de Mediadors d&#039;Assegurances de Barcelona\" \/>\n<meta property=\"og:description\" content=\"[vc_row][vc_column][vc_row_inner][vc_column_inner width=&#8221;1\/2&#8243;][stm_spacing lg_spacing=&#8221;10&#8243; md_spacing=&#8221;10&#8243; sm_spacing=&#8221;10&#8243; xs_spacing=&#8221;10&#8243;][vc_column_text]Los webinars se han consolidado como un formato imprescindible en los programas de formaci\u00f3n continua de calidad. Estas sesiones a trav\u00e9s de videoconferencia gozaron de un magn\u00edfico escaparate durante los meses de pandemia marcados por el aislamiento social y las limitaciones de movilidad. La realidad, pero, es que el recorrido\" \/>\n<meta property=\"og:url\" content=\"https:\/\/www.elcol-legi.org\/w\/es\/webinars-mediadores\/\" \/>\n<meta property=\"og:site_name\" content=\"Col-legi de Mediadors d&#039;Assegurances de Barcelona\" \/>\n<meta property=\"article:modified_time\" content=\"2021-07-09T13:14:20+00:00\" \/>\n<meta name=\"twitter:card\" content=\"summary_large_image\" \/>\n<meta name=\"twitter:label1\" content=\"Tiempo de lectura\" \/>\n\t<meta name=\"twitter:data1\" content=\"2 minutos\" \/>\n<script type=\"application\/ld+json\" class=\"yoast-schema-graph\">{\"@context\":\"https:\\\/\\\/schema.org\",\"@graph\":[{\"@type\":\"WebPage\",\"@id\":\"https:\\\/\\\/www.elcol-legi.org\\\/w\\\/es\\\/webinars-mediadores\\\/\",\"url\":\"https:\\\/\\\/www.elcol-legi.org\\\/w\\\/es\\\/webinars-mediadores\\\/\",\"name\":\"Webinars Mediadores - Col-legi de Mediadors d&#039;Assegurances de Barcelona\",\"isPartOf\":{\"@id\":\"https:\\\/\\\/www.elcol-legi.org\\\/w\\\/es\\\/#website\"},\"datePublished\":\"2021-07-09T08:19:53+00:00\",\"dateModified\":\"2021-07-09T13:14:20+00:00\",\"breadcrumb\":{\"@id\":\"https:\\\/\\\/www.elcol-legi.org\\\/w\\\/es\\\/webinars-mediadores\\\/#breadcrumb\"},\"inLanguage\":\"es\",\"potentialAction\":[{\"@type\":\"ReadAction\",\"target\":[\"https:\\\/\\\/www.elcol-legi.org\\\/w\\\/es\\\/webinars-mediadores\\\/\"]}]},{\"@type\":\"BreadcrumbList\",\"@id\":\"https:\\\/\\\/www.elcol-legi.org\\\/w\\\/es\\\/webinars-mediadores\\\/#breadcrumb\",\"itemListElement\":[{\"@type\":\"ListItem\",\"position\":1,\"name\":\"Inici\",\"item\":\"https:\\\/\\\/www.elcol-legi.org\\\/w\\\/es\\\/\"},{\"@type\":\"ListItem\",\"position\":2,\"name\":\"Webinars Mediadores\"}]},{\"@type\":\"WebSite\",\"@id\":\"https:\\\/\\\/www.elcol-legi.org\\\/w\\\/es\\\/#website\",\"url\":\"https:\\\/\\\/www.elcol-legi.org\\\/w\\\/es\\\/\",\"name\":\"Col-legi de Mediadors d&#039;Assegurances de Barcelona\",\"description\":\"Support al mediador d&#039;assegurances\",\"potentialAction\":[{\"@type\":\"SearchAction\",\"target\":{\"@type\":\"EntryPoint\",\"urlTemplate\":\"https:\\\/\\\/www.elcol-legi.org\\\/w\\\/es\\\/?s={search_term_string}\"},\"query-input\":{\"@type\":\"PropertyValueSpecification\",\"valueRequired\":true,\"valueName\":\"search_term_string\"}}],\"inLanguage\":\"es\"}]}<\/script>\n<!-- \/ Yoast SEO plugin. -->","yoast_head_json":{"title":"Webinars Mediadores - Col-legi de Mediadors d&#039;Assegurances de Barcelona","robots":{"index":"index","follow":"follow","max-snippet":"max-snippet:-1","max-image-preview":"max-image-preview:large","max-video-preview":"max-video-preview:-1"},"canonical":"https:\/\/www.elcol-legi.org\/w\/es\/webinars-mediadores\/","og_locale":"es_ES","og_type":"article","og_title":"Webinars Mediadores - Col-legi de Mediadors d&#039;Assegurances de Barcelona","og_description":"[vc_row][vc_column][vc_row_inner][vc_column_inner width=&#8221;1\/2&#8243;][stm_spacing lg_spacing=&#8221;10&#8243; md_spacing=&#8221;10&#8243; sm_spacing=&#8221;10&#8243; xs_spacing=&#8221;10&#8243;][vc_column_text]Los webinars se han consolidado como un formato imprescindible en los programas de formaci\u00f3n continua de calidad. Estas sesiones a trav\u00e9s de videoconferencia gozaron de un magn\u00edfico escaparate durante los meses de pandemia marcados por el aislamiento social y las limitaciones de movilidad. La realidad, pero, es que el recorrido","og_url":"https:\/\/www.elcol-legi.org\/w\/es\/webinars-mediadores\/","og_site_name":"Col-legi de Mediadors d&#039;Assegurances de Barcelona","article_modified_time":"2021-07-09T13:14:20+00:00","twitter_card":"summary_large_image","twitter_misc":{"Tiempo de lectura":"2 minutos"},"schema":{"@context":"https:\/\/schema.org","@graph":[{"@type":"WebPage","@id":"https:\/\/www.elcol-legi.org\/w\/es\/webinars-mediadores\/","url":"https:\/\/www.elcol-legi.org\/w\/es\/webinars-mediadores\/","name":"Webinars Mediadores - Col-legi de Mediadors d&#039;Assegurances de Barcelona","isPartOf":{"@id":"https:\/\/www.elcol-legi.org\/w\/es\/#website"},"datePublished":"2021-07-09T08:19:53+00:00","dateModified":"2021-07-09T13:14:20+00:00","breadcrumb":{"@id":"https:\/\/www.elcol-legi.org\/w\/es\/webinars-mediadores\/#breadcrumb"},"inLanguage":"es","potentialAction":[{"@type":"ReadAction","target":["https:\/\/www.elcol-legi.org\/w\/es\/webinars-mediadores\/"]}]},{"@type":"BreadcrumbList","@id":"https:\/\/www.elcol-legi.org\/w\/es\/webinars-mediadores\/#breadcrumb","itemListElement":[{"@type":"ListItem","position":1,"name":"Inici","item":"https:\/\/www.elcol-legi.org\/w\/es\/"},{"@type":"ListItem","position":2,"name":"Webinars Mediadores"}]},{"@type":"WebSite","@id":"https:\/\/www.elcol-legi.org\/w\/es\/#website","url":"https:\/\/www.elcol-legi.org\/w\/es\/","name":"Col-legi de Mediadors d&#039;Assegurances de Barcelona","description":"Support al mediador d&#039;assegurances","potentialAction":[{"@type":"SearchAction","target":{"@type":"EntryPoint","urlTemplate":"https:\/\/www.elcol-legi.org\/w\/es\/?s={search_term_string}"},"query-input":{"@type":"PropertyValueSpecification","valueRequired":true,"valueName":"search_term_string"}}],"inLanguage":"es"}]}},"_links":{"self":[{"href":"https:\/\/www.elcol-legi.org\/w\/es\/wp-json\/wp\/v2\/pages\/6273","targetHints":{"allow":["GET"]}}],"collection":[{"href":"https:\/\/www.elcol-legi.org\/w\/es\/wp-json\/wp\/v2\/pages"}],"about":[{"href":"https:\/\/www.elcol-legi.org\/w\/es\/wp-json\/wp\/v2\/types\/page"}],"author":[{"embeddable":true,"href":"https:\/\/www.elcol-legi.org\/w\/es\/wp-json\/wp\/v2\/users\/4"}],"replies":[{"embeddable":true,"href":"https:\/\/www.elcol-legi.org\/w\/es\/wp-json\/wp\/v2\/comments?post=6273"}],"version-history":[{"count":5,"href":"https:\/\/www.elcol-legi.org\/w\/es\/wp-json\/wp\/v2\/pages\/6273\/revisions"}],"predecessor-version":[{"id":6278,"href":"https:\/\/www.elcol-legi.org\/w\/es\/wp-json\/wp\/v2\/pages\/6273\/revisions\/6278"}],"wp:attachment":[{"href":"https:\/\/www.elcol-legi.org\/w\/es\/wp-json\/wp\/v2\/media?parent=6273"}],"curies":[{"name":"wp","href":"https:\/\/api.w.org\/{rel}","templated":true}]}}