{"id":6358,"date":"2021-07-13T16:17:01","date_gmt":"2021-07-13T14:17:01","guid":{"rendered":"https:\/\/elcol-legi.org\/w\/la-fundacion-auditorium\/"},"modified":"2023-03-06T18:29:57","modified_gmt":"2023-03-06T16:29:57","slug":"la-fundacion-auditorium","status":"publish","type":"page","link":"https:\/\/www.elcol-legi.org\/w\/es\/la-fundacion-auditorium\/","title":{"rendered":"La Fundaci\u00f3n Auditorium"},"content":{"rendered":"<div class=\"wpb-content-wrapper\"><p>[vc_row][vc_column][vc_row_inner][vc_column_inner width=&#8221;1\/2&#8243;][vc_single_image image=&#8221;5201&#8243; img_size=&#8221;medium&#8221; alignment=&#8221;center&#8221; css_animation=&#8221;fadeIn&#8221;][stm_spacing lg_spacing=&#8221;10&#8243; md_spacing=&#8221;10&#8243; sm_spacing=&#8221;10&#8243; xs_spacing=&#8221;10&#8243;][\/vc_column_inner][vc_column_inner width=&#8221;1\/2&#8243;][vc_column_text]La Fundaci\u00f3n Auditorium es, desde su creaci\u00f3n, el centro de formaci\u00f3n continuada en materia de seguros del Col\u00b7legi de Mediadors d\u2019Assegurances de Barcelona. Esta instituci\u00f3n se encarga de gestionar toda la propuesta formativa que genera el Colegio, tanto si es presencial como si se cursa a distancia.[\/vc_column_text][\/vc_column_inner][\/vc_row_inner][vc_row_inner][vc_column_inner width=&#8221;1\/2&#8243;][stm_spacing lg_spacing=&#8221;10&#8243; md_spacing=&#8221;10&#8243; sm_spacing=&#8221;10&#8243; xs_spacing=&#8221;10&#8243;][vc_column_text]Constituida el d\u00eda 5 de julio de 1995, la Fundaci\u00f3n Auditorium se rige por la Ley Catalana de Fundaciones 4\/2008 de 24 de abril, Libro tercero del C\u00f3digo Civil de Catalu\u00f1a relativo a las personas jur\u00eddicas sin \u00e1nimo de lucro. As\u00ed como indican sus estatutos, nace como Fundaci\u00f3n mixta, docente, cultural, de car\u00e1cter particular y privado, as\u00ed como de naturaleza permanente.<br \/>\n<a href=\"https:\/\/formacion.fundacionauditorium.org\/\"><u>Consulta nuestra Agenda de formaci\u00f3n para conocer la oferta disponible en todo momento. <\/u><\/a>[\/vc_column_text][\/vc_column_inner][vc_column_inner width=&#8221;1\/2&#8243;][vc_hoverbox image=&#8221;5940&#8243; primary_title=&#8221;Agenda de formaci\u00f3n&#8221; hover_title=&#8221;Agenda de formaci\u00f3n&#8221; shape=&#8221;square&#8221; hover_btn_title=&#8221;Agenda de formaci\u00f3n&#8221; hover_btn_color=&#8221;juicy-pink&#8221; css_animation=&#8221;fadeIn&#8221; hover_add_button=&#8221;true&#8221; hover_btn_link=&#8221;url:https%3A%2F%2Fformacion.fundacionauditorium.org%2F|title:calendario&#8221;]<a href=\"https:\/\/formacion.fundacionauditorium.org\/\">Clica aqu\u00ed para ver toda la formaci\u00f3n que tenemos programada<\/a>[\/vc_hoverbox][stm_spacing lg_spacing=&#8221;15&#8243; md_spacing=&#8221;15&#8243; sm_spacing=&#8221;15&#8243; xs_spacing=&#8221;15&#8243;][\/vc_column_inner][\/vc_row_inner][vc_row_inner][vc_column_inner][vc_column_text]De manera paralela a su tarea formativa, el objetivo de la Fundaci\u00f3n Auditorium es la promoci\u00f3n social de la figura e imagen del mediador de Seguros y de sus servicios profesionales. De hecho, para lograr estos objetivos, la formaci\u00f3n contin\u00faa y el esp\u00edritu de mejora de los profesionales de la mediaci\u00f3n es una prioridad.<\/p>\n<p>La Fundaci\u00f3n Auditorium organiza y gestiona conferencias, cursos, jornadas, talleres y un M\u00e1ster dirigidos a la actualizaci\u00f3n de los conocimientos de los mediadores de Seguros y sus empleados, as\u00ed como tambi\u00e9n para profesionales de entidades aseguradoras y organizaciones o empresas del sector.<\/p>\n<p>Esta relaci\u00f3n de actividades y finalidades no se limitativa. La Fundaci\u00f3n Auditorium trabaja con plena libertad para poder proyectar su actuaci\u00f3n hacia cualquier finalidad mencionada anteriormente o cualquier otro que coincida con el esp\u00edritu de la misma. Adem\u00e1s, podr\u00e1 otorgar discrecionalmente sus beneficios a las personas o entidades que sean merecedoras de ellas.[\/vc_column_text][vc_btn title=&#8221;Puedes consultar aqu\u00ed los estatutos de la Fundaci\u00f3 Auditorium&#8221; color=&#8221;blue&#8221; link=&#8221;url:https%3A%2F%2Felcol-legi.org%2Fw%2Fes%2Festatutos-de-la-fundacio-auditorium%2F|title:Estatutos%20de%20la%20Fundaci%C3%B3%20Auditorium&#8221;][stm_spacing lg_spacing=&#8221;25&#8243; md_spacing=&#8221;25&#8243; sm_spacing=&#8221;25&#8243; xs_spacing=&#8221;25&#8243;][\/vc_column_inner][\/vc_row_inner][vc_row_inner][vc_column_inner][vc_custom_heading text=&#8221;El Patronato de la Fundaci\u00f3&#8221;][vc_column_text]El gobierno, administraci\u00f3n y representaci\u00f3n de la Fundaci\u00f3n Auditorium se conf\u00eda de manera exclusiva a su Patronato, formado por trece miembros. Cuatro de estos representantes son miembros permanentes y nueve temporales.<\/p>\n<p>Actualmente, las actividades de la Fundaci\u00f3n Auditorium ha sido confiada a las siguientes personas que forman el Patronato:[\/vc_column_text][\/vc_column_inner][\/vc_row_inner][vc_row_inner][vc_column_inner width=&#8221;1\/3&#8243;][vc_column_text]Francesc Santasusana Riera. <em>President.<\/em><\/p>\n<p>Carmina Homs i Ferret. <em>Secret\u00e0ria.<\/em><\/p>\n<p>V\u00edctor Barang\u00e9 Taya<\/p>\n<p>Francesc Bonet Armengol<\/p>\n<p>Francisco de As\u00eds Calzado Romagosa[\/vc_column_text][\/vc_column_inner][vc_column_inner width=&#8221;1\/3&#8243;][vc_column_text]Xavier da Pena Postius.<\/p>\n<p>Lluis Ferrer Gaya.<\/p>\n<p>Carlos Galcer\u00e1n Homet.<\/p>\n<p>Josep Maria Galilea Puig.[\/vc_column_text][\/vc_column_inner][vc_column_inner width=&#8221;1\/3&#8243;][vc_column_text]Jordi Parrilla Navarro.<\/p>\n<p>Pere Prats Pardo.<\/p>\n<p>Ricardo Sanmart\u00edn de Jodar.<\/p>\n<p>Josep Maria Campabadal Castellv\u00ed.[\/vc_column_text][\/vc_column_inner][\/vc_row_inner][stm_spacing lg_spacing=&#8221;25&#8243; md_spacing=&#8221;25&#8243; sm_spacing=&#8221;25&#8243; xs_spacing=&#8221;25&#8243;][\/vc_column][\/vc_row][vc_row][vc_column][vc_custom_heading text=&#8221;Entidades Colaboradoras&#8221;][vc_row_inner][vc_column_inner][vc_column_text]Para desarrollar su tarea en el \u00e1mbito de la formaci\u00f3n, la Fundaci\u00f3n Auditorium aglutina a una anch\u00edsima representaci\u00f3n de empresas y entidades vinculadas con el sector asegurador y que comparten de manera activa el compromiso con la formaci\u00f3n y la defensa y promoci\u00f3n de los profesionales de la mediaci\u00f3n de seguros.<\/p>\n<p>El compromiso sostenido en el tiempo de estas entidades colaboradoras con la Fundaci\u00f3n Auditorium contribuye de manera decisiva al \u00e9xito de la misi\u00f3n del Colegio.<\/p>\n<p>Agradecemos desde aqu\u00ed su apoyo y colaboraci\u00f3n.[\/vc_column_text][stm_sidebar sidebar=&#8221;3965&#8243;][\/vc_column_inner][\/vc_row_inner][\/vc_column][\/vc_row]<\/p>\n<\/div>","protected":false},"excerpt":{"rendered":"<p>[vc_row][vc_column][vc_row_inner][vc_column_inner width=&#8221;1\/2&#8243;][vc_single_image image=&#8221;5201&#8243; img_size=&#8221;medium&#8221; alignment=&#8221;center&#8221; css_animation=&#8221;fadeIn&#8221;][stm_spacing lg_spacing=&#8221;10&#8243; md_spacing=&#8221;10&#8243; sm_spacing=&#8221;10&#8243; xs_spacing=&#8221;10&#8243;][\/vc_column_inner][vc_column_inner width=&#8221;1\/2&#8243;][vc_column_text]La Fundaci\u00f3n Auditorium es, desde su creaci\u00f3n, el centro de formaci\u00f3n continuada en materia de seguros del Col\u00b7legi de Mediadors d\u2019Assegurances de Barcelona. Esta instituci\u00f3n se encarga de gestionar toda la propuesta formativa que genera el Colegio, tanto si es presencial como si se cursa<\/p>\n","protected":false},"author":4,"featured_media":0,"parent":0,"menu_order":0,"comment_status":"closed","ping_status":"closed","template":"","meta":{"footnotes":""},"class_list":["post-6358","page","type-page","status-publish","hentry"],"yoast_head":"<!-- This site is optimized with the Yoast SEO plugin v27.4 - https:\/\/yoast.com\/product\/yoast-seo-wordpress\/ -->\n<title>La Fundaci\u00f3n Auditorium - Col-legi de Mediadors d&#039;Assegurances de Barcelona<\/title>\n<meta name=\"robots\" content=\"index, follow, max-snippet:-1, max-image-preview:large, max-video-preview:-1\" \/>\n<link rel=\"canonical\" href=\"https:\/\/www.elcol-legi.org\/w\/es\/la-fundacion-auditorium\/\" \/>\n<meta property=\"og:locale\" content=\"es_ES\" \/>\n<meta property=\"og:type\" content=\"article\" \/>\n<meta property=\"og:title\" content=\"La Fundaci\u00f3n Auditorium - Col-legi de Mediadors d&#039;Assegurances de Barcelona\" \/>\n<meta property=\"og:description\" content=\"[vc_row][vc_column][vc_row_inner][vc_column_inner width=&#8221;1\/2&#8243;][vc_single_image image=&#8221;5201&#8243; img_size=&#8221;medium&#8221; alignment=&#8221;center&#8221; css_animation=&#8221;fadeIn&#8221;][stm_spacing lg_spacing=&#8221;10&#8243; md_spacing=&#8221;10&#8243; sm_spacing=&#8221;10&#8243; xs_spacing=&#8221;10&#8243;][\/vc_column_inner][vc_column_inner width=&#8221;1\/2&#8243;][vc_column_text]La Fundaci\u00f3n Auditorium es, desde su creaci\u00f3n, el centro de formaci\u00f3n continuada en materia de seguros del Col\u00b7legi de Mediadors d\u2019Assegurances de Barcelona. Esta instituci\u00f3n se encarga de gestionar toda la propuesta formativa que genera el Colegio, tanto si es presencial como si se cursa\" \/>\n<meta property=\"og:url\" content=\"https:\/\/www.elcol-legi.org\/w\/es\/la-fundacion-auditorium\/\" \/>\n<meta property=\"og:site_name\" content=\"Col-legi de Mediadors d&#039;Assegurances de Barcelona\" \/>\n<meta property=\"article:modified_time\" content=\"2023-03-06T16:29:57+00:00\" \/>\n<meta name=\"twitter:card\" content=\"summary_large_image\" \/>\n<meta name=\"twitter:label1\" content=\"Tiempo de lectura\" \/>\n\t<meta name=\"twitter:data1\" content=\"3 minutos\" \/>\n<script type=\"application\/ld+json\" class=\"yoast-schema-graph\">{\"@context\":\"https:\\\/\\\/schema.org\",\"@graph\":[{\"@type\":\"WebPage\",\"@id\":\"https:\\\/\\\/www.elcol-legi.org\\\/w\\\/es\\\/la-fundacion-auditorium\\\/\",\"url\":\"https:\\\/\\\/www.elcol-legi.org\\\/w\\\/es\\\/la-fundacion-auditorium\\\/\",\"name\":\"La Fundaci\u00f3n Auditorium - Col-legi de Mediadors d&#039;Assegurances de Barcelona\",\"isPartOf\":{\"@id\":\"https:\\\/\\\/www.elcol-legi.org\\\/w\\\/es\\\/#website\"},\"datePublished\":\"2021-07-13T14:17:01+00:00\",\"dateModified\":\"2023-03-06T16:29:57+00:00\",\"breadcrumb\":{\"@id\":\"https:\\\/\\\/www.elcol-legi.org\\\/w\\\/es\\\/la-fundacion-auditorium\\\/#breadcrumb\"},\"inLanguage\":\"es\",\"potentialAction\":[{\"@type\":\"ReadAction\",\"target\":[\"https:\\\/\\\/www.elcol-legi.org\\\/w\\\/es\\\/la-fundacion-auditorium\\\/\"]}]},{\"@type\":\"BreadcrumbList\",\"@id\":\"https:\\\/\\\/www.elcol-legi.org\\\/w\\\/es\\\/la-fundacion-auditorium\\\/#breadcrumb\",\"itemListElement\":[{\"@type\":\"ListItem\",\"position\":1,\"name\":\"Inici\",\"item\":\"https:\\\/\\\/www.elcol-legi.org\\\/w\\\/es\\\/\"},{\"@type\":\"ListItem\",\"position\":2,\"name\":\"La Fundaci\u00f3n Auditorium\"}]},{\"@type\":\"WebSite\",\"@id\":\"https:\\\/\\\/www.elcol-legi.org\\\/w\\\/es\\\/#website\",\"url\":\"https:\\\/\\\/www.elcol-legi.org\\\/w\\\/es\\\/\",\"name\":\"Col-legi de Mediadors d&#039;Assegurances de Barcelona\",\"description\":\"Support al mediador d&#039;assegurances\",\"potentialAction\":[{\"@type\":\"SearchAction\",\"target\":{\"@type\":\"EntryPoint\",\"urlTemplate\":\"https:\\\/\\\/www.elcol-legi.org\\\/w\\\/es\\\/?s={search_term_string}\"},\"query-input\":{\"@type\":\"PropertyValueSpecification\",\"valueRequired\":true,\"valueName\":\"search_term_string\"}}],\"inLanguage\":\"es\"}]}<\/script>\n<!-- \/ Yoast SEO plugin. -->","yoast_head_json":{"title":"La Fundaci\u00f3n Auditorium - Col-legi de Mediadors d&#039;Assegurances de Barcelona","robots":{"index":"index","follow":"follow","max-snippet":"max-snippet:-1","max-image-preview":"max-image-preview:large","max-video-preview":"max-video-preview:-1"},"canonical":"https:\/\/www.elcol-legi.org\/w\/es\/la-fundacion-auditorium\/","og_locale":"es_ES","og_type":"article","og_title":"La Fundaci\u00f3n Auditorium - Col-legi de Mediadors d&#039;Assegurances de Barcelona","og_description":"[vc_row][vc_column][vc_row_inner][vc_column_inner width=&#8221;1\/2&#8243;][vc_single_image image=&#8221;5201&#8243; img_size=&#8221;medium&#8221; alignment=&#8221;center&#8221; css_animation=&#8221;fadeIn&#8221;][stm_spacing lg_spacing=&#8221;10&#8243; md_spacing=&#8221;10&#8243; sm_spacing=&#8221;10&#8243; xs_spacing=&#8221;10&#8243;][\/vc_column_inner][vc_column_inner width=&#8221;1\/2&#8243;][vc_column_text]La Fundaci\u00f3n Auditorium es, desde su creaci\u00f3n, el centro de formaci\u00f3n continuada en materia de seguros del Col\u00b7legi de Mediadors d\u2019Assegurances de Barcelona. Esta instituci\u00f3n se encarga de gestionar toda la propuesta formativa que genera el Colegio, tanto si es presencial como si se cursa","og_url":"https:\/\/www.elcol-legi.org\/w\/es\/la-fundacion-auditorium\/","og_site_name":"Col-legi de Mediadors d&#039;Assegurances de Barcelona","article_modified_time":"2023-03-06T16:29:57+00:00","twitter_card":"summary_large_image","twitter_misc":{"Tiempo de lectura":"3 minutos"},"schema":{"@context":"https:\/\/schema.org","@graph":[{"@type":"WebPage","@id":"https:\/\/www.elcol-legi.org\/w\/es\/la-fundacion-auditorium\/","url":"https:\/\/www.elcol-legi.org\/w\/es\/la-fundacion-auditorium\/","name":"La Fundaci\u00f3n Auditorium - Col-legi de Mediadors d&#039;Assegurances de Barcelona","isPartOf":{"@id":"https:\/\/www.elcol-legi.org\/w\/es\/#website"},"datePublished":"2021-07-13T14:17:01+00:00","dateModified":"2023-03-06T16:29:57+00:00","breadcrumb":{"@id":"https:\/\/www.elcol-legi.org\/w\/es\/la-fundacion-auditorium\/#breadcrumb"},"inLanguage":"es","potentialAction":[{"@type":"ReadAction","target":["https:\/\/www.elcol-legi.org\/w\/es\/la-fundacion-auditorium\/"]}]},{"@type":"BreadcrumbList","@id":"https:\/\/www.elcol-legi.org\/w\/es\/la-fundacion-auditorium\/#breadcrumb","itemListElement":[{"@type":"ListItem","position":1,"name":"Inici","item":"https:\/\/www.elcol-legi.org\/w\/es\/"},{"@type":"ListItem","position":2,"name":"La Fundaci\u00f3n Auditorium"}]},{"@type":"WebSite","@id":"https:\/\/www.elcol-legi.org\/w\/es\/#website","url":"https:\/\/www.elcol-legi.org\/w\/es\/","name":"Col-legi de Mediadors d&#039;Assegurances de Barcelona","description":"Support al mediador d&#039;assegurances","potentialAction":[{"@type":"SearchAction","target":{"@type":"EntryPoint","urlTemplate":"https:\/\/www.elcol-legi.org\/w\/es\/?s={search_term_string}"},"query-input":{"@type":"PropertyValueSpecification","valueRequired":true,"valueName":"search_term_string"}}],"inLanguage":"es"}]}},"_links":{"self":[{"href":"https:\/\/www.elcol-legi.org\/w\/es\/wp-json\/wp\/v2\/pages\/6358","targetHints":{"allow":["GET"]}}],"collection":[{"href":"https:\/\/www.elcol-legi.org\/w\/es\/wp-json\/wp\/v2\/pages"}],"about":[{"href":"https:\/\/www.elcol-legi.org\/w\/es\/wp-json\/wp\/v2\/types\/page"}],"author":[{"embeddable":true,"href":"https:\/\/www.elcol-legi.org\/w\/es\/wp-json\/wp\/v2\/users\/4"}],"replies":[{"embeddable":true,"href":"https:\/\/www.elcol-legi.org\/w\/es\/wp-json\/wp\/v2\/comments?post=6358"}],"version-history":[{"count":7,"href":"https:\/\/www.elcol-legi.org\/w\/es\/wp-json\/wp\/v2\/pages\/6358\/revisions"}],"predecessor-version":[{"id":13176,"href":"https:\/\/www.elcol-legi.org\/w\/es\/wp-json\/wp\/v2\/pages\/6358\/revisions\/13176"}],"wp:attachment":[{"href":"https:\/\/www.elcol-legi.org\/w\/es\/wp-json\/wp\/v2\/media?parent=6358"}],"curies":[{"name":"wp","href":"https:\/\/api.w.org\/{rel}","templated":true}]}}