{"id":6664,"date":"2021-11-24T17:31:32","date_gmt":"2021-11-24T15:31:32","guid":{"rendered":"https:\/\/elcol-legi.org\/w\/nivel-i\/"},"modified":"2026-01-28T14:07:20","modified_gmt":"2026-01-28T12:07:20","slug":"nivel-1","status":"publish","type":"page","link":"https:\/\/www.elcol-legi.org\/w\/es\/nivel-1\/","title":{"rendered":"Nivel I"},"content":{"rendered":"<div class=\"wpb-content-wrapper\"><p>[vc_row][vc_column][vc_column_text]<\/p>\n<h3>Formaci\u00f3n de Acceso a la distribuci\u00f3n de Seguros<\/h3>\n<p>[\/vc_column_text][\/vc_column][\/vc_row][vc_row][vc_column][vc_single_image source=&#8221;featured_image&#8221; img_size=&#8221;full&#8221; alignment=&#8221;center&#8221;][\/vc_column][\/vc_row][vc_row][vc_column][vc_column_text]<\/p>\n<h4><strong>Aspectos Generales:<\/strong><\/h4>\n<p>[\/vc_column_text][vc_column_text]Curso de Formaci\u00f3n en Materias Financieras y de Seguros Privados de acuerdo con el\u00a0<em><strong>Real Decreto 287\/2021<\/strong><\/em>\u00a0y la\u00a0<em><strong>Resoluci\u00f3n de 3 de junio de 2021, de la Direcci\u00f3n General de Seguros y Fondos de Pensiones<\/strong><\/em>, por la que se establecen los principios b\u00e1sicos de los cursos y programas de formaci\u00f3n para los distribuidores de seguros y de reaseguros.[\/vc_column_text][vc_column_text]<\/p>\n<h4><strong>Certificaci\u00f3n necesaria para:<\/strong><\/h4>\n<p>[\/vc_column_text][vc_column_text]<\/p>\n<ul>\n<li>Corredores de seguros y de reaseguros persona f\u00edsica.<\/li>\n<li>La persona responsable de la actividad de distribuci\u00f3n, o en su caso, al menos a la mitad de las personas que formen parte del \u00f3rgano de direcci\u00f3n responsable de la actividad de distribuci\u00f3n en los tres casos siguientes:\n<ol>\n<li>Corredores de Seguros y de Reaseguros persona jur\u00eddica.<\/li>\n<li>Operadores de banca-seguros.<\/li>\n<li>Entidades Aseguradoras y Reaseguadoras.<\/li>\n<\/ol>\n<\/li>\n<li><\/li>\n<\/ul>\n<p>[\/vc_column_text][\/vc_column][\/vc_row][vc_row][vc_column width=&#8221;1\/3&#8243;][vc_column_text]<\/p>\n<h3><strong>Caracter\u00edsticas del curso<\/strong><\/h3>\n<p>[\/vc_column_text][vc_column_text]<\/p>\n<ul>\n<li>Curso Bonificable.<\/li>\n<li>Convalidaciones por titulaci\u00f3n acad\u00e9mica.<\/li>\n<li>Asistencia m\u00ednima del 80%.<\/li>\n<li>Realizaci\u00f3n obligatoria de los cuestionarios y ejercicios en la Plataforma e-learning.<\/li>\n<li>Dos ex\u00e1menes liberatorios de materia y un examen de recuperaci\u00f3n.<\/li>\n<\/ul>\n<p>[\/vc_column_text][\/vc_column][vc_column width=&#8221;1\/3&#8243;][vc_column_text]<\/p>\n<h3><strong>Condiciones de matriculaci\u00f3n<\/strong><\/h3>\n<p>[\/vc_column_text][vc_column_text]Bachillerato o equivalente.[\/vc_column_text][\/vc_column][vc_column width=&#8221;1\/3&#8243;][vc_column_text]<\/p>\n<h3><strong><br \/>\nDuraci\u00f3n<\/strong><\/h3>\n<p>[\/vc_column_text][vc_column_text css=&#8221;&#8221;]<\/p>\n<ul>\n<li>300 horas certificadas de Febrero a Julio:<\/li>\n<\/ul>\n<p style=\"padding-left: 80px;\">&#8211; 110 h. streaming en directo.<\/p>\n<p style=\"padding-left: 80px;\">&#8211; 190 h. On-line amb cuestionarios y ejercicios.<\/p>\n<p>[\/vc_column_text][\/vc_column][\/vc_row][vc_row][vc_column width=&#8221;1\/5&#8243;][\/vc_column][vc_column width=&#8221;1\/5&#8243;][\/vc_column][vc_column width=&#8221;1\/5&#8243;][vc_column_text]<\/p>\n<h3>Programa<\/h3>\n<p>[\/vc_column_text][\/vc_column][vc_column width=&#8221;1\/5&#8243;][\/vc_column][vc_column width=&#8221;1\/5&#8243;][\/vc_column][\/vc_row][vc_row][vc_column width=&#8221;1\/5&#8243;][vc_column_text]<\/p>\n<h5>M\u00f3dulo 1<\/h5>\n<p>M\u00f3dulo General.[\/vc_column_text][\/vc_column][vc_column width=&#8221;1\/5&#8243;][vc_column_text]<\/p>\n<h5>M\u00f3dulo\u00a02<\/h5>\n<p>Seguros diferentes a los de Vida.[\/vc_column_text][\/vc_column][vc_column width=&#8221;1\/5&#8243;][vc_column_text]<\/p>\n<h5>M\u00f3dulo\u00a03<\/h5>\n<p>Seguros de Vida no IBIPs.[\/vc_column_text][\/vc_column][vc_column width=&#8221;1\/5&#8243;][vc_column_text]<\/p>\n<h5>M\u00f3dulo\u00a04<\/h5>\n<p>Seguros de Vida IBIPs.[\/vc_column_text][\/vc_column][vc_column width=&#8221;1\/5&#8243;][vc_column_text]<\/p>\n<h5>M\u00f3dulo\u00a05<\/h5>\n<p>Empresa.[\/vc_column_text][\/vc_column][\/vc_row][vc_row][vc_column][stm_spacing lg_spacing=&#8221;20&#8243; md_spacing=&#8221;20&#8243; sm_spacing=&#8221;20&#8243; xs_spacing=&#8221;20&#8243;][vc_btn title=&#8221;Consulta aqu\u00ed el programa completo&#8221; color=&#8221;primary&#8221; align=&#8221;center&#8221; link=&#8221;url:https%3A%2F%2Fwww.elcol-legi.org%2Fw%2Fdownload%2Fprograma-nivel-1-2022-2023%2F|title:Programa%20Nivel%201%202022-2023|&#8221;][\/vc_column][\/vc_row][vc_row][vc_column][vc_column_text]<\/p>\n<h4><strong>Precio para<\/strong><strong> Colegiados:<\/strong><\/h4>\n<p>[\/vc_column_text][vc_column_text]<strong>\u00b7<\/strong> Sin Convalidaci\u00f3n:<strong>1.350\u20ac<\/strong><\/p>\n<p><strong>\u00b7<\/strong> Convalidaci\u00f3n 1:<strong>\u00a01.200\u20ac<\/strong><\/p>\n<p><strong>\u00b7<\/strong> Convalidaci\u00f3n 2:\u00a0<strong>1.050\u20ac<\/strong><\/p>\n<p>*<em>Consulta las condiciones de colegiado y de pago, as\u00ed como el precio para no colegiados y otros precios seg\u00fan convalidaci\u00f3n.<\/em><\/p>\n<p><strong>Beneficios Adicionales\u00a0<\/strong><strong>para Colegiados.<\/strong>[\/vc_column_text][vc_empty_space height=&#8221;20px&#8221;][\/vc_column][\/vc_row][vc_row][vc_column][vc_column_text]<\/p>\n<h3>Contacta con nosotros,<\/h3>\n<p>[\/vc_column_text][vc_empty_space height=&#8221;10px&#8221;][\/vc_column][\/vc_row][vc_row][vc_column width=&#8221;1\/2&#8243;]\n<div class=\"wpcf7 no-js\" id=\"wpcf7-f5329-o1\" lang=\"ca\" dir=\"ltr\" data-wpcf7-id=\"5329\">\n<div class=\"screen-reader-response\"><p role=\"status\" aria-live=\"polite\" aria-atomic=\"true\"><\/p> <ul><\/ul><\/div>\n<form action=\"\/w\/es\/wp-json\/wp\/v2\/pages\/6664#wpcf7-f5329-o1\" method=\"post\" class=\"wpcf7-form init\" aria-label=\"Formulari de contacte\" novalidate=\"novalidate\" data-status=\"init\">\n<fieldset class=\"hidden-fields-container\"><input type=\"hidden\" name=\"_wpcf7\" value=\"5329\" \/><input type=\"hidden\" name=\"_wpcf7_version\" value=\"6.1.5\" \/><input type=\"hidden\" name=\"_wpcf7_locale\" value=\"ca\" \/><input type=\"hidden\" name=\"_wpcf7_unit_tag\" value=\"wpcf7-f5329-o1\" \/><input type=\"hidden\" name=\"_wpcf7_container_post\" value=\"0\" \/><input type=\"hidden\" name=\"_wpcf7_posted_data_hash\" value=\"\" \/><input type=\"hidden\" name=\"_wpcf7_recaptcha_response\" value=\"\" \/>\n<\/fieldset>\n<label> El nom\n    <span class=\"wpcf7-form-control-wrap\" data-name=\"your-name\"><input size=\"40\" maxlength=\"400\" class=\"wpcf7-form-control wpcf7-text wpcf7-validates-as-required\" aria-required=\"true\" aria-invalid=\"false\" value=\"\" type=\"text\" name=\"your-name\" \/><\/span> <\/label>\n\n<label> El correu electr\u00f2nic\n    <span class=\"wpcf7-form-control-wrap\" data-name=\"your-email\"><input size=\"40\" maxlength=\"400\" class=\"wpcf7-form-control wpcf7-email wpcf7-validates-as-required wpcf7-text wpcf7-validates-as-email\" aria-required=\"true\" aria-invalid=\"false\" value=\"\" type=\"email\" name=\"your-email\" \/><\/span> <\/label>\n\n<label> El tel\u00e8fon\n    <span class=\"wpcf7-form-control-wrap\" data-name=\"Telefon\"><input size=\"40\" maxlength=\"400\" class=\"wpcf7-form-control wpcf7-tel wpcf7-text wpcf7-validates-as-tel\" aria-invalid=\"false\" value=\"\" type=\"tel\" name=\"Telefon\" \/><\/span> <\/label>\n\n<label> Assumpte\n    <span class=\"wpcf7-form-control-wrap\" data-name=\"your-subject\"><input size=\"40\" maxlength=\"400\" class=\"wpcf7-form-control wpcf7-text wpcf7-validates-as-required\" aria-required=\"true\" aria-invalid=\"false\" value=\"\" type=\"text\" name=\"your-subject\" \/><\/span> <\/label>\n\n<label> El missatge (opcional)\n    <span class=\"wpcf7-form-control-wrap\" data-name=\"your-message\"><textarea cols=\"40\" rows=\"10\" maxlength=\"2000\" class=\"wpcf7-form-control wpcf7-textarea wpcf7-validates-as-required\" aria-required=\"true\" aria-invalid=\"false\" name=\"your-message\"><\/textarea><\/span> <\/label>\n<span class=\"wpcf7-form-control-wrap\" data-name=\"acceptance-372\"><span class=\"wpcf7-form-control wpcf7-acceptance optional\"><span class=\"wpcf7-list-item\"><label><input type=\"checkbox\" name=\"acceptance-372\" value=\"1\" aria-invalid=\"false\" \/><span class=\"wpcf7-list-item-label\"><a href=\"https:\/\/www.elcol-legi.org\/w\/avis-legal\/\" style=\"color:blue\"> Accepto condicions <\/a><\/span><\/label><\/span><\/span><\/span>\n\n<div class=\"cf7-cf-turnstile\" style=\"margin-top: 0px; margin-bottom: -15px;\"> <div id=\"cf-turnstile-cf7-250118229\" class=\"cf-turnstile\" data-callback=\"turnstileCF7Callback\" data-sitekey=\"0x4AAAAAABkp8ZEiGJVTyGLT\" data-theme=\"light\" data-language=\"auto\" data-size=\"normal\" data-retry=\"auto\" data-retry-interval=\"1000\" data-refresh-expired=\"auto\" data-refresh-timeout=\"auto\" data-action=\"contact-form-7\" data-callback=\"turnstileCF7Callback\" data-appearance=\"always\"><\/div> <style>.wpcf7-submit { pointer-events: none; opacity: 0.5; }<\/style> <script>document.addEventListener(\"DOMContentLoaded\", function() { setTimeout(function(){ var e=document.getElementById(\"cf-turnstile-cf7-250118229\"); if(e&&!e.innerHTML.trim()){turnstile.render(e, {sitekey:\"0x4AAAAAABkp8ZEiGJVTyGLT\"});} }, 200); });<\/script> <br class=\"cf-turnstile-br cf-turnstile-br-cf7-250118229\"> <style>#cf-turnstile-cf7-250118229 { margin-left: -15px; }<\/style> <script>document.addEventListener(\"DOMContentLoaded\",function(){document.querySelectorAll('.wpcf7-form').forEach(function(e){e.addEventListener('submit',function(){if(document.getElementById('cf-turnstile-cf7-250118229')){setTimeout(function(){turnstile.reset('#cf-turnstile-cf7-250118229');},1000)}})})});<\/script> <\/div><br\/><input class=\"wpcf7-form-control wpcf7-submit has-spinner\" type=\"submit\" value=\"Envia\" \/><div class=\"wpcf7-response-output\" aria-hidden=\"true\"><\/div>\n<\/form>\n<\/div>\n[\/vc_column][vc_column width=&#8221;1\/2&#8243;][\/vc_column][\/vc_row]<\/p>\n<\/div>","protected":false},"excerpt":{"rendered":"<p>[vc_row][vc_column][vc_column_text] Formaci\u00f3n de Acceso a la distribuci\u00f3n de Seguros [\/vc_column_text][\/vc_column][\/vc_row][vc_row][vc_column][vc_single_image source=&#8221;featured_image&#8221; img_size=&#8221;full&#8221; alignment=&#8221;center&#8221;][\/vc_column][\/vc_row][vc_row][vc_column][vc_column_text] Aspectos Generales: [\/vc_column_text][vc_column_text]Curso de Formaci\u00f3n en Materias Financieras y de Seguros Privados de acuerdo con el\u00a0Real Decreto 287\/2021\u00a0y la\u00a0Resoluci\u00f3n de 3 de junio de 2021, de la Direcci\u00f3n General de Seguros y Fondos de Pensiones, por la que se establecen los principios<\/p>\n","protected":false},"author":4,"featured_media":6646,"parent":0,"menu_order":0,"comment_status":"closed","ping_status":"closed","template":"","meta":{"footnotes":""},"class_list":["post-6664","page","type-page","status-publish","has-post-thumbnail","hentry"],"yoast_head":"<!-- This site is optimized with the Yoast SEO plugin v27.4 - https:\/\/yoast.com\/product\/yoast-seo-wordpress\/ -->\n<title>Nivel I - Col-legi de Mediadors d&#039;Assegurances de Barcelona<\/title>\n<meta name=\"robots\" content=\"index, follow, max-snippet:-1, max-image-preview:large, max-video-preview:-1\" \/>\n<link rel=\"canonical\" href=\"https:\/\/www.elcol-legi.org\/w\/es\/nivel-1\/\" \/>\n<meta property=\"og:locale\" content=\"es_ES\" \/>\n<meta property=\"og:type\" content=\"article\" \/>\n<meta property=\"og:title\" content=\"Nivel I - Col-legi de Mediadors d&#039;Assegurances de Barcelona\" \/>\n<meta property=\"og:description\" content=\"[vc_row][vc_column][vc_column_text] Formaci\u00f3n de Acceso a la distribuci\u00f3n de Seguros [\/vc_column_text][\/vc_column][\/vc_row][vc_row][vc_column][vc_single_image source=&#8221;featured_image&#8221; img_size=&#8221;full&#8221; alignment=&#8221;center&#8221;][\/vc_column][\/vc_row][vc_row][vc_column][vc_column_text] Aspectos Generales: [\/vc_column_text][vc_column_text]Curso de Formaci\u00f3n en Materias Financieras y de Seguros Privados de acuerdo con el\u00a0Real Decreto 287\/2021\u00a0y la\u00a0Resoluci\u00f3n de 3 de junio de 2021, de la Direcci\u00f3n General de Seguros y Fondos de Pensiones, por la que se establecen los principios\" \/>\n<meta property=\"og:url\" content=\"https:\/\/www.elcol-legi.org\/w\/es\/nivel-1\/\" \/>\n<meta property=\"og:site_name\" content=\"Col-legi de Mediadors d&#039;Assegurances de Barcelona\" \/>\n<meta property=\"article:modified_time\" content=\"2026-01-28T12:07:20+00:00\" \/>\n<meta property=\"og:image\" content=\"https:\/\/www.elcol-legi.org\/w\/wp-content\/uploads\/2021\/11\/NIVELICAT.png\" \/>\n\t<meta property=\"og:image:width\" content=\"367\" \/>\n\t<meta property=\"og:image:height\" content=\"239\" \/>\n\t<meta property=\"og:image:type\" content=\"image\/png\" \/>\n<meta name=\"twitter:card\" content=\"summary_large_image\" \/>\n<meta name=\"twitter:label1\" content=\"Tiempo de lectura\" \/>\n\t<meta name=\"twitter:data1\" content=\"2 minutos\" \/>\n<script type=\"application\/ld+json\" class=\"yoast-schema-graph\">{\"@context\":\"https:\\\/\\\/schema.org\",\"@graph\":[{\"@type\":\"WebPage\",\"@id\":\"https:\\\/\\\/www.elcol-legi.org\\\/w\\\/es\\\/nivel-1\\\/\",\"url\":\"https:\\\/\\\/www.elcol-legi.org\\\/w\\\/es\\\/nivel-1\\\/\",\"name\":\"Nivel I - Col-legi de Mediadors d&#039;Assegurances de Barcelona\",\"isPartOf\":{\"@id\":\"https:\\\/\\\/www.elcol-legi.org\\\/w\\\/es\\\/#website\"},\"primaryImageOfPage\":{\"@id\":\"https:\\\/\\\/www.elcol-legi.org\\\/w\\\/es\\\/nivel-1\\\/#primaryimage\"},\"image\":{\"@id\":\"https:\\\/\\\/www.elcol-legi.org\\\/w\\\/es\\\/nivel-1\\\/#primaryimage\"},\"thumbnailUrl\":\"https:\\\/\\\/www.elcol-legi.org\\\/w\\\/wp-content\\\/uploads\\\/2021\\\/11\\\/NIVELICAT.png\",\"datePublished\":\"2021-11-24T15:31:32+00:00\",\"dateModified\":\"2026-01-28T12:07:20+00:00\",\"breadcrumb\":{\"@id\":\"https:\\\/\\\/www.elcol-legi.org\\\/w\\\/es\\\/nivel-1\\\/#breadcrumb\"},\"inLanguage\":\"es\",\"potentialAction\":[{\"@type\":\"ReadAction\",\"target\":[\"https:\\\/\\\/www.elcol-legi.org\\\/w\\\/es\\\/nivel-1\\\/\"]}]},{\"@type\":\"ImageObject\",\"inLanguage\":\"es\",\"@id\":\"https:\\\/\\\/www.elcol-legi.org\\\/w\\\/es\\\/nivel-1\\\/#primaryimage\",\"url\":\"https:\\\/\\\/www.elcol-legi.org\\\/w\\\/wp-content\\\/uploads\\\/2021\\\/11\\\/NIVELICAT.png\",\"contentUrl\":\"https:\\\/\\\/www.elcol-legi.org\\\/w\\\/wp-content\\\/uploads\\\/2021\\\/11\\\/NIVELICAT.png\",\"width\":367,\"height\":239},{\"@type\":\"BreadcrumbList\",\"@id\":\"https:\\\/\\\/www.elcol-legi.org\\\/w\\\/es\\\/nivel-1\\\/#breadcrumb\",\"itemListElement\":[{\"@type\":\"ListItem\",\"position\":1,\"name\":\"Inici\",\"item\":\"https:\\\/\\\/www.elcol-legi.org\\\/w\\\/es\\\/\"},{\"@type\":\"ListItem\",\"position\":2,\"name\":\"Nivel I\"}]},{\"@type\":\"WebSite\",\"@id\":\"https:\\\/\\\/www.elcol-legi.org\\\/w\\\/es\\\/#website\",\"url\":\"https:\\\/\\\/www.elcol-legi.org\\\/w\\\/es\\\/\",\"name\":\"Col-legi de Mediadors d&#039;Assegurances de Barcelona\",\"description\":\"Support al mediador d&#039;assegurances\",\"potentialAction\":[{\"@type\":\"SearchAction\",\"target\":{\"@type\":\"EntryPoint\",\"urlTemplate\":\"https:\\\/\\\/www.elcol-legi.org\\\/w\\\/es\\\/?s={search_term_string}\"},\"query-input\":{\"@type\":\"PropertyValueSpecification\",\"valueRequired\":true,\"valueName\":\"search_term_string\"}}],\"inLanguage\":\"es\"}]}<\/script>\n<!-- \/ Yoast SEO plugin. -->","yoast_head_json":{"title":"Nivel I - Col-legi de Mediadors d&#039;Assegurances de Barcelona","robots":{"index":"index","follow":"follow","max-snippet":"max-snippet:-1","max-image-preview":"max-image-preview:large","max-video-preview":"max-video-preview:-1"},"canonical":"https:\/\/www.elcol-legi.org\/w\/es\/nivel-1\/","og_locale":"es_ES","og_type":"article","og_title":"Nivel I - Col-legi de Mediadors d&#039;Assegurances de Barcelona","og_description":"[vc_row][vc_column][vc_column_text] Formaci\u00f3n de Acceso a la distribuci\u00f3n de Seguros [\/vc_column_text][\/vc_column][\/vc_row][vc_row][vc_column][vc_single_image source=&#8221;featured_image&#8221; img_size=&#8221;full&#8221; alignment=&#8221;center&#8221;][\/vc_column][\/vc_row][vc_row][vc_column][vc_column_text] Aspectos Generales: [\/vc_column_text][vc_column_text]Curso de Formaci\u00f3n en Materias Financieras y de Seguros Privados de acuerdo con el\u00a0Real Decreto 287\/2021\u00a0y la\u00a0Resoluci\u00f3n de 3 de junio de 2021, de la Direcci\u00f3n General de Seguros y Fondos de Pensiones, por la que se establecen los principios","og_url":"https:\/\/www.elcol-legi.org\/w\/es\/nivel-1\/","og_site_name":"Col-legi de Mediadors d&#039;Assegurances de Barcelona","article_modified_time":"2026-01-28T12:07:20+00:00","og_image":[{"width":367,"height":239,"url":"https:\/\/www.elcol-legi.org\/w\/wp-content\/uploads\/2021\/11\/NIVELICAT.png","type":"image\/png"}],"twitter_card":"summary_large_image","twitter_misc":{"Tiempo de lectura":"2 minutos"},"schema":{"@context":"https:\/\/schema.org","@graph":[{"@type":"WebPage","@id":"https:\/\/www.elcol-legi.org\/w\/es\/nivel-1\/","url":"https:\/\/www.elcol-legi.org\/w\/es\/nivel-1\/","name":"Nivel I - Col-legi de Mediadors d&#039;Assegurances de Barcelona","isPartOf":{"@id":"https:\/\/www.elcol-legi.org\/w\/es\/#website"},"primaryImageOfPage":{"@id":"https:\/\/www.elcol-legi.org\/w\/es\/nivel-1\/#primaryimage"},"image":{"@id":"https:\/\/www.elcol-legi.org\/w\/es\/nivel-1\/#primaryimage"},"thumbnailUrl":"https:\/\/www.elcol-legi.org\/w\/wp-content\/uploads\/2021\/11\/NIVELICAT.png","datePublished":"2021-11-24T15:31:32+00:00","dateModified":"2026-01-28T12:07:20+00:00","breadcrumb":{"@id":"https:\/\/www.elcol-legi.org\/w\/es\/nivel-1\/#breadcrumb"},"inLanguage":"es","potentialAction":[{"@type":"ReadAction","target":["https:\/\/www.elcol-legi.org\/w\/es\/nivel-1\/"]}]},{"@type":"ImageObject","inLanguage":"es","@id":"https:\/\/www.elcol-legi.org\/w\/es\/nivel-1\/#primaryimage","url":"https:\/\/www.elcol-legi.org\/w\/wp-content\/uploads\/2021\/11\/NIVELICAT.png","contentUrl":"https:\/\/www.elcol-legi.org\/w\/wp-content\/uploads\/2021\/11\/NIVELICAT.png","width":367,"height":239},{"@type":"BreadcrumbList","@id":"https:\/\/www.elcol-legi.org\/w\/es\/nivel-1\/#breadcrumb","itemListElement":[{"@type":"ListItem","position":1,"name":"Inici","item":"https:\/\/www.elcol-legi.org\/w\/es\/"},{"@type":"ListItem","position":2,"name":"Nivel I"}]},{"@type":"WebSite","@id":"https:\/\/www.elcol-legi.org\/w\/es\/#website","url":"https:\/\/www.elcol-legi.org\/w\/es\/","name":"Col-legi de Mediadors d&#039;Assegurances de Barcelona","description":"Support al mediador d&#039;assegurances","potentialAction":[{"@type":"SearchAction","target":{"@type":"EntryPoint","urlTemplate":"https:\/\/www.elcol-legi.org\/w\/es\/?s={search_term_string}"},"query-input":{"@type":"PropertyValueSpecification","valueRequired":true,"valueName":"search_term_string"}}],"inLanguage":"es"}]}},"_links":{"self":[{"href":"https:\/\/www.elcol-legi.org\/w\/es\/wp-json\/wp\/v2\/pages\/6664","targetHints":{"allow":["GET"]}}],"collection":[{"href":"https:\/\/www.elcol-legi.org\/w\/es\/wp-json\/wp\/v2\/pages"}],"about":[{"href":"https:\/\/www.elcol-legi.org\/w\/es\/wp-json\/wp\/v2\/types\/page"}],"author":[{"embeddable":true,"href":"https:\/\/www.elcol-legi.org\/w\/es\/wp-json\/wp\/v2\/users\/4"}],"replies":[{"embeddable":true,"href":"https:\/\/www.elcol-legi.org\/w\/es\/wp-json\/wp\/v2\/comments?post=6664"}],"version-history":[{"count":18,"href":"https:\/\/www.elcol-legi.org\/w\/es\/wp-json\/wp\/v2\/pages\/6664\/revisions"}],"predecessor-version":[{"id":26453,"href":"https:\/\/www.elcol-legi.org\/w\/es\/wp-json\/wp\/v2\/pages\/6664\/revisions\/26453"}],"wp:featuredmedia":[{"embeddable":true,"href":"https:\/\/www.elcol-legi.org\/w\/es\/wp-json\/wp\/v2\/media\/6646"}],"wp:attachment":[{"href":"https:\/\/www.elcol-legi.org\/w\/es\/wp-json\/wp\/v2\/media?parent=6664"}],"curies":[{"name":"wp","href":"https:\/\/api.w.org\/{rel}","templated":true}]}}