{"id":7397,"date":"2022-01-03T18:20:23","date_gmt":"2022-01-03T16:20:23","guid":{"rendered":"https:\/\/elcol-legi.org\/w\/servicios\/"},"modified":"2022-01-03T18:20:24","modified_gmt":"2022-01-03T16:20:24","slug":"servicios","status":"publish","type":"page","link":"https:\/\/www.elcol-legi.org\/w\/es\/servicios\/","title":{"rendered":"Servicios"},"content":{"rendered":"<div class=\"wpb-content-wrapper\"><p>[vc_section full_width=&#8221;stretch_row&#8221; content_placement=&#8221;middle&#8221; css=&#8221;.vc_custom_1622113955303{background-color: #1b3b72 !important;}&#8221;][vc_row full_width=&#8221;stretch_row&#8221; equal_height=&#8221;yes&#8221;][vc_column][vc_hoverbox image=&#8221;4139&#8243; primary_title=&#8221;Col\u00e9giate&#8221; primary_title_font_container=&#8221;color:%23ffffff&#8221; hover_title=&#8221;\u00bfEst\u00e1s ya colegiado?&#8221; hover_background_color=&#8221;white&#8221; hover_btn_title=&#8221;+ info&#8221; hover_btn_color=&#8221;blue&#8221; css_animation=&#8221;bounceIn&#8221; use_custom_fonts_primary_title=&#8221;true&#8221; hover_add_button=&#8221;true&#8221; hover_btn_link=&#8221;url:https%3A%2F%2Felcol-legi.org%2Fw%2Fes%2Fcolegiate%2F|title:Col%C3%A9giate%21%21%21|&#8221;]Aprovecha la oportunidad y col\u00e9giate. Es un procedimiento r\u00e1pido y sencillo que te proporcionar\u00e1 muchos beneficios y contribuir\u00e1s a fortalecer nuestra profesi\u00f3n delante de las administraciones y el resto del sector. Benef\u00edciate de condiciones muy favorables de formaci\u00f3n de calidad y de las asesor\u00edas que estan a disposici\u00f3n, sin coste a\u00f1adido.[\/vc_hoverbox][\/vc_column][\/vc_row][vc_row][vc_column][vc_empty_space height=&#8221;42px&#8221;][\/vc_column][\/vc_row][\/vc_section][vc_section full_width=&#8221;stretch_row&#8221; full_height=&#8221;yes&#8221; content_placement=&#8221;middle&#8221; css=&#8221;.vc_custom_1621355815072{background-color: #f7f7f7 !important;}&#8221;][vc_row full_width=&#8221;stretch_row&#8221;][vc_column][vc_custom_heading stm_title_font_weight=&#8221;300&#8243; text=&#8221;Resuelve tus dudas. Servicio gratuito para Colegiados&#8221; font_container=&#8221;tag:h1|text_align:center&#8221; use_theme_fonts=&#8221;yes&#8221; subtitle=&#8221;Assessors&#8221;][\/vc_column][\/vc_row][vc_row css_animation=&#8221;bounceIn&#8221;][vc_column][stm_services posts_per_page=&#8221;8&#8243; posts_per_row=&#8221;3&#8243; category=&#8221;assessors&#8221; img_size=&#8221;full&#8221; style=&#8221;style_2&#8243; title_color=&#8221;#494949&#8243;][\/vc_column][\/vc_row][vc_row][vc_column][vc_empty_space height=&#8221;62px&#8221;][\/vc_column][\/vc_row][\/vc_section][vc_section][vc_row][vc_column][vc_custom_heading stm_title_font_weight=&#8221;300&#8243; text=&#8221;Servicios para Colegiados. Pensando en t\u00ed !&#8221; font_container=&#8221;tag:h1|text_align:center&#8221; use_theme_fonts=&#8221;yes&#8221; subtitle=&#8221;Serveis&#8221;][stm_services posts_per_page=&#8221;12&#8243; posts_per_row=&#8221;4&#8243; category=&#8221;serveis&#8221; img_size=&#8221;medium&#8221; style=&#8221;style_2&#8243;][\/vc_column][\/vc_row][\/vc_section][vc_section full_height=&#8221;yes&#8221; content_placement=&#8221;middle&#8221; css=&#8221;.vc_custom_1621188781044{margin-top: 30px !important;margin-bottom: 30px !important;}&#8221;][vc_row][vc_column][vc_custom_heading icon=&#8221;stm-stm14_country&#8221; icon_size=&#8221;90&#8243; stm_title_font_weight=&#8221;300&#8243; text=&#8221;Actualidad&#8221; font_container=&#8221;tag:h1|text_align:center&#8221; use_theme_fonts=&#8221;yes&#8221; subtitle=&#8221;Ultimes publicacions&#8221;][vc_empty_space height=&#8221;82px&#8221;][\/vc_column][\/vc_row][vc_row equal_height=&#8221;yes&#8221; content_placement=&#8221;middle&#8221;][vc_column][vc_basic_grid post_type=&#8221;post&#8221; max_items=&#8221;12&#8243; style=&#8221;pagination&#8221; items_per_page=&#8221;6&#8243; item=&#8221;basicGrid_SlideBottomWithIcon&#8221; grid_id=&#8221;vc_gid:1639500365532-5734af4d-a488-3&#8243;][\/vc_column][\/vc_row][\/vc_section][vc_section css=&#8221;.vc_custom_1620845428307{margin-top: 30px !important;margin-bottom: 30px !important;}&#8221;][vc_row][vc_column][stm_sidebar sidebar=&#8221;3965&#8243;][\/vc_column][\/vc_row][\/vc_section]<\/p>\n<\/div>","protected":false},"excerpt":{"rendered":"<p>[vc_section full_width=&#8221;stretch_row&#8221; content_placement=&#8221;middle&#8221; css=&#8221;.vc_custom_1622113955303{background-color: #1b3b72 !important;}&#8221;][vc_row full_width=&#8221;stretch_row&#8221; equal_height=&#8221;yes&#8221;][vc_column][vc_hoverbox image=&#8221;4139&#8243; primary_title=&#8221;Col\u00e9giate&#8221; primary_title_font_container=&#8221;color:%23ffffff&#8221; hover_title=&#8221;\u00bfEst\u00e1s ya colegiado?&#8221; hover_background_color=&#8221;white&#8221; hover_btn_title=&#8221;+ info&#8221; hover_btn_color=&#8221;blue&#8221; css_animation=&#8221;bounceIn&#8221; use_custom_fonts_primary_title=&#8221;true&#8221; hover_add_button=&#8221;true&#8221; hover_btn_link=&#8221;url:https%3A%2F%2Felcol-legi.org%2Fw%2Fes%2Fcolegiate%2F|title:Col%C3%A9giate%21%21%21|&#8221;]Aprovecha la oportunidad y col\u00e9giate. Es un procedimiento r\u00e1pido y sencillo que te proporcionar\u00e1 muchos beneficios y contribuir\u00e1s a fortalecer nuestra profesi\u00f3n delante de las administraciones y el resto del sector. Benef\u00edciate de condiciones<\/p>\n","protected":false},"author":4,"featured_media":0,"parent":0,"menu_order":0,"comment_status":"closed","ping_status":"closed","template":"elementor_theme","meta":{"footnotes":""},"class_list":["post-7397","page","type-page","status-publish","hentry"],"yoast_head":"<!-- This site is optimized with the Yoast SEO plugin v27.5 - https:\/\/yoast.com\/product\/yoast-seo-wordpress\/ -->\n<title>Servicios - Col-legi de Mediadors d&#039;Assegurances de Barcelona<\/title>\n<meta name=\"robots\" content=\"index, follow, max-snippet:-1, max-image-preview:large, max-video-preview:-1\" \/>\n<link rel=\"canonical\" href=\"https:\/\/www.elcol-legi.org\/w\/es\/servicios\/\" \/>\n<meta property=\"og:locale\" content=\"es_ES\" \/>\n<meta property=\"og:type\" content=\"article\" \/>\n<meta property=\"og:title\" content=\"Servicios - Col-legi de Mediadors d&#039;Assegurances de Barcelona\" \/>\n<meta property=\"og:description\" content=\"[vc_section full_width=&#8221;stretch_row&#8221; content_placement=&#8221;middle&#8221; css=&#8221;.vc_custom_1622113955303{background-color: #1b3b72 !important;}&#8221;][vc_row full_width=&#8221;stretch_row&#8221; equal_height=&#8221;yes&#8221;][vc_column][vc_hoverbox image=&#8221;4139&#8243; primary_title=&#8221;Col\u00e9giate&#8221; primary_title_font_container=&#8221;color:%23ffffff&#8221; hover_title=&#8221;\u00bfEst\u00e1s ya colegiado?&#8221; hover_background_color=&#8221;white&#8221; hover_btn_title=&#8221;+ info&#8221; hover_btn_color=&#8221;blue&#8221; css_animation=&#8221;bounceIn&#8221; use_custom_fonts_primary_title=&#8221;true&#8221; hover_add_button=&#8221;true&#8221; hover_btn_link=&#8221;url:https%3A%2F%2Felcol-legi.org%2Fw%2Fes%2Fcolegiate%2F|title:Col%C3%A9giate%21%21%21|&#8221;]Aprovecha la oportunidad y col\u00e9giate. Es un procedimiento r\u00e1pido y sencillo que te proporcionar\u00e1 muchos beneficios y contribuir\u00e1s a fortalecer nuestra profesi\u00f3n delante de las administraciones y el resto del sector. Benef\u00edciate de condiciones\" \/>\n<meta property=\"og:url\" content=\"https:\/\/www.elcol-legi.org\/w\/es\/servicios\/\" \/>\n<meta property=\"og:site_name\" content=\"Col-legi de Mediadors d&#039;Assegurances de Barcelona\" \/>\n<meta property=\"article:modified_time\" content=\"2022-01-03T16:20:24+00:00\" \/>\n<meta name=\"twitter:card\" content=\"summary_large_image\" \/>\n<meta name=\"twitter:label1\" content=\"Tiempo de lectura\" \/>\n\t<meta name=\"twitter:data1\" content=\"1 minuto\" \/>\n<script type=\"application\/ld+json\" class=\"yoast-schema-graph\">{\"@context\":\"https:\\\/\\\/schema.org\",\"@graph\":[{\"@type\":\"WebPage\",\"@id\":\"https:\\\/\\\/www.elcol-legi.org\\\/w\\\/es\\\/servicios\\\/\",\"url\":\"https:\\\/\\\/www.elcol-legi.org\\\/w\\\/es\\\/servicios\\\/\",\"name\":\"Servicios - Col-legi de Mediadors d&#039;Assegurances de Barcelona\",\"isPartOf\":{\"@id\":\"https:\\\/\\\/www.elcol-legi.org\\\/w\\\/es\\\/#website\"},\"datePublished\":\"2022-01-03T16:20:23+00:00\",\"dateModified\":\"2022-01-03T16:20:24+00:00\",\"breadcrumb\":{\"@id\":\"https:\\\/\\\/www.elcol-legi.org\\\/w\\\/es\\\/servicios\\\/#breadcrumb\"},\"inLanguage\":\"es\",\"potentialAction\":[{\"@type\":\"ReadAction\",\"target\":[\"https:\\\/\\\/www.elcol-legi.org\\\/w\\\/es\\\/servicios\\\/\"]}]},{\"@type\":\"BreadcrumbList\",\"@id\":\"https:\\\/\\\/www.elcol-legi.org\\\/w\\\/es\\\/servicios\\\/#breadcrumb\",\"itemListElement\":[{\"@type\":\"ListItem\",\"position\":1,\"name\":\"Inici\",\"item\":\"https:\\\/\\\/www.elcol-legi.org\\\/w\\\/es\\\/\"},{\"@type\":\"ListItem\",\"position\":2,\"name\":\"Servicios\"}]},{\"@type\":\"WebSite\",\"@id\":\"https:\\\/\\\/www.elcol-legi.org\\\/w\\\/es\\\/#website\",\"url\":\"https:\\\/\\\/www.elcol-legi.org\\\/w\\\/es\\\/\",\"name\":\"Col-legi de Mediadors d&#039;Assegurances de Barcelona\",\"description\":\"Support al mediador d&#039;assegurances\",\"potentialAction\":[{\"@type\":\"SearchAction\",\"target\":{\"@type\":\"EntryPoint\",\"urlTemplate\":\"https:\\\/\\\/www.elcol-legi.org\\\/w\\\/es\\\/?s={search_term_string}\"},\"query-input\":{\"@type\":\"PropertyValueSpecification\",\"valueRequired\":true,\"valueName\":\"search_term_string\"}}],\"inLanguage\":\"es\"}]}<\/script>\n<!-- \/ Yoast SEO plugin. -->","yoast_head_json":{"title":"Servicios - Col-legi de Mediadors d&#039;Assegurances de Barcelona","robots":{"index":"index","follow":"follow","max-snippet":"max-snippet:-1","max-image-preview":"max-image-preview:large","max-video-preview":"max-video-preview:-1"},"canonical":"https:\/\/www.elcol-legi.org\/w\/es\/servicios\/","og_locale":"es_ES","og_type":"article","og_title":"Servicios - Col-legi de Mediadors d&#039;Assegurances de Barcelona","og_description":"[vc_section full_width=&#8221;stretch_row&#8221; content_placement=&#8221;middle&#8221; css=&#8221;.vc_custom_1622113955303{background-color: #1b3b72 !important;}&#8221;][vc_row full_width=&#8221;stretch_row&#8221; equal_height=&#8221;yes&#8221;][vc_column][vc_hoverbox image=&#8221;4139&#8243; primary_title=&#8221;Col\u00e9giate&#8221; primary_title_font_container=&#8221;color:%23ffffff&#8221; hover_title=&#8221;\u00bfEst\u00e1s ya colegiado?&#8221; hover_background_color=&#8221;white&#8221; hover_btn_title=&#8221;+ info&#8221; hover_btn_color=&#8221;blue&#8221; css_animation=&#8221;bounceIn&#8221; use_custom_fonts_primary_title=&#8221;true&#8221; hover_add_button=&#8221;true&#8221; hover_btn_link=&#8221;url:https%3A%2F%2Felcol-legi.org%2Fw%2Fes%2Fcolegiate%2F|title:Col%C3%A9giate%21%21%21|&#8221;]Aprovecha la oportunidad y col\u00e9giate. Es un procedimiento r\u00e1pido y sencillo que te proporcionar\u00e1 muchos beneficios y contribuir\u00e1s a fortalecer nuestra profesi\u00f3n delante de las administraciones y el resto del sector. Benef\u00edciate de condiciones","og_url":"https:\/\/www.elcol-legi.org\/w\/es\/servicios\/","og_site_name":"Col-legi de Mediadors d&#039;Assegurances de Barcelona","article_modified_time":"2022-01-03T16:20:24+00:00","twitter_card":"summary_large_image","twitter_misc":{"Tiempo de lectura":"1 minuto"},"schema":{"@context":"https:\/\/schema.org","@graph":[{"@type":"WebPage","@id":"https:\/\/www.elcol-legi.org\/w\/es\/servicios\/","url":"https:\/\/www.elcol-legi.org\/w\/es\/servicios\/","name":"Servicios - Col-legi de Mediadors d&#039;Assegurances de Barcelona","isPartOf":{"@id":"https:\/\/www.elcol-legi.org\/w\/es\/#website"},"datePublished":"2022-01-03T16:20:23+00:00","dateModified":"2022-01-03T16:20:24+00:00","breadcrumb":{"@id":"https:\/\/www.elcol-legi.org\/w\/es\/servicios\/#breadcrumb"},"inLanguage":"es","potentialAction":[{"@type":"ReadAction","target":["https:\/\/www.elcol-legi.org\/w\/es\/servicios\/"]}]},{"@type":"BreadcrumbList","@id":"https:\/\/www.elcol-legi.org\/w\/es\/servicios\/#breadcrumb","itemListElement":[{"@type":"ListItem","position":1,"name":"Inici","item":"https:\/\/www.elcol-legi.org\/w\/es\/"},{"@type":"ListItem","position":2,"name":"Servicios"}]},{"@type":"WebSite","@id":"https:\/\/www.elcol-legi.org\/w\/es\/#website","url":"https:\/\/www.elcol-legi.org\/w\/es\/","name":"Col-legi de Mediadors d&#039;Assegurances de Barcelona","description":"Support al mediador d&#039;assegurances","potentialAction":[{"@type":"SearchAction","target":{"@type":"EntryPoint","urlTemplate":"https:\/\/www.elcol-legi.org\/w\/es\/?s={search_term_string}"},"query-input":{"@type":"PropertyValueSpecification","valueRequired":true,"valueName":"search_term_string"}}],"inLanguage":"es"}]}},"_links":{"self":[{"href":"https:\/\/www.elcol-legi.org\/w\/es\/wp-json\/wp\/v2\/pages\/7397","targetHints":{"allow":["GET"]}}],"collection":[{"href":"https:\/\/www.elcol-legi.org\/w\/es\/wp-json\/wp\/v2\/pages"}],"about":[{"href":"https:\/\/www.elcol-legi.org\/w\/es\/wp-json\/wp\/v2\/types\/page"}],"author":[{"embeddable":true,"href":"https:\/\/www.elcol-legi.org\/w\/es\/wp-json\/wp\/v2\/users\/4"}],"replies":[{"embeddable":true,"href":"https:\/\/www.elcol-legi.org\/w\/es\/wp-json\/wp\/v2\/comments?post=7397"}],"version-history":[{"count":4,"href":"https:\/\/www.elcol-legi.org\/w\/es\/wp-json\/wp\/v2\/pages\/7397\/revisions"}],"predecessor-version":[{"id":14291,"href":"https:\/\/www.elcol-legi.org\/w\/es\/wp-json\/wp\/v2\/pages\/7397\/revisions\/14291"}],"wp:attachment":[{"href":"https:\/\/www.elcol-legi.org\/w\/es\/wp-json\/wp\/v2\/media?parent=7397"}],"curies":[{"name":"wp","href":"https:\/\/api.w.org\/{rel}","templated":true}]}}