{"id":7499,"date":"2022-01-04T14:18:15","date_gmt":"2022-01-04T12:18:15","guid":{"rendered":"https:\/\/www.elcol-legi.org\/w\/mediario-dossier\/"},"modified":"2026-03-10T12:47:16","modified_gmt":"2026-03-10T10:47:16","slug":"mediario-dossier","status":"publish","type":"page","link":"https:\/\/www.elcol-legi.org\/w\/es\/mediario-dossier\/","title":{"rendered":"Mediario Dossier"},"content":{"rendered":"<div class=\"wpb-content-wrapper\"><p>[vc_row][vc_column][vc_row_inner][vc_column_inner][vc_raw_html css=&#8221;&#8221;]PGRpdiBzdHlsZT0icG9zaXRpb246IHJlbGF0aXZlOyBwYWRkaW5nLXRvcDogbWF4KDYwJSwzMjRweCk7IHdpZHRoOiAxMDAlOyBoZWlnaHQ6IDA7Ij48aWZyYW1lIHN0eWxlPSJwb3NpdGlvbjogYWJzb2x1dGU7IGJvcmRlcjogbm9uZTsgd2lkdGg6IDEwMCU7IGhlaWdodDogMTAwJTsgbGVmdDogMDsgdG9wOiAwOyIgdGl0bGU9Ik1lZGlhcmlvIERvc3NpZXIgIzIyIEZlYnJlcm8gMjAyNiIgc3JjPSJodHRwczovL29ubGluZS5mbGlwaHRtbDUuY29tL2NtYWJjbi9NRUQyMi8iIGZyYW1lYm9yZGVyPSIwIiBzY3JvbGxpbmc9Im5vIiBzZWFtbGVzcz0ic2VhbWxlc3MiIGFsbG93ZnVsbHNjcmVlbj0iYWxsb3dmdWxsc2NyZWVuIj48L2lmcmFtZT48L2Rpdj4=[\/vc_raw_html][\/vc_column_inner][\/vc_row_inner][vc_column_text css=&#8221;.vc_custom_1730971283313{padding-top: 15px !important;}&#8221;]<strong>Mediario<\/strong> <strong>Dossier<\/strong> es una publicaci\u00f3n en soporte papel que se edita cada tres meses. Los contenidos son tratados con mayor amplitud, con la perspectiva de aportar datos y reflexiones con una mayor vigencia temporal.\u00a0<strong>Mediario Dossier\u00a0<\/strong>est\u00e1 dedicado en cada n\u00famero a una tem\u00e1tica en concreto o a una l\u00ednia del negocio asegurador. Contenidos que se abordan en profundidad i desde diferentes puntos de vista, aun que siempre con la sensibilidad de la mediaci\u00f3n. El formato de la revista, en papel ecol\u00f3gico y una impresi\u00f3n muy cuidada, ofrece la posibilidad de guardar cada revista como una fuente de informaci\u00f3n interesante sobre la evoluci\u00f3n y las tendencias del seguro.[\/vc_column_text][vc_btn title=&#8221;Acceso a la hemeroteca&#8221; color=&#8221;primary&#8221; align=&#8221;center&#8221; css=&#8221;&#8221; link=&#8221;url:https%3A%2F%2Ffliphtml5.com%2Fbookcase%2Fdjpce%2F|target:_blank|&#8221;][\/vc_column][\/vc_row]<\/p>\n<\/div>","protected":false},"excerpt":{"rendered":"<p>[vc_row][vc_column][vc_row_inner][vc_column_inner][vc_raw_html css=&#8221;&#8221;]PGRpdiBzdHlsZT0icG9zaXRpb246IHJlbGF0aXZlOyBwYWRkaW5nLXRvcDogbWF4KDYwJSwzMjRweCk7IHdpZHRoOiAxMDAlOyBoZWlnaHQ6IDA7Ij48aWZyYW1lIHN0eWxlPSJwb3NpdGlvbjogYWJzb2x1dGU7IGJvcmRlcjogbm9uZTsgd2lkdGg6IDEwMCU7IGhlaWdodDogMTAwJTsgbGVmdDogMDsgdG9wOiAwOyIgdGl0bGU9Ik1lZGlhcmlvIERvc3NpZXIgIzIyIEZlYnJlcm8gMjAyNiIgc3JjPSJodHRwczovL29ubGluZS5mbGlwaHRtbDUuY29tL2NtYWJjbi9NRUQyMi8iIGZyYW1lYm9yZGVyPSIwIiBzY3JvbGxpbmc9Im5vIiBzZWFtbGVzcz0ic2VhbWxlc3MiIGFsbG93ZnVsbHNjcmVlbj0iYWxsb3dmdWxsc2NyZWVuIj48L2lmcmFtZT48L2Rpdj4=[\/vc_raw_html][\/vc_column_inner][\/vc_row_inner][vc_column_text css=&#8221;.vc_custom_1730971283313{padding-top: 15px !important;}&#8221;]Mediario Dossier es una publicaci\u00f3n en soporte papel que se edita cada tres meses. Los contenidos son tratados con mayor amplitud, con la perspectiva de aportar datos y reflexiones con una mayor vigencia temporal.\u00a0Mediario Dossier\u00a0est\u00e1 dedicado en cada n\u00famero a una tem\u00e1tica en concreto o a una l\u00ednia del negocio asegurador.<\/p>\n","protected":false},"author":4,"featured_media":0,"parent":0,"menu_order":0,"comment_status":"closed","ping_status":"closed","template":"","meta":{"footnotes":""},"class_list":["post-7499","page","type-page","status-publish","hentry"],"yoast_head":"<!-- This site is optimized with the Yoast SEO plugin v27.3 - https:\/\/yoast.com\/product\/yoast-seo-wordpress\/ -->\n<title>Mediario Dossier - Col-legi de Mediadors d&#039;Assegurances de Barcelona<\/title>\n<meta name=\"robots\" content=\"index, follow, max-snippet:-1, max-image-preview:large, max-video-preview:-1\" \/>\n<link rel=\"canonical\" href=\"https:\/\/www.elcol-legi.org\/w\/es\/mediario-dossier\/\" \/>\n<meta property=\"og:locale\" content=\"es_ES\" \/>\n<meta property=\"og:type\" content=\"article\" \/>\n<meta property=\"og:title\" content=\"Mediario Dossier - Col-legi de Mediadors d&#039;Assegurances de Barcelona\" \/>\n<meta property=\"og:description\" content=\"[vc_row][vc_column][vc_row_inner][vc_column_inner][vc_raw_html css=&#8221;&#8221;]PGRpdiBzdHlsZT0icG9zaXRpb246IHJlbGF0aXZlOyBwYWRkaW5nLXRvcDogbWF4KDYwJSwzMjRweCk7IHdpZHRoOiAxMDAlOyBoZWlnaHQ6IDA7Ij48aWZyYW1lIHN0eWxlPSJwb3NpdGlvbjogYWJzb2x1dGU7IGJvcmRlcjogbm9uZTsgd2lkdGg6IDEwMCU7IGhlaWdodDogMTAwJTsgbGVmdDogMDsgdG9wOiAwOyIgdGl0bGU9Ik1lZGlhcmlvIERvc3NpZXIgIzIyIEZlYnJlcm8gMjAyNiIgc3JjPSJodHRwczovL29ubGluZS5mbGlwaHRtbDUuY29tL2NtYWJjbi9NRUQyMi8iIGZyYW1lYm9yZGVyPSIwIiBzY3JvbGxpbmc9Im5vIiBzZWFtbGVzcz0ic2VhbWxlc3MiIGFsbG93ZnVsbHNjcmVlbj0iYWxsb3dmdWxsc2NyZWVuIj48L2lmcmFtZT48L2Rpdj4=[\/vc_raw_html][\/vc_column_inner][\/vc_row_inner][vc_column_text css=&#8221;.vc_custom_1730971283313{padding-top: 15px !important;}&#8221;]Mediario Dossier es una publicaci\u00f3n en soporte papel que se edita cada tres meses. Los contenidos son tratados con mayor amplitud, con la perspectiva de aportar datos y reflexiones con una mayor vigencia temporal.\u00a0Mediario Dossier\u00a0est\u00e1 dedicado en cada n\u00famero a una tem\u00e1tica en concreto o a una l\u00ednia del negocio asegurador.\" \/>\n<meta property=\"og:url\" content=\"https:\/\/www.elcol-legi.org\/w\/es\/mediario-dossier\/\" \/>\n<meta property=\"og:site_name\" content=\"Col-legi de Mediadors d&#039;Assegurances de Barcelona\" \/>\n<meta property=\"article:modified_time\" content=\"2026-03-10T10:47:16+00:00\" \/>\n<meta name=\"twitter:card\" content=\"summary_large_image\" \/>\n<meta name=\"twitter:label1\" content=\"Tiempo de lectura\" \/>\n\t<meta name=\"twitter:data1\" content=\"1 minuto\" \/>\n<script type=\"application\/ld+json\" class=\"yoast-schema-graph\">{\"@context\":\"https:\\\/\\\/schema.org\",\"@graph\":[{\"@type\":\"WebPage\",\"@id\":\"https:\\\/\\\/www.elcol-legi.org\\\/w\\\/es\\\/mediario-dossier\\\/\",\"url\":\"https:\\\/\\\/www.elcol-legi.org\\\/w\\\/es\\\/mediario-dossier\\\/\",\"name\":\"Mediario Dossier - Col-legi de Mediadors d&#039;Assegurances de Barcelona\",\"isPartOf\":{\"@id\":\"https:\\\/\\\/www.elcol-legi.org\\\/w\\\/es\\\/#website\"},\"datePublished\":\"2022-01-04T12:18:15+00:00\",\"dateModified\":\"2026-03-10T10:47:16+00:00\",\"breadcrumb\":{\"@id\":\"https:\\\/\\\/www.elcol-legi.org\\\/w\\\/es\\\/mediario-dossier\\\/#breadcrumb\"},\"inLanguage\":\"es\",\"potentialAction\":[{\"@type\":\"ReadAction\",\"target\":[\"https:\\\/\\\/www.elcol-legi.org\\\/w\\\/es\\\/mediario-dossier\\\/\"]}]},{\"@type\":\"BreadcrumbList\",\"@id\":\"https:\\\/\\\/www.elcol-legi.org\\\/w\\\/es\\\/mediario-dossier\\\/#breadcrumb\",\"itemListElement\":[{\"@type\":\"ListItem\",\"position\":1,\"name\":\"Inici\",\"item\":\"https:\\\/\\\/www.elcol-legi.org\\\/w\\\/es\\\/\"},{\"@type\":\"ListItem\",\"position\":2,\"name\":\"Mediario Dossier\"}]},{\"@type\":\"WebSite\",\"@id\":\"https:\\\/\\\/www.elcol-legi.org\\\/w\\\/es\\\/#website\",\"url\":\"https:\\\/\\\/www.elcol-legi.org\\\/w\\\/es\\\/\",\"name\":\"Col-legi de Mediadors d&#039;Assegurances de Barcelona\",\"description\":\"Support al mediador d&#039;assegurances\",\"potentialAction\":[{\"@type\":\"SearchAction\",\"target\":{\"@type\":\"EntryPoint\",\"urlTemplate\":\"https:\\\/\\\/www.elcol-legi.org\\\/w\\\/es\\\/?s={search_term_string}\"},\"query-input\":{\"@type\":\"PropertyValueSpecification\",\"valueRequired\":true,\"valueName\":\"search_term_string\"}}],\"inLanguage\":\"es\"}]}<\/script>\n<!-- \/ Yoast SEO plugin. -->","yoast_head_json":{"title":"Mediario Dossier - Col-legi de Mediadors d&#039;Assegurances de Barcelona","robots":{"index":"index","follow":"follow","max-snippet":"max-snippet:-1","max-image-preview":"max-image-preview:large","max-video-preview":"max-video-preview:-1"},"canonical":"https:\/\/www.elcol-legi.org\/w\/es\/mediario-dossier\/","og_locale":"es_ES","og_type":"article","og_title":"Mediario Dossier - Col-legi de Mediadors d&#039;Assegurances de Barcelona","og_description":"[vc_row][vc_column][vc_row_inner][vc_column_inner][vc_raw_html css=&#8221;&#8221;]PGRpdiBzdHlsZT0icG9zaXRpb246IHJlbGF0aXZlOyBwYWRkaW5nLXRvcDogbWF4KDYwJSwzMjRweCk7IHdpZHRoOiAxMDAlOyBoZWlnaHQ6IDA7Ij48aWZyYW1lIHN0eWxlPSJwb3NpdGlvbjogYWJzb2x1dGU7IGJvcmRlcjogbm9uZTsgd2lkdGg6IDEwMCU7IGhlaWdodDogMTAwJTsgbGVmdDogMDsgdG9wOiAwOyIgdGl0bGU9Ik1lZGlhcmlvIERvc3NpZXIgIzIyIEZlYnJlcm8gMjAyNiIgc3JjPSJodHRwczovL29ubGluZS5mbGlwaHRtbDUuY29tL2NtYWJjbi9NRUQyMi8iIGZyYW1lYm9yZGVyPSIwIiBzY3JvbGxpbmc9Im5vIiBzZWFtbGVzcz0ic2VhbWxlc3MiIGFsbG93ZnVsbHNjcmVlbj0iYWxsb3dmdWxsc2NyZWVuIj48L2lmcmFtZT48L2Rpdj4=[\/vc_raw_html][\/vc_column_inner][\/vc_row_inner][vc_column_text css=&#8221;.vc_custom_1730971283313{padding-top: 15px !important;}&#8221;]Mediario Dossier es una publicaci\u00f3n en soporte papel que se edita cada tres meses. Los contenidos son tratados con mayor amplitud, con la perspectiva de aportar datos y reflexiones con una mayor vigencia temporal.\u00a0Mediario Dossier\u00a0est\u00e1 dedicado en cada n\u00famero a una tem\u00e1tica en concreto o a una l\u00ednia del negocio asegurador.","og_url":"https:\/\/www.elcol-legi.org\/w\/es\/mediario-dossier\/","og_site_name":"Col-legi de Mediadors d&#039;Assegurances de Barcelona","article_modified_time":"2026-03-10T10:47:16+00:00","twitter_card":"summary_large_image","twitter_misc":{"Tiempo de lectura":"1 minuto"},"schema":{"@context":"https:\/\/schema.org","@graph":[{"@type":"WebPage","@id":"https:\/\/www.elcol-legi.org\/w\/es\/mediario-dossier\/","url":"https:\/\/www.elcol-legi.org\/w\/es\/mediario-dossier\/","name":"Mediario Dossier - Col-legi de Mediadors d&#039;Assegurances de Barcelona","isPartOf":{"@id":"https:\/\/www.elcol-legi.org\/w\/es\/#website"},"datePublished":"2022-01-04T12:18:15+00:00","dateModified":"2026-03-10T10:47:16+00:00","breadcrumb":{"@id":"https:\/\/www.elcol-legi.org\/w\/es\/mediario-dossier\/#breadcrumb"},"inLanguage":"es","potentialAction":[{"@type":"ReadAction","target":["https:\/\/www.elcol-legi.org\/w\/es\/mediario-dossier\/"]}]},{"@type":"BreadcrumbList","@id":"https:\/\/www.elcol-legi.org\/w\/es\/mediario-dossier\/#breadcrumb","itemListElement":[{"@type":"ListItem","position":1,"name":"Inici","item":"https:\/\/www.elcol-legi.org\/w\/es\/"},{"@type":"ListItem","position":2,"name":"Mediario Dossier"}]},{"@type":"WebSite","@id":"https:\/\/www.elcol-legi.org\/w\/es\/#website","url":"https:\/\/www.elcol-legi.org\/w\/es\/","name":"Col-legi de Mediadors d&#039;Assegurances de Barcelona","description":"Support al mediador d&#039;assegurances","potentialAction":[{"@type":"SearchAction","target":{"@type":"EntryPoint","urlTemplate":"https:\/\/www.elcol-legi.org\/w\/es\/?s={search_term_string}"},"query-input":{"@type":"PropertyValueSpecification","valueRequired":true,"valueName":"search_term_string"}}],"inLanguage":"es"}]}},"_links":{"self":[{"href":"https:\/\/www.elcol-legi.org\/w\/es\/wp-json\/wp\/v2\/pages\/7499","targetHints":{"allow":["GET"]}}],"collection":[{"href":"https:\/\/www.elcol-legi.org\/w\/es\/wp-json\/wp\/v2\/pages"}],"about":[{"href":"https:\/\/www.elcol-legi.org\/w\/es\/wp-json\/wp\/v2\/types\/page"}],"author":[{"embeddable":true,"href":"https:\/\/www.elcol-legi.org\/w\/es\/wp-json\/wp\/v2\/users\/4"}],"replies":[{"embeddable":true,"href":"https:\/\/www.elcol-legi.org\/w\/es\/wp-json\/wp\/v2\/comments?post=7499"}],"version-history":[{"count":24,"href":"https:\/\/www.elcol-legi.org\/w\/es\/wp-json\/wp\/v2\/pages\/7499\/revisions"}],"predecessor-version":[{"id":27034,"href":"https:\/\/www.elcol-legi.org\/w\/es\/wp-json\/wp\/v2\/pages\/7499\/revisions\/27034"}],"wp:attachment":[{"href":"https:\/\/www.elcol-legi.org\/w\/es\/wp-json\/wp\/v2\/media?parent=7499"}],"curies":[{"name":"wp","href":"https:\/\/api.w.org\/{rel}","templated":true}]}}