{"id":16143,"date":"2023-12-12T11:18:05","date_gmt":"2023-12-12T09:18:05","guid":{"rendered":"https:\/\/www.elcol-legi.org\/w\/?page_id=16143"},"modified":"2024-03-26T14:41:59","modified_gmt":"2024-03-26T12:41:59","slug":"politica-de-privacitat","status":"publish","type":"page","link":"https:\/\/www.elcol-legi.org\/w\/politica-de-privacitat\/","title":{"rendered":"Pol\u00edtica de Privacitat"},"content":{"rendered":"<div class=\"wpb-content-wrapper\"><p>[vc_row][vc_column][vc_column_text]<\/p>\n<h1>Pol\u00edtica de Privacitat<\/h1>\n<p>[\/vc_column_text][vc_column_text]Per al Col\u00b7legi de Mediadors d&#8217;Assegurances de Barcelona (en endavant CMAB) \u00e9s molt important garantir la seguretat i compliment normatiu de les dades personals dels interessats en els seus Tractaments, i donar compliment al Reglament (UE) 2016\/679 del Parlament Europeu i del Consell de 27 d&#8217;abril de 2016, relatiu a la protecci\u00f3 de les persones f\u00edsiques pel que fa al tractament de dades personals i a la lliure circulaci\u00f3 d&#8217;aquestes dades,\u00a0 denominat Reglament General de Protecci\u00f3 de Dades, (en endavant RGPD), aix\u00ed com amb el que estableix Llei Org\u00e0nica 3\/2018, de 5 de desembre, de Protecci\u00f3 de Dades Personals i garantia dels drets digitals (en endavant LOPDGDD).<\/p>\n<p>Volem oferir tota la informaci\u00f3 necess\u00e0ria d&#8217;una forma transparent i senzilla, per la qual cosa et recomanem llegir tranquil\u00b7lament aquesta pol\u00edtica de privacitat, i aix\u00ed poder con\u00e8ixer i entendre els tractaments de dades que executem.<\/p>\n<p>El nostre m\u00e0xim comprom\u00eds \u00e9s la confidencialitat i seguretat de les teves dades, de manera que ens esforcem dia a dia a millorar els nostres processos de tractament de dades personals.<\/p>\n<p>La pol\u00edtica de privacitat pot ser modificada per decisi\u00f3 unilateral de CMAB, per la qual cosa es recomana la seva consulta de forma regular.<\/p>\n<p>Si tens qualsevol dubte relatiu al tractament de les teves dades personals, no dubtis a contactar amb nosaltres per mitj\u00e0 de l&#8217;email: <a href=\"mailto:dpd@elcol-legi.org\">dpd@elcol-legi.org<\/a><\/p>\n<p><strong>Qui \u00e9s el responsable del tractament de les teves dades?<\/strong><\/p>\n<p>Els tractaments de dades personals de <strong>CMAB<\/strong> els assumeix la seg\u00fcent corporaci\u00f3 en qualitat de responsable de tractament de dades personals:<\/p>\n<p>Col\u00b7legi de Mediadors d\u2019Assegurances de Barcelona<\/p>\n<p>Passeig de Sant Joan, 33, 08010 de Barcelona<\/p>\n<p>CIF G08476749<\/p>\n<p>Tel. 932153223<\/p>\n<p>Correu electr\u00f2nic: <a href=\"mailto:elcol-legi@elcol-legi.org\">elcol-legi@elcol-legi.org<\/a><\/p>\n<p>Contacte Delegat de Protecci\u00f3 de Dades: <a href=\"mailto:dpd@elcol-legi.org\">dpd@elcol-legi.org<\/a><\/p>\n<p><strong>Qu\u00e8 fem amb les teves dades personals?<\/strong><\/p>\n<p>A continuaci\u00f3, t&#8217;informem de les finalitats per a la qual tractem les teves dades personals, i que sense ser una relaci\u00f3 exhaustiva es poden concretar en:<\/p>\n<ol>\n<li>Atenci\u00f3 a interessats relacionats amb les consultes sobre els serveis que ofereix el CMAB.<\/li>\n<li>Gesti\u00f3 administrativa, col\u00b7legial, comptable i econ\u00f2mica de les dades dels col\u00b7legiats del CMAB.<\/li>\n<li>Gesti\u00f3 administrativa, econ\u00f2mica i seguiment acad\u00e8mic dels serveis i productes formatius oferts pel CMAB<\/li>\n<li>Gesti\u00f3 i seguiment de comunicacions de car\u00e0cter informatiu dels serveis que puguin ser d&#8217; inter\u00e8s per als interessats.<\/li>\n<\/ol>\n<p><strong>Quines dades personals recollim?<\/strong><\/p>\n<p>Les dades que recollim s\u00f3n les estrictament necess\u00e0ries per a la realitzaci\u00f3 de les finalitats descrites amb anterioritat i que es poden concretar amb:<\/p>\n<ol>\n<li>Dades identificatives necess\u00e0ries per a la relaci\u00f3 col\u00b7legial com ara nom i cognoms, NIF, dades econ\u00f2miques i dades fiscals.<\/li>\n<li>Dades identificatives per a l&#8217; establiment de comunicacions amb interessats tals com tel\u00e8fon, correu electr\u00f2nic.<\/li>\n<li>Dades d&#8217; informaci\u00f3 laboral i dades acad\u00e8miques i professionals.<\/li>\n<\/ol>\n<p>Quan ens proporciones la teva informaci\u00f3, et compromets que la informaci\u00f3 i les dades que facilites s\u00f3n exactes i veraces i no contingui errors.<\/p>\n<p>Recorda que \u00e9s molt important que ens comuniquis, com m\u00e9s aviat millor, possibles modificacions i\/o rectificacions de les teves dades de car\u00e0cter personal al correu electr\u00f2nic <a href=\"mailto:elcol-legi@elcol-legi.org\">elcol-legi@elcol-legi.org<\/a><\/p>\n<p><strong>Quina \u00e9s la base jur\u00eddica per la qual tractem les teves dades?<\/strong><\/p>\n<p>Les bases jur\u00eddiques que habiliten el tractament de les teves dades personals en relaci\u00f3 amb les finalitats descrites anteriorment s\u00f3n:<\/p>\n<p>Interessats en els serveis de CMAB: la base de legitimaci\u00f3 per al tractament de dades de contactes interessats \u00e9s el consentiment expr\u00e9s i inequ\u00edvoc atorgat pels mateixos i l&#8217; inter\u00e8s leg\u00edtim.<\/p>\n<p>Col\u00b7legiats: la base de legitimaci\u00f3 \u00e9s la vinculaci\u00f3 com a persona col\u00b7legiada amb el CMAB en compliment de les seves obligacions estatut\u00e0ries i legals.<\/p>\n<p>Alumnes i assistents formaci\u00f3 i esdeveniments: la base de legitimaci\u00f3 \u00e9s l&#8217; execuci\u00f3 del contracte associat al curs o producte formatiu.<\/p>\n<p>Comunicacions informatives: la base de legitimaci\u00f3 per al tractament de dades \u00e9s el consentiment expr\u00e9s i inequ\u00edvoc atorgat pels mateixos i l&#8217; inter\u00e8s leg\u00edtim<\/p>\n<p><strong>A qui comuniquem les teves dades personals?<\/strong><\/p>\n<p>No es cediran les teves dades a tercers, llevat que fos necessari per a un complir amb un requeriment legal.<\/p>\n<p><strong>\u00bfRealitzem transfer\u00e8ncies internacionals de les teves dades?<\/strong><\/p>\n<p>No realitzarem transfer\u00e8ncies internacionals de les teves dades personals per a cap de les finalitats indicades.<\/p>\n<p><strong>Durant quant temps conservem les teves dades?<\/strong><\/p>\n<p>Depenent de cadascuna de les finalitats de tractament que fem de les teves dades conservem les dades amb relaci\u00f3 als terminis de conservaci\u00f3 marcats en la normativa vigent d&#8217;aplicaci\u00f3, i fins que suprimeixis el teu consentiment en el seu cas.<\/p>\n<p>T&#8217;informem que les teves dades es conservaran bloquejades en finalitzar el tractament al qual es destinen i durant els terminis de prescripci\u00f3 d&#8217;obligacions definides per a cada finalitat del tractament indicades.<\/p>\n<p><strong>Quins s\u00f3n els teus drets com a interessat?<\/strong><\/p>\n<p>Des de CMAB volem garantir plenament l&#8217;exercici de drets que disposes en virtut del RGPD. En aquest sentit, t&#8217;informem que disposes dels drets seg\u00fcents:<\/p>\n<p>Dret d&#8217;acc\u00e9s a les teves dades personals: per con\u00e8ixer quines dades personals tractem i les operacions de tractament que duem a terme.<\/p>\n<p>Dret de rectificaci\u00f3 de qualsevol dada personal inexacte.<\/p>\n<p>Dret de supressi\u00f3 de les teves dades personals: quan aix\u00f2 sigui possible i sense perjudici del bloqueig de la informaci\u00f3 amb reserva legal.<\/p>\n<p>Dret a sol\u00b7licitar la limitaci\u00f3 del tractament de les teves dades personals quan l&#8217;exactitud, la legalitat o la necessitat del tractament de les dades resulti dubtosa, cas en el qual, podrem conservar-les bloquejades per a l&#8217;exercici o la defensa de reclamacions.<\/p>\n<p>Dret d&#8217;oposici\u00f3 al tractament de les teves dades personals, quan la base legal que ens habiliti per al seu tractament de les indicades sigui el nostre inter\u00e8s leg\u00edtim deixar\u00e0 de tractar les teves dades tret que tingui un inter\u00e8s leg\u00edtim o sigui necessari per a la defensa de reclamacions.<\/p>\n<p>Dret a la portabilitat de les teves dades.<\/p>\n<p>Pots exercitar qualsevol dels drets quan ho creguis oport\u00fa i de forma gratu\u00efta enviant un correu electr\u00f2nic a <a href=\"mailto:dpd@elcol-legi.org\">dpd@elcol-legi.org<\/a> indicant el dret que desitges exercitar i les teves dades identificatives.<\/p>\n<p>Tamb\u00e9 t&#8217;informem que tens dret a presentar una reclamaci\u00f3 davant l&#8217;Autoritat Catalana de Protecci\u00f3 de Dades (<a href=\"https:\/\/apdcat.gencat.cat\/ca\/inici\/index.html\">https:\/\/apdcat.gencat.cat\/ca\/inici\/index.html<\/a>) o b\u00e9 davant l&#8217;Ag\u00e8ncia Espanyola de Protecci\u00f3 de Dades (<a href=\"https:\/\/www.aepd.es\/\">https:\/\/www.aepd.es\/<\/a>) si consideres que s&#8217;ha com\u00e8s una infracci\u00f3 de la legislaci\u00f3 en mat\u00e8ria de protecci\u00f3 de dades respecte al tractament de les teves dades personals.[\/vc_column_text][\/vc_column][\/vc_row]<\/p>\n<\/div>","protected":false},"excerpt":{"rendered":"<p>[vc_row][vc_column][vc_column_text] Pol\u00edtica de Privacitat [\/vc_column_text][vc_column_text]Per al Col\u00b7legi de Mediadors d&#8217;Assegurances de Barcelona (en endavant CMAB) \u00e9s molt important garantir la seguretat i compliment normatiu de les dades personals dels interessats en els seus Tractaments, i donar compliment al Reglament (UE) 2016\/679 del Parlament Europeu i del Consell de 27 d&#8217;abril de 2016, relatiu a la<\/p>\n","protected":false},"author":4,"featured_media":0,"parent":0,"menu_order":0,"comment_status":"closed","ping_status":"closed","template":"","meta":{"footnotes":""},"class_list":["post-16143","page","type-page","status-publish","hentry"],"yoast_head":"<!-- This site is optimized with the Yoast SEO plugin v27.4 - https:\/\/yoast.com\/product\/yoast-seo-wordpress\/ -->\n<title>Pol\u00edtica de Privacitat - Col-legi de Mediadors d&#039;Assegurances de Barcelona<\/title>\n<meta name=\"robots\" content=\"index, follow, max-snippet:-1, max-image-preview:large, max-video-preview:-1\" \/>\n<link rel=\"canonical\" href=\"https:\/\/www.elcol-legi.org\/w\/politica-de-privacitat\/\" \/>\n<meta property=\"og:locale\" content=\"ca_ES\" \/>\n<meta property=\"og:type\" content=\"article\" \/>\n<meta property=\"og:title\" content=\"Pol\u00edtica de Privacitat - Col-legi de Mediadors d&#039;Assegurances de Barcelona\" \/>\n<meta property=\"og:description\" content=\"[vc_row][vc_column][vc_column_text] Pol\u00edtica de Privacitat [\/vc_column_text][vc_column_text]Per al Col\u00b7legi de Mediadors d&#8217;Assegurances de Barcelona (en endavant CMAB) \u00e9s molt important garantir la seguretat i compliment normatiu de les dades personals dels interessats en els seus Tractaments, i donar compliment al Reglament (UE) 2016\/679 del Parlament Europeu i del Consell de 27 d&#8217;abril de 2016, relatiu a la\" \/>\n<meta property=\"og:url\" content=\"https:\/\/www.elcol-legi.org\/w\/politica-de-privacitat\/\" \/>\n<meta property=\"og:site_name\" content=\"Col-legi de Mediadors d&#039;Assegurances de Barcelona\" \/>\n<meta property=\"article:modified_time\" content=\"2024-03-26T12:41:59+00:00\" \/>\n<meta name=\"twitter:card\" content=\"summary_large_image\" \/>\n<meta name=\"twitter:label1\" content=\"Temps estimat de lectura\" \/>\n\t<meta name=\"twitter:data1\" content=\"6 minuts\" \/>\n<script type=\"application\/ld+json\" class=\"yoast-schema-graph\">{\"@context\":\"https:\\\/\\\/schema.org\",\"@graph\":[{\"@type\":\"WebPage\",\"@id\":\"https:\\\/\\\/www.elcol-legi.org\\\/w\\\/politica-de-privacitat\\\/\",\"url\":\"https:\\\/\\\/www.elcol-legi.org\\\/w\\\/politica-de-privacitat\\\/\",\"name\":\"Pol\u00edtica de Privacitat - Col-legi de Mediadors d&#039;Assegurances de Barcelona\",\"isPartOf\":{\"@id\":\"https:\\\/\\\/www.elcol-legi.org\\\/w\\\/#website\"},\"datePublished\":\"2023-12-12T09:18:05+00:00\",\"dateModified\":\"2024-03-26T12:41:59+00:00\",\"breadcrumb\":{\"@id\":\"https:\\\/\\\/www.elcol-legi.org\\\/w\\\/politica-de-privacitat\\\/#breadcrumb\"},\"inLanguage\":\"ca\",\"potentialAction\":[{\"@type\":\"ReadAction\",\"target\":[\"https:\\\/\\\/www.elcol-legi.org\\\/w\\\/politica-de-privacitat\\\/\"]}]},{\"@type\":\"BreadcrumbList\",\"@id\":\"https:\\\/\\\/www.elcol-legi.org\\\/w\\\/politica-de-privacitat\\\/#breadcrumb\",\"itemListElement\":[{\"@type\":\"ListItem\",\"position\":1,\"name\":\"Inici\",\"item\":\"https:\\\/\\\/www.elcol-legi.org\\\/w\\\/\"},{\"@type\":\"ListItem\",\"position\":2,\"name\":\"Pol\u00edtica de Privacitat\"}]},{\"@type\":\"WebSite\",\"@id\":\"https:\\\/\\\/www.elcol-legi.org\\\/w\\\/#website\",\"url\":\"https:\\\/\\\/www.elcol-legi.org\\\/w\\\/\",\"name\":\"Col-legi de Mediadors d&#039;Assegurances de Barcelona\",\"description\":\"Support al mediador d&#039;assegurances\",\"potentialAction\":[{\"@type\":\"SearchAction\",\"target\":{\"@type\":\"EntryPoint\",\"urlTemplate\":\"https:\\\/\\\/www.elcol-legi.org\\\/w\\\/?s={search_term_string}\"},\"query-input\":{\"@type\":\"PropertyValueSpecification\",\"valueRequired\":true,\"valueName\":\"search_term_string\"}}],\"inLanguage\":\"ca\"}]}<\/script>\n<!-- \/ Yoast SEO plugin. -->","yoast_head_json":{"title":"Pol\u00edtica de Privacitat - Col-legi de Mediadors d&#039;Assegurances de Barcelona","robots":{"index":"index","follow":"follow","max-snippet":"max-snippet:-1","max-image-preview":"max-image-preview:large","max-video-preview":"max-video-preview:-1"},"canonical":"https:\/\/www.elcol-legi.org\/w\/politica-de-privacitat\/","og_locale":"ca_ES","og_type":"article","og_title":"Pol\u00edtica de Privacitat - Col-legi de Mediadors d&#039;Assegurances de Barcelona","og_description":"[vc_row][vc_column][vc_column_text] Pol\u00edtica de Privacitat [\/vc_column_text][vc_column_text]Per al Col\u00b7legi de Mediadors d&#8217;Assegurances de Barcelona (en endavant CMAB) \u00e9s molt important garantir la seguretat i compliment normatiu de les dades personals dels interessats en els seus Tractaments, i donar compliment al Reglament (UE) 2016\/679 del Parlament Europeu i del Consell de 27 d&#8217;abril de 2016, relatiu a la","og_url":"https:\/\/www.elcol-legi.org\/w\/politica-de-privacitat\/","og_site_name":"Col-legi de Mediadors d&#039;Assegurances de Barcelona","article_modified_time":"2024-03-26T12:41:59+00:00","twitter_card":"summary_large_image","twitter_misc":{"Temps estimat de lectura":"6 minuts"},"schema":{"@context":"https:\/\/schema.org","@graph":[{"@type":"WebPage","@id":"https:\/\/www.elcol-legi.org\/w\/politica-de-privacitat\/","url":"https:\/\/www.elcol-legi.org\/w\/politica-de-privacitat\/","name":"Pol\u00edtica de Privacitat - Col-legi de Mediadors d&#039;Assegurances de Barcelona","isPartOf":{"@id":"https:\/\/www.elcol-legi.org\/w\/#website"},"datePublished":"2023-12-12T09:18:05+00:00","dateModified":"2024-03-26T12:41:59+00:00","breadcrumb":{"@id":"https:\/\/www.elcol-legi.org\/w\/politica-de-privacitat\/#breadcrumb"},"inLanguage":"ca","potentialAction":[{"@type":"ReadAction","target":["https:\/\/www.elcol-legi.org\/w\/politica-de-privacitat\/"]}]},{"@type":"BreadcrumbList","@id":"https:\/\/www.elcol-legi.org\/w\/politica-de-privacitat\/#breadcrumb","itemListElement":[{"@type":"ListItem","position":1,"name":"Inici","item":"https:\/\/www.elcol-legi.org\/w\/"},{"@type":"ListItem","position":2,"name":"Pol\u00edtica de Privacitat"}]},{"@type":"WebSite","@id":"https:\/\/www.elcol-legi.org\/w\/#website","url":"https:\/\/www.elcol-legi.org\/w\/","name":"Col-legi de Mediadors d&#039;Assegurances de Barcelona","description":"Support al mediador d&#039;assegurances","potentialAction":[{"@type":"SearchAction","target":{"@type":"EntryPoint","urlTemplate":"https:\/\/www.elcol-legi.org\/w\/?s={search_term_string}"},"query-input":{"@type":"PropertyValueSpecification","valueRequired":true,"valueName":"search_term_string"}}],"inLanguage":"ca"}]}},"_links":{"self":[{"href":"https:\/\/www.elcol-legi.org\/w\/wp-json\/wp\/v2\/pages\/16143","targetHints":{"allow":["GET"]}}],"collection":[{"href":"https:\/\/www.elcol-legi.org\/w\/wp-json\/wp\/v2\/pages"}],"about":[{"href":"https:\/\/www.elcol-legi.org\/w\/wp-json\/wp\/v2\/types\/page"}],"author":[{"embeddable":true,"href":"https:\/\/www.elcol-legi.org\/w\/wp-json\/wp\/v2\/users\/4"}],"replies":[{"embeddable":true,"href":"https:\/\/www.elcol-legi.org\/w\/wp-json\/wp\/v2\/comments?post=16143"}],"version-history":[{"count":5,"href":"https:\/\/www.elcol-legi.org\/w\/wp-json\/wp\/v2\/pages\/16143\/revisions"}],"predecessor-version":[{"id":17681,"href":"https:\/\/www.elcol-legi.org\/w\/wp-json\/wp\/v2\/pages\/16143\/revisions\/17681"}],"wp:attachment":[{"href":"https:\/\/www.elcol-legi.org\/w\/wp-json\/wp\/v2\/media?parent=16143"}],"curies":[{"name":"wp","href":"https:\/\/api.w.org\/{rel}","templated":true}]}}