{"id":21578,"date":"2025-02-12T18:38:15","date_gmt":"2025-02-12T16:38:15","guid":{"rendered":"https:\/\/www.elcol-legi.org\/w\/?page_id=21578"},"modified":"2025-03-27T16:13:12","modified_gmt":"2025-03-27T14:13:12","slug":"que-som-que-fem-hub","status":"publish","type":"page","link":"https:\/\/www.elcol-legi.org\/w\/que-som-que-fem-hub\/","title":{"rendered":"Qu\u00e8 som i qu\u00e8 fem"},"content":{"rendered":"<div class=\"wpb-content-wrapper\"><p>[vc_row full_width=&#8221;stretch_row_content&#8221; css=&#8221;.vc_custom_1739374488012{margin-bottom: 30px !important;background-color: #1B3B72 !important;}&#8221;][vc_column][vc_single_image image=&#8221;21641&#8243; img_size=&#8221;810&#215;250&#8243; alignment=&#8221;center&#8221; css=&#8221;&#8221;][\/vc_column][\/vc_row][vc_row full_width=&#8221;stretch_row&#8221; css=&#8221;.vc_custom_1486031104993{margin-bottom: 54px !important;}&#8221;][vc_column][vc_row_inner][vc_column_inner][vc_column_text css=&#8221;&#8221;]<\/p>\n<h2 class=\"\" data-start=\"157\" data-end=\"225\">Hub Espai CMAB \u00e9s un Punt de Trobada per a la Mediaci\u00f3 Professional.<\/h2>\n<p class=\"\" data-start=\"608\" data-end=\"978\">El <strong data-start=\"611\" data-end=\"629\">Hub Espai CMAB<\/strong> \u00e9s un ecosistema assegurador dissenyat per connectar professionals, prove\u00efdors de serveis, plataformes tecnol\u00f2giques i solucions innovadores que aportin valor als mediadors d\u2019assegurances. Es tracta d&#8217;un <strong data-start=\"834\" data-end=\"862\">espai f\u00edsic i interactiu<\/strong>, un punt de trobada obert on compartir experi\u00e8ncies, descobrir noves eines i impulsar la competitivitat del sector.<\/p>\n<h3 class=\"\" data-start=\"980\" data-end=\"1004\"><strong data-start=\"984\" data-end=\"1004\">Qu\u00e8 hi trobar\u00e0s?<\/strong><\/h3>\n<ul>\n<li data-start=\"1005\" data-end=\"1501\"><strong data-start=\"1007\" data-end=\"1058\">Presentacions d\u2019eines i solucions tecnol\u00f2giques<\/strong> per optimitzar els processos de corredories i ag\u00e8ncies.<\/li>\n<li data-start=\"1005\" data-end=\"1501\"><strong data-start=\"1119\" data-end=\"1171\">Acc\u00e9s a aplicacions i innovacions internacionals<\/strong> adaptades a la mediaci\u00f3 professional.<\/li>\n<li data-start=\"1005\" data-end=\"1501\"><strong data-start=\"1214\" data-end=\"1314\">Suport per al desenvolupament de projectes propis en intel\u00b7lig\u00e8ncia artificial i automatitzaci\u00f3.<\/strong><\/li>\n<li data-start=\"1005\" data-end=\"1501\"><strong data-start=\"1319\" data-end=\"1344\">Un espai de coworking<\/strong> per afavorir el networking i el creixement col\u00b7lectiu.<\/li>\n<li data-start=\"1005\" data-end=\"1501\"><strong data-start=\"1404\" data-end=\"1453\">Sessions formatives i esdeveniments exclusius<\/strong> per fomentar la transfer\u00e8ncia de coneixement.<\/li>\n<\/ul>\n<h3 class=\"\" data-start=\"1503\" data-end=\"1530\"><strong data-start=\"1507\" data-end=\"1530\">El nostre comprom\u00eds<\/strong><\/h3>\n<p class=\"\" data-start=\"1531\" data-end=\"1839\">Amb el <strong data-start=\"1538\" data-end=\"1556\">Hub Espai CMAB<\/strong>, el Col\u00b7legi vol liderar la transformaci\u00f3 digital del sector i garantir que els nostres col\u00b7legiats disposin de les eines i el suport necessari per afrontar els reptes del futur amb \u00e8xit.<\/p>\n<p class=\"\" data-start=\"1841\" data-end=\"1935\"><strong data-start=\"1841\" data-end=\"1935\">Descobreix el Hub Espai CMAB i forma part d\u2019aquesta revoluci\u00f3 en la mediaci\u00f3 asseguradora!<\/strong><\/p>\n<p>[\/vc_column_text][\/vc_column_inner][\/vc_row_inner][\/vc_column][\/vc_row][vc_row][vc_column][\/vc_column][\/vc_row]<\/p>\n<\/div>","protected":false},"excerpt":{"rendered":"<p>[vc_row full_width=&#8221;stretch_row_content&#8221; css=&#8221;.vc_custom_1739374488012{margin-bottom: 30px !important;background-color: #1B3B72 !important;}&#8221;][vc_column][vc_single_image image=&#8221;21641&#8243; img_size=&#8221;810&#215;250&#8243; alignment=&#8221;center&#8221; css=&#8221;&#8221;][\/vc_column][\/vc_row][vc_row full_width=&#8221;stretch_row&#8221; css=&#8221;.vc_custom_1486031104993{margin-bottom: 54px !important;}&#8221;][vc_column][vc_row_inner][vc_column_inner][vc_column_text css=&#8221;&#8221;] Hub Espai CMAB \u00e9s un Punt de Trobada per a la Mediaci\u00f3 Professional. El Hub Espai CMAB \u00e9s un ecosistema assegurador dissenyat per connectar professionals, prove\u00efdors de serveis, plataformes tecnol\u00f2giques i solucions innovadores que aportin valor als mediadors d\u2019assegurances.<\/p>\n","protected":false},"author":4,"featured_media":0,"parent":0,"menu_order":0,"comment_status":"closed","ping_status":"closed","template":"","meta":{"footnotes":""},"class_list":["post-21578","page","type-page","status-publish","hentry"],"yoast_head":"<!-- This site is optimized with the Yoast SEO plugin v27.6 - https:\/\/yoast.com\/product\/yoast-seo-wordpress\/ -->\n<title>Qu\u00e8 som i qu\u00e8 fem - Col-legi de Mediadors d&#039;Assegurances de Barcelona<\/title>\n<meta name=\"robots\" content=\"index, follow, max-snippet:-1, max-image-preview:large, max-video-preview:-1\" \/>\n<link rel=\"canonical\" href=\"https:\/\/www.elcol-legi.org\/w\/que-som-que-fem-hub\/\" \/>\n<meta property=\"og:locale\" content=\"ca_ES\" \/>\n<meta property=\"og:type\" content=\"article\" \/>\n<meta property=\"og:title\" content=\"Qu\u00e8 som i qu\u00e8 fem - Col-legi de Mediadors d&#039;Assegurances de Barcelona\" \/>\n<meta property=\"og:description\" content=\"[vc_row full_width=&#8221;stretch_row_content&#8221; css=&#8221;.vc_custom_1739374488012{margin-bottom: 30px !important;background-color: #1B3B72 !important;}&#8221;][vc_column][vc_single_image image=&#8221;21641&#8243; img_size=&#8221;810&#215;250&#8243; alignment=&#8221;center&#8221; css=&#8221;&#8221;][\/vc_column][\/vc_row][vc_row full_width=&#8221;stretch_row&#8221; css=&#8221;.vc_custom_1486031104993{margin-bottom: 54px !important;}&#8221;][vc_column][vc_row_inner][vc_column_inner][vc_column_text css=&#8221;&#8221;] Hub Espai CMAB \u00e9s un Punt de Trobada per a la Mediaci\u00f3 Professional. El Hub Espai CMAB \u00e9s un ecosistema assegurador dissenyat per connectar professionals, prove\u00efdors de serveis, plataformes tecnol\u00f2giques i solucions innovadores que aportin valor als mediadors d\u2019assegurances.\" \/>\n<meta property=\"og:url\" content=\"https:\/\/www.elcol-legi.org\/w\/que-som-que-fem-hub\/\" \/>\n<meta property=\"og:site_name\" content=\"Col-legi de Mediadors d&#039;Assegurances de Barcelona\" \/>\n<meta property=\"article:modified_time\" content=\"2025-03-27T14:13:12+00:00\" \/>\n<meta name=\"twitter:card\" content=\"summary_large_image\" \/>\n<meta name=\"twitter:label1\" content=\"Temps estimat de lectura\" \/>\n\t<meta name=\"twitter:data1\" content=\"2 minuts\" \/>\n<script type=\"application\/ld+json\" class=\"yoast-schema-graph\">{\"@context\":\"https:\\\/\\\/schema.org\",\"@graph\":[{\"@type\":\"WebPage\",\"@id\":\"https:\\\/\\\/www.elcol-legi.org\\\/w\\\/que-som-que-fem-hub\\\/\",\"url\":\"https:\\\/\\\/www.elcol-legi.org\\\/w\\\/que-som-que-fem-hub\\\/\",\"name\":\"Qu\u00e8 som i qu\u00e8 fem - Col-legi de Mediadors d&#039;Assegurances de Barcelona\",\"isPartOf\":{\"@id\":\"https:\\\/\\\/www.elcol-legi.org\\\/w\\\/#website\"},\"datePublished\":\"2025-02-12T16:38:15+00:00\",\"dateModified\":\"2025-03-27T14:13:12+00:00\",\"breadcrumb\":{\"@id\":\"https:\\\/\\\/www.elcol-legi.org\\\/w\\\/que-som-que-fem-hub\\\/#breadcrumb\"},\"inLanguage\":\"ca\",\"potentialAction\":[{\"@type\":\"ReadAction\",\"target\":[\"https:\\\/\\\/www.elcol-legi.org\\\/w\\\/que-som-que-fem-hub\\\/\"]}]},{\"@type\":\"BreadcrumbList\",\"@id\":\"https:\\\/\\\/www.elcol-legi.org\\\/w\\\/que-som-que-fem-hub\\\/#breadcrumb\",\"itemListElement\":[{\"@type\":\"ListItem\",\"position\":1,\"name\":\"Inici\",\"item\":\"https:\\\/\\\/www.elcol-legi.org\\\/w\\\/\"},{\"@type\":\"ListItem\",\"position\":2,\"name\":\"Qu\u00e8 som i qu\u00e8 fem\"}]},{\"@type\":\"WebSite\",\"@id\":\"https:\\\/\\\/www.elcol-legi.org\\\/w\\\/#website\",\"url\":\"https:\\\/\\\/www.elcol-legi.org\\\/w\\\/\",\"name\":\"Col-legi de Mediadors d&#039;Assegurances de Barcelona\",\"description\":\"Support al mediador d&#039;assegurances\",\"potentialAction\":[{\"@type\":\"SearchAction\",\"target\":{\"@type\":\"EntryPoint\",\"urlTemplate\":\"https:\\\/\\\/www.elcol-legi.org\\\/w\\\/?s={search_term_string}\"},\"query-input\":{\"@type\":\"PropertyValueSpecification\",\"valueRequired\":true,\"valueName\":\"search_term_string\"}}],\"inLanguage\":\"ca\"}]}<\/script>\n<!-- \/ Yoast SEO plugin. -->","yoast_head_json":{"title":"Qu\u00e8 som i qu\u00e8 fem - Col-legi de Mediadors d&#039;Assegurances de Barcelona","robots":{"index":"index","follow":"follow","max-snippet":"max-snippet:-1","max-image-preview":"max-image-preview:large","max-video-preview":"max-video-preview:-1"},"canonical":"https:\/\/www.elcol-legi.org\/w\/que-som-que-fem-hub\/","og_locale":"ca_ES","og_type":"article","og_title":"Qu\u00e8 som i qu\u00e8 fem - Col-legi de Mediadors d&#039;Assegurances de Barcelona","og_description":"[vc_row full_width=&#8221;stretch_row_content&#8221; css=&#8221;.vc_custom_1739374488012{margin-bottom: 30px !important;background-color: #1B3B72 !important;}&#8221;][vc_column][vc_single_image image=&#8221;21641&#8243; img_size=&#8221;810&#215;250&#8243; alignment=&#8221;center&#8221; css=&#8221;&#8221;][\/vc_column][\/vc_row][vc_row full_width=&#8221;stretch_row&#8221; css=&#8221;.vc_custom_1486031104993{margin-bottom: 54px !important;}&#8221;][vc_column][vc_row_inner][vc_column_inner][vc_column_text css=&#8221;&#8221;] Hub Espai CMAB \u00e9s un Punt de Trobada per a la Mediaci\u00f3 Professional. El Hub Espai CMAB \u00e9s un ecosistema assegurador dissenyat per connectar professionals, prove\u00efdors de serveis, plataformes tecnol\u00f2giques i solucions innovadores que aportin valor als mediadors d\u2019assegurances.","og_url":"https:\/\/www.elcol-legi.org\/w\/que-som-que-fem-hub\/","og_site_name":"Col-legi de Mediadors d&#039;Assegurances de Barcelona","article_modified_time":"2025-03-27T14:13:12+00:00","twitter_card":"summary_large_image","twitter_misc":{"Temps estimat de lectura":"2 minuts"},"schema":{"@context":"https:\/\/schema.org","@graph":[{"@type":"WebPage","@id":"https:\/\/www.elcol-legi.org\/w\/que-som-que-fem-hub\/","url":"https:\/\/www.elcol-legi.org\/w\/que-som-que-fem-hub\/","name":"Qu\u00e8 som i qu\u00e8 fem - Col-legi de Mediadors d&#039;Assegurances de Barcelona","isPartOf":{"@id":"https:\/\/www.elcol-legi.org\/w\/#website"},"datePublished":"2025-02-12T16:38:15+00:00","dateModified":"2025-03-27T14:13:12+00:00","breadcrumb":{"@id":"https:\/\/www.elcol-legi.org\/w\/que-som-que-fem-hub\/#breadcrumb"},"inLanguage":"ca","potentialAction":[{"@type":"ReadAction","target":["https:\/\/www.elcol-legi.org\/w\/que-som-que-fem-hub\/"]}]},{"@type":"BreadcrumbList","@id":"https:\/\/www.elcol-legi.org\/w\/que-som-que-fem-hub\/#breadcrumb","itemListElement":[{"@type":"ListItem","position":1,"name":"Inici","item":"https:\/\/www.elcol-legi.org\/w\/"},{"@type":"ListItem","position":2,"name":"Qu\u00e8 som i qu\u00e8 fem"}]},{"@type":"WebSite","@id":"https:\/\/www.elcol-legi.org\/w\/#website","url":"https:\/\/www.elcol-legi.org\/w\/","name":"Col-legi de Mediadors d&#039;Assegurances de Barcelona","description":"Support al mediador d&#039;assegurances","potentialAction":[{"@type":"SearchAction","target":{"@type":"EntryPoint","urlTemplate":"https:\/\/www.elcol-legi.org\/w\/?s={search_term_string}"},"query-input":{"@type":"PropertyValueSpecification","valueRequired":true,"valueName":"search_term_string"}}],"inLanguage":"ca"}]}},"_links":{"self":[{"href":"https:\/\/www.elcol-legi.org\/w\/wp-json\/wp\/v2\/pages\/21578","targetHints":{"allow":["GET"]}}],"collection":[{"href":"https:\/\/www.elcol-legi.org\/w\/wp-json\/wp\/v2\/pages"}],"about":[{"href":"https:\/\/www.elcol-legi.org\/w\/wp-json\/wp\/v2\/types\/page"}],"author":[{"embeddable":true,"href":"https:\/\/www.elcol-legi.org\/w\/wp-json\/wp\/v2\/users\/4"}],"replies":[{"embeddable":true,"href":"https:\/\/www.elcol-legi.org\/w\/wp-json\/wp\/v2\/comments?post=21578"}],"version-history":[{"count":8,"href":"https:\/\/www.elcol-legi.org\/w\/wp-json\/wp\/v2\/pages\/21578\/revisions"}],"predecessor-version":[{"id":22409,"href":"https:\/\/www.elcol-legi.org\/w\/wp-json\/wp\/v2\/pages\/21578\/revisions\/22409"}],"wp:attachment":[{"href":"https:\/\/www.elcol-legi.org\/w\/wp-json\/wp\/v2\/media?parent=21578"}],"curies":[{"name":"wp","href":"https:\/\/api.w.org\/{rel}","templated":true}]}}