{"id":26867,"date":"2026-03-03T11:37:56","date_gmt":"2026-03-03T09:37:56","guid":{"rendered":"https:\/\/www.elcol-legi.org\/w\/?page_id=26867"},"modified":"2026-03-25T11:46:22","modified_gmt":"2026-03-25T09:46:22","slug":"setmana-mundial-2026","status":"publish","type":"page","link":"https:\/\/www.elcol-legi.org\/w\/setmana-mundial-2026\/","title":{"rendered":"Setmana Mundial 2026"},"content":{"rendered":"<div class=\"wpb-content-wrapper\"><p>[vc_row][vc_column][vc_column_text css=&#8221;&#8221;]<\/p>\n<h2>Recorda la Data<\/h2>\n<h3><strong>28 de setembre de 2026<br \/>\n52a edici\u00f3 de la Setmana Mundial<\/strong><\/h3>\n<p>[\/vc_column_text][stm_spacing lg_spacing=&#8221;6&#8243; md_spacing=&#8221;6&#8243; sm_spacing=&#8221;6&#8243; xs_spacing=&#8221;6&#8243;][vc_single_image source=&#8221;featured_image&#8221; img_size=&#8221;850&#215;350&#8243; alignment=&#8221;center&#8221; css=&#8221;&#8221;][vc_column_text css=&#8221;.vc_custom_1774431980055{margin-bottom: 20px !important;}&#8221;]La Setmana Mundial 2026, el gran punt de trobada del sector assegurador, ja t\u00e9 data: el 28 de setembre. El Col\u00b7legi de Mediadors d\u2019Assegurances de Barcelona celebrar\u00e0 aquell dia una nova edici\u00f3 de la seva ja consolidada Setmana Mundial, la cita anual que reuneix tot l\u2019ecosistema assegurador en un mateix espai. Es tracta d\u2019una <strong>trobada tradicional i imprescindible per als mediadors<\/strong> que volen estar connectats amb la realitat i el futur del sector.<\/p>\n<p>En aquest esdeveniment coincideixen tots els actors del sector assegurador: mediadors d\u2019assegurances, companyies asseguradores, representants de l\u2019Administraci\u00f3, prove\u00efdors tecnol\u00f2gics i de serveis, aix\u00ed com institucions i partners estrat\u00e8gics. \u00c9s un espai on es comparteixen idees, tend\u00e8ncies, inquietuds i oportunitats.<\/p>\n<p>L\u2019evoluci\u00f3 de la Setmana Mundial l\u2019ha convertida en un f\u00f2rum de reflexi\u00f3 i de relaci\u00f3. \u00c9s el lloc on es parla d\u2019estrat\u00e8gia, de mercat, d\u2019innovaci\u00f3, de regulaci\u00f3, de tecnologia i, sobretot, del paper que ha de jugar la mediaci\u00f3 en un entorn en constant transformaci\u00f3.<\/p>\n<p><strong>No oblidis la data: 28 de setembre de 2026.<\/strong>[\/vc_column_text][vc_row_inner][vc_column_inner width=&#8221;1\/6&#8243;][\/vc_column_inner][vc_column_inner width=&#8221;1\/6&#8243;][\/vc_column_inner][vc_column_inner width=&#8221;1\/6&#8243;][\/vc_column_inner][vc_column_inner width=&#8221;1\/6&#8243;][\/vc_column_inner][\/vc_row_inner][\/vc_column][\/vc_row]<\/p>\n<\/div>","protected":false},"excerpt":{"rendered":"<p>[vc_row][vc_column][vc_column_text css=&#8221;&#8221;] Recorda la Data 28 de setembre de 2026 52a edici\u00f3 de la Setmana Mundial [\/vc_column_text][stm_spacing lg_spacing=&#8221;6&#8243; md_spacing=&#8221;6&#8243; sm_spacing=&#8221;6&#8243; xs_spacing=&#8221;6&#8243;][vc_single_image source=&#8221;featured_image&#8221; img_size=&#8221;850&#215;350&#8243; alignment=&#8221;center&#8221; css=&#8221;&#8221;][vc_column_text css=&#8221;.vc_custom_1774431980055{margin-bottom: 20px !important;}&#8221;]La Setmana Mundial 2026, el gran punt de trobada del sector assegurador, ja t\u00e9 data: el 28 de setembre. El Col\u00b7legi de Mediadors d\u2019Assegurances de Barcelona celebrar\u00e0 aquell<\/p>\n","protected":false},"author":4,"featured_media":26823,"parent":0,"menu_order":0,"comment_status":"closed","ping_status":"closed","template":"","meta":{"footnotes":""},"class_list":["post-26867","page","type-page","status-publish","has-post-thumbnail","hentry"],"yoast_head":"<!-- This site is optimized with the Yoast SEO plugin v27.4 - https:\/\/yoast.com\/product\/yoast-seo-wordpress\/ -->\n<title>Setmana Mundial 2026 - Col-legi de Mediadors d&#039;Assegurances de Barcelona<\/title>\n<meta name=\"robots\" content=\"index, follow, max-snippet:-1, max-image-preview:large, max-video-preview:-1\" \/>\n<link rel=\"canonical\" href=\"https:\/\/www.elcol-legi.org\/w\/setmana-mundial-2026\/\" \/>\n<meta property=\"og:locale\" content=\"ca_ES\" \/>\n<meta property=\"og:type\" content=\"article\" \/>\n<meta property=\"og:title\" content=\"Setmana Mundial 2026 - Col-legi de Mediadors d&#039;Assegurances de Barcelona\" \/>\n<meta property=\"og:description\" content=\"[vc_row][vc_column][vc_column_text css=&#8221;&#8221;] Recorda la Data 28 de setembre de 2026 52a edici\u00f3 de la Setmana Mundial [\/vc_column_text][stm_spacing lg_spacing=&#8221;6&#8243; md_spacing=&#8221;6&#8243; sm_spacing=&#8221;6&#8243; xs_spacing=&#8221;6&#8243;][vc_single_image source=&#8221;featured_image&#8221; img_size=&#8221;850&#215;350&#8243; alignment=&#8221;center&#8221; css=&#8221;&#8221;][vc_column_text css=&#8221;.vc_custom_1774431980055{margin-bottom: 20px !important;}&#8221;]La Setmana Mundial 2026, el gran punt de trobada del sector assegurador, ja t\u00e9 data: el 28 de setembre. El Col\u00b7legi de Mediadors d\u2019Assegurances de Barcelona celebrar\u00e0 aquell\" \/>\n<meta property=\"og:url\" content=\"https:\/\/www.elcol-legi.org\/w\/setmana-mundial-2026\/\" \/>\n<meta property=\"og:site_name\" content=\"Col-legi de Mediadors d&#039;Assegurances de Barcelona\" \/>\n<meta property=\"article:modified_time\" content=\"2026-03-25T09:46:22+00:00\" \/>\n<meta property=\"og:image\" content=\"https:\/\/www.elcol-legi.org\/w\/wp-content\/uploads\/2021\/12\/RESERVA-LA-DATA-28-DOCTUBRE-2.jpg\" \/>\n\t<meta property=\"og:image:width\" content=\"1024\" \/>\n\t<meta property=\"og:image:height\" content=\"840\" \/>\n\t<meta property=\"og:image:type\" content=\"image\/jpeg\" \/>\n<meta name=\"twitter:card\" content=\"summary_large_image\" \/>\n<meta name=\"twitter:label1\" content=\"Temps estimat de lectura\" \/>\n\t<meta name=\"twitter:data1\" content=\"2 minuts\" \/>\n<script type=\"application\/ld+json\" class=\"yoast-schema-graph\">{\"@context\":\"https:\\\/\\\/schema.org\",\"@graph\":[{\"@type\":\"WebPage\",\"@id\":\"https:\\\/\\\/www.elcol-legi.org\\\/w\\\/setmana-mundial-2026\\\/\",\"url\":\"https:\\\/\\\/www.elcol-legi.org\\\/w\\\/setmana-mundial-2026\\\/\",\"name\":\"Setmana Mundial 2026 - Col-legi de Mediadors d&#039;Assegurances de Barcelona\",\"isPartOf\":{\"@id\":\"https:\\\/\\\/www.elcol-legi.org\\\/w\\\/#website\"},\"primaryImageOfPage\":{\"@id\":\"https:\\\/\\\/www.elcol-legi.org\\\/w\\\/setmana-mundial-2026\\\/#primaryimage\"},\"image\":{\"@id\":\"https:\\\/\\\/www.elcol-legi.org\\\/w\\\/setmana-mundial-2026\\\/#primaryimage\"},\"thumbnailUrl\":\"https:\\\/\\\/www.elcol-legi.org\\\/w\\\/wp-content\\\/uploads\\\/2021\\\/12\\\/RESERVA-LA-DATA-28-DOCTUBRE-2.jpg\",\"datePublished\":\"2026-03-03T09:37:56+00:00\",\"dateModified\":\"2026-03-25T09:46:22+00:00\",\"breadcrumb\":{\"@id\":\"https:\\\/\\\/www.elcol-legi.org\\\/w\\\/setmana-mundial-2026\\\/#breadcrumb\"},\"inLanguage\":\"ca\",\"potentialAction\":[{\"@type\":\"ReadAction\",\"target\":[\"https:\\\/\\\/www.elcol-legi.org\\\/w\\\/setmana-mundial-2026\\\/\"]}]},{\"@type\":\"ImageObject\",\"inLanguage\":\"ca\",\"@id\":\"https:\\\/\\\/www.elcol-legi.org\\\/w\\\/setmana-mundial-2026\\\/#primaryimage\",\"url\":\"https:\\\/\\\/www.elcol-legi.org\\\/w\\\/wp-content\\\/uploads\\\/2021\\\/12\\\/RESERVA-LA-DATA-28-DOCTUBRE-2.jpg\",\"contentUrl\":\"https:\\\/\\\/www.elcol-legi.org\\\/w\\\/wp-content\\\/uploads\\\/2021\\\/12\\\/RESERVA-LA-DATA-28-DOCTUBRE-2.jpg\",\"width\":1024,\"height\":840},{\"@type\":\"BreadcrumbList\",\"@id\":\"https:\\\/\\\/www.elcol-legi.org\\\/w\\\/setmana-mundial-2026\\\/#breadcrumb\",\"itemListElement\":[{\"@type\":\"ListItem\",\"position\":1,\"name\":\"Inici\",\"item\":\"https:\\\/\\\/www.elcol-legi.org\\\/w\\\/\"},{\"@type\":\"ListItem\",\"position\":2,\"name\":\"Setmana Mundial 2026\"}]},{\"@type\":\"WebSite\",\"@id\":\"https:\\\/\\\/www.elcol-legi.org\\\/w\\\/#website\",\"url\":\"https:\\\/\\\/www.elcol-legi.org\\\/w\\\/\",\"name\":\"Col-legi de Mediadors d&#039;Assegurances de Barcelona\",\"description\":\"Support al mediador d&#039;assegurances\",\"potentialAction\":[{\"@type\":\"SearchAction\",\"target\":{\"@type\":\"EntryPoint\",\"urlTemplate\":\"https:\\\/\\\/www.elcol-legi.org\\\/w\\\/?s={search_term_string}\"},\"query-input\":{\"@type\":\"PropertyValueSpecification\",\"valueRequired\":true,\"valueName\":\"search_term_string\"}}],\"inLanguage\":\"ca\"}]}<\/script>\n<!-- \/ Yoast SEO plugin. -->","yoast_head_json":{"title":"Setmana Mundial 2026 - Col-legi de Mediadors d&#039;Assegurances de Barcelona","robots":{"index":"index","follow":"follow","max-snippet":"max-snippet:-1","max-image-preview":"max-image-preview:large","max-video-preview":"max-video-preview:-1"},"canonical":"https:\/\/www.elcol-legi.org\/w\/setmana-mundial-2026\/","og_locale":"ca_ES","og_type":"article","og_title":"Setmana Mundial 2026 - Col-legi de Mediadors d&#039;Assegurances de Barcelona","og_description":"[vc_row][vc_column][vc_column_text css=&#8221;&#8221;] Recorda la Data 28 de setembre de 2026 52a edici\u00f3 de la Setmana Mundial [\/vc_column_text][stm_spacing lg_spacing=&#8221;6&#8243; md_spacing=&#8221;6&#8243; sm_spacing=&#8221;6&#8243; xs_spacing=&#8221;6&#8243;][vc_single_image source=&#8221;featured_image&#8221; img_size=&#8221;850&#215;350&#8243; alignment=&#8221;center&#8221; css=&#8221;&#8221;][vc_column_text css=&#8221;.vc_custom_1774431980055{margin-bottom: 20px !important;}&#8221;]La Setmana Mundial 2026, el gran punt de trobada del sector assegurador, ja t\u00e9 data: el 28 de setembre. El Col\u00b7legi de Mediadors d\u2019Assegurances de Barcelona celebrar\u00e0 aquell","og_url":"https:\/\/www.elcol-legi.org\/w\/setmana-mundial-2026\/","og_site_name":"Col-legi de Mediadors d&#039;Assegurances de Barcelona","article_modified_time":"2026-03-25T09:46:22+00:00","og_image":[{"width":1024,"height":840,"url":"https:\/\/www.elcol-legi.org\/w\/wp-content\/uploads\/2021\/12\/RESERVA-LA-DATA-28-DOCTUBRE-2.jpg","type":"image\/jpeg"}],"twitter_card":"summary_large_image","twitter_misc":{"Temps estimat de lectura":"2 minuts"},"schema":{"@context":"https:\/\/schema.org","@graph":[{"@type":"WebPage","@id":"https:\/\/www.elcol-legi.org\/w\/setmana-mundial-2026\/","url":"https:\/\/www.elcol-legi.org\/w\/setmana-mundial-2026\/","name":"Setmana Mundial 2026 - Col-legi de Mediadors d&#039;Assegurances de Barcelona","isPartOf":{"@id":"https:\/\/www.elcol-legi.org\/w\/#website"},"primaryImageOfPage":{"@id":"https:\/\/www.elcol-legi.org\/w\/setmana-mundial-2026\/#primaryimage"},"image":{"@id":"https:\/\/www.elcol-legi.org\/w\/setmana-mundial-2026\/#primaryimage"},"thumbnailUrl":"https:\/\/www.elcol-legi.org\/w\/wp-content\/uploads\/2021\/12\/RESERVA-LA-DATA-28-DOCTUBRE-2.jpg","datePublished":"2026-03-03T09:37:56+00:00","dateModified":"2026-03-25T09:46:22+00:00","breadcrumb":{"@id":"https:\/\/www.elcol-legi.org\/w\/setmana-mundial-2026\/#breadcrumb"},"inLanguage":"ca","potentialAction":[{"@type":"ReadAction","target":["https:\/\/www.elcol-legi.org\/w\/setmana-mundial-2026\/"]}]},{"@type":"ImageObject","inLanguage":"ca","@id":"https:\/\/www.elcol-legi.org\/w\/setmana-mundial-2026\/#primaryimage","url":"https:\/\/www.elcol-legi.org\/w\/wp-content\/uploads\/2021\/12\/RESERVA-LA-DATA-28-DOCTUBRE-2.jpg","contentUrl":"https:\/\/www.elcol-legi.org\/w\/wp-content\/uploads\/2021\/12\/RESERVA-LA-DATA-28-DOCTUBRE-2.jpg","width":1024,"height":840},{"@type":"BreadcrumbList","@id":"https:\/\/www.elcol-legi.org\/w\/setmana-mundial-2026\/#breadcrumb","itemListElement":[{"@type":"ListItem","position":1,"name":"Inici","item":"https:\/\/www.elcol-legi.org\/w\/"},{"@type":"ListItem","position":2,"name":"Setmana Mundial 2026"}]},{"@type":"WebSite","@id":"https:\/\/www.elcol-legi.org\/w\/#website","url":"https:\/\/www.elcol-legi.org\/w\/","name":"Col-legi de Mediadors d&#039;Assegurances de Barcelona","description":"Support al mediador d&#039;assegurances","potentialAction":[{"@type":"SearchAction","target":{"@type":"EntryPoint","urlTemplate":"https:\/\/www.elcol-legi.org\/w\/?s={search_term_string}"},"query-input":{"@type":"PropertyValueSpecification","valueRequired":true,"valueName":"search_term_string"}}],"inLanguage":"ca"}]}},"_links":{"self":[{"href":"https:\/\/www.elcol-legi.org\/w\/wp-json\/wp\/v2\/pages\/26867","targetHints":{"allow":["GET"]}}],"collection":[{"href":"https:\/\/www.elcol-legi.org\/w\/wp-json\/wp\/v2\/pages"}],"about":[{"href":"https:\/\/www.elcol-legi.org\/w\/wp-json\/wp\/v2\/types\/page"}],"author":[{"embeddable":true,"href":"https:\/\/www.elcol-legi.org\/w\/wp-json\/wp\/v2\/users\/4"}],"replies":[{"embeddable":true,"href":"https:\/\/www.elcol-legi.org\/w\/wp-json\/wp\/v2\/comments?post=26867"}],"version-history":[{"count":6,"href":"https:\/\/www.elcol-legi.org\/w\/wp-json\/wp\/v2\/pages\/26867\/revisions"}],"predecessor-version":[{"id":27211,"href":"https:\/\/www.elcol-legi.org\/w\/wp-json\/wp\/v2\/pages\/26867\/revisions\/27211"}],"wp:featuredmedia":[{"embeddable":true,"href":"https:\/\/www.elcol-legi.org\/w\/wp-json\/wp\/v2\/media\/26823"}],"wp:attachment":[{"href":"https:\/\/www.elcol-legi.org\/w\/wp-json\/wp\/v2\/media?parent=26867"}],"curies":[{"name":"wp","href":"https:\/\/api.w.org\/{rel}","templated":true}]}}