{"id":3604,"date":"2021-04-14T13:48:10","date_gmt":"2021-04-14T11:48:10","guid":{"rendered":"https:\/\/elcol-legi.org\/w\/?page_id=3604"},"modified":"2026-04-01T11:32:19","modified_gmt":"2026-04-01T09:32:19","slug":"qui-som","status":"publish","type":"page","link":"https:\/\/www.elcol-legi.org\/w\/qui-som\/","title":{"rendered":"Qui s\u00f3m"},"content":{"rendered":"<div class=\"wpb-content-wrapper\"><p>[vc_row][vc_column][vc_single_image source=&#8221;featured_image&#8221; img_size=&#8221;1130&#215;250&#8243; alignment=&#8221;center&#8221; css_animation=&#8221;fadeIn&#8221;][stm_spacing lg_spacing=&#8221;6&#8243; md_spacing=&#8221;6&#8243; sm_spacing=&#8221;6&#8243; xs_spacing=&#8221;6&#8243;][\/vc_column][\/vc_row][vc_row][vc_column][vc_column_text css_animation=&#8221;fadeIn&#8221;]El Col\u00b7legi de Mediadors d\u2019Assegurances de Barcelona (CMAB) \u00e9s la instituci\u00f3 que representa, aplega i proporciona serveis a tots els agents i corredors d\u2019assegurances de les comarques barcelonines. A m\u00e9s, \u00e9s el referent al que poden adre\u00e7ar-se els clients dels mediadors d\u2019assegurances del nostre territori per tal de comunicar queixes i incid\u00e8ncies en la gesti\u00f3 de les seves assegurances gestionades per un mediador d\u2019assegurances.[\/vc_column_text][\/vc_column][\/vc_row][vc_row][vc_column][stm_spacing lg_spacing=&#8221;30&#8243; md_spacing=&#8221;30&#8243; sm_spacing=&#8221;30&#8243; xs_spacing=&#8221;30&#8243;][vc_custom_heading text=&#8221;Representaci\u00f3&#8221;][vc_single_image image=&#8221;1300&#8243; img_size=&#8221;1130&#215;250&#8243; alignment=&#8221;center&#8221;][vc_column_text]La representaci\u00f3 del CMAB es fa de forma directa en la Junta Consultiva de l\u2019Asseguran\u00e7a de la Generalitat de Catalunya, la Junta de Govern de la patronal de mediadors <a href=\"http:\/\/www.aemes.net\">AEMES<\/a>, el Consell de Col\u00b7legis de Catalunya. Addicionalment\u00a0mitjan\u00e7ant la seva pertin\u00e8ncia al Consejo General de Colegios de Mediadores de Seguros els col\u00b7legiats tamb\u00e9 estan representats\u00a0en altres institucions.<\/p>\n<p>El <a href=\"http:\/\/www.mediadoresdeseguros.com\/\">Consejo <\/a>\u00e9s membre nat de la Junta Consultiva d&#8217;Assegurances i Fons de Pensions, \u00f2rgan assessor del Ministeri d&#8217;Economia i Competitivitat, en els assumptes concernents a l&#8217;ordenaci\u00f3 i supervisi\u00f3 de les assegurances privades, plans i fons de pensions i mediaci\u00f3 en assegurances privades. Addicionalment el Consejo General pertany des dels seus inicis a les principals organitzacions internacionals de professionals de l\u2019asseguran\u00e7a, com el <a href=\"http:\/\/www.bipar.eu\/\">BIPAR <\/a>(Bureau International des Producteurs d\u2019Assurances et R\u00e9assurances) i <a href=\"http:\/\/www.copaprose.org\/\">COPAPROSE <\/a>(Confederaci\u00f3n Panamericana de Productores de Seguros) amb l\u2019objectiu de con\u00e8ixer de primera ma i participar en totes aquelles iniciatives de caire internacional rellevants per a la mediaci\u00f3 d\u2019assegurances.<\/p>\n<p>Des d\u2019una perspectiva m\u00e9s transversal el Col\u00b7legi tamb\u00e9 forma part de <a href=\"http:\/\/www.intercolcat.cat\/\">La Intercol\u00b7legial<\/a>, una associaci\u00f3 que agrupa m\u00e9s de 200.000 col\u00b7legiats de diferents sectors professionals de Catalunya i que neix per refor\u00e7ar la pres\u00e8ncia social dels col\u00b7legis professionals, impulsar projectes d\u2019inter\u00e8s com\u00fa, actuar com interlocutor amb les administracions i estudiar q\u00fcestions que afectin al col\u00b7lectiu.<\/p>\n<p>Tamb\u00e9 cal destacar la participaci\u00f3 del Col\u00b7legi dintre de la comissi\u00f3 de prevenci\u00f3 i assegurances de la Cambra de Comer\u00e7 de Barcelona.[\/vc_column_text][\/vc_column][\/vc_row][vc_row][vc_column][stm_spacing lg_spacing=&#8221;30&#8243; md_spacing=&#8221;30&#8243; sm_spacing=&#8221;30&#8243; xs_spacing=&#8221;30&#8243;][vc_custom_heading text=&#8221;Administraci\u00f3&#8221;][vc_column_text]<\/p>\n<h4>L&#8217;equip d&#8217;administraci\u00f3 del Col\u00b7legi est\u00e0 composada per els seg\u00fcents membres:<\/h4>\n<p>[\/vc_column_text][vc_row_inner][vc_column_inner width=&#8221;1\/3&#8243;][vc_column_text]<b>Sandra Serra.<br \/>\n<\/b><em>Gerent<\/em><\/p>\n<p><strong>Jordi Gin\u00e9.<\/strong><br \/>\n<em>Responsable de Comptabilitat.<\/em>[\/vc_column_text][\/vc_column_inner][vc_column_inner width=&#8221;1\/3&#8243;][vc_column_text]<strong>Gemma Rodr\u00edguez.<\/strong><br \/>\n<em>Responsable de Formaci\u00f3.<\/em><\/p>\n<p><strong>Laura Camila Ar\u00e9valo.<\/strong><br \/>\n<em>Assistent de Formaci\u00f3.<\/em>[\/vc_column_text][\/vc_column_inner][vc_column_inner width=&#8221;1\/3&#8243;][vc_column_text css=&#8221;&#8221;]<b>Montse Ferrer.<br \/>\n<\/b><em>Responsable Serveis Col\u00b7legials.<\/em><\/p>\n<p><strong>Jordi Casanovas.<\/strong><br \/>\n<em>Responsable digital i assistent de serveis Col\u00b7legials<\/em>[\/vc_column_text][\/vc_column_inner][\/vc_row_inner][stm_spacing lg_spacing=&#8221;30&#8243; md_spacing=&#8221;30&#8243; sm_spacing=&#8221;30&#8243; xs_spacing=&#8221;30&#8243;][vc_custom_heading text=&#8221;\u00d2rgans de Govern&#8221;][vc_column_text]<\/p>\n<h4><strong>El govern del Col\u00b7legi s\u2019estructura en tres \u00f2rgans:<\/strong><\/h4>\n<p><strong>La Comissi\u00f3 Permanent<\/strong> integrada per 14 membres, entre els qual hi ha el president o la presidenta. Aquest orga es reuneix cada m\u00e9s i \u00e9s triat en unes eleccions a les que hi poden participar tots el col\u00b7legiats.[\/vc_column_text][vc_row_inner][vc_column_inner width=&#8221;1\/4&#8243;][vc_column_text]<strong>Francesc Santasusana Riera.<\/strong><br \/>\n<em>President<\/em><\/p>\n<p><strong>Albert Ferrer Ramon.<\/strong><br \/>\n<em>Vicepresident 1r<\/em><\/p>\n<p><strong>Marta Oller Ochaita.<\/strong><br \/>\n<em>Vicepresidenta 2a<\/em>[\/vc_column_text][\/vc_column_inner][vc_column_inner width=&#8221;1\/4&#8243;][vc_column_text]<strong>Anna de Quir\u00f3s Almor\u00edn.<\/strong><br \/>\n<em>Secret\u00e0ria<\/em><\/p>\n<p><strong>Joaquim Vear S\u00e1nchez.<\/strong><br \/>\n<em>Tresorer<\/em><\/p>\n<p><strong>Albert Gum\u00e1 Mas.<\/strong><br \/>\n<em>Comptador<\/em>[\/vc_column_text][\/vc_column_inner][vc_column_inner width=&#8221;1\/4&#8243;][vc_column_text css=&#8221;&#8221;]<strong>Ignasi Bonveh\u00ed Pesarrodona.<\/strong><br \/>\n<em>Vocal<\/em><\/p>\n<p><strong>Salom\u00e9 Fondevila L\u00f3pez.<\/strong><br \/>\n<em>Vocal<\/em><\/p>\n<p><strong>Carlos Galcer\u00e1n Homet.<\/strong><br \/>\n<em>Vocal<\/em><\/p>\n<p><strong>Susanna Gandux\u00e9 Alejandro.<\/strong><br \/>\n<em>Vocal<\/em>[\/vc_column_text][\/vc_column_inner][vc_column_inner width=&#8221;1\/4&#8243;][vc_column_text css=&#8221;&#8221;]<strong>Francisco Garc\u00eda-Moreno Morillo<\/strong><br \/>\n<em>Vocal<\/em><\/p>\n<p><strong>Carlota Perea Sanfeliu<\/strong><br \/>\n<em>Vocal<\/em><\/p>\n<p><strong>Vicente R\u00edos Gracia.<\/strong><br \/>\n<em>Vocal<\/em><\/p>\n<p><strong>Ricardo Sanmartin Mases.<\/strong><br \/>\n<em>Vocal<\/em>[\/vc_column_text][\/vc_column_inner][\/vc_row_inner][stm_spacing lg_spacing=&#8221;40&#8243; md_spacing=&#8221;40&#8243; sm_spacing=&#8221;40&#8243; xs_spacing=&#8221;40&#8243;][vc_column_text]<strong>La Junta de Govern<\/strong> es composa dels membres de la comissi\u00f3 permanent i de quinze a quaranta-cinc vocals, els quals es reuniran almenys dues vegades l\u2019any.[\/vc_column_text][vc_row_inner][vc_column_inner width=&#8221;1\/4&#8243;][vc_column_text]Jos\u00e9 Amate<\/p>\n<p>Oriol Batlle<\/p>\n<p>Josep Calvo<\/p>\n<p>Xavi Campmany<\/p>\n<p>Francesc Cobo<\/p>\n<p>Jordi Costa<\/p>\n<p>Xavier Da Pena[\/vc_column_text][\/vc_column_inner][vc_column_inner width=&#8221;1\/4&#8243;][vc_column_text]Jos\u00e9 Maria de la Puente del Pozo<\/p>\n<p>Jordi Farr\u00e9<\/p>\n<p>Llu\u00eds Ferrer<\/p>\n<p>Josep Maria Galilea<\/p>\n<p>Toni G\u00e1mez<\/p>\n<p>N\u00faria Garc\u00eda<\/p>\n<p>Vicente Garz\u00f3n[\/vc_column_text][\/vc_column_inner][vc_column_inner width=&#8221;1\/4&#8243;][vc_column_text]Carles Grau<\/p>\n<p>Carmina Homs<\/p>\n<p>Cristina Maci\u00e0<\/p>\n<p>Esther Masdeu<\/p>\n<p>Oriol Mayol<\/p>\n<p>Jessica Palma[\/vc_column_text][\/vc_column_inner][vc_column_inner width=&#8221;1\/4&#8243;][vc_column_text css=&#8221;&#8221;]Jordi Parrilla<\/p>\n<p>Julio Picornell<\/p>\n<p>Pere Prats<\/p>\n<p>Mariona Santasuana<\/p>\n<p>Gerard Toro[\/vc_column_text][\/vc_column_inner][\/vc_row_inner][\/vc_column][\/vc_row][vc_row][vc_column][stm_spacing lg_spacing=&#8221;25&#8243; md_spacing=&#8221;25&#8243; sm_spacing=&#8221;25&#8243; xs_spacing=&#8221;25&#8243;][vc_column_text]<strong>L\u2019Assemblea<\/strong> formada per tots els col\u00b7legiats i que es reuneix un cop l\u2019any.[\/vc_column_text][stm_spacing lg_spacing=&#8221;15&#8243; md_spacing=&#8221;15&#8243; sm_spacing=&#8221;15&#8243; xs_spacing=&#8221;15&#8243;][\/vc_column][\/vc_row][vc_row][vc_column][vc_cta h2=&#8221;&#8221; color=&#8221;blue&#8221;]<\/p>\n<h3><span style=\"color: #1b3b72;\"><a style=\"color: #1b3b72;\" href=\"https:\/\/elcol-legi.org\/w\/wp-content\/uploads\/2021\/12\/Estatuts-Collegi-Barcelona-1.pdf\">Consulta aqu\u00ed els estatuts del Col\u00b7legi<\/a><\/span><\/h3>\n<p>[\/vc_cta][\/vc_column][\/vc_row]<\/p>\n<\/div>","protected":false},"excerpt":{"rendered":"<p>[vc_row][vc_column][vc_single_image source=&#8221;featured_image&#8221; img_size=&#8221;1130&#215;250&#8243; alignment=&#8221;center&#8221; css_animation=&#8221;fadeIn&#8221;][stm_spacing lg_spacing=&#8221;6&#8243; md_spacing=&#8221;6&#8243; sm_spacing=&#8221;6&#8243; xs_spacing=&#8221;6&#8243;][\/vc_column][\/vc_row][vc_row][vc_column][vc_column_text css_animation=&#8221;fadeIn&#8221;]El Col\u00b7legi de Mediadors d\u2019Assegurances de Barcelona (CMAB) \u00e9s la instituci\u00f3 que representa, aplega i proporciona serveis a tots els agents i corredors d\u2019assegurances de les comarques barcelonines. A m\u00e9s, \u00e9s el referent al que poden adre\u00e7ar-se els clients dels mediadors d\u2019assegurances del nostre territori per<\/p>\n","protected":false},"author":4,"featured_media":815,"parent":0,"menu_order":0,"comment_status":"closed","ping_status":"closed","template":"","meta":{"footnotes":""},"class_list":["post-3604","page","type-page","status-publish","has-post-thumbnail","hentry"],"yoast_head":"<!-- This site is optimized with the Yoast SEO plugin v27.4 - https:\/\/yoast.com\/product\/yoast-seo-wordpress\/ -->\n<title>Qui s\u00f3m - Col-legi de Mediadors d&#039;Assegurances de Barcelona<\/title>\n<meta name=\"robots\" content=\"index, follow, max-snippet:-1, max-image-preview:large, max-video-preview:-1\" \/>\n<link rel=\"canonical\" href=\"https:\/\/www.elcol-legi.org\/w\/qui-som\/\" \/>\n<meta property=\"og:locale\" content=\"ca_ES\" \/>\n<meta property=\"og:type\" content=\"article\" \/>\n<meta property=\"og:title\" content=\"Qui s\u00f3m - Col-legi de Mediadors d&#039;Assegurances de Barcelona\" \/>\n<meta property=\"og:description\" content=\"[vc_row][vc_column][vc_single_image source=&#8221;featured_image&#8221; img_size=&#8221;1130&#215;250&#8243; alignment=&#8221;center&#8221; css_animation=&#8221;fadeIn&#8221;][stm_spacing lg_spacing=&#8221;6&#8243; md_spacing=&#8221;6&#8243; sm_spacing=&#8221;6&#8243; xs_spacing=&#8221;6&#8243;][\/vc_column][\/vc_row][vc_row][vc_column][vc_column_text css_animation=&#8221;fadeIn&#8221;]El Col\u00b7legi de Mediadors d\u2019Assegurances de Barcelona (CMAB) \u00e9s la instituci\u00f3 que representa, aplega i proporciona serveis a tots els agents i corredors d\u2019assegurances de les comarques barcelonines. A m\u00e9s, \u00e9s el referent al que poden adre\u00e7ar-se els clients dels mediadors d\u2019assegurances del nostre territori per\" \/>\n<meta property=\"og:url\" content=\"https:\/\/www.elcol-legi.org\/w\/qui-som\/\" \/>\n<meta property=\"og:site_name\" content=\"Col-legi de Mediadors d&#039;Assegurances de Barcelona\" \/>\n<meta property=\"article:modified_time\" content=\"2026-04-01T09:32:19+00:00\" \/>\n<meta property=\"og:image\" content=\"https:\/\/www.elcol-legi.org\/w\/wp-content\/uploads\/2011\/12\/slide1.jpg\" \/>\n\t<meta property=\"og:image:width\" content=\"910\" \/>\n\t<meta property=\"og:image:height\" content=\"430\" \/>\n\t<meta property=\"og:image:type\" content=\"image\/jpeg\" \/>\n<meta name=\"twitter:card\" content=\"summary_large_image\" \/>\n<meta name=\"twitter:label1\" content=\"Temps estimat de lectura\" \/>\n\t<meta name=\"twitter:data1\" content=\"4 minuts\" \/>\n<script type=\"application\/ld+json\" class=\"yoast-schema-graph\">{\"@context\":\"https:\\\/\\\/schema.org\",\"@graph\":[{\"@type\":\"WebPage\",\"@id\":\"https:\\\/\\\/www.elcol-legi.org\\\/w\\\/qui-som\\\/\",\"url\":\"https:\\\/\\\/www.elcol-legi.org\\\/w\\\/qui-som\\\/\",\"name\":\"Qui s\u00f3m - Col-legi de Mediadors d&#039;Assegurances de Barcelona\",\"isPartOf\":{\"@id\":\"https:\\\/\\\/www.elcol-legi.org\\\/w\\\/#website\"},\"primaryImageOfPage\":{\"@id\":\"https:\\\/\\\/www.elcol-legi.org\\\/w\\\/qui-som\\\/#primaryimage\"},\"image\":{\"@id\":\"https:\\\/\\\/www.elcol-legi.org\\\/w\\\/qui-som\\\/#primaryimage\"},\"thumbnailUrl\":\"https:\\\/\\\/www.elcol-legi.org\\\/w\\\/wp-content\\\/uploads\\\/2011\\\/12\\\/slide1.jpg\",\"datePublished\":\"2021-04-14T11:48:10+00:00\",\"dateModified\":\"2026-04-01T09:32:19+00:00\",\"breadcrumb\":{\"@id\":\"https:\\\/\\\/www.elcol-legi.org\\\/w\\\/qui-som\\\/#breadcrumb\"},\"inLanguage\":\"ca\",\"potentialAction\":[{\"@type\":\"ReadAction\",\"target\":[\"https:\\\/\\\/www.elcol-legi.org\\\/w\\\/qui-som\\\/\"]}]},{\"@type\":\"ImageObject\",\"inLanguage\":\"ca\",\"@id\":\"https:\\\/\\\/www.elcol-legi.org\\\/w\\\/qui-som\\\/#primaryimage\",\"url\":\"https:\\\/\\\/www.elcol-legi.org\\\/w\\\/wp-content\\\/uploads\\\/2011\\\/12\\\/slide1.jpg\",\"contentUrl\":\"https:\\\/\\\/www.elcol-legi.org\\\/w\\\/wp-content\\\/uploads\\\/2011\\\/12\\\/slide1.jpg\",\"width\":910,\"height\":430},{\"@type\":\"BreadcrumbList\",\"@id\":\"https:\\\/\\\/www.elcol-legi.org\\\/w\\\/qui-som\\\/#breadcrumb\",\"itemListElement\":[{\"@type\":\"ListItem\",\"position\":1,\"name\":\"Inici\",\"item\":\"https:\\\/\\\/www.elcol-legi.org\\\/w\\\/\"},{\"@type\":\"ListItem\",\"position\":2,\"name\":\"Qui s\u00f3m\"}]},{\"@type\":\"WebSite\",\"@id\":\"https:\\\/\\\/www.elcol-legi.org\\\/w\\\/#website\",\"url\":\"https:\\\/\\\/www.elcol-legi.org\\\/w\\\/\",\"name\":\"Col-legi de Mediadors d&#039;Assegurances de Barcelona\",\"description\":\"Support al mediador d&#039;assegurances\",\"potentialAction\":[{\"@type\":\"SearchAction\",\"target\":{\"@type\":\"EntryPoint\",\"urlTemplate\":\"https:\\\/\\\/www.elcol-legi.org\\\/w\\\/?s={search_term_string}\"},\"query-input\":{\"@type\":\"PropertyValueSpecification\",\"valueRequired\":true,\"valueName\":\"search_term_string\"}}],\"inLanguage\":\"ca\"}]}<\/script>\n<!-- \/ Yoast SEO plugin. -->","yoast_head_json":{"title":"Qui s\u00f3m - Col-legi de Mediadors d&#039;Assegurances de Barcelona","robots":{"index":"index","follow":"follow","max-snippet":"max-snippet:-1","max-image-preview":"max-image-preview:large","max-video-preview":"max-video-preview:-1"},"canonical":"https:\/\/www.elcol-legi.org\/w\/qui-som\/","og_locale":"ca_ES","og_type":"article","og_title":"Qui s\u00f3m - Col-legi de Mediadors d&#039;Assegurances de Barcelona","og_description":"[vc_row][vc_column][vc_single_image source=&#8221;featured_image&#8221; img_size=&#8221;1130&#215;250&#8243; alignment=&#8221;center&#8221; css_animation=&#8221;fadeIn&#8221;][stm_spacing lg_spacing=&#8221;6&#8243; md_spacing=&#8221;6&#8243; sm_spacing=&#8221;6&#8243; xs_spacing=&#8221;6&#8243;][\/vc_column][\/vc_row][vc_row][vc_column][vc_column_text css_animation=&#8221;fadeIn&#8221;]El Col\u00b7legi de Mediadors d\u2019Assegurances de Barcelona (CMAB) \u00e9s la instituci\u00f3 que representa, aplega i proporciona serveis a tots els agents i corredors d\u2019assegurances de les comarques barcelonines. A m\u00e9s, \u00e9s el referent al que poden adre\u00e7ar-se els clients dels mediadors d\u2019assegurances del nostre territori per","og_url":"https:\/\/www.elcol-legi.org\/w\/qui-som\/","og_site_name":"Col-legi de Mediadors d&#039;Assegurances de Barcelona","article_modified_time":"2026-04-01T09:32:19+00:00","og_image":[{"width":910,"height":430,"url":"https:\/\/www.elcol-legi.org\/w\/wp-content\/uploads\/2011\/12\/slide1.jpg","type":"image\/jpeg"}],"twitter_card":"summary_large_image","twitter_misc":{"Temps estimat de lectura":"4 minuts"},"schema":{"@context":"https:\/\/schema.org","@graph":[{"@type":"WebPage","@id":"https:\/\/www.elcol-legi.org\/w\/qui-som\/","url":"https:\/\/www.elcol-legi.org\/w\/qui-som\/","name":"Qui s\u00f3m - Col-legi de Mediadors d&#039;Assegurances de Barcelona","isPartOf":{"@id":"https:\/\/www.elcol-legi.org\/w\/#website"},"primaryImageOfPage":{"@id":"https:\/\/www.elcol-legi.org\/w\/qui-som\/#primaryimage"},"image":{"@id":"https:\/\/www.elcol-legi.org\/w\/qui-som\/#primaryimage"},"thumbnailUrl":"https:\/\/www.elcol-legi.org\/w\/wp-content\/uploads\/2011\/12\/slide1.jpg","datePublished":"2021-04-14T11:48:10+00:00","dateModified":"2026-04-01T09:32:19+00:00","breadcrumb":{"@id":"https:\/\/www.elcol-legi.org\/w\/qui-som\/#breadcrumb"},"inLanguage":"ca","potentialAction":[{"@type":"ReadAction","target":["https:\/\/www.elcol-legi.org\/w\/qui-som\/"]}]},{"@type":"ImageObject","inLanguage":"ca","@id":"https:\/\/www.elcol-legi.org\/w\/qui-som\/#primaryimage","url":"https:\/\/www.elcol-legi.org\/w\/wp-content\/uploads\/2011\/12\/slide1.jpg","contentUrl":"https:\/\/www.elcol-legi.org\/w\/wp-content\/uploads\/2011\/12\/slide1.jpg","width":910,"height":430},{"@type":"BreadcrumbList","@id":"https:\/\/www.elcol-legi.org\/w\/qui-som\/#breadcrumb","itemListElement":[{"@type":"ListItem","position":1,"name":"Inici","item":"https:\/\/www.elcol-legi.org\/w\/"},{"@type":"ListItem","position":2,"name":"Qui s\u00f3m"}]},{"@type":"WebSite","@id":"https:\/\/www.elcol-legi.org\/w\/#website","url":"https:\/\/www.elcol-legi.org\/w\/","name":"Col-legi de Mediadors d&#039;Assegurances de Barcelona","description":"Support al mediador d&#039;assegurances","potentialAction":[{"@type":"SearchAction","target":{"@type":"EntryPoint","urlTemplate":"https:\/\/www.elcol-legi.org\/w\/?s={search_term_string}"},"query-input":{"@type":"PropertyValueSpecification","valueRequired":true,"valueName":"search_term_string"}}],"inLanguage":"ca"}]}},"_links":{"self":[{"href":"https:\/\/www.elcol-legi.org\/w\/wp-json\/wp\/v2\/pages\/3604","targetHints":{"allow":["GET"]}}],"collection":[{"href":"https:\/\/www.elcol-legi.org\/w\/wp-json\/wp\/v2\/pages"}],"about":[{"href":"https:\/\/www.elcol-legi.org\/w\/wp-json\/wp\/v2\/types\/page"}],"author":[{"embeddable":true,"href":"https:\/\/www.elcol-legi.org\/w\/wp-json\/wp\/v2\/users\/4"}],"replies":[{"embeddable":true,"href":"https:\/\/www.elcol-legi.org\/w\/wp-json\/wp\/v2\/comments?post=3604"}],"version-history":[{"count":30,"href":"https:\/\/www.elcol-legi.org\/w\/wp-json\/wp\/v2\/pages\/3604\/revisions"}],"predecessor-version":[{"id":27301,"href":"https:\/\/www.elcol-legi.org\/w\/wp-json\/wp\/v2\/pages\/3604\/revisions\/27301"}],"wp:featuredmedia":[{"embeddable":true,"href":"https:\/\/www.elcol-legi.org\/w\/wp-json\/wp\/v2\/media\/815"}],"wp:attachment":[{"href":"https:\/\/www.elcol-legi.org\/w\/wp-json\/wp\/v2\/media?parent=3604"}],"curies":[{"name":"wp","href":"https:\/\/api.w.org\/{rel}","templated":true}]}}