{"id":4184,"date":"2021-05-12T18:50:53","date_gmt":"2021-05-12T16:50:53","guid":{"rendered":"https:\/\/elcol-legi.org\/w\/?page_id=4184"},"modified":"2024-02-21T11:42:38","modified_gmt":"2024-02-21T09:42:38","slug":"col-legi","status":"publish","type":"page","link":"https:\/\/www.elcol-legi.org\/w\/col-legi\/","title":{"rendered":"col-legi"},"content":{"rendered":"<div class=\"wpb-content-wrapper\"><p>[vc_section full_width=&#8221;stretch_row&#8221; content_placement=&#8221;middle&#8221; css=&#8221;.vc_custom_1622113955303{background-color: #1b3b72 !important;}&#8221;][vc_row][vc_column][vc_single_image image=&#8221;9587&#8243; img_size=&#8221;full&#8221; onclick=&#8221;custom_link&#8221; link=&#8221;http:\/\/www.mediadores2022.com\/&#8221;][vc_empty_space height=&#8221;42px&#8221;][\/vc_column][\/vc_row][vc_row full_width=&#8221;stretch_row&#8221; equal_height=&#8221;yes&#8221;][vc_column width=&#8221;2\/3&#8243;][vc_hoverbox image=&#8221;815&#8243; primary_title=&#8221;Benvinguts&#8221; hover_title=&#8221;CMAB&#8221; hover_align=&#8221;left&#8221; shape=&#8221;square&#8221; hover_background_color=&#8221;white&#8221; align=&#8221;left&#8221; hover_btn_title=&#8221;Qui som&#8221; hover_btn_shape=&#8221;square&#8221; hover_btn_color=&#8221;blue&#8221; css_animation=&#8221;bounceInLeft&#8221; hover_add_button=&#8221;true&#8221; hover_btn_link=&#8221;url:https%3A%2F%2Felcol-legi.org%2Fw%2Fqui-som%2F&#8221;]<\/p>\n<p style=\"text-align: left;\">El Col\u00b7legi de Mediadors d&#8217;Asegurances de Barcelona representa els professionals de la distribuci\u00f3 d&#8217;assegurances, agents i corredors. Amb m\u00e9s de vuit d\u00e8cades d&#8217;exist\u00e8ncia, el Col\u00b7legi \u00e9s una corporaci\u00f3 de dret p\u00fablic, i t\u00e9 el comprom\u00eds de defensar els interessos dels mediadors d&#8217;assegurances i tamb\u00e9 dels assegurats, contribuint a divulgar a la societat els valors de la prevenci\u00f3 i la cultura de l&#8217;asseguran\u00e7a.<\/p>\n<p>&nbsp;<\/p>\n<p style=\"text-align: left;\">El Col\u00b7legi est\u00e0 present en els principals estaments i entitats de decisi\u00f3 de el sector assegurador com la Junta Consultiva de l&#8217;asseguran\u00e7a de la Generalitat de Catalunya, la Junta de Govern de la patronal de mediadors AEMES, el Consell General de Col\u00b7legis de mediadors d&#8217;assegurances i el Consell de Col\u00b7legis de Catalunya.<\/p>\n<p>[\/vc_hoverbox][\/vc_column][vc_column width=&#8221;1\/3&#8243;][vc_single_image image=&#8221;5161&#8243; img_size=&#8221;medium&#8221; alignment=&#8221;center&#8221; css_animation=&#8221;bounceInRight&#8221;][vc_column_text css_animation=&#8221;bounceInRight&#8221;]<\/p>\n<p style=\"color: #ffffff;\"><strong>La nostra hist\u00f2ria.<\/strong> Coneix la hist\u00f2ria del Col\u00b7legi i l&#8217;evoluci\u00f3 de la cultura asseguradora a Catalunya i Espanya. Una part essencial de la nostra societat.<\/p>\n<p>[\/vc_column_text][vc_btn title=&#8221;M\u00e9s info&#8221; color=&#8221;blue&#8221; size=&#8221;sm&#8221; align=&#8221;center&#8221; css_animation=&#8221;bounceIn&#8221; link=&#8221;url:https%3A%2F%2Felcol-legi.org%2Fw%2Fla-nostra-historia%2F|title:La%20nostra%20hist%C3%B2ria&#8221;][\/vc_column][\/vc_row][vc_row][vc_column][vc_empty_space height=&#8221;42px&#8221;][\/vc_column][\/vc_row][\/vc_section][vc_section full_width=&#8221;stretch_row&#8221; full_height=&#8221;yes&#8221; content_placement=&#8221;middle&#8221; css=&#8221;.vc_custom_1621355815072{background-color: #f7f7f7 !important;}&#8221;][vc_row full_width=&#8221;stretch_row&#8221;][vc_column][vc_custom_heading stm_title_font_weight=&#8221;300&#8243; text=&#8221;Resol els teu dubtes.<br \/>\nServei gratu\u00eft per a Col\u00b7legiats.&#8221; font_container=&#8221;tag:h1|text_align:center&#8221; use_theme_fonts=&#8221;yes&#8221; subtitle=&#8221;Assesors&#8221;][\/vc_column][\/vc_row][vc_row css_animation=&#8221;bounceIn&#8221;][vc_column][stm_services posts_per_page=&#8221;8&#8243; posts_per_row=&#8221;3&#8243; category=&#8221;assessors&#8221; img_size=&#8221;full&#8221; style=&#8221;style_2&#8243; title_color=&#8221;#494949&#8243;][\/vc_column][\/vc_row][vc_row][vc_column][vc_empty_space height=&#8221;62px&#8221;][\/vc_column][\/vc_row][\/vc_section][vc_section][vc_row][vc_column][vc_custom_heading stm_title_font_weight=&#8221;300&#8243; text=&#8221;Serveis per a Col-legiats. Pensant en tu !&#8221; font_container=&#8221;tag:h1|text_align:center&#8221; use_theme_fonts=&#8221;yes&#8221; subtitle=&#8221;Serveis&#8221;][stm_services posts_per_page=&#8221;12&#8243; posts_per_row=&#8221;4&#8243; category=&#8221;serveis&#8221; img_size=&#8221;medium&#8221; style=&#8221;style_2&#8243;][\/vc_column][\/vc_row][\/vc_section][vc_section full_width=&#8221;stretch_row&#8221; content_placement=&#8221;middle&#8221; css=&#8221;.vc_custom_1622044956930{background-color: #1b3b72 !important;}&#8221;][vc_row][vc_column width=&#8221;1\/4&#8243;][vc_icon type=&#8221;entypo&#8221; icon_entypo=&#8221;entypo-icon entypo-icon-users&#8221; color=&#8221;white&#8221; background_style=&#8221;rounded-less-outline&#8221; background_color=&#8221;sky&#8221; size=&#8221;xl&#8221; align=&#8221;center&#8221; css_animation=&#8221;bounceIn&#8221;][vc_empty_space height=&#8221;50px&#8221;][\/vc_column][vc_column width=&#8221;3\/4&#8243;][vc_custom_heading icon_size=&#8221;90&#8243; stm_title_font_weight=&#8221;300&#8243; text=&#8221;La Mediacio al centre del Col-legi&#8221; font_container=&#8221;tag:h1|text_align:center|color:%23ffffff&#8221; use_theme_fonts=&#8221;yes&#8221; css_animation=&#8221;bounceIn&#8221; subtitle=&#8221;Pensant en tu.&#8221; subtitle_color=&#8221;#ffffff&#8221;][\/vc_column][\/vc_row][vc_row equal_height=&#8221;yes&#8221;][vc_column width=&#8221;1\/3&#8243;][vc_hoverbox image=&#8221;4351&#8243; primary_title=&#8221;Setmana Mundial&#8221; primary_title_font_container=&#8221;color:%23ffffff&#8221; hover_title=&#8221;Setmana Mundial&#8221; hover_btn_title=&#8221;+ info&#8221; hover_btn_color=&#8221;blue&#8221; css_animation=&#8221;bounceInLeft&#8221; use_custom_fonts_primary_title=&#8221;true&#8221; hover_add_button=&#8221;true&#8221; hover_btn_link=&#8221;url:https%3A%2F%2Fsemanamundial.com%2F|title:Setmana%20Mundial&#8221;]La Setmana Mundial 2023<\/p>\n<p>va seguir mirant al futur.<\/p>\n<p>En aquesta edici\u00f3,\u00a0ens v\u00e0rem centrar<\/p>\n<p>en con\u00e8ixer els aspectes\u00a0m\u00e9s destacats<\/p>\n<p>dels vectors\u00a0 de canvi\u00a0que estan<\/p>\n<p>modelant el mercat.[\/vc_hoverbox][\/vc_column][vc_column width=&#8221;1\/3&#8243;][vc_hoverbox image=&#8221;4137&#8243; primary_title=&#8221;Col\u00b7legia&#8217;t&#8221; primary_title_font_container=&#8221;color:%23ffffff&#8221; hover_title=&#8221;Est\u00e0s ja col\u00b7legiat?&#8221; hover_background_color=&#8221;white&#8221; hover_btn_title=&#8221;+ info&#8221; hover_btn_color=&#8221;blue&#8221; css_animation=&#8221;bounceIn&#8221; use_custom_fonts_primary_title=&#8221;true&#8221; hover_add_button=&#8221;true&#8221; hover_btn_link=&#8221;url:https%3A%2F%2Felcol-legi.org%2Fw%2Fcollegiat%2F|title:Col%C2%B7legia%E2%80%99t!!!&#8221;]Aprofita l\u2019oportunitat i col\u00b7legia\u2019t. \u00c9s un procediment r\u00e0pid i senzill que et proporcionar\u00e0 molts beneficis i contribuir\u00e0s a enfortir la nostre professi\u00f3 davant de les administracions i la resta del sector. Beneficia\u2019t en condicions molt favorables de formaci\u00f3 de qualitat i de les assessories que estan a disposici\u00f3, sense cost afegit.[\/vc_hoverbox][\/vc_column][vc_column width=&#8221;1\/3&#8243;][vc_hoverbox image=&#8221;1099&#8243; primary_title=&#8221;Llistat de Mediadors&#8221; primary_title_font_container=&#8221;color:%23ffffff&#8221; hover_title=&#8221;Busques un Mediador?&#8221; hover_background_color=&#8221;white&#8221; hover_btn_title=&#8221;Anar al buscador&#8221; hover_btn_color=&#8221;blue&#8221; css_animation=&#8221;bounceInRight&#8221; use_custom_fonts_primary_title=&#8221;true&#8221; hover_add_button=&#8221;true&#8221; hover_btn_link=&#8221;url:https%3A%2F%2Fformacion.fundacionauditorium.org%2Fcolegiados%2Fcolegiados&#8221;]Aqu\u00ed el trobar\u00e0s.<\/p>\n<p>Accedeix a la Base de dades on figuren tots els agents i corredors col\u00b7legiats a Barcelona.<\/p>\n<p>La col\u00b7legiaci\u00f3 \u00e9s una garantia del comprom\u00eds i la vocaci\u00f3 de servei<br \/>\ndels professionals<br \/>\namb la societat.[\/vc_hoverbox][\/vc_column][\/vc_row][vc_row][vc_column][vc_empty_space height=&#8221;82px&#8221;][\/vc_column][\/vc_row][\/vc_section][vc_section full_height=&#8221;yes&#8221; content_placement=&#8221;middle&#8221; css=&#8221;.vc_custom_1621188781044{margin-top: 30px !important;margin-bottom: 30px !important;}&#8221;][vc_row][vc_column][vc_custom_heading icon=&#8221;stm-stm14_country&#8221; icon_size=&#8221;90&#8243; stm_title_font_weight=&#8221;300&#8243; text=&#8221;Actualitat&#8221; font_container=&#8221;tag:h1|text_align:center&#8221; use_theme_fonts=&#8221;yes&#8221; subtitle=&#8221;Ultimes publicacions&#8221;][vc_empty_space height=&#8221;82px&#8221;][\/vc_column][\/vc_row][vc_row equal_height=&#8221;yes&#8221; content_placement=&#8221;middle&#8221;][vc_column][vc_basic_grid post_type=&#8221;post&#8221; max_items=&#8221;12&#8243; style=&#8221;pagination&#8221; items_per_page=&#8221;6&#8243; item=&#8221;basicGrid_SlideBottomWithIcon&#8221; grid_id=&#8221;vc_gid:1708508494934-2466b1f0-12c4-8&#8243;][\/vc_column][\/vc_row][\/vc_section][vc_section css=&#8221;.vc_custom_1620845428307{margin-top: 30px !important;margin-bottom: 30px !important;}&#8221;][vc_row][vc_column][stm_sidebar sidebar=&#8221;3965&#8243;][\/vc_column][\/vc_row][\/vc_section]<\/p>\n<\/div>","protected":false},"excerpt":{"rendered":"<p>[vc_section full_width=&#8221;stretch_row&#8221; content_placement=&#8221;middle&#8221; css=&#8221;.vc_custom_1622113955303{background-color: #1b3b72 !important;}&#8221;][vc_row][vc_column][vc_single_image image=&#8221;9587&#8243; img_size=&#8221;full&#8221; onclick=&#8221;custom_link&#8221; link=&#8221;http:\/\/www.mediadores2022.com\/&#8221;][vc_empty_space height=&#8221;42px&#8221;][\/vc_column][\/vc_row][vc_row full_width=&#8221;stretch_row&#8221; equal_height=&#8221;yes&#8221;][vc_column width=&#8221;2\/3&#8243;][vc_hoverbox image=&#8221;815&#8243; primary_title=&#8221;Benvinguts&#8221; hover_title=&#8221;CMAB&#8221; hover_align=&#8221;left&#8221; shape=&#8221;square&#8221; hover_background_color=&#8221;white&#8221; align=&#8221;left&#8221; hover_btn_title=&#8221;Qui som&#8221; hover_btn_shape=&#8221;square&#8221; hover_btn_color=&#8221;blue&#8221; css_animation=&#8221;bounceInLeft&#8221; hover_add_button=&#8221;true&#8221; hover_btn_link=&#8221;url:https%3A%2F%2Felcol-legi.org%2Fw%2Fqui-som%2F&#8221;] El Col\u00b7legi de Mediadors d&#8217;Asegurances de Barcelona representa els professionals de la distribuci\u00f3 d&#8217;assegurances, agents i corredors. Amb m\u00e9s de vuit d\u00e8cades d&#8217;exist\u00e8ncia, el Col\u00b7legi \u00e9s una<\/p>\n","protected":false},"author":1,"featured_media":0,"parent":0,"menu_order":0,"comment_status":"closed","ping_status":"closed","template":"elementor_theme","meta":{"footnotes":""},"class_list":["post-4184","page","type-page","status-publish","hentry"],"yoast_head":"<!-- This site is optimized with the Yoast SEO plugin v27.4 - https:\/\/yoast.com\/product\/yoast-seo-wordpress\/ -->\n<title>col-legi - Col-legi de Mediadors d&#039;Assegurances de Barcelona<\/title>\n<meta name=\"robots\" content=\"index, follow, max-snippet:-1, max-image-preview:large, max-video-preview:-1\" \/>\n<link rel=\"canonical\" href=\"https:\/\/www.elcol-legi.org\/w\/col-legi\/\" \/>\n<meta property=\"og:locale\" content=\"ca_ES\" \/>\n<meta property=\"og:type\" content=\"article\" \/>\n<meta property=\"og:title\" content=\"col-legi - Col-legi de Mediadors d&#039;Assegurances de Barcelona\" \/>\n<meta property=\"og:description\" content=\"[vc_section full_width=&#8221;stretch_row&#8221; content_placement=&#8221;middle&#8221; css=&#8221;.vc_custom_1622113955303{background-color: #1b3b72 !important;}&#8221;][vc_row][vc_column][vc_single_image image=&#8221;9587&#8243; img_size=&#8221;full&#8221; onclick=&#8221;custom_link&#8221; link=&#8221;http:\/\/www.mediadores2022.com\/&#8221;][vc_empty_space height=&#8221;42px&#8221;][\/vc_column][\/vc_row][vc_row full_width=&#8221;stretch_row&#8221; equal_height=&#8221;yes&#8221;][vc_column width=&#8221;2\/3&#8243;][vc_hoverbox image=&#8221;815&#8243; primary_title=&#8221;Benvinguts&#8221; hover_title=&#8221;CMAB&#8221; hover_align=&#8221;left&#8221; shape=&#8221;square&#8221; hover_background_color=&#8221;white&#8221; align=&#8221;left&#8221; hover_btn_title=&#8221;Qui som&#8221; hover_btn_shape=&#8221;square&#8221; hover_btn_color=&#8221;blue&#8221; css_animation=&#8221;bounceInLeft&#8221; hover_add_button=&#8221;true&#8221; hover_btn_link=&#8221;url:https%3A%2F%2Felcol-legi.org%2Fw%2Fqui-som%2F&#8221;] El Col\u00b7legi de Mediadors d&#8217;Asegurances de Barcelona representa els professionals de la distribuci\u00f3 d&#8217;assegurances, agents i corredors. Amb m\u00e9s de vuit d\u00e8cades d&#8217;exist\u00e8ncia, el Col\u00b7legi \u00e9s una\" \/>\n<meta property=\"og:url\" content=\"https:\/\/www.elcol-legi.org\/w\/col-legi\/\" \/>\n<meta property=\"og:site_name\" content=\"Col-legi de Mediadors d&#039;Assegurances de Barcelona\" \/>\n<meta property=\"article:modified_time\" content=\"2024-02-21T09:42:38+00:00\" \/>\n<meta name=\"twitter:card\" content=\"summary_large_image\" \/>\n<meta name=\"twitter:label1\" content=\"Temps estimat de lectura\" \/>\n\t<meta name=\"twitter:data1\" content=\"3 minuts\" \/>\n<script type=\"application\/ld+json\" class=\"yoast-schema-graph\">{\"@context\":\"https:\\\/\\\/schema.org\",\"@graph\":[{\"@type\":\"WebPage\",\"@id\":\"https:\\\/\\\/www.elcol-legi.org\\\/w\\\/col-legi\\\/\",\"url\":\"https:\\\/\\\/www.elcol-legi.org\\\/w\\\/col-legi\\\/\",\"name\":\"col-legi - Col-legi de Mediadors d&#039;Assegurances de Barcelona\",\"isPartOf\":{\"@id\":\"https:\\\/\\\/www.elcol-legi.org\\\/w\\\/#website\"},\"datePublished\":\"2021-05-12T16:50:53+00:00\",\"dateModified\":\"2024-02-21T09:42:38+00:00\",\"breadcrumb\":{\"@id\":\"https:\\\/\\\/www.elcol-legi.org\\\/w\\\/col-legi\\\/#breadcrumb\"},\"inLanguage\":\"ca\",\"potentialAction\":[{\"@type\":\"ReadAction\",\"target\":[\"https:\\\/\\\/www.elcol-legi.org\\\/w\\\/col-legi\\\/\"]}]},{\"@type\":\"BreadcrumbList\",\"@id\":\"https:\\\/\\\/www.elcol-legi.org\\\/w\\\/col-legi\\\/#breadcrumb\",\"itemListElement\":[{\"@type\":\"ListItem\",\"position\":1,\"name\":\"Inici\",\"item\":\"https:\\\/\\\/www.elcol-legi.org\\\/w\\\/\"},{\"@type\":\"ListItem\",\"position\":2,\"name\":\"col-legi\"}]},{\"@type\":\"WebSite\",\"@id\":\"https:\\\/\\\/www.elcol-legi.org\\\/w\\\/#website\",\"url\":\"https:\\\/\\\/www.elcol-legi.org\\\/w\\\/\",\"name\":\"Col-legi de Mediadors d&#039;Assegurances de Barcelona\",\"description\":\"Support al mediador d&#039;assegurances\",\"potentialAction\":[{\"@type\":\"SearchAction\",\"target\":{\"@type\":\"EntryPoint\",\"urlTemplate\":\"https:\\\/\\\/www.elcol-legi.org\\\/w\\\/?s={search_term_string}\"},\"query-input\":{\"@type\":\"PropertyValueSpecification\",\"valueRequired\":true,\"valueName\":\"search_term_string\"}}],\"inLanguage\":\"ca\"}]}<\/script>\n<!-- \/ Yoast SEO plugin. -->","yoast_head_json":{"title":"col-legi - Col-legi de Mediadors d&#039;Assegurances de Barcelona","robots":{"index":"index","follow":"follow","max-snippet":"max-snippet:-1","max-image-preview":"max-image-preview:large","max-video-preview":"max-video-preview:-1"},"canonical":"https:\/\/www.elcol-legi.org\/w\/col-legi\/","og_locale":"ca_ES","og_type":"article","og_title":"col-legi - Col-legi de Mediadors d&#039;Assegurances de Barcelona","og_description":"[vc_section full_width=&#8221;stretch_row&#8221; content_placement=&#8221;middle&#8221; css=&#8221;.vc_custom_1622113955303{background-color: #1b3b72 !important;}&#8221;][vc_row][vc_column][vc_single_image image=&#8221;9587&#8243; img_size=&#8221;full&#8221; onclick=&#8221;custom_link&#8221; link=&#8221;http:\/\/www.mediadores2022.com\/&#8221;][vc_empty_space height=&#8221;42px&#8221;][\/vc_column][\/vc_row][vc_row full_width=&#8221;stretch_row&#8221; equal_height=&#8221;yes&#8221;][vc_column width=&#8221;2\/3&#8243;][vc_hoverbox image=&#8221;815&#8243; primary_title=&#8221;Benvinguts&#8221; hover_title=&#8221;CMAB&#8221; hover_align=&#8221;left&#8221; shape=&#8221;square&#8221; hover_background_color=&#8221;white&#8221; align=&#8221;left&#8221; hover_btn_title=&#8221;Qui som&#8221; hover_btn_shape=&#8221;square&#8221; hover_btn_color=&#8221;blue&#8221; css_animation=&#8221;bounceInLeft&#8221; hover_add_button=&#8221;true&#8221; hover_btn_link=&#8221;url:https%3A%2F%2Felcol-legi.org%2Fw%2Fqui-som%2F&#8221;] El Col\u00b7legi de Mediadors d&#8217;Asegurances de Barcelona representa els professionals de la distribuci\u00f3 d&#8217;assegurances, agents i corredors. Amb m\u00e9s de vuit d\u00e8cades d&#8217;exist\u00e8ncia, el Col\u00b7legi \u00e9s una","og_url":"https:\/\/www.elcol-legi.org\/w\/col-legi\/","og_site_name":"Col-legi de Mediadors d&#039;Assegurances de Barcelona","article_modified_time":"2024-02-21T09:42:38+00:00","twitter_card":"summary_large_image","twitter_misc":{"Temps estimat de lectura":"3 minuts"},"schema":{"@context":"https:\/\/schema.org","@graph":[{"@type":"WebPage","@id":"https:\/\/www.elcol-legi.org\/w\/col-legi\/","url":"https:\/\/www.elcol-legi.org\/w\/col-legi\/","name":"col-legi - Col-legi de Mediadors d&#039;Assegurances de Barcelona","isPartOf":{"@id":"https:\/\/www.elcol-legi.org\/w\/#website"},"datePublished":"2021-05-12T16:50:53+00:00","dateModified":"2024-02-21T09:42:38+00:00","breadcrumb":{"@id":"https:\/\/www.elcol-legi.org\/w\/col-legi\/#breadcrumb"},"inLanguage":"ca","potentialAction":[{"@type":"ReadAction","target":["https:\/\/www.elcol-legi.org\/w\/col-legi\/"]}]},{"@type":"BreadcrumbList","@id":"https:\/\/www.elcol-legi.org\/w\/col-legi\/#breadcrumb","itemListElement":[{"@type":"ListItem","position":1,"name":"Inici","item":"https:\/\/www.elcol-legi.org\/w\/"},{"@type":"ListItem","position":2,"name":"col-legi"}]},{"@type":"WebSite","@id":"https:\/\/www.elcol-legi.org\/w\/#website","url":"https:\/\/www.elcol-legi.org\/w\/","name":"Col-legi de Mediadors d&#039;Assegurances de Barcelona","description":"Support al mediador d&#039;assegurances","potentialAction":[{"@type":"SearchAction","target":{"@type":"EntryPoint","urlTemplate":"https:\/\/www.elcol-legi.org\/w\/?s={search_term_string}"},"query-input":{"@type":"PropertyValueSpecification","valueRequired":true,"valueName":"search_term_string"}}],"inLanguage":"ca"}]}},"_links":{"self":[{"href":"https:\/\/www.elcol-legi.org\/w\/wp-json\/wp\/v2\/pages\/4184","targetHints":{"allow":["GET"]}}],"collection":[{"href":"https:\/\/www.elcol-legi.org\/w\/wp-json\/wp\/v2\/pages"}],"about":[{"href":"https:\/\/www.elcol-legi.org\/w\/wp-json\/wp\/v2\/types\/page"}],"author":[{"embeddable":true,"href":"https:\/\/www.elcol-legi.org\/w\/wp-json\/wp\/v2\/users\/1"}],"replies":[{"embeddable":true,"href":"https:\/\/www.elcol-legi.org\/w\/wp-json\/wp\/v2\/comments?post=4184"}],"version-history":[{"count":152,"href":"https:\/\/www.elcol-legi.org\/w\/wp-json\/wp\/v2\/pages\/4184\/revisions"}],"predecessor-version":[{"id":17161,"href":"https:\/\/www.elcol-legi.org\/w\/wp-json\/wp\/v2\/pages\/4184\/revisions\/17161"}],"wp:attachment":[{"href":"https:\/\/www.elcol-legi.org\/w\/wp-json\/wp\/v2\/media?parent=4184"}],"curies":[{"name":"wp","href":"https:\/\/api.w.org\/{rel}","templated":true}]}}