{"id":4429,"date":"2021-05-17T10:30:52","date_gmt":"2021-05-17T08:30:52","guid":{"rendered":"https:\/\/elcol-legi.org\/w\/?page_id=4429"},"modified":"2026-02-25T12:45:28","modified_gmt":"2026-02-25T10:45:28","slug":"comunicacio","status":"publish","type":"page","link":"https:\/\/www.elcol-legi.org\/w\/comunicacio\/","title":{"rendered":"Comunicaci\u00f3"},"content":{"rendered":"<div class=\"wpb-content-wrapper\"><p>[vc_section content_placement=&#8221;middle&#8221;][vc_row full_width=&#8221;stretch_row&#8221; equal_height=&#8221;yes&#8221;][vc_column width=&#8221;2\/3&#8243;][vc_empty_space][vc_hoverbox image=&#8221;6038&#8243; primary_title=&#8221;Comunicaci\u00f3&#8221; hover_title=&#8221;Comunicaci\u00f3&#8221; hover_btn_title=&#8221;+ info&#8221; hover_btn_color=&#8221;juicy-pink&#8221; hover_add_button=&#8221;true&#8221; hover_btn_link=&#8221;url:https%3A%2F%2Felcol-legi.org%2Fw%2Fcomunicacio-2%2F|title:Comunicaci%C3%B3&#8243;]El Col\u00b7legi aposta decididament per la comunicaci\u00f3 i la generaci\u00f3 de continguts a trav\u00e9s dels seus propis canals i tamb\u00e9 dels mitjans, com el mecanisme m\u00e9s eficient per traslladar els seus punts de vista i consells relacionats amb la cultura de la prevenci\u00f3 de el risc. Amb aquest prop\u00f2sit, el Col\u00b7legi generes seus propis canals de difusi\u00f3 de continguts i tamb\u00e9 mant\u00e9 acord i desenvolupa campanyes en mitjans de comunicaci\u00f3 l\u00edders.[\/vc_hoverbox][\/vc_column][vc_column width=&#8221;1\/3&#8243;][vc_empty_space height=&#8221;42px&#8221;][vc_icon icon_fontawesome=&#8221;fas fa-microphone-alt&#8221; size=&#8221;xl&#8221; align=&#8221;center&#8221;][vc_custom_heading text=&#8221;&#8221; font_container=&#8221;tag:h2|text_align:center&#8221; subtitle=&#8221;Sala de Premsa&#8221;][vc_column_text css=&#8221;&#8221;]A la nostra sala de premsa, trobar\u00e0s les diferents accions que hem realitzat en altres mitjans.[\/vc_column_text][vc_btn title=&#8221;Veure la sala de Premsa&#8221; color=&#8221;blue&#8221; size=&#8221;sm&#8221; align=&#8221;center&#8221; css_animation=&#8221;bounceIn&#8221; css=&#8221;&#8221; link=&#8221;url:https%3A%2F%2Fwww.elcol-legi.org%2Fw%2Fnotes-de-premsa%2F&#8221;][vc_empty_space][\/vc_column][\/vc_row][\/vc_section][vc_section full_width=&#8221;stretch_row&#8221; content_placement=&#8221;middle&#8221;][vc_row][vc_column css_animation=&#8221;bounceInLeft&#8221; width=&#8221;1\/3&#8243;][vc_single_image image=&#8221;6002&#8243; img_size=&#8221;medium&#8221; alignment=&#8221;center&#8221;][vc_column_text]Publicaci\u00f3 en paper que edita el Col\u00b7legi i es distribueix entre col\u00b7legiats i professionals de sector assegurador cada trimestre. Existeix tamb\u00e9 una edici\u00f3 en format digital que est\u00e0 disponible tant en catal\u00e0 com en espanyol. Els continguts giren al voltant de les tend\u00e8ncies de el m\u00f3n de l&#8217;asseguran\u00e7a i de la societat.[\/vc_column_text][vc_btn title=&#8221;+ info&#8221; color=&#8221;blue&#8221; align=&#8221;center&#8221; link=&#8221;url:https%3A%2F%2Felcol-legi.org%2Fw%2Fmediario-dossier%2F|title:Mediario%20Dossier&#8221;][\/vc_column][vc_column width=&#8221;1\/3&#8243;][vc_single_image image=&#8221;5999&#8243; img_size=&#8221;full&#8221; alignment=&#8221;center&#8221;][vc_column_text]E-News setmanal que edita el Col\u00b7legi i ofereix als col\u00b7legiats i professionals del sector assegurador una visi\u00f3 en clau de negoci sobre tend\u00e8ncies de futur, aix\u00ed com continguts asseguradors pr\u00e0ctics i informacions sobre l&#8217;oferta formativa del Col\u00b7legi.[\/vc_column_text][vc_btn title=&#8221;+ info&#8221; color=&#8221;blue&#8221; align=&#8221;center&#8221; link=&#8221;url:https%3A%2F%2Felcol-legi.org%2Fw%2Fmediarionews%2F|title:Mediario%20News&#8221;][\/vc_column][vc_column css_animation=&#8221;bounceInRight&#8221; width=&#8221;1\/3&#8243;][vc_single_image image=&#8221;5996&#8243; img_size=&#8221;full&#8221; alignment=&#8221;center&#8221;][vc_column_text css_animation=&#8221;bounceInRight&#8221;]Aglutina tota la proposta de continguts audiovisuals que genera el Col\u00b7legi, aix\u00ed com l&#8217;acc\u00e9s a reunions i sessions formatives convocades per la instituci\u00f3. Ofereix materials d&#8217;acc\u00e9s restringit nom\u00e9s als col\u00b7legiats i inscrits, i tamb\u00e9 brinda visibilitat universal en altres propostes de continguts.[\/vc_column_text][vc_btn title=&#8221;+ info&#8221; color=&#8221;blue&#8221; align=&#8221;center&#8221; link=&#8221;url:https%3A%2F%2Felcol-legi.org%2Fw%2Fmediario-tv%2F|title:Mediario%20Tv&#8221;][\/vc_column][\/vc_row][vc_row][vc_column][vc_empty_space height=&#8221;82px&#8221;][\/vc_column][\/vc_row][\/vc_section][vc_section full_width=&#8221;stretch_row&#8221; content_placement=&#8221;middle&#8221;][vc_row full_width=&#8221;stretch_row&#8221;][vc_column][vc_empty_space][vc_custom_heading icon=&#8221;far fa-comment&#8221; icon_size=&#8221;90&#8243; stm_title_font_weight=&#8221;300&#8243; text=&#8221;Aix\u00ed ens comuniquem&#8221; font_container=&#8221;tag:h1|text_align:center&#8221; use_theme_fonts=&#8221;yes&#8221; el_id=&#8221;anclapremsa&#8221;][vc_empty_space height=&#8221;25px&#8221;][vc_hoverbox image=&#8221;5952&#8243; primary_title=&#8221;&#8221; hover_title=&#8221;Aix\u00ed ens comuniquem&#8221; hover_btn_title=&#8221;+ info&#8221; hover_btn_color=&#8221;juicy-pink&#8221; hover_add_button=&#8221;true&#8221; hover_btn_link=&#8221;url:https%3A%2F%2Felcol-legi.org%2Fw%2Faixi-ens-comuniquem%2F|title:Aix%C3%AD%20ens%20comuniquem&#8221;]La comunicaci\u00f3 \u00e9s una de les l\u00ednies essencial d&#8217;actuaci\u00f3 del Col\u00b7legi[\/vc_hoverbox][\/vc_column][\/vc_row][vc_row][vc_column][vc_empty_space][\/vc_column][\/vc_row][\/vc_section][vc_section css=&#8221;.vc_custom_1620845428307{margin-top: 30px !important;margin-bottom: 30px !important;}&#8221;][vc_row][vc_column][stm_sidebar sidebar=&#8221;3965&#8243;][\/vc_column][\/vc_row][\/vc_section]<\/p>\n<\/div>","protected":false},"excerpt":{"rendered":"<p>[vc_section content_placement=&#8221;middle&#8221;][vc_row full_width=&#8221;stretch_row&#8221; equal_height=&#8221;yes&#8221;][vc_column width=&#8221;2\/3&#8243;][vc_empty_space][vc_hoverbox image=&#8221;6038&#8243; primary_title=&#8221;Comunicaci\u00f3&#8221; hover_title=&#8221;Comunicaci\u00f3&#8221; hover_btn_title=&#8221;+ info&#8221; hover_btn_color=&#8221;juicy-pink&#8221; hover_add_button=&#8221;true&#8221; hover_btn_link=&#8221;url:https%3A%2F%2Felcol-legi.org%2Fw%2Fcomunicacio-2%2F|title:Comunicaci%C3%B3&#8243;]El Col\u00b7legi aposta decididament per la comunicaci\u00f3 i la generaci\u00f3 de continguts a trav\u00e9s dels seus propis canals i tamb\u00e9 dels mitjans, com el mecanisme m\u00e9s eficient per traslladar els seus punts de vista i consells relacionats amb la cultura de la prevenci\u00f3<\/p>\n","protected":false},"author":1,"featured_media":0,"parent":0,"menu_order":0,"comment_status":"closed","ping_status":"closed","template":"","meta":{"footnotes":""},"class_list":["post-4429","page","type-page","status-publish","hentry"],"yoast_head":"<!-- This site is optimized with the Yoast SEO plugin v27.4 - https:\/\/yoast.com\/product\/yoast-seo-wordpress\/ -->\n<title>Comunicaci\u00f3 - Col-legi de Mediadors d&#039;Assegurances de Barcelona<\/title>\n<meta name=\"robots\" content=\"index, follow, max-snippet:-1, max-image-preview:large, max-video-preview:-1\" \/>\n<link rel=\"canonical\" href=\"https:\/\/www.elcol-legi.org\/w\/comunicacio\/\" \/>\n<meta property=\"og:locale\" content=\"ca_ES\" \/>\n<meta property=\"og:type\" content=\"article\" \/>\n<meta property=\"og:title\" content=\"Comunicaci\u00f3 - Col-legi de Mediadors d&#039;Assegurances de Barcelona\" \/>\n<meta property=\"og:description\" content=\"[vc_section content_placement=&#8221;middle&#8221;][vc_row full_width=&#8221;stretch_row&#8221; equal_height=&#8221;yes&#8221;][vc_column width=&#8221;2\/3&#8243;][vc_empty_space][vc_hoverbox image=&#8221;6038&#8243; primary_title=&#8221;Comunicaci\u00f3&#8221; hover_title=&#8221;Comunicaci\u00f3&#8221; hover_btn_title=&#8221;+ info&#8221; hover_btn_color=&#8221;juicy-pink&#8221; hover_add_button=&#8221;true&#8221; hover_btn_link=&#8221;url:https%3A%2F%2Felcol-legi.org%2Fw%2Fcomunicacio-2%2F|title:Comunicaci%C3%B3&#8243;]El Col\u00b7legi aposta decididament per la comunicaci\u00f3 i la generaci\u00f3 de continguts a trav\u00e9s dels seus propis canals i tamb\u00e9 dels mitjans, com el mecanisme m\u00e9s eficient per traslladar els seus punts de vista i consells relacionats amb la cultura de la prevenci\u00f3\" \/>\n<meta property=\"og:url\" content=\"https:\/\/www.elcol-legi.org\/w\/comunicacio\/\" \/>\n<meta property=\"og:site_name\" content=\"Col-legi de Mediadors d&#039;Assegurances de Barcelona\" \/>\n<meta property=\"article:modified_time\" content=\"2026-02-25T10:45:28+00:00\" \/>\n<meta name=\"twitter:card\" content=\"summary_large_image\" \/>\n<meta name=\"twitter:label1\" content=\"Temps estimat de lectura\" \/>\n\t<meta name=\"twitter:data1\" content=\"2 minuts\" \/>\n<script type=\"application\/ld+json\" class=\"yoast-schema-graph\">{\"@context\":\"https:\\\/\\\/schema.org\",\"@graph\":[{\"@type\":\"WebPage\",\"@id\":\"https:\\\/\\\/www.elcol-legi.org\\\/w\\\/comunicacio\\\/\",\"url\":\"https:\\\/\\\/www.elcol-legi.org\\\/w\\\/comunicacio\\\/\",\"name\":\"Comunicaci\u00f3 - Col-legi de Mediadors d&#039;Assegurances de Barcelona\",\"isPartOf\":{\"@id\":\"https:\\\/\\\/www.elcol-legi.org\\\/w\\\/#website\"},\"datePublished\":\"2021-05-17T08:30:52+00:00\",\"dateModified\":\"2026-02-25T10:45:28+00:00\",\"breadcrumb\":{\"@id\":\"https:\\\/\\\/www.elcol-legi.org\\\/w\\\/comunicacio\\\/#breadcrumb\"},\"inLanguage\":\"ca\",\"potentialAction\":[{\"@type\":\"ReadAction\",\"target\":[\"https:\\\/\\\/www.elcol-legi.org\\\/w\\\/comunicacio\\\/\"]}]},{\"@type\":\"BreadcrumbList\",\"@id\":\"https:\\\/\\\/www.elcol-legi.org\\\/w\\\/comunicacio\\\/#breadcrumb\",\"itemListElement\":[{\"@type\":\"ListItem\",\"position\":1,\"name\":\"Inici\",\"item\":\"https:\\\/\\\/www.elcol-legi.org\\\/w\\\/\"},{\"@type\":\"ListItem\",\"position\":2,\"name\":\"Comunicaci\u00f3\"}]},{\"@type\":\"WebSite\",\"@id\":\"https:\\\/\\\/www.elcol-legi.org\\\/w\\\/#website\",\"url\":\"https:\\\/\\\/www.elcol-legi.org\\\/w\\\/\",\"name\":\"Col-legi de Mediadors d&#039;Assegurances de Barcelona\",\"description\":\"Support al mediador d&#039;assegurances\",\"potentialAction\":[{\"@type\":\"SearchAction\",\"target\":{\"@type\":\"EntryPoint\",\"urlTemplate\":\"https:\\\/\\\/www.elcol-legi.org\\\/w\\\/?s={search_term_string}\"},\"query-input\":{\"@type\":\"PropertyValueSpecification\",\"valueRequired\":true,\"valueName\":\"search_term_string\"}}],\"inLanguage\":\"ca\"}]}<\/script>\n<!-- \/ Yoast SEO plugin. -->","yoast_head_json":{"title":"Comunicaci\u00f3 - Col-legi de Mediadors d&#039;Assegurances de Barcelona","robots":{"index":"index","follow":"follow","max-snippet":"max-snippet:-1","max-image-preview":"max-image-preview:large","max-video-preview":"max-video-preview:-1"},"canonical":"https:\/\/www.elcol-legi.org\/w\/comunicacio\/","og_locale":"ca_ES","og_type":"article","og_title":"Comunicaci\u00f3 - Col-legi de Mediadors d&#039;Assegurances de Barcelona","og_description":"[vc_section content_placement=&#8221;middle&#8221;][vc_row full_width=&#8221;stretch_row&#8221; equal_height=&#8221;yes&#8221;][vc_column width=&#8221;2\/3&#8243;][vc_empty_space][vc_hoverbox image=&#8221;6038&#8243; primary_title=&#8221;Comunicaci\u00f3&#8221; hover_title=&#8221;Comunicaci\u00f3&#8221; hover_btn_title=&#8221;+ info&#8221; hover_btn_color=&#8221;juicy-pink&#8221; hover_add_button=&#8221;true&#8221; hover_btn_link=&#8221;url:https%3A%2F%2Felcol-legi.org%2Fw%2Fcomunicacio-2%2F|title:Comunicaci%C3%B3&#8243;]El Col\u00b7legi aposta decididament per la comunicaci\u00f3 i la generaci\u00f3 de continguts a trav\u00e9s dels seus propis canals i tamb\u00e9 dels mitjans, com el mecanisme m\u00e9s eficient per traslladar els seus punts de vista i consells relacionats amb la cultura de la prevenci\u00f3","og_url":"https:\/\/www.elcol-legi.org\/w\/comunicacio\/","og_site_name":"Col-legi de Mediadors d&#039;Assegurances de Barcelona","article_modified_time":"2026-02-25T10:45:28+00:00","twitter_card":"summary_large_image","twitter_misc":{"Temps estimat de lectura":"2 minuts"},"schema":{"@context":"https:\/\/schema.org","@graph":[{"@type":"WebPage","@id":"https:\/\/www.elcol-legi.org\/w\/comunicacio\/","url":"https:\/\/www.elcol-legi.org\/w\/comunicacio\/","name":"Comunicaci\u00f3 - Col-legi de Mediadors d&#039;Assegurances de Barcelona","isPartOf":{"@id":"https:\/\/www.elcol-legi.org\/w\/#website"},"datePublished":"2021-05-17T08:30:52+00:00","dateModified":"2026-02-25T10:45:28+00:00","breadcrumb":{"@id":"https:\/\/www.elcol-legi.org\/w\/comunicacio\/#breadcrumb"},"inLanguage":"ca","potentialAction":[{"@type":"ReadAction","target":["https:\/\/www.elcol-legi.org\/w\/comunicacio\/"]}]},{"@type":"BreadcrumbList","@id":"https:\/\/www.elcol-legi.org\/w\/comunicacio\/#breadcrumb","itemListElement":[{"@type":"ListItem","position":1,"name":"Inici","item":"https:\/\/www.elcol-legi.org\/w\/"},{"@type":"ListItem","position":2,"name":"Comunicaci\u00f3"}]},{"@type":"WebSite","@id":"https:\/\/www.elcol-legi.org\/w\/#website","url":"https:\/\/www.elcol-legi.org\/w\/","name":"Col-legi de Mediadors d&#039;Assegurances de Barcelona","description":"Support al mediador d&#039;assegurances","potentialAction":[{"@type":"SearchAction","target":{"@type":"EntryPoint","urlTemplate":"https:\/\/www.elcol-legi.org\/w\/?s={search_term_string}"},"query-input":{"@type":"PropertyValueSpecification","valueRequired":true,"valueName":"search_term_string"}}],"inLanguage":"ca"}]}},"_links":{"self":[{"href":"https:\/\/www.elcol-legi.org\/w\/wp-json\/wp\/v2\/pages\/4429","targetHints":{"allow":["GET"]}}],"collection":[{"href":"https:\/\/www.elcol-legi.org\/w\/wp-json\/wp\/v2\/pages"}],"about":[{"href":"https:\/\/www.elcol-legi.org\/w\/wp-json\/wp\/v2\/types\/page"}],"author":[{"embeddable":true,"href":"https:\/\/www.elcol-legi.org\/w\/wp-json\/wp\/v2\/users\/1"}],"replies":[{"embeddable":true,"href":"https:\/\/www.elcol-legi.org\/w\/wp-json\/wp\/v2\/comments?post=4429"}],"version-history":[{"count":81,"href":"https:\/\/www.elcol-legi.org\/w\/wp-json\/wp\/v2\/pages\/4429\/revisions"}],"predecessor-version":[{"id":26814,"href":"https:\/\/www.elcol-legi.org\/w\/wp-json\/wp\/v2\/pages\/4429\/revisions\/26814"}],"wp:attachment":[{"href":"https:\/\/www.elcol-legi.org\/w\/wp-json\/wp\/v2\/media?parent=4429"}],"curies":[{"name":"wp","href":"https:\/\/api.w.org\/{rel}","templated":true}]}}