{"id":5330,"date":"2021-06-02T18:39:15","date_gmt":"2021-06-02T16:39:15","guid":{"rendered":"https:\/\/elcol-legi.org\/w\/?page_id=5330"},"modified":"2021-06-02T19:01:45","modified_gmt":"2021-06-02T17:01:45","slug":"contactar","status":"publish","type":"page","link":"https:\/\/www.elcol-legi.org\/w\/contactar\/","title":{"rendered":"contactar"},"content":{"rendered":"<div class=\"wpb-content-wrapper\"><p>[vc_section][vc_row][vc_column][vc_empty_space height=&#8221;62px&#8221;][\/vc_column][\/vc_row][\/vc_section][vc_row css=&#8221;.vc_custom_1485423383193{margin-bottom: 20px !important;}&#8221;][vc_column css=&#8221;.vc_custom_1485424286916{margin-bottom: 30px !important;}&#8221; offset=&#8221;vc_col-lg-4&#8243;][vc_column_text css_animation=&#8221;bounceIn&#8221; el_class=&#8221;border_base_color&#8221; css=&#8221;.vc_custom_1622652889168{margin-bottom: 28px !important;border-bottom-width: 3px !important;padding-bottom: 32px !important;border-bottom-color: #002e5b !important;}&#8221;]<span style=\"font-family: Montserrat; color: #444444; font-size: 16px; letter-spacing: -0.4px;\">Por favor, h\u00e1ganos sabe si necesita alg\u00fan tipo de informaci\u00f3n. Estaremos encantados de poder ayudarle. Puede rellenar el formulario de al lado o bien utilizar los siguientes datos para contactar<\/span>[\/vc_column_text][stm_contacts_widget style=&#8221;style_4&#8243; email=&#8221;elcol-legi@elcol-legi.org&#8221; title=&#8221;Contacta&#8221; address=&#8221;Passeig de Sant Joan, 33.<br \/>\n08010 Barcelona&#8221; phone=&#8221;+34 932153223&#8243; facebook=&#8221;https:\/\/www.facebook.com\/CMABarcelona\/&#8221; twitter=&#8221;https:\/\/twitter.com\/MediadorSeguros&#8221; linkedin=&#8221;https:\/\/www.linkedin.com\/company\/colmedbcn&#8221; schedule=&#8221;Horari<br \/>\nL-V 9:00 &#8211; 20:00&#8243;][\/vc_column][vc_column css=&#8221;.vc_custom_1485424295749{margin-bottom: 30px !important;}&#8221; offset=&#8221;vc_col-lg-8&#8243;]\n<div class=\"wpcf7 no-js\" id=\"wpcf7-f5329-o1\" lang=\"ca\" dir=\"ltr\" data-wpcf7-id=\"5329\">\n<div class=\"screen-reader-response\"><p role=\"status\" aria-live=\"polite\" aria-atomic=\"true\"><\/p> <ul><\/ul><\/div>\n<form action=\"\/w\/wp-json\/wp\/v2\/pages\/5330#wpcf7-f5329-o1\" method=\"post\" class=\"wpcf7-form init\" aria-label=\"Formulari de contacte\" novalidate=\"novalidate\" data-status=\"init\">\n<fieldset class=\"hidden-fields-container\"><input type=\"hidden\" name=\"_wpcf7\" value=\"5329\" \/><input type=\"hidden\" name=\"_wpcf7_version\" value=\"6.1.5\" \/><input type=\"hidden\" name=\"_wpcf7_locale\" value=\"ca\" \/><input type=\"hidden\" name=\"_wpcf7_unit_tag\" value=\"wpcf7-f5329-o1\" \/><input type=\"hidden\" name=\"_wpcf7_container_post\" value=\"0\" \/><input type=\"hidden\" name=\"_wpcf7_posted_data_hash\" value=\"\" \/><input type=\"hidden\" name=\"_wpcf7_recaptcha_response\" value=\"\" \/>\n<\/fieldset>\n<label> El nom\n    <span class=\"wpcf7-form-control-wrap\" data-name=\"your-name\"><input size=\"40\" maxlength=\"400\" class=\"wpcf7-form-control wpcf7-text wpcf7-validates-as-required\" aria-required=\"true\" aria-invalid=\"false\" value=\"\" type=\"text\" name=\"your-name\" \/><\/span> <\/label>\n\n<label> El correu electr\u00f2nic\n    <span class=\"wpcf7-form-control-wrap\" data-name=\"your-email\"><input size=\"40\" maxlength=\"400\" class=\"wpcf7-form-control wpcf7-email wpcf7-validates-as-required wpcf7-text wpcf7-validates-as-email\" aria-required=\"true\" aria-invalid=\"false\" value=\"\" type=\"email\" name=\"your-email\" \/><\/span> <\/label>\n\n<label> El tel\u00e8fon\n    <span class=\"wpcf7-form-control-wrap\" data-name=\"Telefon\"><input size=\"40\" maxlength=\"400\" class=\"wpcf7-form-control wpcf7-tel wpcf7-text wpcf7-validates-as-tel\" aria-invalid=\"false\" value=\"\" type=\"tel\" name=\"Telefon\" \/><\/span> <\/label>\n\n<label> Assumpte\n    <span class=\"wpcf7-form-control-wrap\" data-name=\"your-subject\"><input size=\"40\" maxlength=\"400\" class=\"wpcf7-form-control wpcf7-text wpcf7-validates-as-required\" aria-required=\"true\" aria-invalid=\"false\" value=\"\" type=\"text\" name=\"your-subject\" \/><\/span> <\/label>\n\n<label> El missatge (opcional)\n    <span class=\"wpcf7-form-control-wrap\" data-name=\"your-message\"><textarea cols=\"40\" rows=\"10\" maxlength=\"2000\" class=\"wpcf7-form-control wpcf7-textarea wpcf7-validates-as-required\" aria-required=\"true\" aria-invalid=\"false\" name=\"your-message\"><\/textarea><\/span> <\/label>\n<span class=\"wpcf7-form-control-wrap\" data-name=\"acceptance-372\"><span class=\"wpcf7-form-control wpcf7-acceptance optional\"><span class=\"wpcf7-list-item\"><label><input type=\"checkbox\" name=\"acceptance-372\" value=\"1\" aria-invalid=\"false\" \/><span class=\"wpcf7-list-item-label\"><a href=\"https:\/\/www.elcol-legi.org\/w\/avis-legal\/\" style=\"color:blue\"> Accepto condicions <\/a><\/span><\/label><\/span><\/span><\/span>\n\n<div class=\"cf7-cf-turnstile\" style=\"margin-top: 0px; margin-bottom: -15px;\"> <div id=\"cf-turnstile-cf7-161516712\" class=\"cf-turnstile\" data-callback=\"turnstileCF7Callback\" data-sitekey=\"0x4AAAAAABkp8ZEiGJVTyGLT\" data-theme=\"light\" data-language=\"auto\" data-size=\"normal\" data-retry=\"auto\" data-retry-interval=\"1000\" data-refresh-expired=\"auto\" data-refresh-timeout=\"auto\" data-action=\"contact-form-7\" data-callback=\"turnstileCF7Callback\" data-appearance=\"always\"><\/div> <style>.wpcf7-submit { pointer-events: none; opacity: 0.5; }<\/style> <script>document.addEventListener(\"DOMContentLoaded\", function() { setTimeout(function(){ var e=document.getElementById(\"cf-turnstile-cf7-161516712\"); if(e&&!e.innerHTML.trim()){turnstile.render(e, {sitekey:\"0x4AAAAAABkp8ZEiGJVTyGLT\"});} }, 200); });<\/script> <br class=\"cf-turnstile-br cf-turnstile-br-cf7-161516712\"> <style>#cf-turnstile-cf7-161516712 { margin-left: -15px; }<\/style> <script>document.addEventListener(\"DOMContentLoaded\",function(){document.querySelectorAll('.wpcf7-form').forEach(function(e){e.addEventListener('submit',function(){if(document.getElementById('cf-turnstile-cf7-161516712')){setTimeout(function(){turnstile.reset('#cf-turnstile-cf7-161516712');},1000)}})})});<\/script> <\/div><br\/><input class=\"wpcf7-form-control wpcf7-submit has-spinner\" type=\"submit\" value=\"Envia\" \/><div class=\"wpcf7-response-output\" aria-hidden=\"true\"><\/div>\n<\/form>\n<\/div>\n[\/vc_column][\/vc_row][vc_row full_width=&#8221;stretch_row_content_no_spaces&#8221; css=&#8221;.vc_custom_1485423323752{margin-bottom: -60px !important;}&#8221;][vc_column][vc_gmaps link=&#8221;#E-8_JTNDaWZyYW1lJTIwc3JjJTNEJTIyaHR0cHMlM0ElMkYlMkZ3d3cuZ29vZ2xlLmNvbSUyRm1hcHMlMkZlbWJlZCUzRnBiJTNEJTIxMW0xOCUyMTFtMTIlMjExbTMlMjExZDI5OTMuMTE4MjM4MjY3MjM5NiUyMTJkMi4xNzM2NTk3ODAwNDg4NDYlMjEzZDQxLjM5MzIzODUyMTk0NTgzJTIxMm0zJTIxMWYwJTIxMmYwJTIxM2YwJTIxM20yJTIxMWkxMDI0JTIxMmk3NjglMjE0ZjEzLjElMjEzbTMlMjExbTIlMjExczB4MTJhNGEyZTQ1MzA4NzY1NSUyNTNBMHhiYWEyYzE5YWJhMDY0YzI2JTIxMnNDb25zZWpvJTI1MjBkZSUyNTIwQ29sZWdpb3MlMjUyMGRlJTI1MjBNZWRpYWRvcmVzJTI1MjBkZSUyNTIwU2VndXJvcyUyNTIwZGUlMjUyMENhdGFsdSUyNUMzJTI1QjFhJTIxNWUwJTIxM20yJTIxMXNlcyUyMTJzZXMlMjE0djE2MjI2NTMxNTc1NTclMjE1bTIlMjExc2VzJTIxMnNlcyUyMiUyMHdpZHRoJTNEJTIyODAwJTIyJTIwaGVpZ2h0JTNEJTIyNjAwJTIyJTIwc3R5bGUlM0QlMjJib3JkZXIlM0EwJTNCJTIyJTIwYWxsb3dmdWxsc2NyZWVuJTNEJTIyJTIyJTIwbG9hZGluZyUzRCUyMmxhenklMjIlM0UlM0MlMkZpZnJhbWUlM0U=&#8221;][\/vc_column][\/vc_row]<\/p>\n<\/div>","protected":false},"excerpt":{"rendered":"<p>[vc_section][vc_row][vc_column][vc_empty_space height=&#8221;62px&#8221;][\/vc_column][\/vc_row][\/vc_section][vc_row css=&#8221;.vc_custom_1485423383193{margin-bottom: 20px !important;}&#8221;][vc_column css=&#8221;.vc_custom_1485424286916{margin-bottom: 30px !important;}&#8221; offset=&#8221;vc_col-lg-4&#8243;][vc_column_text css_animation=&#8221;bounceIn&#8221; el_class=&#8221;border_base_color&#8221; css=&#8221;.vc_custom_1622652889168{margin-bottom: 28px !important;border-bottom-width: 3px !important;padding-bottom: 32px !important;border-bottom-color: #002e5b !important;}&#8221;]Por favor, h\u00e1ganos sabe si necesita alg\u00fan tipo de informaci\u00f3n. Estaremos encantados de poder ayudarle. Puede rellenar el formulario de al lado o bien utilizar los siguientes datos para contactar[\/vc_column_text][stm_contacts_widget style=&#8221;style_4&#8243; email=&#8221;elcol-legi@elcol-legi.org&#8221; title=&#8221;Contacta&#8221; address=&#8221;Passeig de Sant<\/p>\n","protected":false},"author":1,"featured_media":0,"parent":0,"menu_order":0,"comment_status":"closed","ping_status":"closed","template":"","meta":{"footnotes":""},"class_list":["post-5330","page","type-page","status-publish","hentry"],"yoast_head":"<!-- This site is optimized with the Yoast SEO plugin v27.3 - https:\/\/yoast.com\/product\/yoast-seo-wordpress\/ -->\n<title>contactar - Col-legi de Mediadors d&#039;Assegurances de Barcelona<\/title>\n<meta name=\"robots\" content=\"index, follow, max-snippet:-1, max-image-preview:large, max-video-preview:-1\" \/>\n<link rel=\"canonical\" href=\"https:\/\/www.elcol-legi.org\/w\/contactar\/\" \/>\n<meta property=\"og:locale\" content=\"ca_ES\" \/>\n<meta property=\"og:type\" content=\"article\" \/>\n<meta property=\"og:title\" content=\"contactar - Col-legi de Mediadors d&#039;Assegurances de Barcelona\" \/>\n<meta property=\"og:description\" content=\"[vc_section][vc_row][vc_column][vc_empty_space height=&#8221;62px&#8221;][\/vc_column][\/vc_row][\/vc_section][vc_row css=&#8221;.vc_custom_1485423383193{margin-bottom: 20px !important;}&#8221;][vc_column css=&#8221;.vc_custom_1485424286916{margin-bottom: 30px !important;}&#8221; offset=&#8221;vc_col-lg-4&#8243;][vc_column_text css_animation=&#8221;bounceIn&#8221; el_class=&#8221;border_base_color&#8221; css=&#8221;.vc_custom_1622652889168{margin-bottom: 28px !important;border-bottom-width: 3px !important;padding-bottom: 32px !important;border-bottom-color: #002e5b !important;}&#8221;]Por favor, h\u00e1ganos sabe si necesita alg\u00fan tipo de informaci\u00f3n. Estaremos encantados de poder ayudarle. Puede rellenar el formulario de al lado o bien utilizar los siguientes datos para contactar[\/vc_column_text][stm_contacts_widget style=&#8221;style_4&#8243; email=&#8221;elcol-legi@elcol-legi.org&#8221; title=&#8221;Contacta&#8221; address=&#8221;Passeig de Sant\" \/>\n<meta property=\"og:url\" content=\"https:\/\/www.elcol-legi.org\/w\/contactar\/\" \/>\n<meta property=\"og:site_name\" content=\"Col-legi de Mediadors d&#039;Assegurances de Barcelona\" \/>\n<meta property=\"article:modified_time\" content=\"2021-06-02T17:01:45+00:00\" \/>\n<meta name=\"twitter:card\" content=\"summary_large_image\" \/>\n<meta name=\"twitter:label1\" content=\"Temps estimat de lectura\" \/>\n\t<meta name=\"twitter:data1\" content=\"1 minut\" \/>\n<script type=\"application\/ld+json\" class=\"yoast-schema-graph\">{\"@context\":\"https:\\\/\\\/schema.org\",\"@graph\":[{\"@type\":\"WebPage\",\"@id\":\"https:\\\/\\\/www.elcol-legi.org\\\/w\\\/contactar\\\/\",\"url\":\"https:\\\/\\\/www.elcol-legi.org\\\/w\\\/contactar\\\/\",\"name\":\"contactar - Col-legi de Mediadors d&#039;Assegurances de Barcelona\",\"isPartOf\":{\"@id\":\"https:\\\/\\\/www.elcol-legi.org\\\/w\\\/#website\"},\"datePublished\":\"2021-06-02T16:39:15+00:00\",\"dateModified\":\"2021-06-02T17:01:45+00:00\",\"breadcrumb\":{\"@id\":\"https:\\\/\\\/www.elcol-legi.org\\\/w\\\/contactar\\\/#breadcrumb\"},\"inLanguage\":\"ca\",\"potentialAction\":[{\"@type\":\"ReadAction\",\"target\":[\"https:\\\/\\\/www.elcol-legi.org\\\/w\\\/contactar\\\/\"]}]},{\"@type\":\"BreadcrumbList\",\"@id\":\"https:\\\/\\\/www.elcol-legi.org\\\/w\\\/contactar\\\/#breadcrumb\",\"itemListElement\":[{\"@type\":\"ListItem\",\"position\":1,\"name\":\"Inici\",\"item\":\"https:\\\/\\\/www.elcol-legi.org\\\/w\\\/\"},{\"@type\":\"ListItem\",\"position\":2,\"name\":\"contactar\"}]},{\"@type\":\"WebSite\",\"@id\":\"https:\\\/\\\/www.elcol-legi.org\\\/w\\\/#website\",\"url\":\"https:\\\/\\\/www.elcol-legi.org\\\/w\\\/\",\"name\":\"Col-legi de Mediadors d&#039;Assegurances de Barcelona\",\"description\":\"Support al mediador d&#039;assegurances\",\"potentialAction\":[{\"@type\":\"SearchAction\",\"target\":{\"@type\":\"EntryPoint\",\"urlTemplate\":\"https:\\\/\\\/www.elcol-legi.org\\\/w\\\/?s={search_term_string}\"},\"query-input\":{\"@type\":\"PropertyValueSpecification\",\"valueRequired\":true,\"valueName\":\"search_term_string\"}}],\"inLanguage\":\"ca\"}]}<\/script>\n<!-- \/ Yoast SEO plugin. -->","yoast_head_json":{"title":"contactar - Col-legi de Mediadors d&#039;Assegurances de Barcelona","robots":{"index":"index","follow":"follow","max-snippet":"max-snippet:-1","max-image-preview":"max-image-preview:large","max-video-preview":"max-video-preview:-1"},"canonical":"https:\/\/www.elcol-legi.org\/w\/contactar\/","og_locale":"ca_ES","og_type":"article","og_title":"contactar - Col-legi de Mediadors d&#039;Assegurances de Barcelona","og_description":"[vc_section][vc_row][vc_column][vc_empty_space height=&#8221;62px&#8221;][\/vc_column][\/vc_row][\/vc_section][vc_row css=&#8221;.vc_custom_1485423383193{margin-bottom: 20px !important;}&#8221;][vc_column css=&#8221;.vc_custom_1485424286916{margin-bottom: 30px !important;}&#8221; offset=&#8221;vc_col-lg-4&#8243;][vc_column_text css_animation=&#8221;bounceIn&#8221; el_class=&#8221;border_base_color&#8221; css=&#8221;.vc_custom_1622652889168{margin-bottom: 28px !important;border-bottom-width: 3px !important;padding-bottom: 32px !important;border-bottom-color: #002e5b !important;}&#8221;]Por favor, h\u00e1ganos sabe si necesita alg\u00fan tipo de informaci\u00f3n. Estaremos encantados de poder ayudarle. Puede rellenar el formulario de al lado o bien utilizar los siguientes datos para contactar[\/vc_column_text][stm_contacts_widget style=&#8221;style_4&#8243; email=&#8221;elcol-legi@elcol-legi.org&#8221; title=&#8221;Contacta&#8221; address=&#8221;Passeig de Sant","og_url":"https:\/\/www.elcol-legi.org\/w\/contactar\/","og_site_name":"Col-legi de Mediadors d&#039;Assegurances de Barcelona","article_modified_time":"2021-06-02T17:01:45+00:00","twitter_card":"summary_large_image","twitter_misc":{"Temps estimat de lectura":"1 minut"},"schema":{"@context":"https:\/\/schema.org","@graph":[{"@type":"WebPage","@id":"https:\/\/www.elcol-legi.org\/w\/contactar\/","url":"https:\/\/www.elcol-legi.org\/w\/contactar\/","name":"contactar - Col-legi de Mediadors d&#039;Assegurances de Barcelona","isPartOf":{"@id":"https:\/\/www.elcol-legi.org\/w\/#website"},"datePublished":"2021-06-02T16:39:15+00:00","dateModified":"2021-06-02T17:01:45+00:00","breadcrumb":{"@id":"https:\/\/www.elcol-legi.org\/w\/contactar\/#breadcrumb"},"inLanguage":"ca","potentialAction":[{"@type":"ReadAction","target":["https:\/\/www.elcol-legi.org\/w\/contactar\/"]}]},{"@type":"BreadcrumbList","@id":"https:\/\/www.elcol-legi.org\/w\/contactar\/#breadcrumb","itemListElement":[{"@type":"ListItem","position":1,"name":"Inici","item":"https:\/\/www.elcol-legi.org\/w\/"},{"@type":"ListItem","position":2,"name":"contactar"}]},{"@type":"WebSite","@id":"https:\/\/www.elcol-legi.org\/w\/#website","url":"https:\/\/www.elcol-legi.org\/w\/","name":"Col-legi de Mediadors d&#039;Assegurances de Barcelona","description":"Support al mediador d&#039;assegurances","potentialAction":[{"@type":"SearchAction","target":{"@type":"EntryPoint","urlTemplate":"https:\/\/www.elcol-legi.org\/w\/?s={search_term_string}"},"query-input":{"@type":"PropertyValueSpecification","valueRequired":true,"valueName":"search_term_string"}}],"inLanguage":"ca"}]}},"_links":{"self":[{"href":"https:\/\/www.elcol-legi.org\/w\/wp-json\/wp\/v2\/pages\/5330","targetHints":{"allow":["GET"]}}],"collection":[{"href":"https:\/\/www.elcol-legi.org\/w\/wp-json\/wp\/v2\/pages"}],"about":[{"href":"https:\/\/www.elcol-legi.org\/w\/wp-json\/wp\/v2\/types\/page"}],"author":[{"embeddable":true,"href":"https:\/\/www.elcol-legi.org\/w\/wp-json\/wp\/v2\/users\/1"}],"replies":[{"embeddable":true,"href":"https:\/\/www.elcol-legi.org\/w\/wp-json\/wp\/v2\/comments?post=5330"}],"version-history":[{"count":8,"href":"https:\/\/www.elcol-legi.org\/w\/wp-json\/wp\/v2\/pages\/5330\/revisions"}],"predecessor-version":[{"id":9223,"href":"https:\/\/www.elcol-legi.org\/w\/wp-json\/wp\/v2\/pages\/5330\/revisions\/9223"}],"wp:attachment":[{"href":"https:\/\/www.elcol-legi.org\/w\/wp-json\/wp\/v2\/media?parent=5330"}],"curies":[{"name":"wp","href":"https:\/\/api.w.org\/{rel}","templated":true}]}}