{"id":5530,"date":"2021-06-16T17:08:02","date_gmt":"2021-06-16T15:08:02","guid":{"rendered":"https:\/\/elcol-legi.org\/w\/?page_id=5530"},"modified":"2023-03-06T18:28:11","modified_gmt":"2023-03-06T16:28:11","slug":"la-fundacio-auditorium","status":"publish","type":"page","link":"https:\/\/www.elcol-legi.org\/w\/la-fundacio-auditorium\/","title":{"rendered":"La Fundaci\u00f3 Auditorium"},"content":{"rendered":"<div class=\"wpb-content-wrapper\"><p>[vc_row][vc_column][vc_row_inner][vc_column_inner width=&#8221;1\/2&#8243;][vc_single_image image=&#8221;5199&#8243; img_size=&#8221;medium&#8221; alignment=&#8221;center&#8221; css_animation=&#8221;fadeIn&#8221;][stm_spacing lg_spacing=&#8221;10&#8243; md_spacing=&#8221;10&#8243; sm_spacing=&#8221;10&#8243; xs_spacing=&#8221;10&#8243;][\/vc_column_inner][vc_column_inner width=&#8221;1\/2&#8243;][vc_column_text]La Fundaci\u00f3 Auditorium \u00e9s, des de la seva creaci\u00f3, \u00a0el centre de formaci\u00f3 continuada en mat\u00e8ria d&#8217;assegurances del Col\u00b7legi de Mediadors d&#8217;Assegurances de Barcelona. Aquesta instituci\u00f3 s\u2019encarrega de gestionar tota la proposta formativa que genera el Col\u00b7legi, tant si \u00e9s presencial com si es cursa a dist\u00e0ncia.[\/vc_column_text][\/vc_column_inner][\/vc_row_inner][vc_row_inner][vc_column_inner width=&#8221;1\/2&#8243;][stm_spacing lg_spacing=&#8221;10&#8243; md_spacing=&#8221;10&#8243; sm_spacing=&#8221;10&#8243; xs_spacing=&#8221;10&#8243;][vc_column_text]Constituida el dia 5 de juliol de 1995, la Fundaci\u00f3 Auditorium es regeix per la<br \/>\nLlei Catalana de Fundacions 4\/2008 de 24 d&#8217;abril, Llibre tercer del Codi Civil<br \/>\nde Catalunya relatiu a les persones jur\u00eddiques sense \u00e0nim de lucre. Aix\u00ed com<br \/>\nindiquen els seus estatuts, neix com a Fundaci\u00f3 mixte, docent, cultural, de<br \/>\ncar\u00e0cter particular i privat, aix\u00ed com de naturalesa permanent.<br \/>\n<a href=\"https:\/\/elcol-legi.org\/w\/calendar\/\"><u>Consulta la nostra Agenda de formaci\u00f3 per con\u00e8ixer l\u2019oferta disponible en tot moment.<\/u><\/a>[\/vc_column_text][\/vc_column_inner][vc_column_inner width=&#8221;1\/2&#8243;][vc_hoverbox image=&#8221;5938&#8243; primary_title=&#8221;Agenda de formaci\u00f3&#8221; hover_title=&#8221;Agenda de formaci\u00f3&#8221; shape=&#8221;square&#8221; hover_btn_title=&#8221;Agenda de formaci\u00f3&#8221; hover_btn_color=&#8221;juicy-pink&#8221; css_animation=&#8221;fadeIn&#8221; hover_add_button=&#8221;true&#8221; hover_btn_link=&#8221;url:https%3A%2F%2Fformacion.fundacionauditorium.org%2F|title:calendari&#8221;]<a href=\"https:\/\/formacion.fundacionauditorium.org\/\">Clica aqu\u00ed per veure tota la formaci\u00f3 que tenim programada<\/a>[\/vc_hoverbox][stm_spacing lg_spacing=&#8221;15&#8243; md_spacing=&#8221;15&#8243; sm_spacing=&#8221;15&#8243; xs_spacing=&#8221;15&#8243;][\/vc_column_inner][\/vc_row_inner][vc_row_inner][vc_column_inner][vc_column_text]De manera paral\u00b7lela a la seva tasca formativa, l&#8217;objectiu de la Fundaci\u00f3 Auditorium \u00e9s la promoci\u00f3 social de la figura i imatge del mediador d&#8217;Assegurances i dels seus serveis professionals. De fet, per assolir aquests objectius, la formaci\u00f3 continua i l\u2019esperit de millora dels professionals de la mediaci\u00f3 \u00e9s una prioritat.<\/p>\n<p>La Fundaci\u00f3 Auditorium organitza i gestiona confer\u00e8ncies, cursos, jornades, tallers i un M\u00e0ster dirigits a l&#8217;actualitzaci\u00f3 dels coneixements dels mediadors d&#8217;Assegurances i els seus empleats, aix\u00ed com tamb\u00e9 per a professionals d&#8217;entitats asseguradores i organitzacions o empreses del sector.<\/p>\n<p>Aquesta relaci\u00f3 d&#8217;activitats i finalitats no es limitativa. La Fundaci\u00f3 Auditorium treballa amb plena llibertat per a poder projectar la seva actuaci\u00f3 cap a qualsevol finalitat esmentada anteriorment o qualsevol altre que coincideixi amb l&#8217;esperit de la mateixa. A m\u00e9s, podr\u00e0 atorgar\u00a0 discrecionalment els seus beneficis a les persones o entitats que siguin mereixedores d&#8217;elles.[\/vc_column_text][vc_btn title=&#8221;Pots consultar aqu\u00ed els estatuts de la Fundaci\u00f3 Auditorium&#8221; color=&#8221;blue&#8221; link=&#8221;url:https%3A%2F%2Felcol-legi.org%2Fw%2Festatuts-de-la-fundacio-auditorium%2F|title:Estatuts%20de%20la%20Fundaci%C3%B3%20Auditorium&#8221;][stm_spacing lg_spacing=&#8221;25&#8243; md_spacing=&#8221;25&#8243; sm_spacing=&#8221;25&#8243; xs_spacing=&#8221;25&#8243;][\/vc_column_inner][\/vc_row_inner][vc_row_inner][vc_column_inner][vc_custom_heading text=&#8221;El Patronat de la Fundaci\u00f3&#8221;][vc_column_text]El govern, administraci\u00f3 i representaci\u00f3 de la Fundaci\u00f3 Auditorium es confia de manera exclusiva al seu Patronat, format per tretze membres. Quatre d\u2019aquests representants s\u00f3n membres permanents i nou temporals.<\/p>\n<p>Actualment, les activitats de la Fundaci\u00f3 Auditorium ha estat confiada a les seg\u00fcents persones que formen el Patronat:[\/vc_column_text][\/vc_column_inner][\/vc_row_inner][vc_row_inner][vc_column_inner width=&#8221;1\/3&#8243;][vc_column_text]Francesc Santasusana Riera. <em>President.<\/em><\/p>\n<p>Carmina Homs i Ferret. <em>Secret\u00e0ria.<\/em><\/p>\n<p>V\u00edctor Barang\u00e9 Taya<\/p>\n<p>Francesc Bonet Armengol<\/p>\n<p>Francisco de As\u00eds Calzado Romagosa[\/vc_column_text][\/vc_column_inner][vc_column_inner width=&#8221;1\/3&#8243;][vc_column_text]Xavier da Pena Postius.<\/p>\n<p>Lluis Ferrer Gaya.<\/p>\n<p>Carlos Galcer\u00e1n Homet.<\/p>\n<p>Josep Maria Galilea Puig.[\/vc_column_text][\/vc_column_inner][vc_column_inner width=&#8221;1\/3&#8243;][vc_column_text]Jordi Parrilla Navarro.<\/p>\n<p>Pere Prats Pardo.<\/p>\n<p>Ricardo Sanmart\u00edn de Jodar.<\/p>\n<p>Josep Maria Campabadal Castellv\u00ed.[\/vc_column_text][\/vc_column_inner][\/vc_row_inner][stm_spacing lg_spacing=&#8221;25&#8243; md_spacing=&#8221;25&#8243; sm_spacing=&#8221;25&#8243; xs_spacing=&#8221;25&#8243;][\/vc_column][\/vc_row][vc_row][vc_column][vc_custom_heading text=&#8221;Entitats Col\u00b7laboradores&#8221;][vc_row_inner][vc_column_inner][vc_column_text]Per tal de desenvolupar la seva tasca en l\u2019\u00e0mbit de la formaci\u00f3, la Fundaci\u00f3 Auditorium aglutina a una ampl\u00edssima representaci\u00f3 d\u2019empreses i entitats vinculades amb el sector assegurador i que comparteixen de manera activa el comprom\u00eds amb la formaci\u00f3 i la defensa i promoci\u00f3 dels professionals de la mediaci\u00f3 d\u2019assegurances.<\/p>\n<p>El comprom\u00eds sostingut en el temps d\u2019aquestes entitats col\u00b7laboradores amb la\u00a0 Fundaci\u00f3 Auditorium contribueix de manera decisiva a l\u2019\u00e8xit de la missi\u00f3 del Col\u00b7legi.<\/p>\n<p>Agra\u00efm des d&#8217;aqu\u00ed el seu suport i col\u00b7laboraci\u00f3.[\/vc_column_text][stm_sidebar sidebar=&#8221;3965&#8243;][\/vc_column_inner][\/vc_row_inner][\/vc_column][\/vc_row]<\/p>\n<\/div>","protected":false},"excerpt":{"rendered":"<p>[vc_row][vc_column][vc_row_inner][vc_column_inner width=&#8221;1\/2&#8243;][vc_single_image image=&#8221;5199&#8243; img_size=&#8221;medium&#8221; alignment=&#8221;center&#8221; css_animation=&#8221;fadeIn&#8221;][stm_spacing lg_spacing=&#8221;10&#8243; md_spacing=&#8221;10&#8243; sm_spacing=&#8221;10&#8243; xs_spacing=&#8221;10&#8243;][\/vc_column_inner][vc_column_inner width=&#8221;1\/2&#8243;][vc_column_text]La Fundaci\u00f3 Auditorium \u00e9s, des de la seva creaci\u00f3, \u00a0el centre de formaci\u00f3 continuada en mat\u00e8ria d&#8217;assegurances del Col\u00b7legi de Mediadors d&#8217;Assegurances de Barcelona. Aquesta instituci\u00f3 s\u2019encarrega de gestionar tota la proposta formativa que genera el Col\u00b7legi, tant si \u00e9s presencial com si es cursa<\/p>\n","protected":false},"author":4,"featured_media":0,"parent":0,"menu_order":0,"comment_status":"closed","ping_status":"closed","template":"","meta":{"footnotes":""},"class_list":["post-5530","page","type-page","status-publish","hentry"],"yoast_head":"<!-- This site is optimized with the Yoast SEO plugin v27.5 - https:\/\/yoast.com\/product\/yoast-seo-wordpress\/ -->\n<title>La Fundaci\u00f3 Auditorium - Col-legi de Mediadors d&#039;Assegurances de Barcelona<\/title>\n<meta name=\"robots\" content=\"index, follow, max-snippet:-1, max-image-preview:large, max-video-preview:-1\" \/>\n<link rel=\"canonical\" href=\"https:\/\/www.elcol-legi.org\/w\/la-fundacio-auditorium\/\" \/>\n<meta property=\"og:locale\" content=\"ca_ES\" \/>\n<meta property=\"og:type\" content=\"article\" \/>\n<meta property=\"og:title\" content=\"La Fundaci\u00f3 Auditorium - Col-legi de Mediadors d&#039;Assegurances de Barcelona\" \/>\n<meta property=\"og:description\" content=\"[vc_row][vc_column][vc_row_inner][vc_column_inner width=&#8221;1\/2&#8243;][vc_single_image image=&#8221;5199&#8243; img_size=&#8221;medium&#8221; alignment=&#8221;center&#8221; css_animation=&#8221;fadeIn&#8221;][stm_spacing lg_spacing=&#8221;10&#8243; md_spacing=&#8221;10&#8243; sm_spacing=&#8221;10&#8243; xs_spacing=&#8221;10&#8243;][\/vc_column_inner][vc_column_inner width=&#8221;1\/2&#8243;][vc_column_text]La Fundaci\u00f3 Auditorium \u00e9s, des de la seva creaci\u00f3, \u00a0el centre de formaci\u00f3 continuada en mat\u00e8ria d&#8217;assegurances del Col\u00b7legi de Mediadors d&#8217;Assegurances de Barcelona. Aquesta instituci\u00f3 s\u2019encarrega de gestionar tota la proposta formativa que genera el Col\u00b7legi, tant si \u00e9s presencial com si es cursa\" \/>\n<meta property=\"og:url\" content=\"https:\/\/www.elcol-legi.org\/w\/la-fundacio-auditorium\/\" \/>\n<meta property=\"og:site_name\" content=\"Col-legi de Mediadors d&#039;Assegurances de Barcelona\" \/>\n<meta property=\"article:modified_time\" content=\"2023-03-06T16:28:11+00:00\" \/>\n<meta name=\"twitter:card\" content=\"summary_large_image\" \/>\n<meta name=\"twitter:label1\" content=\"Temps estimat de lectura\" \/>\n\t<meta name=\"twitter:data1\" content=\"3 minuts\" \/>\n<script type=\"application\/ld+json\" class=\"yoast-schema-graph\">{\"@context\":\"https:\\\/\\\/schema.org\",\"@graph\":[{\"@type\":\"WebPage\",\"@id\":\"https:\\\/\\\/www.elcol-legi.org\\\/w\\\/la-fundacio-auditorium\\\/\",\"url\":\"https:\\\/\\\/www.elcol-legi.org\\\/w\\\/la-fundacio-auditorium\\\/\",\"name\":\"La Fundaci\u00f3 Auditorium - Col-legi de Mediadors d&#039;Assegurances de Barcelona\",\"isPartOf\":{\"@id\":\"https:\\\/\\\/www.elcol-legi.org\\\/w\\\/#website\"},\"datePublished\":\"2021-06-16T15:08:02+00:00\",\"dateModified\":\"2023-03-06T16:28:11+00:00\",\"breadcrumb\":{\"@id\":\"https:\\\/\\\/www.elcol-legi.org\\\/w\\\/la-fundacio-auditorium\\\/#breadcrumb\"},\"inLanguage\":\"ca\",\"potentialAction\":[{\"@type\":\"ReadAction\",\"target\":[\"https:\\\/\\\/www.elcol-legi.org\\\/w\\\/la-fundacio-auditorium\\\/\"]}]},{\"@type\":\"BreadcrumbList\",\"@id\":\"https:\\\/\\\/www.elcol-legi.org\\\/w\\\/la-fundacio-auditorium\\\/#breadcrumb\",\"itemListElement\":[{\"@type\":\"ListItem\",\"position\":1,\"name\":\"Inici\",\"item\":\"https:\\\/\\\/www.elcol-legi.org\\\/w\\\/\"},{\"@type\":\"ListItem\",\"position\":2,\"name\":\"La Fundaci\u00f3 Auditorium\"}]},{\"@type\":\"WebSite\",\"@id\":\"https:\\\/\\\/www.elcol-legi.org\\\/w\\\/#website\",\"url\":\"https:\\\/\\\/www.elcol-legi.org\\\/w\\\/\",\"name\":\"Col-legi de Mediadors d&#039;Assegurances de Barcelona\",\"description\":\"Support al mediador d&#039;assegurances\",\"potentialAction\":[{\"@type\":\"SearchAction\",\"target\":{\"@type\":\"EntryPoint\",\"urlTemplate\":\"https:\\\/\\\/www.elcol-legi.org\\\/w\\\/?s={search_term_string}\"},\"query-input\":{\"@type\":\"PropertyValueSpecification\",\"valueRequired\":true,\"valueName\":\"search_term_string\"}}],\"inLanguage\":\"ca\"}]}<\/script>\n<!-- \/ Yoast SEO plugin. -->","yoast_head_json":{"title":"La Fundaci\u00f3 Auditorium - Col-legi de Mediadors d&#039;Assegurances de Barcelona","robots":{"index":"index","follow":"follow","max-snippet":"max-snippet:-1","max-image-preview":"max-image-preview:large","max-video-preview":"max-video-preview:-1"},"canonical":"https:\/\/www.elcol-legi.org\/w\/la-fundacio-auditorium\/","og_locale":"ca_ES","og_type":"article","og_title":"La Fundaci\u00f3 Auditorium - Col-legi de Mediadors d&#039;Assegurances de Barcelona","og_description":"[vc_row][vc_column][vc_row_inner][vc_column_inner width=&#8221;1\/2&#8243;][vc_single_image image=&#8221;5199&#8243; img_size=&#8221;medium&#8221; alignment=&#8221;center&#8221; css_animation=&#8221;fadeIn&#8221;][stm_spacing lg_spacing=&#8221;10&#8243; md_spacing=&#8221;10&#8243; sm_spacing=&#8221;10&#8243; xs_spacing=&#8221;10&#8243;][\/vc_column_inner][vc_column_inner width=&#8221;1\/2&#8243;][vc_column_text]La Fundaci\u00f3 Auditorium \u00e9s, des de la seva creaci\u00f3, \u00a0el centre de formaci\u00f3 continuada en mat\u00e8ria d&#8217;assegurances del Col\u00b7legi de Mediadors d&#8217;Assegurances de Barcelona. Aquesta instituci\u00f3 s\u2019encarrega de gestionar tota la proposta formativa que genera el Col\u00b7legi, tant si \u00e9s presencial com si es cursa","og_url":"https:\/\/www.elcol-legi.org\/w\/la-fundacio-auditorium\/","og_site_name":"Col-legi de Mediadors d&#039;Assegurances de Barcelona","article_modified_time":"2023-03-06T16:28:11+00:00","twitter_card":"summary_large_image","twitter_misc":{"Temps estimat de lectura":"3 minuts"},"schema":{"@context":"https:\/\/schema.org","@graph":[{"@type":"WebPage","@id":"https:\/\/www.elcol-legi.org\/w\/la-fundacio-auditorium\/","url":"https:\/\/www.elcol-legi.org\/w\/la-fundacio-auditorium\/","name":"La Fundaci\u00f3 Auditorium - Col-legi de Mediadors d&#039;Assegurances de Barcelona","isPartOf":{"@id":"https:\/\/www.elcol-legi.org\/w\/#website"},"datePublished":"2021-06-16T15:08:02+00:00","dateModified":"2023-03-06T16:28:11+00:00","breadcrumb":{"@id":"https:\/\/www.elcol-legi.org\/w\/la-fundacio-auditorium\/#breadcrumb"},"inLanguage":"ca","potentialAction":[{"@type":"ReadAction","target":["https:\/\/www.elcol-legi.org\/w\/la-fundacio-auditorium\/"]}]},{"@type":"BreadcrumbList","@id":"https:\/\/www.elcol-legi.org\/w\/la-fundacio-auditorium\/#breadcrumb","itemListElement":[{"@type":"ListItem","position":1,"name":"Inici","item":"https:\/\/www.elcol-legi.org\/w\/"},{"@type":"ListItem","position":2,"name":"La Fundaci\u00f3 Auditorium"}]},{"@type":"WebSite","@id":"https:\/\/www.elcol-legi.org\/w\/#website","url":"https:\/\/www.elcol-legi.org\/w\/","name":"Col-legi de Mediadors d&#039;Assegurances de Barcelona","description":"Support al mediador d&#039;assegurances","potentialAction":[{"@type":"SearchAction","target":{"@type":"EntryPoint","urlTemplate":"https:\/\/www.elcol-legi.org\/w\/?s={search_term_string}"},"query-input":{"@type":"PropertyValueSpecification","valueRequired":true,"valueName":"search_term_string"}}],"inLanguage":"ca"}]}},"_links":{"self":[{"href":"https:\/\/www.elcol-legi.org\/w\/wp-json\/wp\/v2\/pages\/5530","targetHints":{"allow":["GET"]}}],"collection":[{"href":"https:\/\/www.elcol-legi.org\/w\/wp-json\/wp\/v2\/pages"}],"about":[{"href":"https:\/\/www.elcol-legi.org\/w\/wp-json\/wp\/v2\/types\/page"}],"author":[{"embeddable":true,"href":"https:\/\/www.elcol-legi.org\/w\/wp-json\/wp\/v2\/users\/4"}],"replies":[{"embeddable":true,"href":"https:\/\/www.elcol-legi.org\/w\/wp-json\/wp\/v2\/comments?post=5530"}],"version-history":[{"count":38,"href":"https:\/\/www.elcol-legi.org\/w\/wp-json\/wp\/v2\/pages\/5530\/revisions"}],"predecessor-version":[{"id":13174,"href":"https:\/\/www.elcol-legi.org\/w\/wp-json\/wp\/v2\/pages\/5530\/revisions\/13174"}],"wp:attachment":[{"href":"https:\/\/www.elcol-legi.org\/w\/wp-json\/wp\/v2\/media?parent=5530"}],"curies":[{"name":"wp","href":"https:\/\/api.w.org\/{rel}","templated":true}]}}