{"id":5602,"date":"2021-06-17T17:50:19","date_gmt":"2021-06-17T15:50:19","guid":{"rendered":"https:\/\/elcol-legi.org\/w\/?page_id=5602"},"modified":"2021-06-29T17:46:15","modified_gmt":"2021-06-29T15:46:15","slug":"webinars-mediadors","status":"publish","type":"page","link":"https:\/\/www.elcol-legi.org\/w\/webinars-mediadors\/","title":{"rendered":"Webinars Mediadors"},"content":{"rendered":"<div class=\"wpb-content-wrapper\"><p>[vc_row][vc_column][vc_row_inner][vc_column_inner width=&#8221;1\/2&#8243;][stm_spacing lg_spacing=&#8221;10&#8243; md_spacing=&#8221;10&#8243; sm_spacing=&#8221;10&#8243; xs_spacing=&#8221;10&#8243;][vc_column_text]Els <em>webinars <\/em>s\u2019han consolidat com un format imprescindible en el programes de formaci\u00f3 continua de qualitat. Aquest sessions a trav\u00e9s de videoconfer\u00e8ncies van gaudir d\u2019un magn\u00edfic aparador durant els mesos de pand\u00e8mia marcats per l\u2019a\u00efllament social i les limitacions de mobilitat. La realitat, per\u00f2, \u00e9s que el recorregut d\u2019aquests formats va molt m\u00e9s enll\u00e0 de les circunst\u00e0ncies d\u2019un moment singular de la nostra hist\u00f2ria recent.[\/vc_column_text][\/vc_column_inner][vc_column_inner width=&#8221;1\/2&#8243;][vc_single_image image=&#8221;4227&#8243; img_size=&#8221;500&#215;200&#8243; alignment=&#8221;center&#8221; css_animation=&#8221;fadeIn&#8221;][\/vc_column_inner][\/vc_row_inner][vc_row_inner][vc_column_inner][stm_spacing lg_spacing=&#8221;10&#8243; md_spacing=&#8221;10&#8243; sm_spacing=&#8221;10&#8243; xs_spacing=&#8221;10&#8243;][vc_column_text]Sota el paraig\u00fces de <strong>#WebinarsMediadors<\/strong>,\u00a0 el Col\u00b7legi i la Fundaci\u00f3 Auditorium apleguen totes les sessions formatives no presencials que es desenvolupen a trav\u00e9s de\u00a0diferent plataformes de videoconfer\u00e8ncies.<\/p>\n<p>L\u2019oferta en aquest format inclou diversos models de cursos i sessions formatives. Hi ha variables que es diferencien per la durada, pel concepte de la sessi\u00f3 (curs, confer\u00e8ncia, presentaci\u00f3, taller, &#8230;) o pel model de participaci\u00f3 de l\u2019alumne. Troben que alguns d\u2019aquest <em>webinars<\/em> s\u00f3n gratu\u00efts, sempre pr\u00e8via inscripci\u00f3, i d\u2019altres s\u00f3n de pagament. En aquest darrer sup\u00f2sit, els col\u00b7legiats gaudeixen de condicions m\u00e9s favorables.[\/vc_column_text][\/vc_column_inner][\/vc_row_inner][stm_spacing lg_spacing=&#8221;15&#8243; md_spacing=&#8221;15&#8243; sm_spacing=&#8221;15&#8243; xs_spacing=&#8221;15&#8243;][vc_row_inner equal_height=&#8221;yes&#8221;][vc_column_inner width=&#8221;1\/2&#8243; css=&#8221;.vc_custom_1624980218392{background-color: #1b3b72 !important;}&#8221;][vc_single_image image=&#8221;4709&#8243; img_size=&#8221;full&#8221; alignment=&#8221;center&#8221; onclick=&#8221;custom_link&#8221; img_link_target=&#8221;_blank&#8221; css_animation=&#8221;fadeIn&#8221; link=&#8221;http:\/\/www.mediario.tv&#8221;][\/vc_column_inner][vc_column_inner width=&#8221;1\/2&#8243;][vc_column_text]Pots accedir i participar a tots els <strong>#WebinarsMediadors <\/strong>a trav\u00e9s de <a href=\"http:\/\/www.mediario.tv\">la plataforma <strong>Mediario TV<\/strong><\/a>, on trobar\u00e0s tots els continguts audiovisuals gestionats pel Col\u00b7legi. Per accedir nom\u00e9s cal que disposis d\u2019una connexi\u00f3 a internet i d\u2019un ordinador, un tel\u00e8fon o una tableta per poder accedir-hi i seguir la sessi\u00f3 formativa, aix\u00ed com la resta de continguts disponibles.[\/vc_column_text][\/vc_column_inner][\/vc_row_inner][vc_row_inner equal_height=&#8221;yes&#8221;][vc_column_inner][stm_spacing lg_spacing=&#8221;15&#8243; md_spacing=&#8221;15&#8243; sm_spacing=&#8221;15&#8243; xs_spacing=&#8221;15&#8243;][vc_column_text]<a href=\"https:\/\/elcol-legi.org\/w\/calendar\/\">Consulta la nostra Agenda de formaci\u00f3<\/a>\u00a0 per estar al corrent dels <strong>#WebinarsMediadors<\/strong> que es celebraran pr\u00f2ximament, de les seves caracter\u00edstiques i continguts. Recorda que en tots els casos \u00e9s imprescindible que t\u2019inscriguis pr\u00e8viament per tal de poder participar-hi.[\/vc_column_text][vc_btn title=&#8221;Anar a l&#8217;agenda de Formaci\u00f3&#8221; color=&#8221;blue&#8221; size=&#8221;lg&#8221; align=&#8221;center&#8221; css_animation=&#8221;none&#8221; link=&#8221;url:https%3A%2F%2Felcol-legi.org%2Fw%2Fcalendar%2F|title:calendar&#8221;][\/vc_column_inner][\/vc_row_inner][\/vc_column][\/vc_row]<\/p>\n<\/div>","protected":false},"excerpt":{"rendered":"<p>[vc_row][vc_column][vc_row_inner][vc_column_inner width=&#8221;1\/2&#8243;][stm_spacing lg_spacing=&#8221;10&#8243; md_spacing=&#8221;10&#8243; sm_spacing=&#8221;10&#8243; xs_spacing=&#8221;10&#8243;][vc_column_text]Els webinars s\u2019han consolidat com un format imprescindible en el programes de formaci\u00f3 continua de qualitat. Aquest sessions a trav\u00e9s de videoconfer\u00e8ncies van gaudir d\u2019un magn\u00edfic aparador durant els mesos de pand\u00e8mia marcats per l\u2019a\u00efllament social i les limitacions de mobilitat. La realitat, per\u00f2, \u00e9s que el recorregut d\u2019aquests formats<\/p>\n","protected":false},"author":4,"featured_media":0,"parent":0,"menu_order":0,"comment_status":"closed","ping_status":"closed","template":"","meta":{"footnotes":""},"class_list":["post-5602","page","type-page","status-publish","hentry"],"yoast_head":"<!-- This site is optimized with the Yoast SEO plugin v27.4 - https:\/\/yoast.com\/product\/yoast-seo-wordpress\/ -->\n<title>Webinars Mediadors - Col-legi de Mediadors d&#039;Assegurances de Barcelona<\/title>\n<meta name=\"robots\" content=\"index, follow, max-snippet:-1, max-image-preview:large, max-video-preview:-1\" \/>\n<link rel=\"canonical\" href=\"https:\/\/www.elcol-legi.org\/w\/webinars-mediadors\/\" \/>\n<meta property=\"og:locale\" content=\"ca_ES\" \/>\n<meta property=\"og:type\" content=\"article\" \/>\n<meta property=\"og:title\" content=\"Webinars Mediadors - Col-legi de Mediadors d&#039;Assegurances de Barcelona\" \/>\n<meta property=\"og:description\" content=\"[vc_row][vc_column][vc_row_inner][vc_column_inner width=&#8221;1\/2&#8243;][stm_spacing lg_spacing=&#8221;10&#8243; md_spacing=&#8221;10&#8243; sm_spacing=&#8221;10&#8243; xs_spacing=&#8221;10&#8243;][vc_column_text]Els webinars s\u2019han consolidat com un format imprescindible en el programes de formaci\u00f3 continua de qualitat. Aquest sessions a trav\u00e9s de videoconfer\u00e8ncies van gaudir d\u2019un magn\u00edfic aparador durant els mesos de pand\u00e8mia marcats per l\u2019a\u00efllament social i les limitacions de mobilitat. La realitat, per\u00f2, \u00e9s que el recorregut d\u2019aquests formats\" \/>\n<meta property=\"og:url\" content=\"https:\/\/www.elcol-legi.org\/w\/webinars-mediadors\/\" \/>\n<meta property=\"og:site_name\" content=\"Col-legi de Mediadors d&#039;Assegurances de Barcelona\" \/>\n<meta property=\"article:modified_time\" content=\"2021-06-29T15:46:15+00:00\" \/>\n<meta name=\"twitter:card\" content=\"summary_large_image\" \/>\n<meta name=\"twitter:label1\" content=\"Temps estimat de lectura\" \/>\n\t<meta name=\"twitter:data1\" content=\"3 minuts\" \/>\n<script type=\"application\/ld+json\" class=\"yoast-schema-graph\">{\"@context\":\"https:\\\/\\\/schema.org\",\"@graph\":[{\"@type\":\"WebPage\",\"@id\":\"https:\\\/\\\/www.elcol-legi.org\\\/w\\\/webinars-mediadors\\\/\",\"url\":\"https:\\\/\\\/www.elcol-legi.org\\\/w\\\/webinars-mediadors\\\/\",\"name\":\"Webinars Mediadors - Col-legi de Mediadors d&#039;Assegurances de Barcelona\",\"isPartOf\":{\"@id\":\"https:\\\/\\\/www.elcol-legi.org\\\/w\\\/#website\"},\"datePublished\":\"2021-06-17T15:50:19+00:00\",\"dateModified\":\"2021-06-29T15:46:15+00:00\",\"breadcrumb\":{\"@id\":\"https:\\\/\\\/www.elcol-legi.org\\\/w\\\/webinars-mediadors\\\/#breadcrumb\"},\"inLanguage\":\"ca\",\"potentialAction\":[{\"@type\":\"ReadAction\",\"target\":[\"https:\\\/\\\/www.elcol-legi.org\\\/w\\\/webinars-mediadors\\\/\"]}]},{\"@type\":\"BreadcrumbList\",\"@id\":\"https:\\\/\\\/www.elcol-legi.org\\\/w\\\/webinars-mediadors\\\/#breadcrumb\",\"itemListElement\":[{\"@type\":\"ListItem\",\"position\":1,\"name\":\"Inici\",\"item\":\"https:\\\/\\\/www.elcol-legi.org\\\/w\\\/\"},{\"@type\":\"ListItem\",\"position\":2,\"name\":\"Webinars Mediadors\"}]},{\"@type\":\"WebSite\",\"@id\":\"https:\\\/\\\/www.elcol-legi.org\\\/w\\\/#website\",\"url\":\"https:\\\/\\\/www.elcol-legi.org\\\/w\\\/\",\"name\":\"Col-legi de Mediadors d&#039;Assegurances de Barcelona\",\"description\":\"Support al mediador d&#039;assegurances\",\"potentialAction\":[{\"@type\":\"SearchAction\",\"target\":{\"@type\":\"EntryPoint\",\"urlTemplate\":\"https:\\\/\\\/www.elcol-legi.org\\\/w\\\/?s={search_term_string}\"},\"query-input\":{\"@type\":\"PropertyValueSpecification\",\"valueRequired\":true,\"valueName\":\"search_term_string\"}}],\"inLanguage\":\"ca\"}]}<\/script>\n<!-- \/ Yoast SEO plugin. -->","yoast_head_json":{"title":"Webinars Mediadors - Col-legi de Mediadors d&#039;Assegurances de Barcelona","robots":{"index":"index","follow":"follow","max-snippet":"max-snippet:-1","max-image-preview":"max-image-preview:large","max-video-preview":"max-video-preview:-1"},"canonical":"https:\/\/www.elcol-legi.org\/w\/webinars-mediadors\/","og_locale":"ca_ES","og_type":"article","og_title":"Webinars Mediadors - Col-legi de Mediadors d&#039;Assegurances de Barcelona","og_description":"[vc_row][vc_column][vc_row_inner][vc_column_inner width=&#8221;1\/2&#8243;][stm_spacing lg_spacing=&#8221;10&#8243; md_spacing=&#8221;10&#8243; sm_spacing=&#8221;10&#8243; xs_spacing=&#8221;10&#8243;][vc_column_text]Els webinars s\u2019han consolidat com un format imprescindible en el programes de formaci\u00f3 continua de qualitat. Aquest sessions a trav\u00e9s de videoconfer\u00e8ncies van gaudir d\u2019un magn\u00edfic aparador durant els mesos de pand\u00e8mia marcats per l\u2019a\u00efllament social i les limitacions de mobilitat. La realitat, per\u00f2, \u00e9s que el recorregut d\u2019aquests formats","og_url":"https:\/\/www.elcol-legi.org\/w\/webinars-mediadors\/","og_site_name":"Col-legi de Mediadors d&#039;Assegurances de Barcelona","article_modified_time":"2021-06-29T15:46:15+00:00","twitter_card":"summary_large_image","twitter_misc":{"Temps estimat de lectura":"3 minuts"},"schema":{"@context":"https:\/\/schema.org","@graph":[{"@type":"WebPage","@id":"https:\/\/www.elcol-legi.org\/w\/webinars-mediadors\/","url":"https:\/\/www.elcol-legi.org\/w\/webinars-mediadors\/","name":"Webinars Mediadors - Col-legi de Mediadors d&#039;Assegurances de Barcelona","isPartOf":{"@id":"https:\/\/www.elcol-legi.org\/w\/#website"},"datePublished":"2021-06-17T15:50:19+00:00","dateModified":"2021-06-29T15:46:15+00:00","breadcrumb":{"@id":"https:\/\/www.elcol-legi.org\/w\/webinars-mediadors\/#breadcrumb"},"inLanguage":"ca","potentialAction":[{"@type":"ReadAction","target":["https:\/\/www.elcol-legi.org\/w\/webinars-mediadors\/"]}]},{"@type":"BreadcrumbList","@id":"https:\/\/www.elcol-legi.org\/w\/webinars-mediadors\/#breadcrumb","itemListElement":[{"@type":"ListItem","position":1,"name":"Inici","item":"https:\/\/www.elcol-legi.org\/w\/"},{"@type":"ListItem","position":2,"name":"Webinars Mediadors"}]},{"@type":"WebSite","@id":"https:\/\/www.elcol-legi.org\/w\/#website","url":"https:\/\/www.elcol-legi.org\/w\/","name":"Col-legi de Mediadors d&#039;Assegurances de Barcelona","description":"Support al mediador d&#039;assegurances","potentialAction":[{"@type":"SearchAction","target":{"@type":"EntryPoint","urlTemplate":"https:\/\/www.elcol-legi.org\/w\/?s={search_term_string}"},"query-input":{"@type":"PropertyValueSpecification","valueRequired":true,"valueName":"search_term_string"}}],"inLanguage":"ca"}]}},"_links":{"self":[{"href":"https:\/\/www.elcol-legi.org\/w\/wp-json\/wp\/v2\/pages\/5602","targetHints":{"allow":["GET"]}}],"collection":[{"href":"https:\/\/www.elcol-legi.org\/w\/wp-json\/wp\/v2\/pages"}],"about":[{"href":"https:\/\/www.elcol-legi.org\/w\/wp-json\/wp\/v2\/types\/page"}],"author":[{"embeddable":true,"href":"https:\/\/www.elcol-legi.org\/w\/wp-json\/wp\/v2\/users\/4"}],"replies":[{"embeddable":true,"href":"https:\/\/www.elcol-legi.org\/w\/wp-json\/wp\/v2\/comments?post=5602"}],"version-history":[{"count":11,"href":"https:\/\/www.elcol-legi.org\/w\/wp-json\/wp\/v2\/pages\/5602\/revisions"}],"predecessor-version":[{"id":5878,"href":"https:\/\/www.elcol-legi.org\/w\/wp-json\/wp\/v2\/pages\/5602\/revisions\/5878"}],"wp:attachment":[{"href":"https:\/\/www.elcol-legi.org\/w\/wp-json\/wp\/v2\/media?parent=5602"}],"curies":[{"name":"wp","href":"https:\/\/api.w.org\/{rel}","templated":true}]}}