{"id":5972,"date":"2021-07-01T12:58:37","date_gmt":"2021-07-01T10:58:37","guid":{"rendered":"https:\/\/elcol-legi.org\/w\/?page_id=5972"},"modified":"2024-11-25T17:39:27","modified_gmt":"2024-11-25T15:39:27","slug":"mediarionews","status":"publish","type":"page","link":"https:\/\/www.elcol-legi.org\/w\/mediarionews\/","title":{"rendered":"Mediario News"},"content":{"rendered":"<div class=\"wpb-content-wrapper\"><p>[vc_row][vc_column][vc_single_image image=&#8221;20426&#8243; img_size=&#8221;350&#215;100&#8243; alignment=&#8221;center&#8221; css_animation=&#8221;fadeIn&#8221; css=&#8221;&#8221;][vc_column_text css=&#8221;&#8221;]<strong>Mediario News<\/strong> \u00e9s el canal d&#8217;informaci\u00f3 de major immediatesa, m\u00e9s enll\u00e0 de les xarxes socials. Aquesta <em>newsletter<\/em> digital es distribueix entre prop de 6.000 professionals de l&#8217;asseguran\u00e7a de tot el pa\u00eds. Els seus continguts estan m\u00e9s vinculats a l&#8217;actualitat i s&#8217;edita en catal\u00e0 i espanyol.<\/p>\n<p>Quan l&#8217;actualitat ho requereix, genera edicions especials que traslladen immediatament la informaci\u00f3.<\/p>\n<p>Els continguts, se centra a traslladar continguts de valor relacionats amb l&#8217;activitat professional de la medicaci\u00f3 i detectar noves tend\u00e8ncies i habilitats de gesti\u00f3 empresarial. S&#8217;inclouen tamb\u00e9 continguts de cultura asseguradora, molt pr\u00e0ctics, pensats perqu\u00e8 els agents i corredors els distribueixin entre els seus clients.[\/vc_column_text][vc_btn title=&#8221;Subcriu-te a MediarioNews&#8221; color=&#8221;blue&#8221; align=&#8221;center&#8221; link=&#8221;url:https%3A%2F%2Fcolmedbcn.typeform.com%2Fto%2FkXZKDwLY&#8221;][vc_empty_space height=&#8221;15px&#8221;][\/vc_column][\/vc_row][vc_row full_width=&#8221;stretch_row&#8221; css=&#8221;.vc_custom_1625138717961{background-color: #1b3b72 !important;}&#8221;][vc_column][vc_empty_space height=&#8221;15px&#8221;][vc_custom_heading icon=&#8221;fab fa-leanpub&#8221; icon_size=&#8221;90&#8243; text=&#8221;\u00daltimes Publicacions&#8221; font_container=&#8221;tag:h2|text_align:left|color:%23ffffff&#8221; use_theme_fonts=&#8221;yes&#8221; css_animation=&#8221;fadeIn&#8221;][vc_empty_space height=&#8221;15px&#8221;][\/vc_column][\/vc_row][vc_row][vc_column][vc_empty_space][vc_basic_grid post_type=&#8221;post&#8221; max_items=&#8221;12&#8243; style=&#8221;load-more&#8221; items_per_page=&#8221;6&#8243; css=&#8221;&#8221; btn_title=&#8221;Carrega&#8217;n m\u00e9s&#8221; btn_style=&#8221;modern&#8221; btn_color=&#8221;theme_style_1&#8243; btn_size=&#8221;xs&#8221; grid_id=&#8221;vc_gid:1732548967236-fc7369c0-2f65-10&#8243; taxonomies=&#8221;1868, 435, 160&#8243;][\/vc_column][\/vc_row]<\/p>\n<\/div>","protected":false},"excerpt":{"rendered":"<p>[vc_row][vc_column][vc_single_image image=&#8221;20426&#8243; img_size=&#8221;350&#215;100&#8243; alignment=&#8221;center&#8221; css_animation=&#8221;fadeIn&#8221; css=&#8221;&#8221;][vc_column_text css=&#8221;&#8221;]Mediario News \u00e9s el canal d&#8217;informaci\u00f3 de major immediatesa, m\u00e9s enll\u00e0 de les xarxes socials. Aquesta newsletter digital es distribueix entre prop de 6.000 professionals de l&#8217;asseguran\u00e7a de tot el pa\u00eds. Els seus continguts estan m\u00e9s vinculats a l&#8217;actualitat i s&#8217;edita en catal\u00e0 i espanyol. Quan l&#8217;actualitat ho requereix,<\/p>\n","protected":false},"author":4,"featured_media":0,"parent":0,"menu_order":0,"comment_status":"closed","ping_status":"closed","template":"","meta":{"footnotes":""},"class_list":["post-5972","page","type-page","status-publish","hentry"],"yoast_head":"<!-- This site is optimized with the Yoast SEO plugin v27.4 - https:\/\/yoast.com\/product\/yoast-seo-wordpress\/ -->\n<title>Mediario News - Col-legi de Mediadors d&#039;Assegurances de Barcelona<\/title>\n<meta name=\"robots\" content=\"index, follow, max-snippet:-1, max-image-preview:large, max-video-preview:-1\" \/>\n<link rel=\"canonical\" href=\"https:\/\/www.elcol-legi.org\/w\/mediarionews\/\" \/>\n<meta property=\"og:locale\" content=\"ca_ES\" \/>\n<meta property=\"og:type\" content=\"article\" \/>\n<meta property=\"og:title\" content=\"Mediario News - Col-legi de Mediadors d&#039;Assegurances de Barcelona\" \/>\n<meta property=\"og:description\" content=\"[vc_row][vc_column][vc_single_image image=&#8221;20426&#8243; img_size=&#8221;350&#215;100&#8243; alignment=&#8221;center&#8221; css_animation=&#8221;fadeIn&#8221; css=&#8221;&#8221;][vc_column_text css=&#8221;&#8221;]Mediario News \u00e9s el canal d&#8217;informaci\u00f3 de major immediatesa, m\u00e9s enll\u00e0 de les xarxes socials. Aquesta newsletter digital es distribueix entre prop de 6.000 professionals de l&#8217;asseguran\u00e7a de tot el pa\u00eds. Els seus continguts estan m\u00e9s vinculats a l&#8217;actualitat i s&#8217;edita en catal\u00e0 i espanyol. Quan l&#8217;actualitat ho requereix,\" \/>\n<meta property=\"og:url\" content=\"https:\/\/www.elcol-legi.org\/w\/mediarionews\/\" \/>\n<meta property=\"og:site_name\" content=\"Col-legi de Mediadors d&#039;Assegurances de Barcelona\" \/>\n<meta property=\"article:modified_time\" content=\"2024-11-25T15:39:27+00:00\" \/>\n<meta name=\"twitter:card\" content=\"summary_large_image\" \/>\n<meta name=\"twitter:label1\" content=\"Temps estimat de lectura\" \/>\n\t<meta name=\"twitter:data1\" content=\"1 minut\" \/>\n<script type=\"application\/ld+json\" class=\"yoast-schema-graph\">{\"@context\":\"https:\\\/\\\/schema.org\",\"@graph\":[{\"@type\":\"WebPage\",\"@id\":\"https:\\\/\\\/www.elcol-legi.org\\\/w\\\/mediarionews\\\/\",\"url\":\"https:\\\/\\\/www.elcol-legi.org\\\/w\\\/mediarionews\\\/\",\"name\":\"Mediario News - Col-legi de Mediadors d&#039;Assegurances de Barcelona\",\"isPartOf\":{\"@id\":\"https:\\\/\\\/www.elcol-legi.org\\\/w\\\/#website\"},\"datePublished\":\"2021-07-01T10:58:37+00:00\",\"dateModified\":\"2024-11-25T15:39:27+00:00\",\"breadcrumb\":{\"@id\":\"https:\\\/\\\/www.elcol-legi.org\\\/w\\\/mediarionews\\\/#breadcrumb\"},\"inLanguage\":\"ca\",\"potentialAction\":[{\"@type\":\"ReadAction\",\"target\":[\"https:\\\/\\\/www.elcol-legi.org\\\/w\\\/mediarionews\\\/\"]}]},{\"@type\":\"BreadcrumbList\",\"@id\":\"https:\\\/\\\/www.elcol-legi.org\\\/w\\\/mediarionews\\\/#breadcrumb\",\"itemListElement\":[{\"@type\":\"ListItem\",\"position\":1,\"name\":\"Inici\",\"item\":\"https:\\\/\\\/www.elcol-legi.org\\\/w\\\/\"},{\"@type\":\"ListItem\",\"position\":2,\"name\":\"Mediario News\"}]},{\"@type\":\"WebSite\",\"@id\":\"https:\\\/\\\/www.elcol-legi.org\\\/w\\\/#website\",\"url\":\"https:\\\/\\\/www.elcol-legi.org\\\/w\\\/\",\"name\":\"Col-legi de Mediadors d&#039;Assegurances de Barcelona\",\"description\":\"Support al mediador d&#039;assegurances\",\"potentialAction\":[{\"@type\":\"SearchAction\",\"target\":{\"@type\":\"EntryPoint\",\"urlTemplate\":\"https:\\\/\\\/www.elcol-legi.org\\\/w\\\/?s={search_term_string}\"},\"query-input\":{\"@type\":\"PropertyValueSpecification\",\"valueRequired\":true,\"valueName\":\"search_term_string\"}}],\"inLanguage\":\"ca\"}]}<\/script>\n<!-- \/ Yoast SEO plugin. -->","yoast_head_json":{"title":"Mediario News - Col-legi de Mediadors d&#039;Assegurances de Barcelona","robots":{"index":"index","follow":"follow","max-snippet":"max-snippet:-1","max-image-preview":"max-image-preview:large","max-video-preview":"max-video-preview:-1"},"canonical":"https:\/\/www.elcol-legi.org\/w\/mediarionews\/","og_locale":"ca_ES","og_type":"article","og_title":"Mediario News - Col-legi de Mediadors d&#039;Assegurances de Barcelona","og_description":"[vc_row][vc_column][vc_single_image image=&#8221;20426&#8243; img_size=&#8221;350&#215;100&#8243; alignment=&#8221;center&#8221; css_animation=&#8221;fadeIn&#8221; css=&#8221;&#8221;][vc_column_text css=&#8221;&#8221;]Mediario News \u00e9s el canal d&#8217;informaci\u00f3 de major immediatesa, m\u00e9s enll\u00e0 de les xarxes socials. Aquesta newsletter digital es distribueix entre prop de 6.000 professionals de l&#8217;asseguran\u00e7a de tot el pa\u00eds. Els seus continguts estan m\u00e9s vinculats a l&#8217;actualitat i s&#8217;edita en catal\u00e0 i espanyol. Quan l&#8217;actualitat ho requereix,","og_url":"https:\/\/www.elcol-legi.org\/w\/mediarionews\/","og_site_name":"Col-legi de Mediadors d&#039;Assegurances de Barcelona","article_modified_time":"2024-11-25T15:39:27+00:00","twitter_card":"summary_large_image","twitter_misc":{"Temps estimat de lectura":"1 minut"},"schema":{"@context":"https:\/\/schema.org","@graph":[{"@type":"WebPage","@id":"https:\/\/www.elcol-legi.org\/w\/mediarionews\/","url":"https:\/\/www.elcol-legi.org\/w\/mediarionews\/","name":"Mediario News - Col-legi de Mediadors d&#039;Assegurances de Barcelona","isPartOf":{"@id":"https:\/\/www.elcol-legi.org\/w\/#website"},"datePublished":"2021-07-01T10:58:37+00:00","dateModified":"2024-11-25T15:39:27+00:00","breadcrumb":{"@id":"https:\/\/www.elcol-legi.org\/w\/mediarionews\/#breadcrumb"},"inLanguage":"ca","potentialAction":[{"@type":"ReadAction","target":["https:\/\/www.elcol-legi.org\/w\/mediarionews\/"]}]},{"@type":"BreadcrumbList","@id":"https:\/\/www.elcol-legi.org\/w\/mediarionews\/#breadcrumb","itemListElement":[{"@type":"ListItem","position":1,"name":"Inici","item":"https:\/\/www.elcol-legi.org\/w\/"},{"@type":"ListItem","position":2,"name":"Mediario News"}]},{"@type":"WebSite","@id":"https:\/\/www.elcol-legi.org\/w\/#website","url":"https:\/\/www.elcol-legi.org\/w\/","name":"Col-legi de Mediadors d&#039;Assegurances de Barcelona","description":"Support al mediador d&#039;assegurances","potentialAction":[{"@type":"SearchAction","target":{"@type":"EntryPoint","urlTemplate":"https:\/\/www.elcol-legi.org\/w\/?s={search_term_string}"},"query-input":{"@type":"PropertyValueSpecification","valueRequired":true,"valueName":"search_term_string"}}],"inLanguage":"ca"}]}},"_links":{"self":[{"href":"https:\/\/www.elcol-legi.org\/w\/wp-json\/wp\/v2\/pages\/5972","targetHints":{"allow":["GET"]}}],"collection":[{"href":"https:\/\/www.elcol-legi.org\/w\/wp-json\/wp\/v2\/pages"}],"about":[{"href":"https:\/\/www.elcol-legi.org\/w\/wp-json\/wp\/v2\/types\/page"}],"author":[{"embeddable":true,"href":"https:\/\/www.elcol-legi.org\/w\/wp-json\/wp\/v2\/users\/4"}],"replies":[{"embeddable":true,"href":"https:\/\/www.elcol-legi.org\/w\/wp-json\/wp\/v2\/comments?post=5972"}],"version-history":[{"count":16,"href":"https:\/\/www.elcol-legi.org\/w\/wp-json\/wp\/v2\/pages\/5972\/revisions"}],"predecessor-version":[{"id":20429,"href":"https:\/\/www.elcol-legi.org\/w\/wp-json\/wp\/v2\/pages\/5972\/revisions\/20429"}],"wp:attachment":[{"href":"https:\/\/www.elcol-legi.org\/w\/wp-json\/wp\/v2\/media?parent=5972"}],"curies":[{"name":"wp","href":"https:\/\/api.w.org\/{rel}","templated":true}]}}