{"id":6028,"date":"2021-07-02T10:38:12","date_gmt":"2021-07-02T08:38:12","guid":{"rendered":"https:\/\/elcol-legi.org\/w\/?page_id=6028"},"modified":"2026-02-03T14:19:52","modified_gmt":"2026-02-03T12:19:52","slug":"comunicacio-2","status":"publish","type":"page","link":"https:\/\/www.elcol-legi.org\/w\/comunicacio-2\/","title":{"rendered":"Comunicaci\u00f3"},"content":{"rendered":"<div class=\"wpb-content-wrapper\"><p>[vc_row][vc_column width=&#8221;1\/3&#8243;][vc_single_image image=&#8221;5999&#8243; img_size=&#8221;full&#8221; onclick=&#8221;custom_link&#8221; link=&#8221;https:\/\/elcol-legi.org\/w\/mediarionews\/&#8221;][\/vc_column][vc_column width=&#8221;1\/3&#8243;][vc_single_image image=&#8221;6002&#8243; img_size=&#8221;full&#8221; onclick=&#8221;custom_link&#8221; link=&#8221;https:\/\/elcol-legi.org\/w\/mediario-dossier\/&#8221;][\/vc_column][vc_column width=&#8221;1\/3&#8243;][vc_single_image image=&#8221;5996&#8243; img_size=&#8221;full&#8221; alignment=&#8221;center&#8221; onclick=&#8221;custom_link&#8221; link=&#8221;https:\/\/elcol-legi.org\/w\/mediario-tv\/&#8221;][\/vc_column][\/vc_row][vc_row][vc_column][vc_empty_space][vc_column_text]<strong>Mediario<\/strong> \u00e9s el nom d&#8217;una publicaci\u00f3 hist\u00f2rica del Col\u00b7legi que va marcar una \u00e8poca en la comunicaci\u00f3 de la instituci\u00f3 i del sector assegurador. Nascuda en 1997, amb un format similar al d&#8217;un peri\u00f2dic de paper, <strong>Mediario<\/strong> va ser el principal mitj\u00e0 de comunicaci\u00f3 del Col\u00b7legi fins a la seva \u00faltima edici\u00f3 al desembre de 2020. M\u00e9s de dues d\u00e8cades en les quals, tots els mesos, aquesta publicaci\u00f3 va traslladar a agents i corredors i al conjunt dels professionals del sector el punt de vista de la mediaci\u00f3 sobre l&#8217;evoluci\u00f3 de la ind\u00fastria de l&#8217;asseguran\u00e7a i de la societat. Pots accedir a l&#8217;hemeroteca de <strong>Mediario<\/strong>. Una bona manera de viatjar en el temps i rememorar el succe\u00eft en el sector durant els \u00faltims 20 anys.[\/vc_column_text][vc_btn title=&#8221;Accedeix a l&#8217;hemeroteca de Mediario&#8221; color=&#8221;blue&#8221; align=&#8221;center&#8221; css=&#8221;&#8221; link=&#8221;url:https%3A%2F%2Ffliphtml5.com%2Fbookcase%2Fdjpce%2F|target:_blank&#8221;][vc_column_text]Al gener de 2020, la nova Comissi\u00f3 Permanent va decidir escometre una actualitzaci\u00f3 de la comunicaci\u00f3 del Col\u00b7legi per a atendre les necessitats derivades del proc\u00e9s imparable de digitalitzaci\u00f3. Entre altres canvis, la nova estrat\u00e8gia crea tres canals de comunicaci\u00f3 que actualment s\u00f3n les vies principals del Col\u00b7legi per a comunicar-se. Els tres van prendre com a refer\u00e8ncia el nom de <strong>Mediario<\/strong>: <strong>Mediario<\/strong> <strong>Dossier<\/strong>, <strong>Mediario<\/strong> <strong>News <\/strong>i <strong>Mediario TV<\/strong>.[\/vc_column_text][vc_empty_space][\/vc_column][\/vc_row][vc_row full_width=&#8221;stretch_row&#8221; css=&#8221;.vc_custom_1625216949704{background-color: #1b3b72 !important;}&#8221;][vc_column][vc_row_inner][vc_column_inner][vc_empty_space height=&#8221;5px&#8221;][vc_custom_heading icon=&#8221;fas fa-bullhorn&#8221; icon_size=&#8221;90&#8243; text=&#8221;\u00daltimes publicacions&#8221; font_container=&#8221;tag:h2|text_align:left|color:%23ffffff&#8221; use_theme_fonts=&#8221;yes&#8221; css_animation=&#8221;fadeIn&#8221;][vc_empty_space height=&#8221;15px&#8221;][\/vc_column_inner][\/vc_row_inner][\/vc_column][\/vc_row][vc_row][vc_column][vc_basic_grid post_type=&#8221;post&#8221; max_items=&#8221;12&#8243; style=&#8221;pagination&#8221; items_per_page=&#8221;3&#8243; autoplay=&#8221;7&#8243; item=&#8221;mediaGrid_BlurWithContentBlock&#8221; grid_id=&#8221;vc_gid:1770121171340-784911e9-08cf-0&#8243; taxonomies=&#8221;160&#8243;][\/vc_column][\/vc_row]<\/p>\n<\/div>","protected":false},"excerpt":{"rendered":"<p>[vc_row][vc_column width=&#8221;1\/3&#8243;][vc_single_image image=&#8221;5999&#8243; img_size=&#8221;full&#8221; onclick=&#8221;custom_link&#8221; link=&#8221;https:\/\/elcol-legi.org\/w\/mediarionews\/&#8221;][\/vc_column][vc_column width=&#8221;1\/3&#8243;][vc_single_image image=&#8221;6002&#8243; img_size=&#8221;full&#8221; onclick=&#8221;custom_link&#8221; link=&#8221;https:\/\/elcol-legi.org\/w\/mediario-dossier\/&#8221;][\/vc_column][vc_column width=&#8221;1\/3&#8243;][vc_single_image image=&#8221;5996&#8243; img_size=&#8221;full&#8221; alignment=&#8221;center&#8221; onclick=&#8221;custom_link&#8221; link=&#8221;https:\/\/elcol-legi.org\/w\/mediario-tv\/&#8221;][\/vc_column][\/vc_row][vc_row][vc_column][vc_empty_space][vc_column_text]Mediario \u00e9s el nom d&#8217;una publicaci\u00f3 hist\u00f2rica del Col\u00b7legi que va marcar una \u00e8poca en la comunicaci\u00f3 de la instituci\u00f3 i del sector assegurador. Nascuda en 1997, amb un format similar al d&#8217;un peri\u00f2dic de paper, Mediario va ser<\/p>\n","protected":false},"author":4,"featured_media":0,"parent":0,"menu_order":0,"comment_status":"closed","ping_status":"closed","template":"","meta":{"footnotes":""},"class_list":["post-6028","page","type-page","status-publish","hentry"],"yoast_head":"<!-- This site is optimized with the Yoast SEO plugin v27.4 - https:\/\/yoast.com\/product\/yoast-seo-wordpress\/ -->\n<title>Comunicaci\u00f3 - Col-legi de Mediadors d&#039;Assegurances de Barcelona<\/title>\n<meta name=\"robots\" content=\"index, follow, max-snippet:-1, max-image-preview:large, max-video-preview:-1\" \/>\n<link rel=\"canonical\" href=\"https:\/\/www.elcol-legi.org\/w\/comunicacio-2\/\" \/>\n<meta property=\"og:locale\" content=\"ca_ES\" \/>\n<meta property=\"og:type\" content=\"article\" \/>\n<meta property=\"og:title\" content=\"Comunicaci\u00f3 - Col-legi de Mediadors d&#039;Assegurances de Barcelona\" \/>\n<meta property=\"og:description\" content=\"[vc_row][vc_column width=&#8221;1\/3&#8243;][vc_single_image image=&#8221;5999&#8243; img_size=&#8221;full&#8221; onclick=&#8221;custom_link&#8221; link=&#8221;https:\/\/elcol-legi.org\/w\/mediarionews\/&#8221;][\/vc_column][vc_column width=&#8221;1\/3&#8243;][vc_single_image image=&#8221;6002&#8243; img_size=&#8221;full&#8221; onclick=&#8221;custom_link&#8221; link=&#8221;https:\/\/elcol-legi.org\/w\/mediario-dossier\/&#8221;][\/vc_column][vc_column width=&#8221;1\/3&#8243;][vc_single_image image=&#8221;5996&#8243; img_size=&#8221;full&#8221; alignment=&#8221;center&#8221; onclick=&#8221;custom_link&#8221; link=&#8221;https:\/\/elcol-legi.org\/w\/mediario-tv\/&#8221;][\/vc_column][\/vc_row][vc_row][vc_column][vc_empty_space][vc_column_text]Mediario \u00e9s el nom d&#8217;una publicaci\u00f3 hist\u00f2rica del Col\u00b7legi que va marcar una \u00e8poca en la comunicaci\u00f3 de la instituci\u00f3 i del sector assegurador. Nascuda en 1997, amb un format similar al d&#8217;un peri\u00f2dic de paper, Mediario va ser\" \/>\n<meta property=\"og:url\" content=\"https:\/\/www.elcol-legi.org\/w\/comunicacio-2\/\" \/>\n<meta property=\"og:site_name\" content=\"Col-legi de Mediadors d&#039;Assegurances de Barcelona\" \/>\n<meta property=\"article:modified_time\" content=\"2026-02-03T12:19:52+00:00\" \/>\n<meta name=\"twitter:card\" content=\"summary_large_image\" \/>\n<meta name=\"twitter:label1\" content=\"Temps estimat de lectura\" \/>\n\t<meta name=\"twitter:data1\" content=\"2 minuts\" \/>\n<script type=\"application\/ld+json\" class=\"yoast-schema-graph\">{\"@context\":\"https:\\\/\\\/schema.org\",\"@graph\":[{\"@type\":\"WebPage\",\"@id\":\"https:\\\/\\\/www.elcol-legi.org\\\/w\\\/comunicacio-2\\\/\",\"url\":\"https:\\\/\\\/www.elcol-legi.org\\\/w\\\/comunicacio-2\\\/\",\"name\":\"Comunicaci\u00f3 - Col-legi de Mediadors d&#039;Assegurances de Barcelona\",\"isPartOf\":{\"@id\":\"https:\\\/\\\/www.elcol-legi.org\\\/w\\\/#website\"},\"datePublished\":\"2021-07-02T08:38:12+00:00\",\"dateModified\":\"2026-02-03T12:19:52+00:00\",\"breadcrumb\":{\"@id\":\"https:\\\/\\\/www.elcol-legi.org\\\/w\\\/comunicacio-2\\\/#breadcrumb\"},\"inLanguage\":\"ca\",\"potentialAction\":[{\"@type\":\"ReadAction\",\"target\":[\"https:\\\/\\\/www.elcol-legi.org\\\/w\\\/comunicacio-2\\\/\"]}]},{\"@type\":\"BreadcrumbList\",\"@id\":\"https:\\\/\\\/www.elcol-legi.org\\\/w\\\/comunicacio-2\\\/#breadcrumb\",\"itemListElement\":[{\"@type\":\"ListItem\",\"position\":1,\"name\":\"Inici\",\"item\":\"https:\\\/\\\/www.elcol-legi.org\\\/w\\\/\"},{\"@type\":\"ListItem\",\"position\":2,\"name\":\"Comunicaci\u00f3\"}]},{\"@type\":\"WebSite\",\"@id\":\"https:\\\/\\\/www.elcol-legi.org\\\/w\\\/#website\",\"url\":\"https:\\\/\\\/www.elcol-legi.org\\\/w\\\/\",\"name\":\"Col-legi de Mediadors d&#039;Assegurances de Barcelona\",\"description\":\"Support al mediador d&#039;assegurances\",\"potentialAction\":[{\"@type\":\"SearchAction\",\"target\":{\"@type\":\"EntryPoint\",\"urlTemplate\":\"https:\\\/\\\/www.elcol-legi.org\\\/w\\\/?s={search_term_string}\"},\"query-input\":{\"@type\":\"PropertyValueSpecification\",\"valueRequired\":true,\"valueName\":\"search_term_string\"}}],\"inLanguage\":\"ca\"}]}<\/script>\n<!-- \/ Yoast SEO plugin. -->","yoast_head_json":{"title":"Comunicaci\u00f3 - Col-legi de Mediadors d&#039;Assegurances de Barcelona","robots":{"index":"index","follow":"follow","max-snippet":"max-snippet:-1","max-image-preview":"max-image-preview:large","max-video-preview":"max-video-preview:-1"},"canonical":"https:\/\/www.elcol-legi.org\/w\/comunicacio-2\/","og_locale":"ca_ES","og_type":"article","og_title":"Comunicaci\u00f3 - Col-legi de Mediadors d&#039;Assegurances de Barcelona","og_description":"[vc_row][vc_column width=&#8221;1\/3&#8243;][vc_single_image image=&#8221;5999&#8243; img_size=&#8221;full&#8221; onclick=&#8221;custom_link&#8221; link=&#8221;https:\/\/elcol-legi.org\/w\/mediarionews\/&#8221;][\/vc_column][vc_column width=&#8221;1\/3&#8243;][vc_single_image image=&#8221;6002&#8243; img_size=&#8221;full&#8221; onclick=&#8221;custom_link&#8221; link=&#8221;https:\/\/elcol-legi.org\/w\/mediario-dossier\/&#8221;][\/vc_column][vc_column width=&#8221;1\/3&#8243;][vc_single_image image=&#8221;5996&#8243; img_size=&#8221;full&#8221; alignment=&#8221;center&#8221; onclick=&#8221;custom_link&#8221; link=&#8221;https:\/\/elcol-legi.org\/w\/mediario-tv\/&#8221;][\/vc_column][\/vc_row][vc_row][vc_column][vc_empty_space][vc_column_text]Mediario \u00e9s el nom d&#8217;una publicaci\u00f3 hist\u00f2rica del Col\u00b7legi que va marcar una \u00e8poca en la comunicaci\u00f3 de la instituci\u00f3 i del sector assegurador. Nascuda en 1997, amb un format similar al d&#8217;un peri\u00f2dic de paper, Mediario va ser","og_url":"https:\/\/www.elcol-legi.org\/w\/comunicacio-2\/","og_site_name":"Col-legi de Mediadors d&#039;Assegurances de Barcelona","article_modified_time":"2026-02-03T12:19:52+00:00","twitter_card":"summary_large_image","twitter_misc":{"Temps estimat de lectura":"2 minuts"},"schema":{"@context":"https:\/\/schema.org","@graph":[{"@type":"WebPage","@id":"https:\/\/www.elcol-legi.org\/w\/comunicacio-2\/","url":"https:\/\/www.elcol-legi.org\/w\/comunicacio-2\/","name":"Comunicaci\u00f3 - Col-legi de Mediadors d&#039;Assegurances de Barcelona","isPartOf":{"@id":"https:\/\/www.elcol-legi.org\/w\/#website"},"datePublished":"2021-07-02T08:38:12+00:00","dateModified":"2026-02-03T12:19:52+00:00","breadcrumb":{"@id":"https:\/\/www.elcol-legi.org\/w\/comunicacio-2\/#breadcrumb"},"inLanguage":"ca","potentialAction":[{"@type":"ReadAction","target":["https:\/\/www.elcol-legi.org\/w\/comunicacio-2\/"]}]},{"@type":"BreadcrumbList","@id":"https:\/\/www.elcol-legi.org\/w\/comunicacio-2\/#breadcrumb","itemListElement":[{"@type":"ListItem","position":1,"name":"Inici","item":"https:\/\/www.elcol-legi.org\/w\/"},{"@type":"ListItem","position":2,"name":"Comunicaci\u00f3"}]},{"@type":"WebSite","@id":"https:\/\/www.elcol-legi.org\/w\/#website","url":"https:\/\/www.elcol-legi.org\/w\/","name":"Col-legi de Mediadors d&#039;Assegurances de Barcelona","description":"Support al mediador d&#039;assegurances","potentialAction":[{"@type":"SearchAction","target":{"@type":"EntryPoint","urlTemplate":"https:\/\/www.elcol-legi.org\/w\/?s={search_term_string}"},"query-input":{"@type":"PropertyValueSpecification","valueRequired":true,"valueName":"search_term_string"}}],"inLanguage":"ca"}]}},"_links":{"self":[{"href":"https:\/\/www.elcol-legi.org\/w\/wp-json\/wp\/v2\/pages\/6028","targetHints":{"allow":["GET"]}}],"collection":[{"href":"https:\/\/www.elcol-legi.org\/w\/wp-json\/wp\/v2\/pages"}],"about":[{"href":"https:\/\/www.elcol-legi.org\/w\/wp-json\/wp\/v2\/types\/page"}],"author":[{"embeddable":true,"href":"https:\/\/www.elcol-legi.org\/w\/wp-json\/wp\/v2\/users\/4"}],"replies":[{"embeddable":true,"href":"https:\/\/www.elcol-legi.org\/w\/wp-json\/wp\/v2\/comments?post=6028"}],"version-history":[{"count":6,"href":"https:\/\/www.elcol-legi.org\/w\/wp-json\/wp\/v2\/pages\/6028\/revisions"}],"predecessor-version":[{"id":26489,"href":"https:\/\/www.elcol-legi.org\/w\/wp-json\/wp\/v2\/pages\/6028\/revisions\/26489"}],"wp:attachment":[{"href":"https:\/\/www.elcol-legi.org\/w\/wp-json\/wp\/v2\/media?parent=6028"}],"curies":[{"name":"wp","href":"https:\/\/api.w.org\/{rel}","templated":true}]}}