{"id":6849,"date":"2021-12-10T13:48:50","date_gmt":"2021-12-10T11:48:50","guid":{"rendered":"https:\/\/elcol-legi.org\/w\/?page_id=6849"},"modified":"2022-01-18T14:39:54","modified_gmt":"2022-01-18T12:39:54","slug":"nivell-3","status":"publish","type":"page","link":"https:\/\/www.elcol-legi.org\/w\/nivell-3\/","title":{"rendered":"Nivell III"},"content":{"rendered":"<div class=\"wpb-content-wrapper\"><p>[vc_row][vc_column][vc_column_text]<\/p>\n<h3>Formaci\u00f3 d&#8217;Acc\u00e9s\u00a0a la distribuci\u00f3 d&#8217;Assegurances<\/h3>\n<p>[\/vc_column_text][\/vc_column][\/vc_row][vc_row][vc_column][vc_single_image source=&#8221;featured_image&#8221; img_size=&#8221;full&#8221; alignment=&#8221;center&#8221;][\/vc_column][\/vc_row][vc_row][vc_column][vc_column_text]<\/p>\n<h4><strong>Aspectes Generals:<\/strong><\/h4>\n<p>[\/vc_column_text][vc_column_text]Els ensenyaments que s&#8217;imparteixen, tant en l&#8217;aspecte te\u00f2ric com pr\u00e0ctic, s\u00f3n les que s&#8217;estableixen en el Programa del Curs de Formaci\u00f3 en Mat\u00e8ries Financeres i d&#8217;Assegurances Privades d&#8217;acord amb el Real Decreto 287\/2021 i la Resoluci\u00f3 de Formaci\u00f3 de 3 de juny de 2021 que desenvolupa el Real Decreto- llei 3\/2020.[\/vc_column_text][vc_column_text]<\/p>\n<h4><strong>Certificaci\u00f3 necess\u00e0ria per:<\/strong><\/h4>\n<p>[\/vc_column_text][vc_column_text]<\/p>\n<ul>\n<li>Curs obligatori per a personal que exerceixi de col\u00b7laboradors externs i empleats dels mediadors d&#8217;assegurances o reassegurances que, desenvolupen funcions de:\n<ul>\n<li>Agents d&#8217;assegurances persona f\u00edsica que proporcionen informaci\u00f3 sobre productes d&#8217;assegurances.<\/li>\n<li>Empleats de mediadors d&#8217;assegurances i reassegurances (agents o corredors), quan aquests empleats proporcionen informaci\u00f3 sobre productes d&#8217;assegurances.<\/li>\n<li>Col\u00b7laboradors externs persona f\u00edsica dels mediadors d&#8217;assegurances, quan el col\u00b7laborador proporcioni informaci\u00f3 sobre productes d&#8217;assegurances.<\/li>\n<li>Empleats dels col\u00b7laboradors externs, quan aquests empleats proporcionen informaci\u00f3 sobre productes d&#8217;assegurances.<\/li>\n<li>Les persones que integren les xarxes de distribuci\u00f3 dels operadors de banca-assegurances, quan aquestes persones proporcionen informaci\u00f3 sobre productes d&#8217;assegurances.<\/li>\n<li>Empleats de les entitats asseguradores i reasseguradores, quan aquests empleats proporcionen informaci\u00f3 sobre productes d&#8217;assegurances en l&#8217;exercici de l&#8217;activitat de distribuci\u00f3 d&#8217;assegurances.<\/li>\n<li>La persona responsable de l&#8217;activitat de distribuci\u00f3 o, en el seu cas, al menys la meitat de les persones que composen l&#8217;\u00f2rgan de direcci\u00f3 de l&#8217;activitat de distribuci\u00f3, en els casos seg\u00fcents:\n<ul>\n<li>Agents d&#8217;assegurances persona jur\u00eddica que proporcionen informaci\u00f3 sobre productes d&#8217;assegurances.<\/li>\n<li>Col\u00b7laboradors externs persona jur\u00eddica dels mediadors d&#8217;assegurances, quan el col\u00b7laborador proporciona informaci\u00f3 sobre productes d&#8217;assegurances.<\/li>\n<\/ul>\n<\/li>\n<\/ul>\n<\/li>\n<\/ul>\n<p>[\/vc_column_text][\/vc_column][\/vc_row][vc_row][vc_column width=&#8221;1\/3&#8243;][vc_column_text]<\/p>\n<h3><strong>Caracter\u00edstiques del curs<\/strong><\/h3>\n<p>[\/vc_column_text][vc_column_text]<\/p>\n<ul>\n<li>Curs Bonificable.<\/li>\n<li>100 % online.<\/li>\n<li>Realitzaci\u00f3 obligat\u00f2ria dels q\u00fcestionaris i exercicis a la Plataforma e-learning.<\/li>\n<\/ul>\n<p>[\/vc_column_text][\/vc_column][vc_column width=&#8221;1\/3&#8243;][vc_column_text]<\/p>\n<h3><strong>Condicions de matriculaci\u00f3<\/strong><\/h3>\n<p>[\/vc_column_text][vc_column_text]No es necessita cap titulaci\u00f3 pr\u00e8via per poder accedir al curs.[\/vc_column_text][\/vc_column][vc_column width=&#8221;1\/3&#8243;][vc_column_text]<\/p>\n<h3><strong><br \/>\nDuraci\u00f3<\/strong><\/h3>\n<p>[\/vc_column_text][vc_column_text]2 mesos des de l&#8217;inici del curs. (Al ser un curs online, es pot comen\u00e7ar en qualsevol moment).<\/p>\n<p>*En cas de Sol\u00b7licitar la bonificaci\u00f3, si que hi haur\u00e0 unes dates concretes per realitzar el curs.[\/vc_column_text][\/vc_column][\/vc_row][vc_row][vc_column width=&#8221;1\/5&#8243;][\/vc_column][vc_column width=&#8221;1\/5&#8243;][\/vc_column][vc_column width=&#8221;1\/5&#8243;][vc_column_text]<\/p>\n<h3>Programa<\/h3>\n<p>[\/vc_column_text][\/vc_column][vc_column width=&#8221;1\/5&#8243;][\/vc_column][vc_column width=&#8221;1\/5&#8243;][\/vc_column][\/vc_row][vc_row][vc_column width=&#8221;1\/3&#8243;][vc_column_text]<\/p>\n<h5>M\u00f2dul 1<\/h5>\n<p>M\u00f2dul General.[\/vc_column_text][\/vc_column][vc_column width=&#8221;1\/3&#8243;][vc_column_text]<\/p>\n<h5>M\u00f2dul 2<\/h5>\n<p>Assegurances diferents a les de Vida.[\/vc_column_text][\/vc_column][vc_column width=&#8221;1\/3&#8243;][vc_column_text]<\/p>\n<h5>M\u00f2dul 3<\/h5>\n<p>Assegurances de Vida no IBIPs i altres assegurances de persones.[\/vc_column_text][\/vc_column][\/vc_row][vc_row][vc_column][vc_column_text]<\/p>\n<h4><strong>Preu<\/strong><strong>:<\/strong><\/h4>\n<p>[\/vc_column_text][vc_column_text]<strong>\u00b7<\/strong> <strong>210\u20ac <\/strong><em>*Els col\u00b7legiats podran gaudir d&#8217;un descompte del 10 %.<\/em>[\/vc_column_text][vc_empty_space height=&#8221;20px&#8221;][\/vc_column][\/vc_row][vc_row][vc_column][vc_column_text]<\/p>\n<h3>Contacta amb nosaltres,<\/h3>\n<p>[\/vc_column_text][vc_empty_space height=&#8221;10px&#8221;][\/vc_column][\/vc_row][vc_row][vc_column width=&#8221;1\/2&#8243;]\n<div class=\"wpcf7 no-js\" id=\"wpcf7-f5329-o1\" lang=\"ca\" dir=\"ltr\" data-wpcf7-id=\"5329\">\n<div class=\"screen-reader-response\"><p role=\"status\" aria-live=\"polite\" aria-atomic=\"true\"><\/p> <ul><\/ul><\/div>\n<form action=\"\/w\/wp-json\/wp\/v2\/pages\/6849#wpcf7-f5329-o1\" method=\"post\" class=\"wpcf7-form init\" aria-label=\"Formulari de contacte\" novalidate=\"novalidate\" data-status=\"init\">\n<fieldset class=\"hidden-fields-container\"><input type=\"hidden\" name=\"_wpcf7\" value=\"5329\" \/><input type=\"hidden\" name=\"_wpcf7_version\" value=\"6.1.5\" \/><input type=\"hidden\" name=\"_wpcf7_locale\" value=\"ca\" \/><input type=\"hidden\" name=\"_wpcf7_unit_tag\" value=\"wpcf7-f5329-o1\" \/><input type=\"hidden\" name=\"_wpcf7_container_post\" value=\"0\" \/><input type=\"hidden\" name=\"_wpcf7_posted_data_hash\" value=\"\" \/><input type=\"hidden\" name=\"_wpcf7_recaptcha_response\" value=\"\" \/>\n<\/fieldset>\n<label> El nom\n    <span class=\"wpcf7-form-control-wrap\" data-name=\"your-name\"><input size=\"40\" maxlength=\"400\" class=\"wpcf7-form-control wpcf7-text wpcf7-validates-as-required\" aria-required=\"true\" aria-invalid=\"false\" value=\"\" type=\"text\" name=\"your-name\" \/><\/span> <\/label>\n\n<label> El correu electr\u00f2nic\n    <span class=\"wpcf7-form-control-wrap\" data-name=\"your-email\"><input size=\"40\" maxlength=\"400\" class=\"wpcf7-form-control wpcf7-email wpcf7-validates-as-required wpcf7-text wpcf7-validates-as-email\" aria-required=\"true\" aria-invalid=\"false\" value=\"\" type=\"email\" name=\"your-email\" \/><\/span> <\/label>\n\n<label> El tel\u00e8fon\n    <span class=\"wpcf7-form-control-wrap\" data-name=\"Telefon\"><input size=\"40\" maxlength=\"400\" class=\"wpcf7-form-control wpcf7-tel wpcf7-text wpcf7-validates-as-tel\" aria-invalid=\"false\" value=\"\" type=\"tel\" name=\"Telefon\" \/><\/span> <\/label>\n\n<label> Assumpte\n    <span class=\"wpcf7-form-control-wrap\" data-name=\"your-subject\"><input size=\"40\" maxlength=\"400\" class=\"wpcf7-form-control wpcf7-text wpcf7-validates-as-required\" aria-required=\"true\" aria-invalid=\"false\" value=\"\" type=\"text\" name=\"your-subject\" \/><\/span> <\/label>\n\n<label> El missatge (opcional)\n    <span class=\"wpcf7-form-control-wrap\" data-name=\"your-message\"><textarea cols=\"40\" rows=\"10\" maxlength=\"2000\" class=\"wpcf7-form-control wpcf7-textarea wpcf7-validates-as-required\" aria-required=\"true\" aria-invalid=\"false\" name=\"your-message\"><\/textarea><\/span> <\/label>\n<span class=\"wpcf7-form-control-wrap\" data-name=\"acceptance-372\"><span class=\"wpcf7-form-control wpcf7-acceptance optional\"><span class=\"wpcf7-list-item\"><label><input type=\"checkbox\" name=\"acceptance-372\" value=\"1\" aria-invalid=\"false\" \/><span class=\"wpcf7-list-item-label\"><a href=\"https:\/\/www.elcol-legi.org\/w\/avis-legal\/\" style=\"color:blue\"> Accepto condicions <\/a><\/span><\/label><\/span><\/span><\/span>\n\n<div class=\"cf7-cf-turnstile\" style=\"margin-top: 0px; margin-bottom: -15px;\"> <div id=\"cf-turnstile-cf7-2798921290\" class=\"cf-turnstile\" data-callback=\"turnstileCF7Callback\" data-sitekey=\"0x4AAAAAABkp8ZEiGJVTyGLT\" data-theme=\"light\" data-language=\"auto\" data-size=\"normal\" data-retry=\"auto\" data-retry-interval=\"1000\" data-refresh-expired=\"auto\" data-refresh-timeout=\"auto\" data-action=\"contact-form-7\" data-callback=\"turnstileCF7Callback\" data-appearance=\"always\"><\/div> <style>.wpcf7-submit { pointer-events: none; opacity: 0.5; }<\/style> <script>document.addEventListener(\"DOMContentLoaded\", function() { setTimeout(function(){ var e=document.getElementById(\"cf-turnstile-cf7-2798921290\"); if(e&&!e.innerHTML.trim()){turnstile.render(e, {sitekey:\"0x4AAAAAABkp8ZEiGJVTyGLT\"});} }, 200); });<\/script> <br class=\"cf-turnstile-br cf-turnstile-br-cf7-2798921290\"> <style>#cf-turnstile-cf7-2798921290 { margin-left: -15px; }<\/style> <script>document.addEventListener(\"DOMContentLoaded\",function(){document.querySelectorAll('.wpcf7-form').forEach(function(e){e.addEventListener('submit',function(){if(document.getElementById('cf-turnstile-cf7-2798921290')){setTimeout(function(){turnstile.reset('#cf-turnstile-cf7-2798921290');},1000)}})})});<\/script> <\/div><br\/><input class=\"wpcf7-form-control wpcf7-submit has-spinner\" type=\"submit\" value=\"Envia\" \/><div class=\"wpcf7-response-output\" aria-hidden=\"true\"><\/div>\n<\/form>\n<\/div>\n[\/vc_column][vc_column width=&#8221;1\/2&#8243;][\/vc_column][\/vc_row]<\/p>\n<\/div>","protected":false},"excerpt":{"rendered":"<p>[vc_row][vc_column][vc_column_text] Formaci\u00f3 d&#8217;Acc\u00e9s\u00a0a la distribuci\u00f3 d&#8217;Assegurances [\/vc_column_text][\/vc_column][\/vc_row][vc_row][vc_column][vc_single_image source=&#8221;featured_image&#8221; img_size=&#8221;full&#8221; alignment=&#8221;center&#8221;][\/vc_column][\/vc_row][vc_row][vc_column][vc_column_text] Aspectes Generals: [\/vc_column_text][vc_column_text]Els ensenyaments que s&#8217;imparteixen, tant en l&#8217;aspecte te\u00f2ric com pr\u00e0ctic, s\u00f3n les que s&#8217;estableixen en el Programa del Curs de Formaci\u00f3 en Mat\u00e8ries Financeres i d&#8217;Assegurances Privades d&#8217;acord amb el Real Decreto 287\/2021 i la Resoluci\u00f3 de Formaci\u00f3 de 3 de juny de<\/p>\n","protected":false},"author":4,"featured_media":6854,"parent":0,"menu_order":0,"comment_status":"closed","ping_status":"closed","template":"","meta":{"footnotes":""},"class_list":["post-6849","page","type-page","status-publish","has-post-thumbnail","hentry"],"yoast_head":"<!-- This site is optimized with the Yoast SEO plugin v27.4 - https:\/\/yoast.com\/product\/yoast-seo-wordpress\/ -->\n<title>Nivell III - Col-legi de Mediadors d&#039;Assegurances de Barcelona<\/title>\n<meta name=\"robots\" content=\"index, follow, max-snippet:-1, max-image-preview:large, max-video-preview:-1\" \/>\n<link rel=\"canonical\" href=\"https:\/\/www.elcol-legi.org\/w\/nivell-3\/\" \/>\n<meta property=\"og:locale\" content=\"ca_ES\" \/>\n<meta property=\"og:type\" content=\"article\" \/>\n<meta property=\"og:title\" content=\"Nivell III - Col-legi de Mediadors d&#039;Assegurances de Barcelona\" \/>\n<meta property=\"og:description\" content=\"[vc_row][vc_column][vc_column_text] Formaci\u00f3 d&#8217;Acc\u00e9s\u00a0a la distribuci\u00f3 d&#8217;Assegurances [\/vc_column_text][\/vc_column][\/vc_row][vc_row][vc_column][vc_single_image source=&#8221;featured_image&#8221; img_size=&#8221;full&#8221; alignment=&#8221;center&#8221;][\/vc_column][\/vc_row][vc_row][vc_column][vc_column_text] Aspectes Generals: [\/vc_column_text][vc_column_text]Els ensenyaments que s&#8217;imparteixen, tant en l&#8217;aspecte te\u00f2ric com pr\u00e0ctic, s\u00f3n les que s&#8217;estableixen en el Programa del Curs de Formaci\u00f3 en Mat\u00e8ries Financeres i d&#8217;Assegurances Privades d&#8217;acord amb el Real Decreto 287\/2021 i la Resoluci\u00f3 de Formaci\u00f3 de 3 de juny de\" \/>\n<meta property=\"og:url\" content=\"https:\/\/www.elcol-legi.org\/w\/nivell-3\/\" \/>\n<meta property=\"og:site_name\" content=\"Col-legi de Mediadors d&#039;Assegurances de Barcelona\" \/>\n<meta property=\"article:modified_time\" content=\"2022-01-18T12:39:54+00:00\" \/>\n<meta property=\"og:image\" content=\"https:\/\/www.elcol-legi.org\/w\/wp-content\/uploads\/2021\/12\/Nivell3.png\" \/>\n\t<meta property=\"og:image:width\" content=\"900\" \/>\n\t<meta property=\"og:image:height\" content=\"300\" \/>\n\t<meta property=\"og:image:type\" content=\"image\/png\" \/>\n<meta name=\"twitter:card\" content=\"summary_large_image\" \/>\n<meta name=\"twitter:label1\" content=\"Temps estimat de lectura\" \/>\n\t<meta name=\"twitter:data1\" content=\"3 minuts\" \/>\n<script type=\"application\/ld+json\" class=\"yoast-schema-graph\">{\"@context\":\"https:\\\/\\\/schema.org\",\"@graph\":[{\"@type\":\"WebPage\",\"@id\":\"https:\\\/\\\/www.elcol-legi.org\\\/w\\\/nivell-3\\\/\",\"url\":\"https:\\\/\\\/www.elcol-legi.org\\\/w\\\/nivell-3\\\/\",\"name\":\"Nivell III - Col-legi de Mediadors d&#039;Assegurances de Barcelona\",\"isPartOf\":{\"@id\":\"https:\\\/\\\/www.elcol-legi.org\\\/w\\\/#website\"},\"primaryImageOfPage\":{\"@id\":\"https:\\\/\\\/www.elcol-legi.org\\\/w\\\/nivell-3\\\/#primaryimage\"},\"image\":{\"@id\":\"https:\\\/\\\/www.elcol-legi.org\\\/w\\\/nivell-3\\\/#primaryimage\"},\"thumbnailUrl\":\"https:\\\/\\\/www.elcol-legi.org\\\/w\\\/wp-content\\\/uploads\\\/2021\\\/12\\\/Nivell3.png\",\"datePublished\":\"2021-12-10T11:48:50+00:00\",\"dateModified\":\"2022-01-18T12:39:54+00:00\",\"breadcrumb\":{\"@id\":\"https:\\\/\\\/www.elcol-legi.org\\\/w\\\/nivell-3\\\/#breadcrumb\"},\"inLanguage\":\"ca\",\"potentialAction\":[{\"@type\":\"ReadAction\",\"target\":[\"https:\\\/\\\/www.elcol-legi.org\\\/w\\\/nivell-3\\\/\"]}]},{\"@type\":\"ImageObject\",\"inLanguage\":\"ca\",\"@id\":\"https:\\\/\\\/www.elcol-legi.org\\\/w\\\/nivell-3\\\/#primaryimage\",\"url\":\"https:\\\/\\\/www.elcol-legi.org\\\/w\\\/wp-content\\\/uploads\\\/2021\\\/12\\\/Nivell3.png\",\"contentUrl\":\"https:\\\/\\\/www.elcol-legi.org\\\/w\\\/wp-content\\\/uploads\\\/2021\\\/12\\\/Nivell3.png\",\"width\":900,\"height\":300},{\"@type\":\"BreadcrumbList\",\"@id\":\"https:\\\/\\\/www.elcol-legi.org\\\/w\\\/nivell-3\\\/#breadcrumb\",\"itemListElement\":[{\"@type\":\"ListItem\",\"position\":1,\"name\":\"Inici\",\"item\":\"https:\\\/\\\/www.elcol-legi.org\\\/w\\\/\"},{\"@type\":\"ListItem\",\"position\":2,\"name\":\"Nivell III\"}]},{\"@type\":\"WebSite\",\"@id\":\"https:\\\/\\\/www.elcol-legi.org\\\/w\\\/#website\",\"url\":\"https:\\\/\\\/www.elcol-legi.org\\\/w\\\/\",\"name\":\"Col-legi de Mediadors d&#039;Assegurances de Barcelona\",\"description\":\"Support al mediador d&#039;assegurances\",\"potentialAction\":[{\"@type\":\"SearchAction\",\"target\":{\"@type\":\"EntryPoint\",\"urlTemplate\":\"https:\\\/\\\/www.elcol-legi.org\\\/w\\\/?s={search_term_string}\"},\"query-input\":{\"@type\":\"PropertyValueSpecification\",\"valueRequired\":true,\"valueName\":\"search_term_string\"}}],\"inLanguage\":\"ca\"}]}<\/script>\n<!-- \/ Yoast SEO plugin. -->","yoast_head_json":{"title":"Nivell III - Col-legi de Mediadors d&#039;Assegurances de Barcelona","robots":{"index":"index","follow":"follow","max-snippet":"max-snippet:-1","max-image-preview":"max-image-preview:large","max-video-preview":"max-video-preview:-1"},"canonical":"https:\/\/www.elcol-legi.org\/w\/nivell-3\/","og_locale":"ca_ES","og_type":"article","og_title":"Nivell III - Col-legi de Mediadors d&#039;Assegurances de Barcelona","og_description":"[vc_row][vc_column][vc_column_text] Formaci\u00f3 d&#8217;Acc\u00e9s\u00a0a la distribuci\u00f3 d&#8217;Assegurances [\/vc_column_text][\/vc_column][\/vc_row][vc_row][vc_column][vc_single_image source=&#8221;featured_image&#8221; img_size=&#8221;full&#8221; alignment=&#8221;center&#8221;][\/vc_column][\/vc_row][vc_row][vc_column][vc_column_text] Aspectes Generals: [\/vc_column_text][vc_column_text]Els ensenyaments que s&#8217;imparteixen, tant en l&#8217;aspecte te\u00f2ric com pr\u00e0ctic, s\u00f3n les que s&#8217;estableixen en el Programa del Curs de Formaci\u00f3 en Mat\u00e8ries Financeres i d&#8217;Assegurances Privades d&#8217;acord amb el Real Decreto 287\/2021 i la Resoluci\u00f3 de Formaci\u00f3 de 3 de juny de","og_url":"https:\/\/www.elcol-legi.org\/w\/nivell-3\/","og_site_name":"Col-legi de Mediadors d&#039;Assegurances de Barcelona","article_modified_time":"2022-01-18T12:39:54+00:00","og_image":[{"width":900,"height":300,"url":"https:\/\/www.elcol-legi.org\/w\/wp-content\/uploads\/2021\/12\/Nivell3.png","type":"image\/png"}],"twitter_card":"summary_large_image","twitter_misc":{"Temps estimat de lectura":"3 minuts"},"schema":{"@context":"https:\/\/schema.org","@graph":[{"@type":"WebPage","@id":"https:\/\/www.elcol-legi.org\/w\/nivell-3\/","url":"https:\/\/www.elcol-legi.org\/w\/nivell-3\/","name":"Nivell III - Col-legi de Mediadors d&#039;Assegurances de Barcelona","isPartOf":{"@id":"https:\/\/www.elcol-legi.org\/w\/#website"},"primaryImageOfPage":{"@id":"https:\/\/www.elcol-legi.org\/w\/nivell-3\/#primaryimage"},"image":{"@id":"https:\/\/www.elcol-legi.org\/w\/nivell-3\/#primaryimage"},"thumbnailUrl":"https:\/\/www.elcol-legi.org\/w\/wp-content\/uploads\/2021\/12\/Nivell3.png","datePublished":"2021-12-10T11:48:50+00:00","dateModified":"2022-01-18T12:39:54+00:00","breadcrumb":{"@id":"https:\/\/www.elcol-legi.org\/w\/nivell-3\/#breadcrumb"},"inLanguage":"ca","potentialAction":[{"@type":"ReadAction","target":["https:\/\/www.elcol-legi.org\/w\/nivell-3\/"]}]},{"@type":"ImageObject","inLanguage":"ca","@id":"https:\/\/www.elcol-legi.org\/w\/nivell-3\/#primaryimage","url":"https:\/\/www.elcol-legi.org\/w\/wp-content\/uploads\/2021\/12\/Nivell3.png","contentUrl":"https:\/\/www.elcol-legi.org\/w\/wp-content\/uploads\/2021\/12\/Nivell3.png","width":900,"height":300},{"@type":"BreadcrumbList","@id":"https:\/\/www.elcol-legi.org\/w\/nivell-3\/#breadcrumb","itemListElement":[{"@type":"ListItem","position":1,"name":"Inici","item":"https:\/\/www.elcol-legi.org\/w\/"},{"@type":"ListItem","position":2,"name":"Nivell III"}]},{"@type":"WebSite","@id":"https:\/\/www.elcol-legi.org\/w\/#website","url":"https:\/\/www.elcol-legi.org\/w\/","name":"Col-legi de Mediadors d&#039;Assegurances de Barcelona","description":"Support al mediador d&#039;assegurances","potentialAction":[{"@type":"SearchAction","target":{"@type":"EntryPoint","urlTemplate":"https:\/\/www.elcol-legi.org\/w\/?s={search_term_string}"},"query-input":{"@type":"PropertyValueSpecification","valueRequired":true,"valueName":"search_term_string"}}],"inLanguage":"ca"}]}},"_links":{"self":[{"href":"https:\/\/www.elcol-legi.org\/w\/wp-json\/wp\/v2\/pages\/6849","targetHints":{"allow":["GET"]}}],"collection":[{"href":"https:\/\/www.elcol-legi.org\/w\/wp-json\/wp\/v2\/pages"}],"about":[{"href":"https:\/\/www.elcol-legi.org\/w\/wp-json\/wp\/v2\/types\/page"}],"author":[{"embeddable":true,"href":"https:\/\/www.elcol-legi.org\/w\/wp-json\/wp\/v2\/users\/4"}],"replies":[{"embeddable":true,"href":"https:\/\/www.elcol-legi.org\/w\/wp-json\/wp\/v2\/comments?post=6849"}],"version-history":[{"count":5,"href":"https:\/\/www.elcol-legi.org\/w\/wp-json\/wp\/v2\/pages\/6849\/revisions"}],"predecessor-version":[{"id":8053,"href":"https:\/\/www.elcol-legi.org\/w\/wp-json\/wp\/v2\/pages\/6849\/revisions\/8053"}],"wp:featuredmedia":[{"embeddable":true,"href":"https:\/\/www.elcol-legi.org\/w\/wp-json\/wp\/v2\/media\/6854"}],"wp:attachment":[{"href":"https:\/\/www.elcol-legi.org\/w\/wp-json\/wp\/v2\/media?parent=6849"}],"curies":[{"name":"wp","href":"https:\/\/api.w.org\/{rel}","templated":true}]}}